{"id":6021,"date":"2022-11-02T22:07:00","date_gmt":"2022-11-02T21:07:00","guid":{"rendered":"https:\/\/fengchashop.com\/pl\/product\/psyllium-99-czysty-bio-250-g\/"},"modified":"2025-11-15T14:25:42","modified_gmt":"2025-11-15T13:25:42","slug":"psyllium-99-czysty-bio","status":"publish","type":"product","link":"https:\/\/fengchashop.com\/pl\/product\/psyllium-99-czysty-bio\/","title":{"rendered":"Psyllium 99% czysty BIO 250 g"},"content":{"rendered":"<h2 align=\"JUSTIFY\">Psyllium 99% czysty BIO<\/h2>\n<p>Psyllium (psyllium) lub babka lancetowata to \u0142upina nasion ro\u015bliny zwanej babk\u0105 lancetowat\u0105. Psyllium stosuje si\u0119 jako uzupe\u0142nienie diety przy problemach \u017co\u0142\u0105dkowo-jelitowych, kt\u00f3re objawiaj\u0105 si\u0119 g\u0142\u00f3wnie w jelitach. Niezwykle wysoka zawarto\u015b\u0107 b\u0142onnika pomaga przy zaparciach, likwiduje wzd\u0119cia i daje uczucie syto\u015bci. Czysto\u015b\u0107 99% oznacza, \u017ce \u200b\u200bprodukt jest bardzo wyrafinowany, a co za tym idzie, bardziej obszerny. W skr\u00f3cie jest to wersja premium babki indyjskiej.<\/p>\n<p>Ka\u017cdy mo\u017ce potwierdzi\u0107, \u017ce og\u00f3lny stan zdrowia i samopoczucie w du\u017cej mierze zale\u017cy od funkcjonowania i zdrowia naszych jelit. Dopiero wtedy, gdy pojawiaj\u0105 si\u0119 problemy z zaparciami, biegunk\u0105, wzd\u0119ciami lub innymi powa\u017cniejszymi problemami zdrowotnymi, zdajemy sobie spraw\u0119, jak wa\u017cne s\u0105 zdrowe jelita jako kluczowy narz\u0105d w naszym organizmie.<\/p>\n<p>Regularne spo\u017cywanie b\u0142onnika ma kluczowe znaczenie, poniewa\u017c b\u0142onnik u\u0142atwia opr\u00f3\u017cnianie jelit. Wa\u017cn\u0105 rol\u0119 odgrywa w tym babka lancetowata, gdy\u017c \u0142upiny nasion w kontakcie z wod\u0105 szybko p\u0119czniej\u0105 i tworz\u0105 \u017cel, kt\u00f3ry pobudza jelita do skurczu, umo\u017cliwiaj\u0105c w ten spos\u00f3b regularne i \u0142atwiejsze wydalanie stolca. W ten spos\u00f3b nasze jelita s\u0105 naturalnie oczyszczone i pozbawione zastoj\u00f3w w stolcu, kt\u00f3re w przeciwnym razie mog\u0105 powodowa\u0107 r\u00f3\u017cne stany zapalne lub rozw\u00f3j z\u0142ych bakterii, kt\u00f3re niekorzystnie wp\u0142ywaj\u0105 na nasze samopoczucie i zdrowie.<\/p>\n<p>Nasza wersja babki indyjskiej jest dla Ciebie w\u0142a\u015bciwym wyborem, poniewa\u017c:<\/p>\n<p>\ud83d\udc9a oczyszczony do 99%,<br \/>\n\ud83d\udc9a \u0142atwiejszy do strawienia,<br \/>\n\ud83d\udc9a jako\u015b\u0107 najlepsza lub premium,<br \/>\n\ud83d\udc9a certyfikowane produkty organiczne.<\/p>\n<h2>Jak dzia\u0142a babka lancetowata i na jakie problemy pomaga?<\/h2>\n<p>Poniewa\u017c posiada naprawd\u0119 wyj\u0105tkowe w\u0142a\u015bciwo\u015bci, polecamy za\u017cywa\u0107 go wszystkim osobom, kt\u00f3re lubi\u0105 dba\u0107 o swoje zdrowie i og\u00f3lne samopoczucie, a szczeg\u00f3lnie zaleca si\u0119 zabranie ze sob\u0105:<\/p>\n<p>\ud83d\udc9a Wszystkim, kt\u00f3rzy borykaj\u0105 si\u0119 z cz\u0119stymi i powtarzaj\u0105cymi si\u0119 zaparciami oraz wzd\u0119ciami.<br \/>\n\ud83d\udc9a Dla lepszego og\u00f3lnego samopoczucia i zapobiegania zm\u0119czeniu.<br \/>\n\ud83d\udc9a Jako pomoc w odchudzaniu, gdy\u017c daje uczucie syto\u015bci, a tak\u017ce bardzo dobrze dzia\u0142a na nasz metabolizm i w naturalny spos\u00f3b go pobudza.<br \/>\n\ud83d\udc9aDo wszystkich, kt\u00f3rzy chc\u0105 naturalnego \u015brodka przeczyszczaj\u0105cego bez og\u00f3lnych niepo\u017c\u0105danych skutk\u00f3w, takich jak wzd\u0119cia i wzd\u0119cia.<br \/>\n\ud83d\udc9aPod kontrol\u0105 lekarsk\u0105, tak\u017ce przy problemach z wysokim cholesterolem, w celu \u0142agodzenia problem\u00f3w zwi\u0105zanych z cukrzyc\u0105, hemoroidami, podra\u017cnieniem jelit, chorob\u0105 Le\u015bniowskiego-Crohna itp.<br \/>\n\ud83d\udc9a Dodatkowo nasz produkt jest odpowiedni tak\u017ce dla wegetarian i wegan. Nie zawiera glutenu i ma wszechstronne zastosowanie w pieczeniu i gotowaniu.<\/p>\n<h2>Komu zaleca si\u0119 spo\u017cycie?<\/h2>\n<p>Psyllium polecane jest osobom zmagaj\u0105cym si\u0119 z cz\u0119stymi zaparciami lub innymi formami niestrawno\u015bci, w tym tak\u017ce zwi\u0105zanymi ze schorzeniami. Z drugiej strony babka p\u0142esznik pomaga r\u00f3wnie\u017c przy biegunce i biegunce, poniewa\u017c spowalnia przej\u015bcie stolca przez okr\u0119\u017cnic\u0119.<\/p>\n<p>Psyllium poleca si\u0119 tak\u017ce ka\u017cdemu, kto chce schudn\u0105\u0107 kilka kilogram\u00f3w lub utrzyma\u0107 prawid\u0142ow\u0105 mas\u0119 cia\u0142a, gdy\u017c jego spo\u017cycie daje poczucie syto\u015bci. Dodatkowo pomaga w utrzymaniu zdrowej mikroflory jelitowej, gdy\u017c dzia\u0142a jako prebiotyk.<\/p>\n<p>B\u0142onnik pokarmowy to w\u0119glowodan, kt\u00f3rego organizm nie mo\u017ce strawi\u0107. W rezultacie nie maj\u0105 prawie \u017cadnej warto\u015bci kalorycznej. B\u0142onnik pokarmowy u\u0142atwia przej\u015bcie stolca przez jelita i zapobiega zatykaniu stolca. Dlatego w\u0142\u0105czenie babki p\u0142esznik do regularnej diety mo\u017ce by\u0107 korzystne dla ka\u017cdego.<\/p>\n<h2 align=\"JUSTIFY\"><span style=\"color: #000000;\">Opakowanie<\/span><\/h2>\n<p align=\"JUSTIFY\"><span style=\"color: #000000;\">Nieprzepuszczalna torba zamykana na zamek, w kt\u00f3rej produkt zachowuje swoj\u0105 \u015bwie\u017co\u015b\u0107 i aromat. Opakowanie chroni przed \u015bwiat\u0142em i powietrzem, poniewa\u017c sk\u0142ada si\u0119 z kilku warstw ochronnych, kt\u00f3re zachowuj\u0105 w\u0142a\u015bciwo\u015bci zawarto\u015bci.<\/span><\/p>\n<p align=\"JUSTIFY\"><span style=\"color: #000000;\">Opakowanie jest bardzo praktyczne i nadaje si\u0119 do recyklingu.<\/span><\/p>\n<h2 align=\"JUSTIFY\"><span style=\"color: #000000;\">Przechowywanie i ostrze\u017cenia<\/span><\/h2>\n<p align=\"JUSTIFY\"><span style=\"color: #000000;\">Przechowywa\u0107 w ch\u0142odnym, suchym miejscu. Suplement diety nale\u017cy przechowywa\u0107 w miejscu niedost\u0119pnym dla dzieci!<\/span><\/p>\n<p align=\"JUSTIFY\"><span style=\"color: #000000;\">Pami\u0119taj o zr\u00f3\u017cnicowanej diecie i zdrowym trybie \u017cycia &#8211; suplement diety nie mo\u017ce zast\u0105pi\u0107 zr\u00f3wnowa\u017conej i zr\u00f3\u017cnicowanej diety. Nie nale\u017cy przekracza\u0107 zalecanej dawki dziennej. Kobietom w ci\u0105\u017cy i karmi\u0105cym piersi\u0105 zaleca si\u0119 zawsze skonsultowanie si\u0119 z lekarzem przed zastosowaniem preparatu.<\/span><\/p>\n<h2 align=\"JUSTIFY\"><span style=\"color: #000000;\">Kraj pochodzenia<\/span><\/h2>\n<p align=\"JUSTIFY\"><span style=\"color: #000000;\">Indie<\/span><\/p>\n","protected":false},"excerpt":{"rendered":"<p>Psyllium (psyllium) lub babka lancetowata to \u0142upina nasion ro\u015bliny zwanej babk\u0105 lancetowat\u0105. Psyllium stosuje si\u0119 jako uzupe\u0142nienie diety przy problemach \u017co\u0142\u0105dkowo-jelitowych, kt\u00f3re objawiaj\u0105 si\u0119 g\u0142\u00f3wnie w jelitach. Poniewa\u017c ma naprawd\u0119 wyj\u0105tkowe w\u0142a\u015bciwo\u015bci, polecamy zabra\u0107 go wszystkim, kt\u00f3rzy lubi\u0105 dba\u0107 o swoje zdrowie i og\u00f3lne samopoczucie.<\/p>\n<p>\ud83d\udc9a pomaga przy zaparciach,<br \/>\n\ud83d\udc9a likwiduje wzd\u0119cia,<br \/>\n\ud83d\udc9a daje uczucie syto\u015bci,<br \/>\n\ud83d\udc9a pomagaj\u0105 w odchudzaniu.<\/p>\n","protected":false},"featured_media":6022,"comment_status":"open","ping_status":"closed","template":"","meta":{"_acf_changed":false},"product_brand":[],"product_cat":[15,224,228,225],"product_tag":[],"class_list":{"0":"post-6021","1":"product","2":"type-product","3":"status-publish","4":"has-post-thumbnail","6":"product_cat-uncategorized","7":"product_cat-oferta","8":"product_cat-superzywnosc","9":"product_cat-wszystkie-produkty","11":"first","12":"instock","13":"sale","14":"taxable","15":"shipping-taxable","16":"purchasable","17":"product-type-simple"},"acf":[],"_links":{"self":[{"href":"https:\/\/fengchashop.com\/pl\/wp-json\/wp\/v2\/product\/6021","targetHints":{"allow":["GET"]}}],"collection":[{"href":"https:\/\/fengchashop.com\/pl\/wp-json\/wp\/v2\/product"}],"about":[{"href":"https:\/\/fengchashop.com\/pl\/wp-json\/wp\/v2\/types\/product"}],"replies":[{"embeddable":true,"href":"https:\/\/fengchashop.com\/pl\/wp-json\/wp\/v2\/comments?post=6021"}],"wp:featuredmedia":[{"embeddable":true,"href":"https:\/\/fengchashop.com\/pl\/wp-json\/wp\/v2\/media\/6022"}],"wp:attachment":[{"href":"https:\/\/fengchashop.com\/pl\/wp-json\/wp\/v2\/media?parent=6021"}],"wp:term":[{"taxonomy":"product_brand","embeddable":true,"href":"https:\/\/fengchashop.com\/pl\/wp-json\/wp\/v2\/product_brand?post=6021"},{"taxonomy":"product_cat","embeddable":true,"href":"https:\/\/fengchashop.com\/pl\/wp-json\/wp\/v2\/product_cat?post=6021"},{"taxonomy":"product_tag","embeddable":true,"href":"https:\/\/fengchashop.com\/pl\/wp-json\/wp\/v2\/product_tag?post=6021"}],"curies":[{"name":"wp","href":"https:\/\/api.w.org\/{rel}","templated":true}]}}