{"id":6018,"date":"2022-02-11T21:55:28","date_gmt":"2022-02-11T20:55:28","guid":{"rendered":"https:\/\/fengchashop.com\/pl\/product\/tabletki-maca-bio-125-g\/"},"modified":"2026-05-03T17:00:49","modified_gmt":"2026-05-03T15:00:49","slug":"tabletki-mac-bio","status":"publish","type":"product","link":"https:\/\/fengchashop.com\/pl\/product\/tabletki-mac-bio\/","title":{"rendered":"Tabletki Maca BIO 125 g"},"content":{"rendered":"<h2><span style=\"color: #000000;\">Maca tabletki BIO<\/span><\/h2>\n<p><span style=\"color: #000000;\">Maca to ro\u015blina, kt\u00f3ra w ostatnich latach sta\u0142a si\u0119 jednym z filar\u00f3w suplement\u00f3w diety, a jej popularno\u015b\u0107 sprawi\u0142a, \u017ce zago\u015bci\u0142a w wielu domach. Znana jest r\u00f3wnie\u017c jako <strong>peruwia\u0144ski \u017ce\u0144-sze\u0144<\/strong>. I chocia\u017c tradycyjnie by\u0142a stosowana w celu zwi\u0119kszenia p\u0142odno\u015bci i pop\u0119du p\u0142ciowego, wyeliminowania wyczerpania i wzmocnienia si\u0142y fizycznej, spo\u017cywanie maca mo\u017ce przynie\u015b\u0107 nam o wiele wi\u0119cej.<\/span><\/p>\n<p><span style=\"color: #000000;\">Jest to zio\u0142o adaptogenne, kt\u00f3re <strong>zwi\u0119ksza energi\u0119, wytrzyma\u0142o\u015b\u0107, witalno\u015b\u0107 i si\u0142\u0119 fizy<\/strong>czn\u0105. Pomaga nam \u0142atwiej reagowa\u0107 na stres i dostosowywa\u0107 si\u0119 do zmian. Najlepiej rozwija si\u0119 w Andach w \u015brodkowym Peru, w trudnych warunkach i na bardzo du\u017cych wysoko\u015bciach &#8211; ponad 4000 metr\u00f3w. Jest to warzywo krzy\u017cowe, takie jak broku\u0142y, kalafior, rzepa, kapusta, jarmu\u017c i rzodkiewka. Najbardziej jadaln\u0105 cz\u0119\u015bci\u0105 ro\u015bliny jest korze\u0144 lub bulwa. Wyst\u0119puje w kilku kolorach, od bia\u0142ego do czarnego. Najpopularniejsze z nich to<strong> \u017c\u00f3\u0142ty, czerwony i czarny<\/strong>. Zwyk\u0142a \u017c\u00f3\u0142ta maca jest u\u017cywana do codziennego i d\u0142ugotrwa\u0142ego spo\u017cycia. Czerwona i czarna maca s\u0105 uwa\u017cane za \u015bwi\u0119te odmiany i s\u0105 stosowane w przewlek\u0142ych problemach terapeutycznych.<\/span><\/p>\n<p><span style=\"color: #000000;\">Bulwa maca jest najcz\u0119\u015bciej spo\u017cywana w postaci proszku. Jednak maca w tabletkach jest \u0142atwiejsza w u\u017cyciu i dawkowaniu. Nasze tabletki maca s\u0105 produkowane metodami ekologicznymi.<\/span><\/p>\n<p><span style=\"color: #000000;\">Na jakie problemy pomaga maca i komu j\u0105 polecamy?<\/span><\/p>\n<p><span style=\"color: #000000;\">Maca jest ro\u015blin\u0105 adaptogenn\u0105, co oznacza, \u017ce dostosowuje si\u0119 do potrzeb danej osoby. Adaptogeny wzmacniaj\u0105 uk\u0142ady narz\u0105d\u00f3w (oddechowy, trawienny, moczowy itp.), ale nie pobudzaj\u0105 ich nadmiernie ani w \u017caden inny spos\u00f3b nie zak\u0142\u00f3caj\u0105 ich funkcjonowania. Adaptogeny s\u0105 zalecane dla os\u00f3b, kt\u00f3re potrzebuj\u0105 pomocy z:<\/span><\/p>\n<p><span style=\"color: #000000;\"> \ud83d\udc9a przezwyci\u0119\u017ceniu problem\u00f3w z <strong>wahaniami nastroju<\/strong>,<\/span><\/p>\n<p><span style=\"color: #000000;\"> \ud83d\udc9a niep\u0142odno\u015bci i problemach zwi\u0105zanych z <strong>menopauz\u0105<\/strong>,<\/span><\/p>\n<p><span style=\"color: #000000;\"> \ud83d\udc9a osi\u0105gni\u0119ciu wi\u0119kszej<strong> wydajno\u015bci umys\u0142owej i fizycznej<\/strong>,<\/span><\/p>\n<p><span style=\"color: #000000;\"> \ud83d\udc9a zwi\u0119kszenie <strong>potencji seksualnej,<\/strong><\/span><\/p>\n<p><span style=\"color: #000000;\"> \ud83d\udc9a wiele innych problem\u00f3w zdrowotnych.<\/span><\/p>\n<h2><span style=\"color: #000000;\">Jakie s\u0105 kluczowe w\u0142a\u015bciwo\u015bci, kt\u00f3re oferuje nam maca?<\/span><\/h2>\n<p><span style=\"color: #000000;\"><strong>Jest wysoce od\u017cywcza<\/strong><\/span><\/p>\n<p><span style=\"color: #000000;\">Maca jest doskona\u0142ym \u017ar\u00f3d\u0142em kilku<strong> wa\u017cnych witamin i minera\u0142\u00f3w<\/strong>, takich jak witamina C, A, E, B2, B6, B12, mied\u017a, magnez, selen, wap\u0144, potas, s\u00f3d, fosfor, mangan i \u017celazo. Jest dobrym \u017ar\u00f3d\u0142em w\u0119glowodan\u00f3w, aminokwas\u00f3w, t\u0142uszcz\u00f3w i zawiera znaczn\u0105 ilo\u015b\u0107 b\u0142onnika i innych sk\u0142adnik\u00f3w od\u017cywczych. Zawiera r\u00f3wnie\u017c r\u00f3\u017cne zwi\u0105zki ro\u015blinne, takie jak glukozynolany, polifenole i fitosterole, kt\u00f3re hamuj\u0105<strong> wch\u0142anianie cholesterolu<\/strong>, a nawet mog\u0105 obni\u017ca\u0107 jego poziom we krwi.<\/span><\/p>\n<p><span style=\"color: #000000;\"><strong>Zwi\u0119ksza libido<\/strong><\/span><\/p>\n<p><span style=\"color: #000000;\">Zwi\u0119ksza pop\u0119d p\u0142ciowy zar\u00f3wno u m\u0119\u017cczyzn, jak i kobiet. Jest naturalnym afrodyzjakiem. Eliminuje zaburzenia erekcji. Maca skutecznie <strong>poprawia po\u017c\u0105danie seksualne <\/strong>, a twierdzenie to jest poparte r\u00f3\u017cnymi badaniami. Badanie z 2010 roku obejmuj\u0105ce cztery badania kliniczne z udzia\u0142em \u0142\u0105cznie 131 uczestnik\u00f3w wykaza\u0142o, \u017ce maca poprawia po\u017c\u0105danie seksualne po co najmniej sze\u015bciu tygodniach spo\u017cywania. Inne badanie wykaza\u0142o, \u017ce maca zmniejsza dysfunkcje seksualne spowodowane lekami stosowanymi w leczeniu depresji.<\/span><\/p>\n<p><span style=\"color: #000000;\"><strong>Zwi\u0119ksza p\u0142odno\u015b\u0107<\/strong><\/span><\/p>\n<p><span style=\"color: #000000;\">Maca zwi\u0119ksza p\u0142odno\u015b\u0107 zar\u00f3wno u m\u0119\u017cczyzn, jak i u kobiet. Przegl\u0105d pi\u0119ciu niewielkich bada\u0144 wykaza\u0142, \u017ce maca <strong>zwi\u0119ksza produkcj\u0119 plemnik\u00f3w i poprawia jako\u015b\u0107 nasienia<\/strong> u niep\u0142odnych, ale zdrowych m\u0119\u017cczyzn. Po czterech miesi\u0105cach spo\u017cywania maca zwi\u0119kszy\u0142a si\u0119 obj\u0119to\u015b\u0107, liczba i ruch plemnik\u00f3w. U kobiet maca<strong> reguluje cykl menstruacyjny<\/strong>, a tak\u017ce \u0142agodzi objawy PMS i b\u00f3le menstruacyjne.<\/span><\/p>\n<p><span style=\"color: #000000;\"><strong>Zmniejsza rozmiar prostaty<\/strong><\/span><\/p>\n<p><span style=\"color: #000000;\">Niekt\u00f3re badania wykaza\u0142y, \u017ce czerwona maca zmniejsza rozmiar prostaty, poniewa\u017c zawiera du\u017c\u0105 ilo\u015b\u0107 glukozynolan\u00f3w. S\u0105 one r\u00f3wnie\u017c zwi\u0105zane z ni\u017cszym<strong> ryzykiem raka prostaty<\/strong> i zdrowsz\u0105 prostat\u0105.<\/span><\/p>\n<p><span style=\"color: #000000;\"><strong>R\u00f3wnowaga hormonalna<\/strong><\/span><\/p>\n<p><span style=\"color: #000000;\">Wspiera uk\u0142ad hormonalny, kt\u00f3ry mi\u0119dzy innymi przenosi tlen w organizmie. <strong>Stymuluje gruczo\u0142y do prawid\u0142owego<\/strong> funkcjonowania (podwzg\u00f3rze, przysadka m\u00f3zgowa, nadnercza, tarczyca), a tym samym pobudza produkcj\u0119 hormon\u00f3w (progesteron, testosteron, DHEA) i reguluje funkcjonowanie ca\u0142ego uk\u0142adu hormonalnego. Prawid\u0142owe funkcjonowanie uk\u0142adu hormonalnego jest r\u00f3wnie\u017c powi\u0105zane z prawid\u0142owym funkcjonowaniem uk\u0142adu odporno\u015bciowego. Je\u015bli r\u00f3wnowaga w kt\u00f3rymkolwiek miejscu uk\u0142adu hormonalnego jest zaburzona, zdolno\u015b\u0107 naszego mechanizmu obronnego jest zmniejszona.<\/span><\/p>\n<p><span style=\"color: #000000;\"><strong>\u0141agodzi objawy menopauzy i andropauzy (m\u0119skiej menopauzy)<\/strong><\/span><\/p>\n<p><span style=\"color: #000000;\">Naturalny spadek estrogenu wyst\u0119puj\u0105cy w okresie menopauzy mo\u017ce powodowa\u0107 szereg nieprzyjemnych objaw\u00f3w, takich jak uderzenia gor\u0105ca <strong>, sucho\u015b\u0107 pochwy, wahania nastroju, problemy ze snem i dra\u017cliwo\u015b\u0107<\/strong>. Jedno z bada\u0144 przeprowadzonych na kobietach w okresie menopauzy wykaza\u0142o, \u017ce maca pomaga z\u0142agodzi\u0107 objawy menopauzy, w tym uderzenia gor\u0105ca i problemy ze snem. Maca pomaga r\u00f3wnie\u017c chroni\u0107 zdrowie ko\u015bci i zmniejsza ryzyko osteoporozy. Spowalnia proces starzenia si\u0119.<\/span><\/p>\n<p><span style=\"color: #000000;\"><strong>Poprawia nastr\u00f3j<\/strong><\/span><\/p>\n<p><span style=\"color: #000000;\">Kilka bada\u0144 wykaza\u0142o ju\u017c, \u017ce maca mo\u017ce<strong> poprawi\u0107 nastr\u00f3j i samopoczucie psychiczne<\/strong>, poniewa\u017c zawiera flawonidy. Zmniejsza r\u00f3wnie\u017c niepok\u00f3j i objawy depresji, szczeg\u00f3lnie u kobiet w okresie menopauzy. Pomaga zmniejszy\u0107 stres i napi\u0119cie nerwowe poprzez zwi\u0119kszenie ilo\u015bci tlenu we krwi.<\/span><\/p>\n<p><span style=\"color: #000000;\"><strong>Zwi\u0119ksza energi\u0119 i wydajno\u015b\u0107 sportow\u0105<\/strong><\/span><\/p>\n<p><span style=\"color: #000000;\">Maca jest r\u00f3wnie\u017c stosowana przez<strong> sportowc\u00f3w<\/strong>. Pomaga nam uzyska\u0107 mas\u0119 mi\u0119\u015bniow\u0105, zwi\u0119kszy\u0107 si\u0142\u0119, energi\u0119, wytrzyma\u0142o\u015b\u0107 i poprawi\u0107 wydajno\u015b\u0107 \u0107wicze\u0144. Spo\u017cywanie maca mo\u017ce poprawi\u0107<strong> wydajno\u015b\u0107<\/strong> <strong>\u0107wicze\u0144<\/strong>, szczeg\u00f3lnie podczas treningu wytrzyma\u0142o\u015bciowego. Pomaga przy chronicznym zm\u0119czeniu. Zwi\u0119ksza witalno\u015b\u0107 organizmu oraz energi\u0119 psychiczn\u0105 i fizyczn\u0105.<\/span><\/p>\n<p><span style=\"color: #000000;\"><strong>Ma dobry wp\u0142yw na uczenie si\u0119 i pami\u0119\u0107<\/strong><\/span><\/p>\n<p><span style=\"color: #000000;\">Maca mo\u017ce <strong>poprawi\u0107 funkcjonowanie m\u00f3zgu<\/strong> i ma korzystny wp\u0142yw na uczenie si\u0119, koncentracj\u0119 i pami\u0119\u0107. Tradycyjnie by\u0142a stosowana przez rdzennych mieszka\u0144c\u00f3w Peru w celu poprawy wynik\u00f3w dzieci w szkole. W tym przypadku czarna maca okaza\u0142a si\u0119 najbardziej skuteczna.<\/span><\/p>\n<h2><span style=\"color: #000000;\">Przechowywanie i ostrze\u017cenia<\/span><\/h2>\n<p><span style=\"color: #000000;\">Przechowywa\u0107 w ch\u0142odnym, suchym miejscu w temperaturze do 25 \u00b0C. Przechowywa\u0107 w miejscu niedost\u0119pnym dla dzieci!<\/span><\/p>\n<p><span style=\"color: #000000;\">Nale\u017cy pami\u0119ta\u0107 o znaczeniu zr\u00f3\u017cnicowanej diety i zdrowego stylu \u017cycia, dlatego suplement diety nie zast\u0119puje zr\u00f3wnowa\u017conej i zr\u00f3\u017cnicowanej diety. Nie nale\u017cy przekracza\u0107 zalecanej dziennej ilo\u015bci lub dawki. Kobietom w ci\u0105\u017cy i karmi\u0105cym piersi\u0105 zawsze zaleca si\u0119 skonsultowanie z lekarzem przed u\u017cyciem.<\/span><\/p>\n<h2><span style=\"color: #000000;\">Opakowanie<\/span><\/h2>\n<p><span style=\"color: #000000;\">Nieprzepuszczalna torebka z zamkiem b\u0142yskawicznym, w kt\u00f3rej produkt zachowuje \u015bwie\u017co\u015b\u0107 i aromat. Opakowanie chroni produkt przed \u015bwiat\u0142em i powietrzem, poniewa\u017c sk\u0142ada si\u0119 z kilku warstw ochronnych, aby zachowa\u0107 w\u0142a\u015bciwo\u015bci zawarto\u015bci.<\/span><\/p>\n<p><span style=\"color: #000000;\">Opakowanie jest bardzo praktyczne i nadaje si\u0119 do recyklingu.<\/span><\/p>\n<h2><span style=\"color: #000000;\">Pochodzenie<\/span><\/h2>\n<p><span style=\"color: #000000;\">Peru<\/span><\/p>\n","protected":false},"excerpt":{"rendered":"<p align=\"JUSTIFY\">Maca to ro\u015blina korzeniowa, kt\u00f3ra ro\u015bnie na peruwia\u0144skich wy\u017cynach andyjskich, nara\u017cona na<strong> ekstremalne warunki pogodowe<\/strong> i du\u017ce r\u00f3\u017cnice temperatur mi\u0119dzy dniem a noc\u0105. Lecznicz\u0105 cz\u0119\u015bci\u0105 maca jest bulwa, kt\u00f3ra zawiera wiele<strong> witamin, minera\u0142\u00f3w i aminokwas\u00f3w<\/strong>. Zawieraj\u0105c wa\u017cne witaminy, takie jak witamina B1, B12, C i E, a tak\u017ce kwasy t\u0142uszczowe, minera\u0142y i aminokwasy, maca jest jednym z najbardziej skutecznych, po\u017c\u0105danych i zalecanych naturalnych superfoods z tradycj\u0105 si\u0119gaj\u0105c\u0105 tysi\u0119cy lat. Polecana jest osobom, kt\u00f3re potrzebuj\u0105 pomocy w zakresie:<\/p>\n<p align=\"JUSTIFY\">\ud83d\udc9a przezwyci\u0119\u017ceniu waha\u0144 nastroju,<br \/>\n\ud83d\udc9a niep\u0142odno\u015bci i problemach menopauzalnych,<br \/>\n\ud83d\udc9a osi\u0105gni\u0119ciu wi\u0119kszej wydajno\u015bci umys\u0142owej i fizycznej,<br \/>\n\ud83d\udc9a zwi\u0119kszenie potencji seksualnej,<br \/>\n\ud83d\udc9a wiele innych problem\u00f3w zdrowotnych.<\/p>\n","protected":false},"featured_media":6019,"comment_status":"open","ping_status":"closed","template":"","meta":{"_acf_changed":false},"product_brand":[],"product_cat":[15,224,228,225],"product_tag":[],"class_list":{"0":"post-6018","1":"product","2":"type-product","3":"status-publish","4":"has-post-thumbnail","6":"product_cat-uncategorized","7":"product_cat-oferta","8":"product_cat-superzywnosc","9":"product_cat-wszystkie-produkty","11":"first","12":"instock","13":"sale","14":"taxable","15":"shipping-taxable","16":"purchasable","17":"product-type-simple"},"acf":[],"_links":{"self":[{"href":"https:\/\/fengchashop.com\/pl\/wp-json\/wp\/v2\/product\/6018","targetHints":{"allow":["GET"]}}],"collection":[{"href":"https:\/\/fengchashop.com\/pl\/wp-json\/wp\/v2\/product"}],"about":[{"href":"https:\/\/fengchashop.com\/pl\/wp-json\/wp\/v2\/types\/product"}],"replies":[{"embeddable":true,"href":"https:\/\/fengchashop.com\/pl\/wp-json\/wp\/v2\/comments?post=6018"}],"wp:featuredmedia":[{"embeddable":true,"href":"https:\/\/fengchashop.com\/pl\/wp-json\/wp\/v2\/media\/6019"}],"wp:attachment":[{"href":"https:\/\/fengchashop.com\/pl\/wp-json\/wp\/v2\/media?parent=6018"}],"wp:term":[{"taxonomy":"product_brand","embeddable":true,"href":"https:\/\/fengchashop.com\/pl\/wp-json\/wp\/v2\/product_brand?post=6018"},{"taxonomy":"product_cat","embeddable":true,"href":"https:\/\/fengchashop.com\/pl\/wp-json\/wp\/v2\/product_cat?post=6018"},{"taxonomy":"product_tag","embeddable":true,"href":"https:\/\/fengchashop.com\/pl\/wp-json\/wp\/v2\/product_tag?post=6018"}],"curies":[{"name":"wp","href":"https:\/\/api.w.org\/{rel}","templated":true}]}}