{"id":6015,"date":"2022-02-11T21:47:17","date_gmt":"2022-02-11T20:47:17","guid":{"rendered":"https:\/\/fengchashop.com\/pl\/product\/ashwagandha-tabletki-bio-125-g\/"},"modified":"2026-04-29T07:05:35","modified_gmt":"2026-04-29T05:05:35","slug":"ashwagandha-tabletki-bio","status":"publish","type":"product","link":"https:\/\/fengchashop.com\/pl\/product\/ashwagandha-tabletki-bio\/","title":{"rendered":"Ashwagandha tabletki BIO 125 g"},"content":{"rendered":"<h2><span style=\"color: #000000\">Ashwagandha (ashwagandha) w tabletkach BIO<\/span><\/h2>\n<p><span style=\"color: #000000\">Ashwagandha jest podstawowym zio\u0142em w Ajurwedzie i jedn\u0105 z najbardziej szanowanych ro\u015blin, znan\u0105 r\u00f3wnie\u017c jako<strong> indyjski \u017ce\u0144-sze\u0144<\/strong>, poniewa\u017c jest stosowany w Ajurwedzie w podobny spos\u00f3b jak \u017ce\u0144-sze\u0144 w tradycyjnej medycynie chi\u0144skiej. Jest stosowana w celach leczniczych od tysi\u0119cy lat, poniewa\u017c ma<strong> pozytywny wp\u0142yw na og\u00f3lne samopoczucie i dodaje nam energii<\/strong>. Jest uwa\u017cana za super\u017cywno\u015b\u0107, kt\u00f3ra pomaga nam przywr\u00f3ci\u0107 r\u00f3wnowag\u0119 hormonaln\u0105. Wp\u0142ywa zar\u00f3wno na hormony, jak i na narz\u0105dy rozrodcze. Odbudowuje nadnercza i tarczyc\u0119. Poniewa\u017c jest adaptogenna, jest stosowana w Ajurwedzie w przypadku nadczynno\u015bci i niedoczynno\u015bci tarczycy. <\/span><\/p>\n<p><span style=\"color: #000000\">Ashwagandha w tabletkach jest uprawiana ekologicznie. Tabletki s\u0105 niezwykle praktyczne w u\u017cyciu i pozwalaj\u0105 na sta\u0142e dzienne spo\u017cycie.<\/span><\/p>\n<h2><span style=\"color: #000000\">Jakie s\u0105 mo\u017cliwe korzy\u015bci z przyjmowania ashwagandhy?<\/span><\/h2>\n<p><span style=\"color: #000000\">Uwa\u017ca si\u0119, \u017ce Ashwagandha ma pozytywny wp\u0142yw na:<\/span><\/p>\n<p><span style=\"color: #000000\"> \ud83d\udc9a Zwi\u0119kszon\u0105 <strong>moc m\u00f3zgu,<\/strong><\/span><\/p>\n<p><span style=\"color: #000000\"> \ud83d\udc9a Zwi\u0119kszon\u0105 <strong>energi\u0119 i wytrzyma\u0142o\u015b\u0107<\/strong>,<\/span><\/p>\n<p><span style=\"color: #000000\"><strong>\ud83d\udc9a przezwyci\u0119\u017canie codziennego stresu i \u0142agodzenie objaw\u00f3w l\u0119ku i depresji<\/strong>,<\/span><\/p>\n<p><span style=\"color: #000000\"> \ud83d\udc9a zmniejszenie <strong>bezsenno\u015bci,<\/strong><\/span><\/p>\n<p><span style=\"color: #000000\"> <strong> \ud83d\udc9a \u0142agodzenie b\u00f3lu i stan\u00f3w zapalnych,<\/strong><\/span><\/p>\n<p><span style=\"color: #000000\"> <strong> \ud83d\udc9a zwi\u0119kszenie pop\u0119du p\u0142ciowego i p\u0142odno\u015bci<\/strong> u obu p\u0142ci,<\/span><\/p>\n<p><span style=\"color: #000000\"> \ud83d\udc9a spowolnienie <strong> procesu st<\/strong> arzenia si\u0119 organizmu.<\/span><\/p>\n<p><span style=\"color: #000000\">Korze\u0144 ro\u015bliny zawiera wi\u0119kszo\u015b\u0107 substancji aktywnych, kt\u00f3re maj\u0105 pozytywny wp\u0142yw na r\u00f3\u017cne problemy zdrowotne. Mo\u017ce by\u0107 spo\u017cywany lub nak\u0142adany na sk\u00f3r\u0119 lub dotkni\u0119ty obszar. Jest bardzo wszechstronny i dlatego jest ceniony w trzech r\u00f3\u017cnych tradycyjnych lekach.<\/span><\/p>\n<p><span style=\"color: #000000\">Jest r\u00f3wnie\u017c znany jako indyjski \u017ce\u0144-sze\u0144, poniewa\u017c jest tak dobry w zwi\u0119kszaniu zdolno\u015bci my\u015blenia lub funkcji m\u00f3zgu (podobnie jak \u017ce\u0144-sze\u0144). Ma doskona\u0142y wp\u0142yw na ca\u0142y uk\u0142ad nerwowy, dlatego cz\u0119sto jest stosowany w celu przezwyci\u0119\u017cenia stresu, l\u0119ku i depresji. Ostatnio by\u0142 przedmiotem wielu bada\u0144, w tym powi\u0105zany z leczeniem choroby Alzheimera i demencji.<\/span><\/p>\n<h2><span style=\"color: #000000\">Komu zaleca si\u0119 przyjmowanie ashwagandhy?<\/span><\/h2>\n<p><span style=\"color: #000000\">Chocia\u017c uwa\u017ca si\u0119, \u017ce ashwagandha ma bardzo szerokie spektrum dzia\u0142ania, zaleca si\u0119 jej przyjmowanie g\u0142\u00f3wnie osobom, kt\u00f3re chc\u0105 znale\u017a\u0107 naturalny spos\u00f3b na pomoc w sytuacjach takich jak<strong> stres<\/strong>, brak pop\u0119du p\u0142ciowego, problemy<strong> menopauzalne<\/strong>. Mo\u017ce by\u0107 r\u00f3wnie\u017c przyjmowany w celu <strong>poprawy pami\u0119ci, koncentracji i wydajno\u015bci<\/strong>, morfologii krwi, a tak\u017ce w celu wspomagania odchudzania i zwi\u0119kszenia odporno\u015bci na przezi\u0119bienia i inne infekcje. Jest r\u00f3wnie\u017c stosowany w celu \u0142agodzenia problem\u00f3w z wszelkiego rodzaju<strong> zaburzeniami reumatycznymi <\/strong>i stanami zapalnymi staw\u00f3w, ze wzgl\u0119du na jego niezwyk\u0142e dzia\u0142anie przeciwzapalne. Pomaga r\u00f3wnie\u017c utrzyma\u0107 napi\u0119cie mi\u0119\u015bni i zachowa\u0107 elastyczno\u015b\u0107 staw\u00f3w. Chocia\u017c ashwagandha jest bezpiecznym \u015brodkiem spo\u017cywczym i jest r\u00f3wnie\u017c stosowana jako alternatywa w przypadku powa\u017cniejszych schorze\u0144, zaleca si\u0119 skonsultowanie si\u0119 z lekarzem przed u\u017cyciem.<\/span><\/p>\n<h2><span style=\"color: #000000\">Przechowywanie i ostrze\u017cenia<\/span><\/h2>\n<p><span style=\"color: #000000\">Przechowywa\u0107 w ch\u0142odnym, suchym miejscu w temperaturze do 25\u00b0C. Przechowywa\u0107 w miejscu niedost\u0119pnym dla dzieci!<\/span><\/p>\n<p><span style=\"color: #000000\">Nale\u017cy pami\u0119ta\u0107 o znaczeniu zr\u00f3\u017cnicowanej diety i zdrowego stylu \u017cycia, dlatego suplement diety nie zast\u0119puje zr\u00f3wnowa\u017conej i zr\u00f3\u017cnicowanej diety. Nie nale\u017cy przekracza\u0107 zalecanej dziennej ilo\u015bci lub dawki. Odradza si\u0119 kobietom w ci\u0105\u017cy i karmi\u0105cym piersi\u0105 oraz osobom z nadczynno\u015bci\u0105 tarczycy.<\/span><\/p>\n<h2><span style=\"color: #000000\">Opakowanie<\/span><\/h2>\n<p><span style=\"color: #000000\">Nieprzepuszczalna torebka z zamkiem b\u0142yskawicznym, w kt\u00f3rej produkt zachowuje \u015bwie\u017co\u015b\u0107 i aromat. Opakowanie chroni produkt przed \u015bwiat\u0142em i powietrzem, poniewa\u017c sk\u0142ada si\u0119 z kilku warstw ochronnych, aby zachowa\u0107 w\u0142a\u015bciwo\u015bci zawarto\u015bci.<\/span><\/p>\n<p><span style=\"color: #000000\">Opakowanie jest bardzo praktyczne i nadaje si\u0119 do recyklingu.<\/span><\/p>\n<h2><span style=\"color: #000000\">Pochodzenie<\/span><\/h2>\n<p><span style=\"color: #000000\">Indie<\/span><\/p>\n","protected":false},"excerpt":{"rendered":"<p align=\"JUSTIFY\">Ashwagandha jest niezb\u0119dnym zio\u0142em w Ajurwedzie i jedn\u0105 z najbardziej szanowanych ro\u015blin, znan\u0105 r\u00f3wnie\u017c jako <b>indyjski \u017ce\u0144-sze\u0144<\/b>, poniewa\u017c jest stosowana w Ajurwedzie w podobny spos\u00f3b jak \u017ce\u0144-sze\u0144 w tradycyjnej medycynie chi\u0144skiej. Jest stosowana w celach leczniczych od tysi\u0119cy lat, poniewa\u017c ma <b>pozytywny wp\u0142yw na og\u00f3lne samopoczucie<\/b> i dodaje energii. Uwa\u017ca si\u0119, \u017ce Ashwagandha ma pozytywny wp\u0142yw na:<\/p>\n<p align=\"JUSTIFY\">\ud83d\udc9a Zwi\u0119kszon\u0105 moc m\u00f3zgu,<br \/>\n\ud83d\udc9a zwi\u0119kszon\u0105 energi\u0119 i wytrzyma\u0142o\u015b\u0107,<br \/>\n\ud83d\udc9a pokonywanie codziennego stresu,<br \/>\n\ud83d\udc9a zmniejszenie bezsenno\u015bci.<\/p>\n","protected":false},"featured_media":6016,"comment_status":"open","ping_status":"closed","template":"","meta":{"_acf_changed":false},"product_brand":[],"product_cat":[15,230,224,228,225],"product_tag":[],"class_list":{"0":"post-6015","1":"product","2":"type-product","3":"status-publish","4":"has-post-thumbnail","6":"product_cat-uncategorized","7":"product_cat-ajurweda","8":"product_cat-oferta","9":"product_cat-superzywnosc","10":"product_cat-wszystkie-produkty","12":"first","13":"instock","14":"sale","15":"taxable","16":"shipping-taxable","17":"purchasable","18":"product-type-simple"},"acf":[],"_links":{"self":[{"href":"https:\/\/fengchashop.com\/pl\/wp-json\/wp\/v2\/product\/6015","targetHints":{"allow":["GET"]}}],"collection":[{"href":"https:\/\/fengchashop.com\/pl\/wp-json\/wp\/v2\/product"}],"about":[{"href":"https:\/\/fengchashop.com\/pl\/wp-json\/wp\/v2\/types\/product"}],"replies":[{"embeddable":true,"href":"https:\/\/fengchashop.com\/pl\/wp-json\/wp\/v2\/comments?post=6015"}],"wp:featuredmedia":[{"embeddable":true,"href":"https:\/\/fengchashop.com\/pl\/wp-json\/wp\/v2\/media\/6016"}],"wp:attachment":[{"href":"https:\/\/fengchashop.com\/pl\/wp-json\/wp\/v2\/media?parent=6015"}],"wp:term":[{"taxonomy":"product_brand","embeddable":true,"href":"https:\/\/fengchashop.com\/pl\/wp-json\/wp\/v2\/product_brand?post=6015"},{"taxonomy":"product_cat","embeddable":true,"href":"https:\/\/fengchashop.com\/pl\/wp-json\/wp\/v2\/product_cat?post=6015"},{"taxonomy":"product_tag","embeddable":true,"href":"https:\/\/fengchashop.com\/pl\/wp-json\/wp\/v2\/product_tag?post=6015"}],"curies":[{"name":"wp","href":"https:\/\/api.w.org\/{rel}","templated":true}]}}