{"id":6008,"date":"2022-02-11T21:27:43","date_gmt":"2022-02-11T20:27:43","guid":{"rendered":"https:\/\/fengchashop.com\/pl\/product\/triphala-w-proszku-bio-250-g\/"},"modified":"2026-04-29T10:19:03","modified_gmt":"2026-04-29T08:19:03","slug":"triphala-w-proszku-bio","status":"publish","type":"product","link":"https:\/\/fengchashop.com\/pl\/product\/triphala-w-proszku-bio\/","title":{"rendered":"Triphala w proszku BIO 250 g"},"content":{"rendered":"<h2><span style=\"color: #000000\">Triphala w proszku BIO<\/span><\/h2>\n<p><span style=\"color: #000000\">Triphala to staro\u017cytna,<strong> wysoko ceniona ajurwedyjska mieszanka zio\u0142owa<\/strong> trzech superowoc\u00f3w z Indii: <strong>amalaki<\/strong> (Emblica officinalis) &#8211; znanej r\u00f3wnie\u017c jako amla, <strong>bibhitaki<\/strong> (Terminalia belerica) i<strong> haritaki<\/strong> (Terminalia chebula). Jest u\u017cywana od ponad 5000 lat, g\u0142\u00f3wnie do oczyszczania i detoksykacji ca\u0142ego cia\u0142a.<\/span><\/p>\n<p><span style=\"color: #000000\">Triphala ma korzystny wp\u0142yw na nasze trawienie, przyspieszaj\u0105c je i stymuluj\u0105c wch\u0142anianie witamin i minera\u0142\u00f3w.<\/span><\/p>\n<p><span style=\"color: #000000\">Wa\u017cne jest, aby u\u017cywa\u0107 produkt\u00f3w wykonanych z organicznie uprawianych zi\u00f3\u0142, poniewa\u017c jest to jedyny spos\u00f3b na kontrolowanie i zapobieganie przedostawaniu si\u0119 pestycyd\u00f3w i metali ci\u0119\u017ckich do organizmu.<\/span><\/p>\n<p><span style=\"color: #000000\">Nasza triphala jest najwy\u017cszej jako\u015bci i produkowana ekologicznie.<\/span><\/p>\n<p><span style=\"color: #000000\"><strong>Triphala jest kamieniem w\u0119gielnym medycyny ajurwedyjskiej, poniewa\u017c ma wiele skutecznych w\u0142a\u015bciwo\u015bci leczniczych:<\/strong><\/span><\/p>\n<p><span style=\"color: #000000\">\ud83d\udc9a Ma korzystny wp\u0142yw na uk\u0142ad trawienny i dzia\u0142a jako \u0142agodny \u015brodek przeczyszczaj\u0105cy, kt\u00f3ry nie uszkadza b\u0142ony \u015bluzowej jelit,<\/span><br \/>\n<span style=\"color: #000000\">\ud83d\udc9a Pomaga przy wzd\u0119ciach i wiatrach, a tak\u017ce hemoroidach,<\/span><br \/>\n<span style=\"color: #000000\">\ud83d\udc9a usuwa nadmiar t\u0142uszczu z organizmu,<\/span><br \/>\n<span style=\"color: #000000\">\ud83d\udc9a ma pozytywny wp\u0142yw na prac\u0119 w\u0105troby,<\/span><br \/>\n<span style=\"color: #000000\">\ud83d\udc9a skutecznie wzmacnia uk\u0142ad odporno\u015bciowy dzi\u0119ki wysokiej zawarto\u015bci witaminy C,<\/span><br \/>\n<span style=\"color: #000000\">\ud83d\udc9a od\u017cywia i wzmacnia drogi oddechowe oraz \u0142agodzi kaszel w przypadku kaszlu \u015bluzowego,<\/span><br \/>\n<span style=\"color: #000000\">\ud83d\udc9a ma udowodnione w\u0142a\u015bciwo\u015bci przeciwzapalne i przeciwwirusowe,<\/span><br \/>\n<span style=\"color: #000000\">\ud83d\udc9a odm\u0142adza organizm.<\/span><\/p>\n<h2><span style=\"color: #000000\">Czy wiesz, \u017ce Triphala dba o narz\u0105dy wewn\u0119trzne jak matka o swoje dzieci?<\/span><\/h2>\n<p><span style=\"color: #000000\">Mieszanka Triphala jest wysoce od\u017cywcza, delikatna, bogata w witamin\u0119 C, bioflawanoidy i linolowe kwasy t\u0142uszczowe omega 3. Jest niezwyk\u0142ym \u017ar\u00f3d\u0142em<strong> bia\u0142ek, olej\u00f3w i przeciwutleniaczy<\/strong>, kt\u00f3re wraz z w\u0142a\u015bciwo\u015bciami przeciwdrobnoustrojowymi i przeciwbakteryjnymi przyczyniaj\u0105 si\u0119 do zwi\u0119kszenia odporno\u015bci organizmu. Ma dobre dzia\u0142anie przeczyszczaj\u0105ce, dzi\u0119ki czemu nadaje si\u0119 do <strong>oczyszczania jelit<\/strong> i \u015bcian jelit oraz pomaga zmniejszy\u0107 nadwag\u0119.<strong> Skuteczny \u015brodek odtruwaj\u0105cy<\/strong>.<\/span><\/p>\n<p><span style=\"color: #000000\">Wszystkie trzy rodzaje owoc\u00f3w w formule triphala od\u017cywiaj\u0105, wzmacniaj\u0105, oczyszczaj\u0105, g\u0142\u0119boko odbudowuj\u0105 i odm\u0142adzaj\u0105 ca\u0142y organizm. Regularne spo\u017cywanie Triphali zmniejsza zm\u0119czenie i wyczerpanie oraz stanowi doskona\u0142e wsparcie dla uk\u0142adu odporno\u015bciowego. Zgodnie z tradycj\u0105 ajurwedyjsk\u0105, Triphala jest jedn\u0105 z niewielu mieszanek, kt\u00f3re maj\u0105 korzystny wp\u0142yw na wszystkie trzy dosze. Jest zatem bezpieczna dla ka\u017cdego.<\/span><\/p>\n<h2><span style=\"color: #000000\">Przechowywanie i ostrze\u017cenia<\/span><\/h2>\n<p><span style=\"color: #000000\">Przechowywa\u0107 w ch\u0142odnym i suchym miejscu. Suplement diety nale\u017cy przechowywa\u0107 w miejscu niedost\u0119pnym dla dzieci!<\/span><\/p>\n<p><span style=\"color: #000000\">Nale\u017cy pami\u0119ta\u0107 o znaczeniu zr\u00f3\u017cnicowanej diety i zdrowego stylu \u017cycia, dlatego suplement diety nie zast\u0119puje zr\u00f3wnowa\u017conej i zr\u00f3\u017cnicowanej diety. Nie nale\u017cy przekracza\u0107 zalecanej dziennej ilo\u015bci lub dawki. Kobiety w ci\u0105\u017cy, matki karmi\u0105ce i osoby przyjmuj\u0105ce leki powinny zawsze skonsultowa\u0107 si\u0119 z lekarzem przed u\u017cyciem. Produkt nieodpowiedni dla dzieci.<\/span><\/p>\n<h2><span style=\"color: #000000\">Opakowanie<\/span><\/h2>\n<p><span style=\"color: #000000\">Nieprzepuszczalna torebka z zamkiem b\u0142yskawicznym, w kt\u00f3rej produkt zachowuje \u015bwie\u017co\u015b\u0107 i aromat. Opakowanie chroni przed \u015bwiat\u0142em i powietrzem, poniewa\u017c sk\u0142ada si\u0119 z kilku warstw ochronnych, kt\u00f3re zachowuj\u0105 w\u0142a\u015bciwo\u015bci zawarto\u015bci.<\/span><\/p>\n<p><span style=\"color: #000000\">Opakowanie jest bardzo praktyczne i nadaje si\u0119 do recyklingu.<\/span><\/p>\n<h2><span style=\"color: #000000\">Pochodzenie<\/span><\/h2>\n<p><span style=\"color: #000000\">Indie<\/span><\/p>\n","protected":false},"excerpt":{"rendered":"<p align=\"JUSTIFY\">Triphala to staro\u017cytna, wysoko <strong>ceniona ajurwedyjska mieszanka zio\u0142owa<\/strong> trzech superowoc\u00f3w z regionu Indii: amalaki, bibhitaki i haritaki. Stosowana jest od <strong>ponad 5000 lat<\/strong>, g\u0142\u00f3wnie do oczyszczania i detoksykacji ca\u0142ego organizmu. Triphala jest kamieniem w\u0119gielnym medycyny ajurwedyjskiej, poniewa\u017c ma wiele skutecznych<strong> w\u0142a\u015bciwo\u015bci leczniczych<\/strong>:<\/p>\n<p align=\"JUSTIFY\">\ud83d\udc9a Ma korzystny wp\u0142yw na uk\u0142ad trawienny,<br \/>\n\ud83d\udc9a Usuwa nadmiar t\u0142uszczu z organizmu,<br \/>\n\ud83d\udc9a skutecznie wzmacnia uk\u0142ad odporno\u015bciowy dzi\u0119ki wysokiej zawarto\u015bci witaminy C,<br \/>\n\ud83d\udc9a od\u017cywia i wzmacnia drogi oddechowe,<br \/>\n\ud83d\udc9a odm\u0142adza organizm.<\/p>\n","protected":false},"featured_media":6009,"comment_status":"open","ping_status":"closed","template":"","meta":{"_acf_changed":false},"product_brand":[],"product_cat":[15,230,224,228,225],"product_tag":[],"class_list":{"0":"post-6008","1":"product","2":"type-product","3":"status-publish","4":"has-post-thumbnail","6":"product_cat-uncategorized","7":"product_cat-ajurweda","8":"product_cat-oferta","9":"product_cat-superzywnosc","10":"product_cat-wszystkie-produkty","12":"first","13":"instock","14":"sale","15":"taxable","16":"shipping-taxable","17":"purchasable","18":"product-type-simple"},"acf":[],"_links":{"self":[{"href":"https:\/\/fengchashop.com\/pl\/wp-json\/wp\/v2\/product\/6008","targetHints":{"allow":["GET"]}}],"collection":[{"href":"https:\/\/fengchashop.com\/pl\/wp-json\/wp\/v2\/product"}],"about":[{"href":"https:\/\/fengchashop.com\/pl\/wp-json\/wp\/v2\/types\/product"}],"replies":[{"embeddable":true,"href":"https:\/\/fengchashop.com\/pl\/wp-json\/wp\/v2\/comments?post=6008"}],"wp:featuredmedia":[{"embeddable":true,"href":"https:\/\/fengchashop.com\/pl\/wp-json\/wp\/v2\/media\/6009"}],"wp:attachment":[{"href":"https:\/\/fengchashop.com\/pl\/wp-json\/wp\/v2\/media?parent=6008"}],"wp:term":[{"taxonomy":"product_brand","embeddable":true,"href":"https:\/\/fengchashop.com\/pl\/wp-json\/wp\/v2\/product_brand?post=6008"},{"taxonomy":"product_cat","embeddable":true,"href":"https:\/\/fengchashop.com\/pl\/wp-json\/wp\/v2\/product_cat?post=6008"},{"taxonomy":"product_tag","embeddable":true,"href":"https:\/\/fengchashop.com\/pl\/wp-json\/wp\/v2\/product_tag?post=6008"}],"curies":[{"name":"wp","href":"https:\/\/api.w.org\/{rel}","templated":true}]}}