{"id":6006,"date":"2022-02-11T21:16:38","date_gmt":"2022-02-11T20:16:38","guid":{"rendered":"https:\/\/fengchashop.com\/pl\/product\/astragalus-w-proszku-bio-250-g\/"},"modified":"2026-04-26T17:00:21","modified_gmt":"2026-04-26T15:00:21","slug":"astragalus-w-proszku-bio","status":"publish","type":"product","link":"https:\/\/fengchashop.com\/pl\/product\/astragalus-w-proszku-bio\/","title":{"rendered":"Astragalus w proszku BIO 250 g"},"content":{"rendered":"<h2><span style=\"color: #000000\">Astragalus w proszku BIO<\/span><\/h2>\n<p><span style=\"color: #000000\">Astragalus to krzew, kt\u00f3ry w rzeczywisto\u015bci nale\u017cy do<strong> rodziny ro\u015blin str\u0105czkowych<\/strong>. St\u0105d nazwa groch. Jest stosowany jako <strong>zio\u0142o lecznicze<\/strong> w TCM w Chinach od <strong>ponad 2000 lat<\/strong>. U\u017cyteczn\u0105 cz\u0119\u015bci\u0105 ro\u015bliny nie s\u0105 owoce ani li\u015bcie, ale suszone na s\u0142o\u0144cu korzenie. Najlepszej jako\u015bci korzenie to te, kt\u00f3re s\u0105 grube, j\u0119drne i s\u0142odkie.<\/span><\/p>\n<p><span style=\"color: #000000\">Tradycyjnie stosowany w Chinach jako <strong>tonik ca\u0142ego cia\u0142a<\/strong>, jest niezwykle silnym przeciwutleniaczem, kt\u00f3ry skutecznie zwalcza wszystkie rodzaje stan\u00f3w zapalnych. Jest r\u00f3wnie\u017c uwa\u017cany za zio\u0142o adaptogenne, co oznacza, \u017ce wzmacnia wszystkie uk\u0142ady narz\u0105d\u00f3w cia\u0142a. Nie zak\u0142\u00f3ca ich naturalnego funkcjonowania. Nie pobudza te\u017c nadmiernie narz\u0105d\u00f3w i przywraca organizm do stanu r\u00f3wnowagi. Dlatego te\u017c jest czasami nazywany<strong>&#8222;wielkim obro\u0144c\u0105<\/strong>&#8222;.<\/span><\/p>\n<p><span style=\"color: #000000\">Astragalus jest niezwykle bogatym \u017ar\u00f3d\u0142em specyficznych przeciwutleniaczy i selenu. Ze wzgl\u0119du na swoj\u0105 adaptogenno\u015b\u0107 jest stosowany w r\u00f3\u017cnych stanach organizmu, kt\u00f3re wskazuj\u0105 na brak r\u00f3wnowagi. Astragalus jest r\u00f3wnie\u017c cz\u0119sto stosowany jako zio\u0142o przeciwstarzeniowe. Uwa\u017ca si\u0119 r\u00f3wnie\u017c, \u017ce reguluje ci\u015bnienie krwi, poziom cukru we krwi i cholesterolu. Wzmacnia uk\u0142ad odporno\u015bciowy i dzia\u0142a zapobiegawczo przeciwko grypie i przezi\u0119bieniom.<\/span><\/p>\n<p><span style=\"color: #000000\">Mo\u017ce by\u0107 r\u00f3wnie\u017c stosowany w przypadku<strong> nocnych pot\u00f3w i objaw\u00f3w menopauzy<\/strong>,<strong> energetyzuje kom\u00f3rki, wzmacnia mi\u0119\u015bnie i poprawia metabolizm, wspomaga nadnercza i rozrzedza krew<\/strong> (podobnie jak aspiryna). W niekt\u00f3rych przypadkach mo\u017ce by\u0107 r\u00f3wnie\u017c stosowany w porozumieniu z lekarzem w celu wsparcia pacjent\u00f3w chorych na raka poddawanych radioterapii i chemioterapii oraz os\u00f3b cierpi\u0105cych na AIDS.<\/span><\/p>\n<p><span style=\"color: #000000\">Z proszku mo\u017cna r\u00f3wnie\u017c przygotowa\u0107 herbat\u0119, gotuj\u0105c jedn\u0105 \u0142y\u017ck\u0119 sto\u0142ow\u0105 proszku z astragalusa w fili\u017cance wody. Pozostawi\u0107 na 1 godzin\u0119, a nast\u0119pnie przecedzi\u0107. Pi\u0107 \u0142ykami w ci\u0105gu dnia.<\/span><\/p>\n<p><span style=\"color: #000000\">Astragalus jest cz\u0119sto stosowany w po\u0142\u0105czeniu<strong> z innymi zio\u0142ami i ro\u015blinami, takimi jak arcydzi\u0119giel, kurkuma, \u017ce\u0144-sze\u0144, ashwagandha i spirulina<\/strong>.<\/span><\/p>\n<p><span style=\"color: #000000\">Astragalus jest kojarzony z przed\u0142u\u017caniem \u017cycia, poniewa\u017c:<\/span><\/p>\n<p><span style=\"color: #000000\"> <strong> \ud83d\udc9a jest adaptogenem<\/strong> &#8211; pomaga przezwyci\u0119\u017cy\u0107 wszystkie rodzaje stresu (fizyczny, emocjonalny i psychiczny),<\/span><\/p>\n<p><span style=\"color: #000000\"> <strong>\ud83d\udc9a <\/strong>jest <strong>doskona\u0142ym przeciwutleniaczem<\/strong>i pomaga w szybszej regeneracji oraz wzmacnia umys\u0142 i cia\u0142o,<\/span><\/p>\n<p><span style=\"color: #000000\"> <strong> \ud83d\udc9a chroni organizm<\/strong> przed rozwojem nowych chor\u00f3b,<\/span><\/p>\n<p><span style=\"color: #000000\"> <strong>\ud83d\udc9a <\/strong>pobudza apetyt i <strong>pomaga przezwyci\u0119\u017cy\u0107 zm\u0119czenie,<\/strong><\/span><\/p>\n<p><span style=\"color: #000000\"> <strong>\ud83d\udc9a <\/strong>stymuluje <strong> uk\u0142ad odporno\u015bciowy<\/strong>, a tym samym bia\u0142e krwinki,<\/span><\/p>\n<p><span style=\"color: #000000\"> <strong>\ud83d\udc9a <\/strong><strong>wzmacnia funkcje wa\u017cnych narz\u0105d\u00f3w<\/strong>, takich jak nerki i serce,<\/span><\/p>\n<p><span style=\"color: #000000\"><strong>\ud83d\udc9a wzmacnia muskulatur\u0119<\/strong> i promuje naturalne u\u0142o\u017cenie narz\u0105d\u00f3w, utrzymuj\u0105c nas w pozycji pionowej,<\/span><\/p>\n<p><span style=\"color: #000000\"><strong>\ud83d\udc9a przyspiesza eliminacj\u0119 toksyn<\/strong> przez sk\u00f3r\u0119, dzia\u0142a jako \u0142agodny \u015brodek moczop\u0119dny i kontroluje nadmierne pocenie si\u0119.<\/span><\/p>\n<h2><span style=\"color: #000000\">Przechowywanie i ostrze\u017cenia<\/span><\/h2>\n<p><span style=\"color: #000000\">Przechowywa\u0107 w ch\u0142odnym i suchym miejscu. Suplement diety nale\u017cy przechowywa\u0107 w miejscu niedost\u0119pnym dla dzieci!<\/span><\/p>\n<p><span style=\"color: #000000\">Nale\u017cy pami\u0119ta\u0107 o znaczeniu zr\u00f3\u017cnicowanej diety i zdrowego stylu \u017cycia, dlatego suplement diety nie zast\u0119puje zr\u00f3wnowa\u017conej i zr\u00f3\u017cnicowanej diety. Nie nale\u017cy przekracza\u0107 zalecanej dziennej ilo\u015bci lub dawki. Kobietom w ci\u0105\u017cy i karmi\u0105cym piersi\u0105 zawsze zaleca si\u0119 skonsultowanie z lekarzem przed u\u017cyciem.<\/span><\/p>\n<h2><span style=\"color: #000000\">Opakowanie<\/span><\/h2>\n<p><span style=\"color: #000000\">Nieprzepuszczalna torebka z zamkiem b\u0142yskawicznym, w kt\u00f3rej produkt zachowuje \u015bwie\u017co\u015b\u0107 i aromat. Opakowanie chroni produkt przed \u015bwiat\u0142em i powietrzem, poniewa\u017c sk\u0142ada si\u0119 z kilku warstw ochronnych, aby zachowa\u0107 w\u0142a\u015bciwo\u015bci zawarto\u015bci.<\/span><\/p>\n<p><span style=\"color: #000000\">Opakowanie jest bardzo praktyczne i nadaje si\u0119 do recyklingu.<\/span><\/p>\n<h2><span style=\"color: #000000\">Pochodzenie<\/span><\/h2>\n<p><span style=\"color: #000000\">Chiny. Mamy bardzo wiarygodnych dostawc\u00f3w, kt\u00f3rzy przesy\u0142aj\u0105 nam szczeg\u00f3\u0142ow\u0105 analiz\u0119 chemiczn\u0105 \u017cywno\u015bci dla ka\u017cdej partii. W ci\u0105gu ponad dziesi\u0119ciu lat nie mieli\u015bmy \u017cadnych przypadk\u00f3w wycofania produktu z rynku ani \u017cadnych innych problem\u00f3w z tym produktem, ani z innymi produktami pochodz\u0105cymi od tego samego dostawcy. Produkt jest w 100% certyfikowany ekologicznie.<\/span><\/p>\n","protected":false},"excerpt":{"rendered":"<p align=\"JUSTIFY\">Tradycyjnie stosowany w Chinach jako <strong>tonik ca\u0142ego<\/strong> cia\u0142a, jest niezwykle silnym przeciwutleniaczem, kt\u00f3ry skutecznie zwalcza wszystkie rodzaje stan\u00f3w zapalnych. Jest r\u00f3wnie\u017c uwa\u017cany za zio\u0142o adaptogenne, co oznacza, \u017ce wzmacnia wszystkie uk\u0142ady narz\u0105d\u00f3w cia\u0142a. Nie zak\u0142\u00f3ca ich naturalnego funkcjonowania. Nie pobudza te\u017c nadmiernie narz\u0105d\u00f3w i przywraca organizm do stanu r\u00f3wnowagi. Dlatego jest czasami nazywany<strong>&#8222;wielkim obro\u0144c\u0105&#8221;<\/strong> sadzy:<\/p>\n<p align=\"JUSTIFY\">\ud83d\udc9a jest adaptogenem &#8211; pomaga przezwyci\u0119\u017cy\u0107 wszelkiego rodzaju stres (fizyczny, emocjonalny i psychiczny),<br \/>\n\ud83d\udc9a jest doskona\u0142ym przeciwutleniaczem i pomaga przyspieszy\u0107 regeneracj\u0119 oraz wzmacnia umys\u0142 i cia\u0142o,<br \/>\n\ud83d\udc9a chroni organizm przed rozwojem nowych chor\u00f3b,<br \/>\n\ud83d\udc9a pobudza apetyt i pomaga przezwyci\u0119\u017cy\u0107 zm\u0119czenie,<br \/>\n\ud83d\udc9a stymuluje uk\u0142ad odporno\u015bciowy, a tym samym bia\u0142e krwinki.<\/p>\n","protected":false},"featured_media":6007,"comment_status":"open","ping_status":"closed","template":"","meta":{"_acf_changed":false},"product_brand":[],"product_cat":[15,224,228,225],"product_tag":[],"class_list":{"0":"post-6006","1":"product","2":"type-product","3":"status-publish","4":"has-post-thumbnail","6":"product_cat-uncategorized","7":"product_cat-oferta","8":"product_cat-superzywnosc","9":"product_cat-wszystkie-produkty","11":"first","12":"instock","13":"sale","14":"taxable","15":"shipping-taxable","16":"purchasable","17":"product-type-simple"},"acf":[],"_links":{"self":[{"href":"https:\/\/fengchashop.com\/pl\/wp-json\/wp\/v2\/product\/6006","targetHints":{"allow":["GET"]}}],"collection":[{"href":"https:\/\/fengchashop.com\/pl\/wp-json\/wp\/v2\/product"}],"about":[{"href":"https:\/\/fengchashop.com\/pl\/wp-json\/wp\/v2\/types\/product"}],"replies":[{"embeddable":true,"href":"https:\/\/fengchashop.com\/pl\/wp-json\/wp\/v2\/comments?post=6006"}],"wp:featuredmedia":[{"embeddable":true,"href":"https:\/\/fengchashop.com\/pl\/wp-json\/wp\/v2\/media\/6007"}],"wp:attachment":[{"href":"https:\/\/fengchashop.com\/pl\/wp-json\/wp\/v2\/media?parent=6006"}],"wp:term":[{"taxonomy":"product_brand","embeddable":true,"href":"https:\/\/fengchashop.com\/pl\/wp-json\/wp\/v2\/product_brand?post=6006"},{"taxonomy":"product_cat","embeddable":true,"href":"https:\/\/fengchashop.com\/pl\/wp-json\/wp\/v2\/product_cat?post=6006"},{"taxonomy":"product_tag","embeddable":true,"href":"https:\/\/fengchashop.com\/pl\/wp-json\/wp\/v2\/product_tag?post=6006"}],"curies":[{"name":"wp","href":"https:\/\/api.w.org\/{rel}","templated":true}]}}