{"id":6003,"date":"2022-02-11T20:27:56","date_gmt":"2022-02-11T19:27:56","guid":{"rendered":"https:\/\/fengchashop.com\/pl\/product\/bisglicynian-magnezu-250-g\/"},"modified":"2026-04-29T18:21:26","modified_gmt":"2026-04-29T16:21:26","slug":"bisglicynian-magnezu","status":"publish","type":"product","link":"https:\/\/fengchashop.com\/pl\/product\/bisglicynian-magnezu\/","title":{"rendered":"Bisglicynian magnezu 250 g"},"content":{"rendered":"<h2><span style=\"color: #000000\">Bisglicynian magnezu<\/span><\/h2>\n<p><span style=\"color: #000000\">Magnez to bardzo wa\u017cny minera\u0142, kt\u00f3ry odpowiada za ponad 300 reakcji metabolicznych w organizmie cz\u0142owieka. Eksperci cz\u0119sto nazywaj\u0105 go \u201ekr\u00f3lem minera\u0142\u00f3w\u201d. Odgrywa bardzo wa\u017cn\u0105 rol\u0119 w zapewnieniu prawid\u0142owego funkcjonowania ko\u015bci, mi\u0119\u015bni i uk\u0142adu nerwowego. Cz\u0119sto stosuje si\u0119 go w celu zapobiegania skurczom (w mieczach), zm\u0119czeniu, wyczerpaniu oraz w celu normalnego funkcjonowania psychicznego. Ze wzgl\u0119du na nowoczesny tryb \u017cycia \u2013 brak snu, stres, diet\u0119 \u2013 cz\u0119sto si\u0119gamy po suplementy diety zawieraj\u0105ce magnez. I cho\u0107 w du\u017cych ilo\u015bciach znajdziemy go w zielonych warzywach, rybach, pestkach s\u0142onecznika i dyni, owocach i orzechach, to po prostu zu\u017cywamy go wi\u0119cej, ni\u017c spo\u017cywamy. Zwi\u0119kszone zapotrzebowanie na magnez maj\u0105 sportowcy i osoby bardzo aktywne, kobiety w ci\u0105\u017cy i osoby starsze. W naturze magnez jest zawsze zwi\u0105zany z innym zwi\u0105zkiem, co nadaje mu specyficzne w\u0142a\u015bciwo\u015bci, zw\u0142aszcza je\u015bli chodzi o wch\u0142anianie i dodatkowe dzia\u0142anie. Dlatego wa\u017cne jest, aby wybra\u0107 odpowiedni magnez do naszych potrzeb.<\/span><\/p>\n<p><span style=\"color: #000000\">Magnez w formie diglicynianu magnezu to jedna z najnowszych i najlepszych form magnezu dost\u0119pnych na rynku. Znamy kilkana\u015bcie r\u00f3\u017cnych form magnezu, a stosowanie niekt\u00f3rych form jest wr\u0119cz odradzane (np. asparaginian magnezu i glutaminian magnezu). Nie ka\u017cdy magnez zaspokoi nasze potrzeby. Wybierz wysokiej jako\u015bci formy magnezu, kt\u00f3re s\u0105 dla Ciebie odpowiednie.<\/span><\/p>\n<p><span style=\"color: #000000\">Niedob\u00f3r magnezu wi\u0105\u017ce si\u0119 z wieloma chorobami, takimi jak migrena, chroniczne zm\u0119czenie, wysokie ci\u015bnienie krwi, stany l\u0119kowe i inne zaburzenia psychiczne. Magnez po\u015brednio dba o napraw\u0119 uszkodzonych kom\u00f3rek, co zapobiega rozwojowi chor\u00f3b zwi\u0105zanych z uszkodzeniem kom\u00f3rek \u2013 np. nowotwor\u00f3w. Jednocze\u015bnie niedob\u00f3r magnezu os\u0142abia dzia\u0142anie wa\u017cnej witaminy D.<\/span><\/p>\n<p><span style=\"color: #000000\">Nasz diglicynian magnezu jest najwy\u017cszej jako\u015bci.<\/span><\/p>\n<h2><span style=\"color: #000000\">Dlaczego warto wybra\u0107 diglicynian magnezu?<\/span><\/h2>\n<p><span style=\"color: #000000\">W por\u00f3wnaniu do innych form magnezu, magnez w postaci diglicynianu magnezu wch\u0142ania si\u0119 g\u0142\u00f3wnie szybciej, \u0142atwiej i lepiej. Jest to jedna z nowszych form magnezu jako suplementu diety, kt\u00f3ra d\u0105\u017cy do jak najlepszego wykorzystania bez skutk\u00f3w ubocznych \u2013 efektu przeczyszczaj\u0105cego. Obecnie nale\u017cy do \u015bcis\u0142ej czo\u0142\u00f3wki suplement\u00f3w diety z magnezem. Jest to szczeg\u00f3lna zaleta dla os\u00f3b, kt\u00f3rych trawienie jest wra\u017cliwe na suplementy diety zawieraj\u0105ce magnez, ale z drugiej strony organizm go potrzebuje.<\/span><\/p>\n<p><span style=\"color: #000000\">Diglicynian magnezu umo\u017cliwia najlepsze wykorzystanie magnezu w organizmie, gdy\u017c wch\u0142ania si\u0119 on w 80 proc., a nawet wi\u0119cej. Poniewa\u017c nie powoduje biegunki i nie ma dzia\u0142ania przeczyszczaj\u0105cego, ta wersja magnezu najlepiej nadaje si\u0119 do d\u0142ugotrwa\u0142ego stosowania. Nie zawsze dzia\u0142anie przeczyszczaj\u0105ce jest korzystne, gdy\u017c mo\u017ce zubo\u017ca\u0107 wch\u0142anianie innych sk\u0142adnik\u00f3w od\u017cywczych i podra\u017cni\u0107 wra\u017cliwe jelita.<\/span><\/p>\n<p><span style=\"color: #000000\">W rzeczywisto\u015bci diglicynian magnezu zawiera dwa aminokwasy glicynianowe zamiast jednego, co oznacza wi\u0119ksz\u0105 ochron\u0119 przed kwasem \u017co\u0142\u0105dkowym. W ten spos\u00f3b dociera do jelit, gdzie faktycznie wch\u0142ania si\u0119 do krwioobiegu w mo\u017cliwie organicznej formie.<\/span><\/p>\n<h2><span style=\"color: #000000\">Jaki wp\u0142yw na nasz organizm ma spo\u017cycie magnezu?<\/span><\/h2>\n<p><span style=\"color: #000000\">Stosowanie magnezu ma na nas nast\u0119puj\u0105ce pozytywne skutki, kt\u00f3re s\u0105 r\u00f3wnie\u017c uznawane przez profesj\u0119:<\/span><br \/>\n<span style=\"color: #000000\">\ud83d\udc9a przyczynia si\u0119 do zmniejszenia uczucia zm\u0119czenia i wyczerpania,<\/span><br \/>\n<span style=\"color: #000000\">\ud83d\udc9a wspomaga r\u00f3wnowag\u0119 elektrolit\u00f3w, kt\u00f3rych potrzebujemy szczeg\u00f3lnie podczas wysi\u0142ku fizycznego,<\/span><br \/>\n<span style=\"color: #000000\">\ud83d\udc9a przyczynia si\u0119 do uwalniania energii podczas metabolizmu,<\/span><br \/>\n<span style=\"color: #000000\">\ud83d\udc9a korzystnie wp\u0142ywa na uk\u0142ad nerwowy,<\/span><br \/>\n<span style=\"color: #000000\">\ud83d\udc9a przyczynia si\u0119 do prawid\u0142owego funkcjonowania mi\u0119\u015bni, prawid\u0142owych funkcji psychologicznych,<\/span><br \/>\n<span style=\"color: #000000\">\ud83d\udc9a odgrywa rol\u0119 w syntezie bia\u0142ek,<\/span><br \/>\n<span style=\"color: #000000\">\ud83d\udc9a utrzymuje zdrowe ko\u015bci i z\u0119by,<\/span><br \/>\n<span style=\"color: #000000\">\ud83d\udc9a odgrywa rol\u0119 w podziale kom\u00f3rek.<\/span><\/p>\n<p><span style=\"color: #000000\">Zadowoleni u\u017cytkownicy m\u00f3wi\u0105 tak\u017ce o innych korzy\u015bciach p\u0142yn\u0105cych ze spo\u017cywania magnezu w postaci najwy\u017cszej jako\u015bci i najlepszej formy suplementu diety.<\/span><\/p>\n<h2><span style=\"color: #000000\">Opakowanie<\/span><\/h2>\n<p><span style=\"color: #000000\">Szczelna torebka zapinana na zamek b\u0142yskawiczny, w kt\u00f3rej produkt zachowuje ca\u0142\u0105 swoj\u0105 \u015bwie\u017co\u015b\u0107 i aromat. Opakowanie chroni przed \u015bwiat\u0142em i powietrzem, gdy\u017c sk\u0142ada si\u0119 z kilku warstw ochronnych, kt\u00f3re zachowuj\u0105 w\u0142a\u015bciwo\u015bci zawarto\u015bci.<\/span><\/p>\n<p><span style=\"color: #000000\">Opakowanie jest bardzo praktyczne i pozwala na recykling.<\/span><\/p>\n<h2><span style=\"color: #000000\">Przechowywanie i ostrze\u017cenia<\/span><\/h2>\n<p><span style=\"color: #000000\">Przechowywa\u0107 w suchym i ch\u0142odnym miejscu w temperaturze do 25\u00b0C. Suplement diety powinien znajdowa\u0107 si\u0119 poza zasi\u0119giem dzieci!<\/span><\/p>\n<p><span style=\"color: #000000\">Je\u015bli jednocze\u015bnie za\u017cywasz antybiotyki, leki na osteoporoz\u0119 lub leki na nadci\u015bnienie, skonsultuj si\u0119 z lekarzem, poniewa\u017c magnez mo\u017ce wp\u0142ywa\u0107 na ich dzia\u0142anie.<\/span><\/p>\n<p><span style=\"color: #000000\">Nie zapominaj, jak wa\u017cna jest zr\u00f3\u017cnicowana dieta i zdrowy tryb \u017cycia, dlatego suplement diety nie zast\u0119puje zbilansowanej i zr\u00f3\u017cnicowanej diety. Nie nale\u017cy przekracza\u0107 zalecanej dziennej ilo\u015bci lub dawki. Matkom w ci\u0105\u017cy i karmi\u0105cym piersi\u0105 zawsze zaleca si\u0119 konsultacj\u0119 z lekarzem przed zastosowaniem. Nie nadaje si\u0119 dla dzieci.<\/span><\/p>\n<h2><span style=\"color: #000000\">Pochodzenie<\/span><\/h2>\n<p><span style=\"color: #000000\">Chiny. Posiadamy bardzo wiarygodnych dostawc\u00f3w, kt\u00f3rzy przesy\u0142aj\u0105 nam szczeg\u00f3\u0142ow\u0105 analiz\u0119 chemiczn\u0105 \u017cywno\u015bci dla ka\u017cdej partii. Przez ponad dziesi\u0119\u0107 lat nie mieli\u015bmy \u017cadnych wycofa\u0144 ani \u017cadnych innych problem\u00f3w zwi\u0105zanych z tym produktem, ani z innymi produktami tego samego dostawcy.<\/span><\/p>\n","protected":false},"excerpt":{"rendered":"<p>Magnez jest bardzo wa\u017cnym minera\u0142em odpowiedzialnym za ponad 300 reakcji metabolicznych w organizmie cz\u0142owieka. Eksperci cz\u0119sto nazywaj\u0105 go \u201ekr\u00f3lem minera\u0142\u00f3w\u201d. Odgrywa bardzo wa\u017cn\u0105 rol\u0119 w zapewnieniu prawid\u0142owego funkcjonowania ko\u015bci, mi\u0119\u015bni oraz uk\u0142adu nerwowego.<\/p>\n<p>\ud83d\udc9a Przyczynia si\u0119 do zmniejszenia uczucia zm\u0119czenia i znu\u017cenia.<br \/>\n\ud83d\udc9a Przyczynia si\u0119 do uwalniania energii podczas przemiany materii.<br \/>\n\ud83d\udc9a Korzystnie wp\u0142ywa na uk\u0142ad nerwowy.<br \/>\n\ud83d\udc9a Przyczynia si\u0119 do prawid\u0142owego funkcjonowania mi\u0119\u015bni, prawid\u0142owych funkcji psychologicznych.<br \/>\n\ud83d\udc9a Utrzymuje zdrowe ko\u015bci i z\u0119by.<\/p>\n","protected":false},"featured_media":6004,"comment_status":"open","ping_status":"closed","template":"","meta":{"_acf_changed":false},"product_brand":[],"product_cat":[15,232,226,224,225],"product_tag":[],"class_list":{"0":"post-6003","1":"product","2":"type-product","3":"status-publish","4":"has-post-thumbnail","6":"product_cat-uncategorized","7":"product_cat-mineraly-witaminy","8":"product_cat-najlepiej-sprzedajacy-sie","9":"product_cat-oferta","10":"product_cat-wszystkie-produkty","12":"first","13":"instock","14":"sale","15":"taxable","16":"shipping-taxable","17":"purchasable","18":"product-type-simple"},"acf":[],"_links":{"self":[{"href":"https:\/\/fengchashop.com\/pl\/wp-json\/wp\/v2\/product\/6003","targetHints":{"allow":["GET"]}}],"collection":[{"href":"https:\/\/fengchashop.com\/pl\/wp-json\/wp\/v2\/product"}],"about":[{"href":"https:\/\/fengchashop.com\/pl\/wp-json\/wp\/v2\/types\/product"}],"replies":[{"embeddable":true,"href":"https:\/\/fengchashop.com\/pl\/wp-json\/wp\/v2\/comments?post=6003"}],"wp:featuredmedia":[{"embeddable":true,"href":"https:\/\/fengchashop.com\/pl\/wp-json\/wp\/v2\/media\/6004"}],"wp:attachment":[{"href":"https:\/\/fengchashop.com\/pl\/wp-json\/wp\/v2\/media?parent=6003"}],"wp:term":[{"taxonomy":"product_brand","embeddable":true,"href":"https:\/\/fengchashop.com\/pl\/wp-json\/wp\/v2\/product_brand?post=6003"},{"taxonomy":"product_cat","embeddable":true,"href":"https:\/\/fengchashop.com\/pl\/wp-json\/wp\/v2\/product_cat?post=6003"},{"taxonomy":"product_tag","embeddable":true,"href":"https:\/\/fengchashop.com\/pl\/wp-json\/wp\/v2\/product_tag?post=6003"}],"curies":[{"name":"wp","href":"https:\/\/api.w.org\/{rel}","templated":true}]}}