{"id":6000,"date":"2022-02-11T20:17:52","date_gmt":"2022-02-11T19:17:52","guid":{"rendered":"https:\/\/fengchashop.com\/pl\/product\/calcium-wapn-500-g\/"},"modified":"2026-04-29T10:23:49","modified_gmt":"2026-04-29T08:23:49","slug":"calcium-wapn","status":"publish","type":"product","link":"https:\/\/fengchashop.com\/pl\/product\/calcium-wapn\/","title":{"rendered":"Calcium (Wap\u0144) 500 g"},"content":{"rendered":"<h2 align=\"JUSTIFY\"><span style=\"color: #000000\">Calcium (Wap\u0144)<\/span><\/h2>\n<p><span style=\"color: #000000\">Wap\u0144 jest jednym z najbogatszych minera\u0142\u00f3w w naszym organizmie. Cho\u0107 wap\u0144 kojarzy si\u0119 g\u0142\u00f3wnie z ko\u015bciami, pe\u0142ni w organizmie cz\u0142owieka wiele innych wa\u017cnych funkcji. Wap\u0144 jest sk\u0142adnikiem tkanki kostnej i w konsekwencji wp\u0142ywa na twardo\u015b\u0107 ko\u015bci. Dlatego spo\u017cywanie pokarm\u00f3w bogatych w wap\u0144 jest bardzo wa\u017cne w dzieci\u0144stwie, kiedy ro\u015bniemy. Jest to bardzo wa\u017cne tak\u017ce w okresie menopauzy, kiedy zaburzona gospodarka hormonalna, jak\u0105 niesie ze sob\u0105, cz\u0119sto wp\u0142ywa na wch\u0142anianie wapnia i tym samym zmniejsza g\u0119sto\u015b\u0107 masy kostnej. To samo dotyczy mniej wi\u0119cej wi\u0119kszo\u015bci starszych os\u00f3b. Wap\u0144 odgrywa r\u00f3wnie\u017c wa\u017cn\u0105 rol\u0119 w czasie ci\u0105\u017cy.<\/span><\/p>\n<p><span style=\"color: #000000\">Wap\u0144 wp\u0142ywa na prawid\u0142owe funkcjonowanie kom\u00f3rek i mi\u0119\u015bni, zdrowie ko\u015bci i z\u0119b\u00f3w, prawid\u0142owe funkcjonowanie enzym\u00f3w trawiennych, prawid\u0142owe krzepni\u0119cie krwi, przekazywanie impuls\u00f3w nerwowych oraz prawid\u0142owe uwalnianie energii podczas metabolizmu. Jej brak cz\u0119sto prowadzi do osteoporozy, kt\u00f3ra jest kolejn\u0105 niezwykle powszechn\u0105 chorob\u0105 wsp\u00f3\u0142czesno\u015bci.<\/span><\/p>\n<p><span style=\"color: #000000\">Wap\u0144 w postaci w\u0119glanu wapnia jest naturaln\u0105 i bezpieczn\u0105 form\u0105 wapnia jako suplement diety. Dobrze si\u0119 wch\u0142ania i charakteryzuje si\u0119 optymaln\u0105 wydajno\u015bci\u0105.<\/span><\/p>\n<p><span style=\"color: #000000\">Wap\u0144 nale\u017cy wprowadza\u0107 do organizmu w spos\u00f3b planowy, zw\u0142aszcza w okresie przyspieszonego wzrostu oraz w czasie ci\u0105\u017cy. Naj\u0142atwiej to osi\u0105gn\u0105\u0107 dzi\u0119ki zr\u00f3\u017cnicowanej i zbilansowanej diecie, kt\u00f3ra jest naturalnie bogata w wap\u0144. Przyjmowanie suplement\u00f3w diety zalecane jest zw\u0142aszcza osobom, kt\u00f3re rzadko lub wcale nie spo\u017cywaj\u0105 mleka i jego przetwor\u00f3w. Polecany jest tak\u017ce kobietom w okresie menopauzy i wszystkim osobom starszym.<\/span><\/p>\n<p><span style=\"color: #000000\">Suplement diety charakteryzuje si\u0119 wyj\u0105tkowo wysok\u0105 jako\u015bci\u0105 i osi\u0105ga a\u017c 40% zawarto\u015bci wapnia pierwiastkowego.<\/span><\/p>\n<h2><span style=\"color: #000000\">Dlaczego warto wybra\u0107 w\u0119glan wapnia?<\/span><\/h2>\n<p><span style=\"color: #000000\">Znamy kilka rodzaj\u00f3w czy form suplement\u00f3w diety zawieraj\u0105cych wap\u0144. Nazywamy je solami wapnia. Mog\u0105 to by\u0107 glukonian wapnia, w\u0119glan wapnia, cytrynian wapnia itp. Na przyk\u0142ad cytrynian wapnia jest doskona\u0142y dla os\u00f3b, kt\u00f3re maj\u0105 problemy z niewystarczaj\u0105c\u0105 ilo\u015bci\u0105 kwasu \u017co\u0142\u0105dkowego lub przyjmuj\u0105 inhibitory kwasu \u017co\u0142\u0105dkowego, poniewa\u017c nie wymaga kwasu do dobrego i prawid\u0142owego wch\u0142aniania. W\u0119glan wapnia jest najpowszechniejsz\u0105 form\u0105 wapnia w suplementach diety. Udowodniono, \u017ce jest on bezpieczny i zapewnia dobre wch\u0142anianie. W przypadku os\u00f3b starszych zalecamy przyjmowanie go bezpo\u015brednio po posi\u0142ku, a w przypadku m\u0142odszych godzin\u0119 przed lub dwie godziny po posi\u0142ku.<\/span><\/p>\n<h2><span style=\"color: #000000\">Jaki wp\u0142yw na nasz organizm ma spo\u017cycie wapnia?<\/span><\/h2>\n<p><span style=\"color: #000000\">Witamin\u0119 D odgrywa r\u00f3wnie\u017c wa\u017cn\u0105 rol\u0119 w prawid\u0142owym wch\u0142anianiu i prawid\u0142owym poziomie wapnia we krwi O zalecane dzienne warto\u015bci, szczeg\u00f3lnie w okresie letnim, mo\u017cemy zadba\u0107, eksponuj\u0105c nasz\u0105 sk\u00f3r\u0119 na promienie s\u0142oneczne. Wap\u0144 pomaga nast\u0119pnie:<\/span><\/p>\n<p><span style=\"color: #000000\">\ud83d\udc9a utrzymanie zdrowych z\u0119b\u00f3w i ko\u015bci,<\/span><br \/>\n<span style=\"color: #000000\">\ud83d\udc9a prawid\u0142owe krzepni\u0119cie krwi,<\/span><br \/>\n<span style=\"color: #000000\">\ud83d\udc9a uwalnianie energii podczas metabolizmu,<\/span><br \/>\n<span style=\"color: #000000\">\ud83d\udc9a na prawid\u0142owe przekazywanie impuls\u00f3w nerwowych oraz prac\u0119 mi\u0119\u015bni i enzym\u00f3w trawiennych,<\/span><br \/>\n<span style=\"color: #000000\">\ud83d\udc9a podzia\u0142 i specjalizacja kom\u00f3rek.<\/span><\/p>\n<h2><span style=\"color: #000000\">Jakie s\u0105 zalety naszego w\u0119glanu wapnia?<\/span><\/h2>\n<p><span style=\"color: #000000\">Nasza marka proszku w\u0119glanu wapnia jest naturalnie wydobywana. Zawiera bardzo czysty proszek i wysokie st\u0119\u017cenie pierwiastkowego wapnia. Jednocze\u015bnie nie zawiera \u017cadnych niepo\u017c\u0105danych dodatk\u00f3w typu cukier, gluten, soja itp.<\/span><\/p>\n<h2><span style=\"color: #000000\">Opakowanie<\/span><\/h2>\n<p><span style=\"color: #000000\">Szczelna torebka zapinana na zamek b\u0142yskawiczny, w kt\u00f3rej produkt zachowuje ca\u0142\u0105 swoj\u0105 \u015bwie\u017co\u015b\u0107 i aromat. Opakowanie chroni przed \u015bwiat\u0142em i powietrzem, gdy\u017c sk\u0142ada si\u0119 z kilku warstw ochronnych, kt\u00f3re zachowuj\u0105 w\u0142a\u015bciwo\u015bci zawarto\u015bci.<\/span><\/p>\n<p><span style=\"color: #000000\">Opakowanie jest bardzo praktyczne i pozwala na recykling.<\/span><\/p>\n<h2><span style=\"color: #000000\">Przechowywanie i ostrze\u017cenia<\/span><\/h2>\n<p><span style=\"color: #000000\">Przechowywa\u0107 w suchym i ch\u0142odnym miejscu w temperaturze do 25\u00b0C. Suplement diety powinien znajdowa\u0107 si\u0119 poza zasi\u0119giem dzieci!<\/span><\/p>\n<p><span style=\"color: #000000\">Je\u015bli jednocze\u015bnie przyjmujesz antybiotyki lub inne leki, skonsultuj si\u0119 z lekarzem.<\/span><\/p>\n<p><span style=\"color: #000000\">Nie zapominaj, jak wa\u017cna jest zr\u00f3\u017cnicowana dieta i zdrowy tryb \u017cycia, dlatego suplement diety nie zast\u0119puje zbilansowanej i zr\u00f3\u017cnicowanej diety. Nie nale\u017cy przekracza\u0107 zalecanej dziennej ilo\u015bci lub dawki. Matkom w ci\u0105\u017cy i karmi\u0105cym piersi\u0105 zawsze zaleca si\u0119 konsultacj\u0119 z lekarzem przed zastosowaniem. Nie nadaje si\u0119 dla dzieci.<\/span><\/p>\n","protected":false},"excerpt":{"rendered":"<p>Wap\u0144 jest jednym z najbogatszych minera\u0142\u00f3w w naszym organizmie. Cho\u0107 wap\u0144 kojarzy si\u0119 g\u0142\u00f3wnie z ko\u015bciami, pe\u0142ni w organizmie cz\u0142owieka wiele innych wa\u017cnych funkcji. Wap\u0144 jest sk\u0142adnikiem tkanki kostnej i w konsekwencji wp\u0142ywa na twardo\u015b\u0107 ko\u015bci. Wap\u0144 pomaga:<\/p>\n<p>\ud83d\udc9a utrzymanie zdrowych z\u0119b\u00f3w i ko\u015bci,<br \/>\n\ud83d\udc9a prawid\u0142owe krzepni\u0119cie krwi,<br \/>\n\ud83d\udc9a uwalnianie energii podczas metabolizmu,<br \/>\n\ud83d\udc9a na prawid\u0142owe przekazywanie impuls\u00f3w nerwowych oraz prac\u0119 mi\u0119\u015bni i enzym\u00f3w trawiennych,<br \/>\n\ud83d\udc9a podzia\u0142 i specjalizacja kom\u00f3rek.<\/p>\n","protected":false},"featured_media":6001,"comment_status":"open","ping_status":"closed","template":"","meta":{"_acf_changed":false},"product_brand":[],"product_cat":[15,232,224,225],"product_tag":[],"class_list":{"0":"post-6000","1":"product","2":"type-product","3":"status-publish","4":"has-post-thumbnail","6":"product_cat-uncategorized","7":"product_cat-mineraly-witaminy","8":"product_cat-oferta","9":"product_cat-wszystkie-produkty","11":"first","12":"instock","13":"sale","14":"taxable","15":"shipping-taxable","16":"purchasable","17":"product-type-simple"},"acf":[],"_links":{"self":[{"href":"https:\/\/fengchashop.com\/pl\/wp-json\/wp\/v2\/product\/6000","targetHints":{"allow":["GET"]}}],"collection":[{"href":"https:\/\/fengchashop.com\/pl\/wp-json\/wp\/v2\/product"}],"about":[{"href":"https:\/\/fengchashop.com\/pl\/wp-json\/wp\/v2\/types\/product"}],"replies":[{"embeddable":true,"href":"https:\/\/fengchashop.com\/pl\/wp-json\/wp\/v2\/comments?post=6000"}],"wp:featuredmedia":[{"embeddable":true,"href":"https:\/\/fengchashop.com\/pl\/wp-json\/wp\/v2\/media\/6001"}],"wp:attachment":[{"href":"https:\/\/fengchashop.com\/pl\/wp-json\/wp\/v2\/media?parent=6000"}],"wp:term":[{"taxonomy":"product_brand","embeddable":true,"href":"https:\/\/fengchashop.com\/pl\/wp-json\/wp\/v2\/product_brand?post=6000"},{"taxonomy":"product_cat","embeddable":true,"href":"https:\/\/fengchashop.com\/pl\/wp-json\/wp\/v2\/product_cat?post=6000"},{"taxonomy":"product_tag","embeddable":true,"href":"https:\/\/fengchashop.com\/pl\/wp-json\/wp\/v2\/product_tag?post=6000"}],"curies":[{"name":"wp","href":"https:\/\/api.w.org\/{rel}","templated":true}]}}