{"id":5994,"date":"2025-12-03T10:22:14","date_gmt":"2025-12-03T09:22:14","guid":{"rendered":"https:\/\/fengchashop.com\/pl\/product\/neem-miodla-indyjska-w-proszku-bio-500-g\/"},"modified":"2026-04-28T16:16:37","modified_gmt":"2026-04-28T14:16:37","slug":"neem-miodla-indyjska-w-proszku-bio","status":"publish","type":"product","link":"https:\/\/fengchashop.com\/pl\/product\/neem-miodla-indyjska-w-proszku-bio\/","title":{"rendered":"Neem (miod\u0142a indyjska) w proszku BIO 500 g"},"content":{"rendered":"<h2><span style=\"color: #000000\">Neem BIO w proszku<\/span><\/h2>\n<p><span style=\"color: #000000\">Proszek z neem, czyli ro\u015bliny o nazwie <strong>miodla indyjska<\/strong>, to wyj\u0105tkowe wiecznie zielone drzewo z Indii (Azadirachta Indica). Wszystkie cz\u0119\u015bci tego wiecznie zielonego drzewa s\u0105 u\u017cyteczne; od kory, korzeni, nasion, owoc\u00f3w po li\u015bcie i kwiaty. Jest najcz\u0119\u015bciej stosowanym zio\u0142em w ajurwedyjskiej medycynie ludowej i jest wykorzystywany do cel\u00f3w leczniczych od ponad 2000 lat.<\/span><\/p>\n<p><span style=\"color: #000000\"><strong>Uwa\u017ca si\u0119, \u017ce Neem ma korzystny wp\u0142yw na ponad 100 r\u00f3\u017cnych chor\u00f3b, poniewa\u017c:<\/strong><\/span><\/p>\n<p><span style=\"color: #000000\"> \ud83d\udc9a stymuluje odporno\u015b\u0107 fizyczn\u0105 i pozytywnie wp\u0142ywa na uk\u0142ad immunologiczny,<\/span><br \/>\n<span style=\"color: #000000\"> \ud83d\udc9a oczyszcza krew i odtruwa organizm,<\/span><br \/>\n<span style=\"color: #000000\"> \ud83d\udc9a ma korzystny wp\u0142yw na sk\u00f3r\u0119, w\u0142osy i paznokcie,<\/span><br \/>\n<span style=\"color: #000000\"> \ud83d\udc9a \u0142agodzi problemy sk\u00f3rne takie jak alergie, \u0142uszczyca, egzema, tr\u0105dzik, otwarte rany,<\/span><br \/>\n<span style=\"color: #000000\"> \ud83d\udc9a dzia\u0142a przeciwzapalnie, przeciwgrzybiczo i przeciwb\u00f3lowo,<\/span><br \/>\n<span style=\"color: #000000\"> \ud83d\udc9a \u0142agodzi i likwiduje problemy trawienne,<\/span><br \/>\n<span style=\"color: #000000\"> \ud83d\udc9a dzia\u0142a jako naturalny \u015brodek dezynfekuj\u0105cy.<\/span><\/p>\n<p><span style=\"color: #000000\">Neem sta\u0142 si\u0119 r\u00f3wnie\u017c ostatnio znany <strong>jako naturalny \u015brodek odstraszaj\u0105cy<\/strong> owady i inne szkodniki.<\/span><\/p>\n<p><span style=\"color: #000000\">Nasz proszek neem jest <strong>uprawiany organicznie<\/strong>, drobno mielony i wykonany tylko z najlepszych sk\u0142adnik\u00f3w.<\/span><\/p>\n<h2><span style=\"color: #000000\">Jak dzia\u0142a neem i na jakie problemy pomaga?<\/span><\/h2>\n<p><span style=\"color: #000000\">Ajurwedyjscy uzdrowiciele uznali, \u017ce neem jest skarbnic\u0105 skutecznych sk\u0142adnik\u00f3w na wiele problem\u00f3w zdrowotnych, nie powoduj\u0105c przy tym \u017cadnych skutk\u00f3w ubocznych. Dlatego jest <strong>jednym z najcz\u0119\u015bciej stosowanych indyjskich zi\u00f3\u0142 ajurwedyjskich i coraz cz\u0119\u015bciej<\/strong> przedmiotem bada\u0144 naukowych. Wykazano, \u017ce mo\u017ce mie\u0107 korzystny wp\u0142yw na wiele chor\u00f3b. W oleju neem odkryto specyficzne zwi\u0105zki, kt\u00f3re maj\u0105 korzystny wp\u0142yw na r\u00f3\u017cne objawy zdrowotne. Dzia\u0142a <strong>przeciwzapalnie<\/strong> na wszystkie rodzaje mikrob\u00f3w, dlatego <strong>wspomaga r\u00f3wnie\u017c uk\u0142ad odporno\u015bciowy w obronie przed infekcjami wirusowymi i bakteryjnymi<\/strong>. Poniewa\u017c skutecznie kontroluje stan zapalny, \u0142agodzi r\u00f3wnie\u017c b\u00f3l zwi\u0105zany ze stanem zapalnym (w tym w chorobach przewlek\u0142ych, takich jak reumatyzm czy zapalenie staw\u00f3w). Ma bardzo szerokie spektrum dzia\u0142ania <strong>przeciwgrzybicznego<\/strong>, a tak\u017ce pomaga w walce z <strong>candid\u0105<\/strong>.<\/span><\/p>\n<h2 align=\"JUSTIFY\"><span style=\"color: #000000\">Opakowanie<\/span><\/h2>\n<p align=\"JUSTIFY\"><span style=\"color: #000000\">Nieprzepuszczalna torba zamykana na zamek, w kt\u00f3rej produkt zachowuje swoj\u0105 \u015bwie\u017co\u015b\u0107 i aromat. Opakowanie chroni przed \u015bwiat\u0142em i powietrzem, poniewa\u017c sk\u0142ada si\u0119 z kilku warstw ochronnych, kt\u00f3re zachowuj\u0105 w\u0142a\u015bciwo\u015bci zawarto\u015bci.<\/span><\/p>\n<p align=\"JUSTIFY\"><span style=\"color: #000000\">Opakowanie jest bardzo praktyczne i nadaje si\u0119 do recyklingu.<\/span><\/p>\n<h2 align=\"JUSTIFY\"><span style=\"color: #000000\">Przechowywanie i ostrze\u017cenia<\/span><\/h2>\n<p align=\"JUSTIFY\"><span style=\"color: #000000\">Przechowywa\u0107 w ch\u0142odnym, suchym miejscu. Suplement diety nale\u017cy przechowywa\u0107 w miejscu niedost\u0119pnym dla dzieci!<\/span><\/p>\n<p><span style=\"color: #000000\">Pami\u0119taj, jak wa\u017cna jest zr\u00f3\u017cnicowana dieta i zdrowy tryb \u017cycia, suplement diety nie zast\u0105pi zbilansowanej i zr\u00f3\u017cnicowanej diety. Nie nale\u017cy przekracza\u0107 zalecanej dziennej ilo\u015bci lub dawki. Odradza si\u0119 stosowanie przez kobiety w ci\u0105\u017cy i karmi\u0105ce piersi\u0105 oraz m\u0119\u017cczyzn i kobiety planuj\u0105ce ci\u0105\u017c\u0119, gdy\u017c dzia\u0142a on jako \u015brodek antykoncepcyjny zar\u00f3wno u kobiet, jak i u m\u0119\u017cczyzn.<\/span><\/p>\n<h2><span style=\"color: #000000\">Przydatne informacje<\/span><\/h2>\n<p><span style=\"color: #000000\">Produkt nadaje si\u0119 r\u00f3wnie\u017c dla zwierz\u0105t. Przed u\u017cyciem nale\u017cy skonsultowa\u0107 si\u0119 z lekarzem weterynarii w celu ustalenia celowo\u015bci stosowania i zalecanej dziennej dawki.<\/span><\/p>\n<h2 align=\"JUSTIFY\"><span style=\"color: #000000\">Kraj pochodzenia<\/span><\/h2>\n<p><span style=\"color: #000000\">Indie<\/span><\/p>\n","protected":false},"excerpt":{"rendered":"<p align=\"JUSTIFY\">Proszek z neem, czyli ro\u015bliny o nazwie miodla indyjska, to wyj\u0105tkowe wiecznie zielone drzewo z Indii (Azadirachta Indica). Wszystkie cz\u0119\u015bci tego wiecznie zielonego drzewa s\u0105 u\u017cyteczne; od kory, korzeni, nasion, owoc\u00f3w po li\u015bcie i kwiaty. Jest najcz\u0119\u015bciej stosowanym zio\u0142em w ajurwedyjskiej medycynie ludowej i jest wykorzystywany do cel\u00f3w leczniczych od ponad 2000 lat.<\/p>\n<p align=\"JUSTIFY\">\ud83d\udc9a Wspiera odporno\u015b\u0107 fizyczn\u0105 i pozytywnie wp\u0142ywa na uk\u0142ad immunologiczny.<br \/>\n\ud83d\udc9a Oczyszcza krew i odtruwa organizm.<br \/>\n\ud83d\udc9a Korzystny dla sk\u00f3ry, w\u0142os\u00f3w i paznokci.<br \/>\n\ud83d\udc9a Ma dzia\u0142anie przeciwzapalne, przeciwgrzybiczne i przeciwb\u00f3lowe.<br \/>\n\ud83d\udc9a \u0141agodzi i likwiduje problemy trawienn<\/p>\n","protected":false},"featured_media":5995,"comment_status":"open","ping_status":"closed","template":"","meta":{"_acf_changed":false},"product_brand":[],"product_cat":[15,230,205,226,224,228,225],"product_tag":[],"class_list":{"0":"post-5994","1":"product","2":"type-product","3":"status-publish","4":"has-post-thumbnail","6":"product_cat-uncategorized","7":"product_cat-ajurweda","8":"product_cat-herbata-jedzenie-i-przyprawy","9":"product_cat-najlepiej-sprzedajacy-sie","10":"product_cat-oferta","11":"product_cat-superzywnosc","12":"product_cat-wszystkie-produkty","14":"first","15":"instock","16":"sale","17":"taxable","18":"shipping-taxable","19":"purchasable","20":"product-type-simple"},"acf":[],"_links":{"self":[{"href":"https:\/\/fengchashop.com\/pl\/wp-json\/wp\/v2\/product\/5994","targetHints":{"allow":["GET"]}}],"collection":[{"href":"https:\/\/fengchashop.com\/pl\/wp-json\/wp\/v2\/product"}],"about":[{"href":"https:\/\/fengchashop.com\/pl\/wp-json\/wp\/v2\/types\/product"}],"replies":[{"embeddable":true,"href":"https:\/\/fengchashop.com\/pl\/wp-json\/wp\/v2\/comments?post=5994"}],"wp:featuredmedia":[{"embeddable":true,"href":"https:\/\/fengchashop.com\/pl\/wp-json\/wp\/v2\/media\/5995"}],"wp:attachment":[{"href":"https:\/\/fengchashop.com\/pl\/wp-json\/wp\/v2\/media?parent=5994"}],"wp:term":[{"taxonomy":"product_brand","embeddable":true,"href":"https:\/\/fengchashop.com\/pl\/wp-json\/wp\/v2\/product_brand?post=5994"},{"taxonomy":"product_cat","embeddable":true,"href":"https:\/\/fengchashop.com\/pl\/wp-json\/wp\/v2\/product_cat?post=5994"},{"taxonomy":"product_tag","embeddable":true,"href":"https:\/\/fengchashop.com\/pl\/wp-json\/wp\/v2\/product_tag?post=5994"}],"curies":[{"name":"wp","href":"https:\/\/api.w.org\/{rel}","templated":true}]}}