{"id":5991,"date":"2022-03-03T21:15:00","date_gmt":"2022-03-03T20:15:00","guid":{"rendered":"https:\/\/fengchashop.com\/pl\/product\/kelp-w-proszku-bio-250-g\/"},"modified":"2025-11-15T14:25:34","modified_gmt":"2025-11-15T13:25:34","slug":"kelp-w-proszku-bio","status":"publish","type":"product","link":"https:\/\/fengchashop.com\/pl\/product\/kelp-w-proszku-bio\/","title":{"rendered":"Kelp w proszku BIO 250 g"},"content":{"rendered":"<h2><span style=\"color: #000000;\">Kelp w proszku BIO<\/span><\/h2>\n<p><span style=\"color: #000000;\"><strong>Br\u0105zowa alga<\/strong> zwana kelpem rozwija si\u0119 w zimniejszych morzach \u015bwiata. Jest szczeg\u00f3lnie bogaty w minera\u0142y, kt\u00f3re wch\u0142ania z czystej wody morskiej najzimniejszego morza Norweskiego. Te minera\u0142y s\u0105 niezwykle wa\u017cne dla naszego organizmu i wielokrotnie udowodniono, \u017ce bez odpowiedniej ich ilo\u015bci nasze cia\u0142o nie funkcjonuje tak jak powinno, a co za tym idzie wychodz\u0105 na jaw r\u00f3\u017cne choroby, zar\u00f3wno fizyczne jak i psychiczne.<\/span><\/p>\n<p><span style=\"color: #000000;\">Kelp to skarbnica minera\u0142\u00f3w, sk\u0142adnik\u00f3w od\u017cywczych i aktywnych sk\u0142adnik\u00f3w, kt\u00f3re maj\u0105 pozytywny wp\u0142yw na nasz organizm, bo:<\/span><\/p>\n<p><span style=\"color: #000000;\"> \ud83d\udc9a usuwa z organizmu <strong>pierwiastki radioaktywne i szkodliwe metale<\/strong> za pomoc\u0105 fitochemikali\u00f3w, kt\u00f3re stanowi\u0105 coraz wi\u0119kszy problem w zanieczyszczonym \u015brodowisku, w kt\u00f3rym \u017cyjemy;<\/span><br \/>\n<span style=\"color: #000000;\"> \ud83d\udc9a jest jednym z <strong>najbogatszych \u017ar\u00f3de\u0142 jodu, kt\u00f3ry reguluje prac\u0119 tarczycy<\/strong>, poprawia metabolizm i pomaga w walce z nadwag\u0105;<\/span><br \/>\n<span style=\"color: #000000;\"> \ud83d\udc9a minera\u0142y <strong>poprawiaj\u0105 funkcjonowanie organ\u00f3w<\/strong>, a korzystna mieszanka minera\u0142\u00f3w w kelpie jest szczeg\u00f3lnie dobra dla serca i naczy\u0144 krwiono\u015bnych;<\/span><br \/>\n<span style=\"color: #000000;\"> \ud83d\udc9a to doskona\u0142y <strong>prebiotyk<\/strong>, pokarm dla naszych korzystnych bakterii jelitowych;<\/span><br \/>\n<span style=\"color: #000000;\"> \ud83d\udc9a jego polisacharyd ksyloza <strong>neutralizuje bakterie i grzyby<\/strong>;<\/span><br \/>\n<span style=\"color: #000000;\"> \ud83d\udc9a jej zasadowo\u015b\u0107 sprawia, \u017ce jest bardzo pomocna przy powszechnym problemie <strong>zakwaszenia organizmu<\/strong>, kt\u00f3ry prowadzi do og\u00f3lnego z\u0142ego samopoczucia;<\/span><br \/>\n<span style=\"color: #000000;\"> \ud83d\udc9a jest <strong>silnym przeciwutleniaczem<\/strong>;<\/span><br \/>\n<span style=\"color: #000000;\"> \ud83d\udc9a galaktoza <strong>wspomaga pami\u0119\u0107 i gojenie si\u0119 ran<\/strong>, a wch\u0142anianie wapnia poprawia zdrowie ko\u015bci.<\/span><\/p>\n<h2><span style=\"color: #000000;\">Co w\u0142a\u015bciwie zawiera kelp, \u017ce ma tak pozytywny wp\u0142yw na kilka uk\u0142ad\u00f3w naszego organizmu?<\/span><\/h2>\n<p><span style=\"color: #000000;\">Kelp to br\u0105zowa alga tradycyjnie wykorzystywana w niekt\u00f3rych miejscach do cel\u00f3w \u017cywieniowych, ale znalaz\u0142a r\u00f3wnie\u017c swoje miejsce w wielu poradnikach zdrowotnych ze wzgl\u0119du na to, \u017ce jest bardzo <strong>bogata w minera\u0142y, aminokwasy, sk\u0142adniki od\u017cywcze i substancje aktywne<\/strong>. W\u015br\u00f3d minera\u0142\u00f3w wyr\u00f3\u017cnia si\u0119 z pewno\u015bci\u0105 wap\u0144 i magnez, ale kelp zawiera r\u00f3wnie\u017c potas, <strong>jod<\/strong>, \u017celazo, ryboflawin\u0119, witamin\u0119 B6 i du\u017co b\u0142onnika, w sumie 46 r\u00f3\u017cnych minera\u0142\u00f3w, 16 aminokwas\u00f3w i 11 witamin. Nic wi\u0119c dziwnego, \u017ce algi, w tym kelp, by\u0142y przedmiotem wielu bada\u0144 naukowych w ci\u0105gu ostatnich kilkudziesi\u0119ciu lat. Kelp zawiera r\u00f3wnie\u017c <strong>kwas glutaminowy<\/strong>, kt\u00f3ry zmi\u0119kcza pokarmy wysokob\u0142onnikowe i poprawia smak spo\u017cywanych przez nas potraw. <strong>Fitochemikalia<\/strong> pomagaj\u0105 w eliminacji substancji radioaktywnych i metali ci\u0119\u017ckich, dlatego spo\u017cywanie kelpu jest zalecane po radioterapii i chemioterapii. Fitochemikalia nie s\u0105 w rzeczywisto\u015bci minera\u0142ami lub aminokwasami, ale s\u0105 substancjami czynnymi, kt\u00f3re zapobiegaj\u0105 stanom chorobowym. Znanym przyk\u0142adem takiej substancji czynnej jest allicyna w czosnku, kt\u00f3ra, jak wszyscy wiemy, jest uwa\u017cana za naturalny antybiotyk. Br\u0105zowe wodorosty zawieraj\u0105 r\u00f3wnie\u017c dwie wa\u017cne substancje &#8211; <strong>fukoidan<\/strong> i <strong>fuksantyn\u0119<\/strong>. Pierwszy z nich uwa\u017cany jest za dobry \u015brodek profilaktyczny w walce z rakiem, drugi w walce z nadwag\u0105 oraz dla lepszego metabolizmu i spalania t\u0142uszczu.<\/span><\/p>\n<p><span style=\"color: #000000;\"><strong>Minera\u0142em najobficiej wyst\u0119puj\u0105cym w kelpie jest jod<\/strong> &#8211; minera\u0142, na kt\u00f3rego niedob\u00f3r cierpi wiele (zw\u0142aszcza) kobiet. Jod reguluje przemian\u0119 materii i prac\u0119 tarczycy, wi\u0119c pomo\u017ce poprawi\u0107 metabolizm i pomo\u017ce kontrolowa\u0107 wag\u0119, zw\u0142aszcza spowodowan\u0105 problemami z tarczyc\u0105. Nie zapominajmy, \u017ce tarczyca wydziela hormony, kt\u00f3re kontroluj\u0105 tempo proces\u00f3w metabolicznych, a po\u015brednio wp\u0142ywa na niemal wszystkie funkcje organizmu. W zwi\u0105zku z tym jest to jeden z najwa\u017cniejszych organ\u00f3w w naszym ciele, dlatego tak istotne jest, aby\u015bmy dbali o jego normalne i prawid\u0142owe funkcjonowanie. Czasami wystarczy odpowiednie spo\u017cycie jodu, co mo\u017cna osi\u0105gn\u0105\u0107 poprzez regularne przyjmowanie naturalnego suplementu diety &#8211; kelpu. Je\u015bli masz problemy z tarczyc\u0105, skonsultuj si\u0119 z lekarzem przed przyj\u0119ciem kelpu. Bogaty w minera\u0142y kelp wp\u0142ywa r\u00f3wnie\u017c na funkcjonowanie innych narz\u0105d\u00f3w wewn\u0119trznych, kt\u00f3re s\u0105 kluczowe dla skutecznej walki z toksynami i wolnymi rodnikami, przez co dzia\u0142a r\u00f3wnie\u017c odm\u0142adzaj\u0105co.<\/span><\/p>\n<h2 align=\"JUSTIFY\"><span style=\"color: #000000;\">Przechowywanie i ostrze\u017cenia<\/span><\/h2>\n<p align=\"JUSTIFY\"><span style=\"color: #000000;\">Przechowywa\u0107 w ch\u0142odnym, suchym miejscu. Suplement diety nale\u017cy przechowywa\u0107 w miejscu niedost\u0119pnym dla dzieci!<\/span><\/p>\n<p align=\"JUSTIFY\"><span style=\"color: #000000;\">Pami\u0119taj o zr\u00f3\u017cnicowanej diecie i zdrowym trybie \u017cycia &#8211; suplement diety nie mo\u017ce zast\u0105pi\u0107 zr\u00f3wnowa\u017conej i zr\u00f3\u017cnicowanej diety. Nie nale\u017cy przekracza\u0107 zalecanej dawki dziennej. Kobietom w ci\u0105\u017cy i karmi\u0105cym piersi\u0105 zaleca si\u0119 zawsze skonsultowanie si\u0119 z lekarzem przed zastosowaniem preparatu.<\/span><\/p>\n<h2 align=\"JUSTIFY\"><span style=\"color: #000000;\">Opakowanie<\/span><\/h2>\n<p align=\"JUSTIFY\"><span style=\"color: #000000;\">Nieprzepuszczalna torba zamykana na zamek, w kt\u00f3rej produkt zachowuje swoj\u0105 \u015bwie\u017co\u015b\u0107 i aromat. Opakowanie chroni przed \u015bwiat\u0142em i powietrzem, poniewa\u017c sk\u0142ada si\u0119 z kilku warstw ochronnych, kt\u00f3re zachowuj\u0105 w\u0142a\u015bciwo\u015bci zawarto\u015bci.<\/span><\/p>\n<p align=\"JUSTIFY\"><span style=\"color: #000000;\">Opakowanie jest bardzo praktyczne i nadaje si\u0119 do recyklingu.<\/span><\/p>\n<h2 align=\"JUSTIFY\"><span style=\"color: #000000;\">Kraj pochodzenia<\/span><\/h2>\n<p><span style=\"color: #000000;\">Norwegia lub Kanada<\/span><\/p>\n","protected":false},"excerpt":{"rendered":"<p align=\"JUSTIFY\"><strong>Br\u0105zowa alga<\/strong> zwana <strong>kelp<\/strong> rozwija si\u0119 w zimniejszych morzach \u015bwiata. Jest szczeg\u00f3lnie bogaty w minera\u0142y, kt\u00f3re wch\u0142ania z czystej wody morskiej najzimniejszego morza Norweskiego. Te minera\u0142y s\u0105 niezwykle wa\u017cne dla naszego organizmu i wielokrotnie udowodniono, \u017ce bez odpowiedniej ich ilo\u015bci nasze cia\u0142o nie funkcjonuje tak jak powinno, a co za tym idzie wychodz\u0105 na jaw r\u00f3\u017cne choroby, zar\u00f3wno fizyczne jak i psychiczne.<\/p>\n<p align=\"JUSTIFY\"><span style=\"color: #000000;\"> \ud83d\udc9a Wykorzystuje fitochemikalia do usuwania z organizmu <strong>pierwiastk\u00f3w radioaktywnych i szkodliwych metali<\/strong>.<\/span><br \/>\n<span style=\"color: #000000;\"> \ud83d\udc9a Jest jednym z <strong>najbogatszych \u017ar\u00f3de\u0142 jodu<\/strong>, kt\u00f3ry reguluje prac\u0119 tarczycy.<\/span><br \/>\n<span style=\"color: #000000;\"> \ud83d\udc9a Jest doskona\u0142ym <strong>prebiotykiem<\/strong>, pokarmem dla naszych korzystnych bakterii jelitowych.<\/span><br \/>\n<span style=\"color: #000000;\"> \ud83d\udc9a Jest bogatym \u017ar\u00f3d\u0142em bia\u0142ka ro\u015blinnego.<\/span><\/p>\n<p align=\"JUSTIFY\">\n","protected":false},"featured_media":5992,"comment_status":"open","ping_status":"closed","template":"","meta":{"_acf_changed":false},"product_brand":[],"product_cat":[15,222,224,228,225],"product_tag":[],"class_list":{"0":"post-5991","1":"product","2":"type-product","3":"status-publish","4":"has-post-thumbnail","6":"product_cat-uncategorized","7":"product_cat-algi-i-trawy","8":"product_cat-oferta","9":"product_cat-superzywnosc","10":"product_cat-wszystkie-produkty","12":"first","13":"instock","14":"taxable","15":"shipping-taxable","16":"purchasable","17":"product-type-simple"},"acf":[],"_links":{"self":[{"href":"https:\/\/fengchashop.com\/pl\/wp-json\/wp\/v2\/product\/5991","targetHints":{"allow":["GET"]}}],"collection":[{"href":"https:\/\/fengchashop.com\/pl\/wp-json\/wp\/v2\/product"}],"about":[{"href":"https:\/\/fengchashop.com\/pl\/wp-json\/wp\/v2\/types\/product"}],"replies":[{"embeddable":true,"href":"https:\/\/fengchashop.com\/pl\/wp-json\/wp\/v2\/comments?post=5991"}],"wp:featuredmedia":[{"embeddable":true,"href":"https:\/\/fengchashop.com\/pl\/wp-json\/wp\/v2\/media\/5992"}],"wp:attachment":[{"href":"https:\/\/fengchashop.com\/pl\/wp-json\/wp\/v2\/media?parent=5991"}],"wp:term":[{"taxonomy":"product_brand","embeddable":true,"href":"https:\/\/fengchashop.com\/pl\/wp-json\/wp\/v2\/product_brand?post=5991"},{"taxonomy":"product_cat","embeddable":true,"href":"https:\/\/fengchashop.com\/pl\/wp-json\/wp\/v2\/product_cat?post=5991"},{"taxonomy":"product_tag","embeddable":true,"href":"https:\/\/fengchashop.com\/pl\/wp-json\/wp\/v2\/product_tag?post=5991"}],"curies":[{"name":"wp","href":"https:\/\/api.w.org\/{rel}","templated":true}]}}