{"id":5989,"date":"2025-07-24T17:50:16","date_gmt":"2025-07-24T15:50:16","guid":{"rendered":"https:\/\/fengchashop.com\/pl\/product\/maca-czerwona-w-proszku-bio-bio-250-g\/"},"modified":"2026-04-29T16:04:07","modified_gmt":"2026-04-29T14:04:07","slug":"mac-czerwona-w-proszku-bio","status":"publish","type":"product","link":"https:\/\/fengchashop.com\/pl\/product\/mac-czerwona-w-proszku-bio\/","title":{"rendered":"Maca czerwona w proszku BIO 250 g"},"content":{"rendered":"<h2><span style=\"color: #000000;\">Czerwona maca w proszku BIO<\/span><\/h2>\n<p><span style=\"color: #000000;\">Maca to ro\u015blina korzeniowa, kt\u00f3ra rozwija si\u0119 na peruwia\u0144skiej i andyjskiej wy\u017cynie, nara\u017cona na ekstremalne warunki pogodowe i du\u017ce r\u00f3\u017cnice temperatur mi\u0119dzy dniem a noc\u0105. Nazywany jest r\u00f3wnie\u017c <strong>peruwia\u0144skim \u017ce\u0144-szeniem<\/strong>. Poniewa\u017c jest praktycznie niepokonany pod wzgl\u0119dem prze\u017cywalno\u015bci, staro\u017cytni Inkowie wykorzystali jego aktywne w\u0142a\u015bciwo\u015bci, kt\u00f3re s\u0105 szczeg\u00f3lnie <strong>dobre dla m\u0119skiej potencji seksualnej<\/strong> i maj\u0105 korzystny wp\u0142yw na og\u00f3lny stan zdrowia. To w\u0142a\u015bnie z tego ostatniego powodu uznawany jest za niezwykle cenny superfood.<\/span><\/p>\n<p><span style=\"color: #000000;\">Lecznicz\u0105 cz\u0119\u015bci\u0105 buzdyganka jest bulwa, kt\u00f3ra jest bogata w <strong>witaminy, minera\u0142y i aminokwasy<\/strong>. Dzi\u0119ki substancjom dzia\u0142aj\u0105cym podobnie do hormon\u00f3w reguluje poziom estrogen\u00f3w i progesteronu, czy testosteronu, kt\u00f3re korzystnie wp\u0142ywaj\u0105 na nasze samopoczucie, dodaj\u0105 nam si\u0142y i wytrzyma\u0142o\u015bci. Zawarto\u015b\u0107 wa\u017cnych witamin, takich jak witamina B1, B12, C i E, a tak\u017ce kwas\u00f3w t\u0142uszczowych, minera\u0142\u00f3w i aminokwas\u00f3w (w tym 7 niezb\u0119dnych &#8211; takich, kt\u00f3rych potrzebuje nasz organizm), sprawia, \u017ce maca jest jednym z najbardziej skutecznych, po\u017c\u0105danych i polecanych naturalnych superfoods o tradycji si\u0119gaj\u0105cej tysi\u0119cy lat.<\/span><\/p>\n<p><span style=\"color: #000000;\">Jest to <strong>zio\u0142o adaptogenne, kt\u00f3re zwi\u0119ksza energi\u0119, wytrzyma\u0142o\u015b\u0107, witalno\u015b\u0107 i si\u0142\u0119 fizyczn\u0105<\/strong>. Najobficiej wyst\u0119puje w Andach \u015brodkowego Peru, w trudnych warunkach i na bardzo du\u017cych wysoko\u015bciach &#8211; powy\u017cej 4000 metr\u00f3w. Jest to warzywo krzy\u017cowe, podobnie jak broku\u0142y, kalafior, rzepa, kapusta, jarmu\u017c i rzodkiewka. Najbardziej jadaln\u0105 cz\u0119\u015bci\u0105 ro\u015bliny jest korze\u0144 lub bulwa. Wyst\u0119puje w kilku kolorach, od bia\u0142ego po czarny. Najpopularniejsze s\u0105 <strong>\u017c\u00f3\u0142te, czerwone i czarne<\/strong>. Zwyk\u0142a \u017c\u00f3\u0142ta maca jest stosowana do codziennego i d\u0142ugotrwa\u0142ego spo\u017cycia. Czerwona i czarna maca s\u0105 uwa\u017cane za \u015bwi\u0119te odmiany i s\u0105 stosowane przy chronicznych problemach terapeutycznych. \u017b\u00f3\u0142ta maca jest neutralna. <strong>Czerwony<\/strong> jest uwa\u017cany za przeznaczony dla <strong>wewn\u0119trznej kobiecej energii<\/strong>. Czer\u0144 jest uwa\u017cana za zewn\u0119trzn\u0105 m\u0119sk\u0105 energi\u0119. Lokalni szamani s\u0105 szczeg\u00f3lni co do rodzaju lub proporcji maca, kt\u00f3re osoba z problemami powinna spo\u017cywa\u0107.<\/span><\/p>\n<p><span style=\"color: #000000;\">Ma bardzo s\u0142odki smak i szeroki zakres zastosowa\u0144.<\/span><\/p>\n<p><span style=\"color: #000000;\">Czerwona maca <strong>jest w 100% organiczna<\/strong>. <strong>Pochodzi z wysokog\u00f3rskich farm ekologicznych w Peru<\/strong>, ka\u017cda partia jest analizowana i certyfikowana.<\/span><\/p>\n<h2><span style=\"color: #000000;\">Dlaczego warto wybra\u0107 czerwon\u0105 mac\u0119?<\/span><\/h2>\n<p><span style=\"color: #000000;\">M\u00f3wi si\u0119, \u017ce czerwona maca ma najwi\u0119ksz\u0105 moc <strong>antyoksydacyjn\u0105<\/strong>. Badania potwierdzi\u0142y, \u017ce czerwona maca mo\u017ce pom\u00f3c w raku prostaty oraz w zapobieganiu utracie ko\u015bci. Ponadto czerwona maca korzystnie wp\u0142ywa na <strong>regulacj\u0119 hormon\u00f3w, zwi\u0119ksza si\u0142\u0119 i wytrzyma\u0142o\u015b\u0107<\/strong>. Pomaga r\u00f3wnie\u017c w <strong>depresji i radzeniu sobie ze stresem<\/strong>. Wykazano r\u00f3wnie\u017c, \u017ce dzia\u0142a na <strong>PMS<\/strong> i <strong>objawy menopauzalne, na kobiece libido oraz zapobiega og\u00f3lnemu zm\u0119czeniu<\/strong>.<\/span><\/p>\n<h2><span style=\"color: #000000;\">Dlaczego warto zam\u00f3wi\u0107 nasz\u0105 mac\u0119?<\/span><\/h2>\n<p><span style=\"color: #000000;\">Nasza maca w proszku pochodzi z <strong>kontrolowanej produkcji ekologicznej<\/strong>, starannie wysuszona i zmielona na proszek przypominaj\u0105cy m\u0105k\u0119. Dodatkowo regularnie dbamy o to, aby nasze dostawy maca by\u0142y <strong>zawsze \u015bwie\u017ce<\/strong>! R\u00f3wnie\u017c dlatego starannie przygotowujemy mieszank\u0119 sami, poniewa\u017c tylko w ten spos\u00f3b mo\u017cemy zapewni\u0107 jej integralno\u015b\u0107 dzi\u0119ki \u015bwie\u017cym sk\u0142adnikom w odpowiednich proporcjach.<\/span><\/p>\n<p><span style=\"color: #000000;\">Maca pochodzi z ekologicznych farm w wysokich g\u00f3rach Peru. Ka\u017cda partia jest analizowana i certyfikowana.<\/span><\/p>\n<h2><span style=\"color: #000000;\">Przechowywanie i ostrze\u017cenia<\/span><\/h2>\n<p><span style=\"color: #000000;\">Przechowywa\u0107 w ch\u0142odnym i suchym miejscu w temperaturze do 25 \u00b0C. Suplement diety przechowywa\u0107 w miejscu niedost\u0119pnym dla dzieci!<\/span><\/p>\n<p><span style=\"color: #000000;\">Pami\u0119taj, jak wa\u017cna jest zr\u00f3\u017cnicowana dieta i zdrowy tryb \u017cycia, suplement diety nie zast\u0105pi zbilansowanej i zr\u00f3\u017cnicowanej diety. Nie nale\u017cy przekracza\u0107 zalecanej dziennej ilo\u015bci lub dawki. Kobietom w ci\u0105\u017cy i karmi\u0105cym piersi\u0105 przed u\u017cyciem zawsze zaleca si\u0119 konsultacj\u0119 z lekarzem.<\/span><\/p>\n<h2 align=\"JUSTIFY\"><span style=\"color: #000000;\">Opakowanie<\/span><\/h2>\n<p align=\"JUSTIFY\"><span style=\"color: #000000;\">Nieprzepuszczalna torba zamykana na zamek, w kt\u00f3rej produkt zachowuje swoj\u0105 \u015bwie\u017co\u015b\u0107 i aromat. Opakowanie chroni przed \u015bwiat\u0142em i powietrzem, poniewa\u017c sk\u0142ada si\u0119 z kilku warstw ochronnych, kt\u00f3re zachowuj\u0105 w\u0142a\u015bciwo\u015bci zawarto\u015bci.<\/span><\/p>\n<p align=\"JUSTIFY\"><span style=\"color: #000000;\">Opakowanie jest bardzo praktyczne i nadaje si\u0119 do recyklingu.<\/span><\/p>\n<h2 align=\"JUSTIFY\"><span style=\"color: #000000;\">Kraj pochodzenia<\/span><\/h2>\n<p><span style=\"color: #000000;\">Peru<\/span><\/p>\n","protected":false},"excerpt":{"rendered":"<p align=\"JUSTIFY\">Maca jest ro\u015blin\u0105 korzeniow\u0105, kt\u00f3ra rozwija si\u0119 na peruwia\u0144skiej wy\u017cynie andyjskiej, nara\u017conej na <strong>ekstremalne warunki pogodowe<\/strong> i du\u017ce r\u00f3\u017cnice temperatur mi\u0119dzy dniem a noc\u0105. Lecznicz\u0105 cz\u0119\u015bci\u0105 maca jest bulwa, kt\u00f3ra zawiera wiele <strong>witamin, minera\u0142\u00f3w i aminokwas\u00f3w<\/strong>. Zawieraj\u0105c wa\u017cne witaminy, takie jak witamina B1, B12, C i E, a tak\u017ce kwasy t\u0142uszczowe, minera\u0142y i aminokwasy, maca jest jednym z najbardziej skutecznych, po\u017c\u0105danych i polecanych naturalnych superfoods o tradycji si\u0119gaj\u0105cej tysi\u0119cy lat.<\/p>\n<p align=\"JUSTIFY\">\ud83d\udc9a Dla wewn\u0119trznej energii kobiecej.<br \/>\n\ud83d\udc9a Pomaga w depresji, zm\u0119czeniu i radzeniu sobie ze stresem.<br \/>\n\ud83d\udc9a Zwi\u0119ksza kobiece libido.<br \/>\n\ud83d\udc9a Reguluje hormony i zmniejsza objawy PMS i menopauzy.<\/p>\n","protected":false},"featured_media":5990,"comment_status":"open","ping_status":"closed","template":"","meta":{"_acf_changed":false},"product_brand":[],"product_cat":[15,224,228,225],"product_tag":[],"class_list":{"0":"post-5989","1":"product","2":"type-product","3":"status-publish","4":"has-post-thumbnail","6":"product_cat-uncategorized","7":"product_cat-oferta","8":"product_cat-superzywnosc","9":"product_cat-wszystkie-produkty","11":"first","12":"instock","13":"sale","14":"taxable","15":"shipping-taxable","16":"purchasable","17":"product-type-simple"},"acf":[],"_links":{"self":[{"href":"https:\/\/fengchashop.com\/pl\/wp-json\/wp\/v2\/product\/5989","targetHints":{"allow":["GET"]}}],"collection":[{"href":"https:\/\/fengchashop.com\/pl\/wp-json\/wp\/v2\/product"}],"about":[{"href":"https:\/\/fengchashop.com\/pl\/wp-json\/wp\/v2\/types\/product"}],"replies":[{"embeddable":true,"href":"https:\/\/fengchashop.com\/pl\/wp-json\/wp\/v2\/comments?post=5989"}],"wp:featuredmedia":[{"embeddable":true,"href":"https:\/\/fengchashop.com\/pl\/wp-json\/wp\/v2\/media\/5990"}],"wp:attachment":[{"href":"https:\/\/fengchashop.com\/pl\/wp-json\/wp\/v2\/media?parent=5989"}],"wp:term":[{"taxonomy":"product_brand","embeddable":true,"href":"https:\/\/fengchashop.com\/pl\/wp-json\/wp\/v2\/product_brand?post=5989"},{"taxonomy":"product_cat","embeddable":true,"href":"https:\/\/fengchashop.com\/pl\/wp-json\/wp\/v2\/product_cat?post=5989"},{"taxonomy":"product_tag","embeddable":true,"href":"https:\/\/fengchashop.com\/pl\/wp-json\/wp\/v2\/product_tag?post=5989"}],"curies":[{"name":"wp","href":"https:\/\/api.w.org\/{rel}","templated":true}]}}