{"id":5987,"date":"2022-02-22T09:44:00","date_gmt":"2022-02-22T08:44:00","guid":{"rendered":"https:\/\/fengchashop.com\/pl\/product\/onca-mix-bio-125-g\/"},"modified":"2026-04-30T14:28:32","modified_gmt":"2026-04-30T12:28:32","slug":"onca-mix-bio","status":"publish","type":"product","link":"https:\/\/fengchashop.com\/pl\/product\/onca-mix-bio\/","title":{"rendered":"Onca mix BIO 125 g"},"content":{"rendered":"<h2><span style=\"color: #000000\">Onca mix BIO mieszanka grzyb\u00f3w leczniczych w proszku<\/span><\/h2>\n<p><span style=\"color: #000000\">Mieszanka grzyb\u00f3w leczniczych Onca mix ma <strong>za zadanie wspiera\u0107 agresywne konwencjonalne leczenie i zabiegi oraz pomaga\u0107 w powa\u017cniejszych stanach przewlek\u0142ych<\/strong>. Onca mix oferuje najszersze spektrum zr\u00f3wnowa\u017conego dzia\u0142ania dzi\u0119ki setkom r\u00f3\u017cnych sk\u0142adnik\u00f3w aktywnych, kt\u00f3re zawiera. Onca mix sk\u0142ada si\u0119 z czterech gatunk\u00f3w grzyb\u00f3w, Ganoderma lucidum (Reishi), Lentinula edodes (Shiitake), Coriolus i Agaricus blazei.<\/span><\/p>\n<p><span style=\"color: #000000\">To szerokie spektrum gatunk\u00f3w grzyb\u00f3w powoduje, \u017ce ma on szerokie spektrum dzia\u0142ania i przyspieszone dzia\u0142anie profilaktyczne wobec og\u00f3lnego os\u0142abienia organizmu.<\/span><\/p>\n<p><span style=\"color: #000000\">U\u017cywanie produktu jest ca\u0142kowicie proste i nie wymaga \u017cadnego przygotowania ani umiej\u0119tno\u015bci. Grzyby s\u0105 mielone na drobny proszek, kt\u00f3ry nie zawiera \u017cadnych cz\u0105stek. Produkt jest wi\u0119c gotowy do u\u017cycia. Wystarczy dozowa\u0107 bezpo\u015brednio z opakowania do ulubionego napoju, wymiesza\u0107 i spo\u017cywa\u0107.<\/span><\/p>\n<h2><span style=\"color: #000000\">Dlaczego warto skorzysta\u0107 z naszej mieszanki Onca mix?<\/span><\/h2>\n<p><span style=\"color: #000000\">Mieszanka oparta jest na starannie przygotowanej recepturze opartej na obserwacjach i wnioskach u\u017cytkownik\u00f3w mieszanki i grzyb\u00f3w leczniczych w og\u00f3le. I cho\u0107 grzyby lecznicze maj\u0105 bardzo z\u0142o\u017cone mechanizmy dzia\u0142ania, kt\u00f3rych nauka nie jest jeszcze w stanie wyja\u015bni\u0107, to wiemy, <strong>\u017ce maj\u0105 one korzystny wp\u0142yw na nasz uk\u0142ad odporno\u015bciowy, na nasze samopoczucie i na naturalne procesy, kt\u00f3re zachodz\u0105 w naszym organizmie ka\u017cdego dnia<\/strong>. Uk\u0142ad odporno\u015bciowy jest odpowiedzialny za zwalczanie obcych cia\u0142 w naszym organizmie. Czy jest to zwyk\u0142y wirus, kt\u00f3ry powoduje przezi\u0119bienie, czy zbi\u00f3r kom\u00f3rek, kt\u00f3re stanowi\u0105 nowotw\u00f3r. Dlatego tak wa\u017cny jest zdrowy i silny uk\u0142ad odporno\u015bciowy. R\u00f3wnie wa\u017cne s\u0105 antyoksydanty, kt\u00f3re chroni\u0105 nas przed stresem oksydacyjnym, b\u0119d\u0105cym przyczyn\u0105 wielu chor\u00f3b i przedwczesnego starzenia si\u0119.<\/span><\/p>\n<p><span style=\"color: #000000\">Produkcja naszych grzyb\u00f3w leczniczych jest \u015bci\u015ble kontrolowana, bez u\u017cycia \u015brodk\u00f3w chemicznych lub pestycyd\u00f3w i w <strong>100% organiczna<\/strong>. Wszystkie grzyby s\u0105 uprawiane w S\u0142owenii.<\/span><\/p>\n<h2><span style=\"color: #000000\">Dla kogo przeznaczona jest mieszanka Onca mix i jakie s\u0105 jej skutki?<\/span><\/h2>\n<p><span style=\"color: #000000\">Onca mix jest przeznaczona przede wszystkim jako terapia wspomagaj\u0105ca dla pacjent\u00f3w przewlekle chorych, kt\u00f3rzy s\u0105 leczeni zgodnie z medycyn\u0105 tradycyjn\u0105. Przeznaczony jest dla pacjent\u00f3w, kt\u00f3rzy s\u0105 leczeni z powodu powa\u017cniejszych schorze\u0144 i u kt\u00f3rych przebieg leczenia jest agresywny. Przeznaczony jest r\u00f3wnie\u017c dla os\u00f3b, kt\u00f3re chc\u0105 spr\u00f3bowa\u0107 dzia\u0142ania grzyb\u00f3w leczniczych i wspom\u00f3c leczenie w naturalny spos\u00f3b. To tak\u017ce doskona\u0142y naturalny suplement diety, gdy\u017c grzyby maj\u0105 wysok\u0105 warto\u015b\u0107 od\u017cywcz\u0105 &#8211; cenne sk\u0142adniki od\u017cywcze, minera\u0142y \u015bladowe, witaminy, makroelementy, b\u0142onnik, bia\u0142ko. Grzyby lecznicze maj\u0105 bogat\u0105 histori\u0119 w medycynie chi\u0144skiej i uzdrawianiu, a cz\u0142owiek coraz cz\u0119\u015bciej wraca do natury po zdrowie. Przed spo\u017cyciem grzyb\u00f3w leczniczych w trakcie leczenia zawsze zaleca si\u0119 konsultacj\u0119 ze specjalist\u0105 lub lekarzem pierwszego kontaktu.<\/span><\/p>\n<h2 align=\"JUSTIFY\"><span style=\"color: #000000\">Opakowanie<\/span><\/h2>\n<p align=\"JUSTIFY\"><span style=\"color: #000000\">Nieprzepuszczalna torba zamykana na zamek, w kt\u00f3rej produkt zachowuje swoj\u0105 \u015bwie\u017co\u015b\u0107 i aromat. Opakowanie chroni przed \u015bwiat\u0142em i powietrzem, poniewa\u017c sk\u0142ada si\u0119 z kilku warstw ochronnych, kt\u00f3re zachowuj\u0105 w\u0142a\u015bciwo\u015bci zawarto\u015bci.<\/span><\/p>\n<p align=\"JUSTIFY\"><span style=\"color: #000000\">Opakowanie jest bardzo praktyczne i nadaje si\u0119 do recyklingu.<\/span><\/p>\n<h2 align=\"JUSTIFY\"><span style=\"color: #000000\">Przechowywanie i ostrze\u017cenia<\/span><\/h2>\n<p align=\"JUSTIFY\"><span style=\"color: #000000\">Przechowywa\u0107 w ch\u0142odnym, suchym miejscu. Suplement diety nale\u017cy przechowywa\u0107 w miejscu niedost\u0119pnym dla dzieci!<\/span><\/p>\n<p align=\"JUSTIFY\"><span style=\"color: #000000\">Pami\u0119taj o zr\u00f3\u017cnicowanej diecie i zdrowym trybie \u017cycia &#8211; suplement diety nie mo\u017ce zast\u0105pi\u0107 zr\u00f3wnowa\u017conej i zr\u00f3\u017cnicowanej diety. Nie nale\u017cy przekracza\u0107 zalecanej dawki dziennej. Kobietom w ci\u0105\u017cy i karmi\u0105cym piersi\u0105 zaleca si\u0119 zawsze skonsultowanie si\u0119 z lekarzem przed zastosowaniem preparatu.<\/span><\/p>\n<h2 align=\"JUSTIFY\"><span style=\"color: #000000\">Przydatne informacje<\/span><\/h2>\n<p><span style=\"color: #000000\">Produkt jest odpowiedni r\u00f3wnie\u017c dla zwierz\u0105t. W wi\u0119kszo\u015bci przypadk\u00f3w grzyby lecznicze okazuj\u0105 si\u0119 niezwykle skuteczne we wzmacnianiu uk\u0142adu odporno\u015bciowego, leczeniu alergii i chor\u00f3b sk\u00f3ry, a tak\u017ce infekcji wirusowych i bakteryjnych. Przed zastosowaniem preparatu nale\u017cy skonsultowa\u0107 si\u0119 z lekarzem weterynarii w celu ustalenia podawania preparatu oraz zalecanej dziennej dawki.<\/span><\/p>\n<h2 align=\"JUSTIFY\"><span style=\"color: #000000\">Kraj pochodzenia<\/span><\/h2>\n<p align=\"JUSTIFY\"><span style=\"color: #000000\">S\u0142owenia<\/span><\/p>\n","protected":false},"excerpt":{"rendered":"<p align=\"JUSTIFY\">Mieszanka grzyb\u00f3w leczniczych Onca mix ma za zadanie wspiera\u0107 agresywne konwencjonalne leczenie i zabiegi oraz pomaga\u0107 w powa\u017cniejszych stanach przewlek\u0142ych. Onca mix oferuje najszersze spektrum zr\u00f3wnowa\u017conego dzia\u0142ania dzi\u0119ki setkom r\u00f3\u017cnych sk\u0142adnik\u00f3w aktywnych, kt\u00f3re zawiera.<\/p>\n<p>\ud83d\udc9a Wzmacnia uk\u0142ad odporno\u015bciowy.<br \/>\n\ud83d\udc9a Maj\u0105 one pozytywny wp\u0142yw na nasze samopoczucie.<br \/>\n\ud83d\udc9a Ma dzia\u0142anie przeciwzapalne.<br \/>\n\ud83d\udc9a Ma w\u0142a\u015bciwo\u015bci antyoksydacyjne.<\/p>\n","protected":false},"featured_media":5988,"comment_status":"open","ping_status":"closed","template":"","meta":{"_acf_changed":false},"product_brand":[],"product_cat":[15,227,224,225],"product_tag":[],"class_list":{"0":"post-5987","1":"product","2":"type-product","3":"status-publish","4":"has-post-thumbnail","6":"product_cat-uncategorized","7":"product_cat-grzyby-lecznicze","8":"product_cat-oferta","9":"product_cat-wszystkie-produkty","11":"first","12":"instock","13":"sale","14":"taxable","15":"shipping-taxable","16":"purchasable","17":"product-type-simple"},"acf":[],"_links":{"self":[{"href":"https:\/\/fengchashop.com\/pl\/wp-json\/wp\/v2\/product\/5987","targetHints":{"allow":["GET"]}}],"collection":[{"href":"https:\/\/fengchashop.com\/pl\/wp-json\/wp\/v2\/product"}],"about":[{"href":"https:\/\/fengchashop.com\/pl\/wp-json\/wp\/v2\/types\/product"}],"replies":[{"embeddable":true,"href":"https:\/\/fengchashop.com\/pl\/wp-json\/wp\/v2\/comments?post=5987"}],"wp:featuredmedia":[{"embeddable":true,"href":"https:\/\/fengchashop.com\/pl\/wp-json\/wp\/v2\/media\/5988"}],"wp:attachment":[{"href":"https:\/\/fengchashop.com\/pl\/wp-json\/wp\/v2\/media?parent=5987"}],"wp:term":[{"taxonomy":"product_brand","embeddable":true,"href":"https:\/\/fengchashop.com\/pl\/wp-json\/wp\/v2\/product_brand?post=5987"},{"taxonomy":"product_cat","embeddable":true,"href":"https:\/\/fengchashop.com\/pl\/wp-json\/wp\/v2\/product_cat?post=5987"},{"taxonomy":"product_tag","embeddable":true,"href":"https:\/\/fengchashop.com\/pl\/wp-json\/wp\/v2\/product_tag?post=5987"}],"curies":[{"name":"wp","href":"https:\/\/api.w.org\/{rel}","templated":true}]}}