{"id":5980,"date":"2022-02-11T20:48:52","date_gmt":"2022-02-11T19:48:52","guid":{"rendered":"https:\/\/fengchashop.com\/pl\/product\/dulse-bio-125-g\/"},"modified":"2026-04-29T02:30:56","modified_gmt":"2026-04-29T00:30:56","slug":"dulse-bio","status":"publish","type":"product","link":"https:\/\/fengchashop.com\/pl\/product\/dulse-bio\/","title":{"rendered":"Dulse BIO 125 g"},"content":{"rendered":"<h2><span style=\"color: #000000\">ALGI MORSKIE SUSZONE &#8211; DULSE BIO<\/span><\/h2>\n<p><span style=\"color: #000000\">Dulse to czerwony wodorost, znany r\u00f3wnie\u017c jako Palmaria palmata, i nale\u017cy do grupy czerwonych alg lub Rodophycophyta. Do czerwonych wodorost\u00f3w zalicza si\u0119 r\u00f3wnie\u017c wodorosty Nori oraz, chyba bardziej nam znany, Agar agar, kt\u00f3ry jest r\u00f3wnie\u017c stosowany w dietach wegetaria\u0144skich i wega\u0144skich.<\/span><\/p>\n<p><span style=\"color: #000000\">Algi s\u0105 wa\u017cnym <strong>\u017ar\u00f3d\u0142em jodu<\/strong>, kt\u00f3ry nie jest magazynowany w organizmie i powinien by\u0107 regularnie spo\u017cywany (dlatego wi\u0119kszo\u015b\u0107 soli kuchennej jest jodowana), poniewa\u017c odpowiada za prawid\u0142owe funkcjonowanie tarczycy, a niedob\u00f3r jodu mo\u017ce prowadzi\u0107 do r\u00f3\u017cnych schorze\u0144 (od przyrostu masy cia\u0142a i zm\u0119czenia po \u0142ysienie i niedoczynno\u015b\u0107 tarczycy). W przypadku problem\u00f3w z tarczyc\u0105 i innych, przed za\u017cyciem zawsze warto skonsultowa\u0107 si\u0119 z lekarzem.<\/span><\/p>\n<p><span style=\"color: #000000\">Tradycyjnie, czerwone wodorosty dulse by\u0142y r\u00f3wnie\u017c stosowane w celu z\u0142agodzenia problem\u00f3w zwi\u0105zanych z <strong>wysokim ci\u015bnieniem krwi<\/strong>; aby pom\u00f3c w <strong>zapobieganiu wadom wzroku<\/strong> ze wzgl\u0119du na zawarto\u015b\u0107 witaminy A; aby wspiera\u0107 uk\u0142ad odporno\u015bciowy; i aby z\u0142agodzi\u0107 s\u0142ab\u0105 mas\u0119 kostn\u0105 i problemy z tkank\u0105 \u0142\u0105czn\u0105 ze wzgl\u0119du na zawarto\u015b\u0107 minera\u0142\u00f3w, takich jak wap\u0144 i magnez. Posiada r\u00f3wnie\u017c w\u0142a\u015bciwo\u015bci przeciwzapalne i przeciwwirusowe dzi\u0119ki zawarto\u015bci z\u0142o\u017conego w\u0119glowodanu &#8211; fukoidanu.<\/span><\/p>\n<p><span style=\"color: #000000\">Algi s\u0105 suszone i mielone na p\u0142atki. S\u0105 one doskona\u0142ej jako\u015bci, poniewa\u017c s\u0105 dziko zbierane, certyfikowane organicznie i r\u0119cznie zbierane w oceanie Atlantyckim.<\/span><\/p>\n<h2><span style=\"color: #000000\">Co zawieraj\u0105 wodorosty dulse?<\/span><\/h2>\n<p><span style=\"color: #000000\">Witaminy A, C i E &#8211; wa\u017cne przeciwutleniacze, kt\u00f3re chroni\u0105 nas przed wolnymi rodnikami; oraz witaminy z grupy B (B1, B2, B3, B6, B12), kt\u00f3re, jak wykazano, \u0142agodz\u0105 stres i utrzymuj\u0105 poziom energii.<\/span><br \/>\n<span style=\"color: #000000\">Minera\u0142y i pierwiastki \u015bladowe: wap\u0144, \u017celazo, mangan, cynk, magnez, jod, potas, fosfor.<\/span><br \/>\n<span style=\"color: #000000\">Jest r\u00f3wnie\u017c wysoka w bia\u0142ko, aminokwasy, b\u0142onnik i nienasycone kwasy t\u0142uszczowe omega-3, kt\u00f3re odgrywaj\u0105 wa\u017cn\u0105 rol\u0119 w naszym zdrowiu sercowo-naczyniowym i hamuj\u0105 stany zapalne.<\/span><br \/>\n<span style=\"color: #000000\">W rzeczywisto\u015bci <strong>zawiera prawie wszystkie pierwiastki<\/strong> \u015bladowe <strong>potrzebne organizmowi ludzkiemu<\/strong>.<\/span><\/p>\n<h2><span style=\"color: #000000\">Jak z niego korzystamy?<\/span><\/h2>\n<p><span style=\"color: #000000\">Algi maj\u0105 d\u0142ug\u0105 histori\u0119 stosowania zar\u00f3wno w medycynie, jak i w \u017cywieniu. Dulse jest u\u017cywany w wielu (g\u0142\u00f3wnie) azjatyckich przepisach. Mo\u017cna je je\u015b\u0107 jako przek\u0105sk\u0119 z napojem alkoholowym lub dodawa\u0107 do zup, sos\u00f3w, chleba\/ ciasta na pizz\u0119 czy sa\u0142atek, aby doda\u0107 im nie tylko smaku, ale i warto\u015bci od\u017cywczych. Mo\u017cna je stosowa\u0107 w takiej postaci lub namoczy\u0107. Podobnie jak inne wodorosty s\u0105 do\u015b\u0107 s\u0142one ze wzgl\u0119du na du\u017c\u0105 zawarto\u015b\u0107 sodu, a ich smak przypomina morze, ryby, wi\u0119c dobrze komponuj\u0105 si\u0119 z rybami i owocami morza. W gotowanych potrawach dzia\u0142a jako wzmacniacz smaku. Dostosowa\u0107 ilo\u015b\u0107 do smaku, zaczynaj\u0105c od 1\/3 \u0142y\u017ceczki dziennie, nast\u0119pnie stopniowo zwi\u0119kszaj\u0105c do maksymalnie 1 \u0142y\u017ceczki dziennie.<\/span><\/p>\n<h2><span style=\"color: #000000\">Opakowanie<\/span><\/h2>\n<p align=\"JUSTIFY\"><span style=\"color: #000000\">Nieprzepuszczalna torba zamykana na zamek, w kt\u00f3rej produkt zachowuje swoj\u0105 \u015bwie\u017co\u015b\u0107 i aromat. Opakowanie chroni przed \u015bwiat\u0142em i powietrzem, poniewa\u017c sk\u0142ada si\u0119 z kilku warstw ochronnych, kt\u00f3re zachowuj\u0105 w\u0142a\u015bciwo\u015bci zawarto\u015bci.<\/span><\/p>\n<p align=\"JUSTIFY\"><span style=\"color: #000000\">Opakowanie jest bardzo praktyczne i nadaje si\u0119 do recyklingu.<\/span><\/p>\n<h2 align=\"JUSTIFY\"><span style=\"color: #000000\">Kraj pochodzenia<\/span><\/h2>\n<p><span style=\"color: #000000\">Irlandia lub Kanada<\/span><\/p>\n","protected":false},"excerpt":{"rendered":"<p align=\"JUSTIFY\">Algi Morskie Suszone Dulse BIO to czerwony wodorost, znany r\u00f3wnie\u017c jako <strong>Palmaria palmata<\/strong>, i nale\u017cy do grupy czerwonych alg lub Rodophycophyta. Tradycyjnie, czerwone wodorosty dulse s\u0105 u\u017cywane do:<\/p>\n<p align=\"JUSTIFY\">\ud83d\udc9a \u0142agodzenie problem\u00f3w z wysokim ci\u015bnieniem krwi,<br \/>\n\ud83d\udc9a r\u00f3wnie\u017c jako wsparcie w profilaktyce wad wzroku ze wzgl\u0119du na zawarto\u015b\u0107 witaminy A,<br \/>\n\ud83d\udc9a wspiera uk\u0142ad odporno\u015bciowy,<br \/>\n\ud83d\udc9a a jego zawarto\u015b\u0107 minera\u0142\u00f3w, takich jak wap\u0144 i magnez, pomaga \u0142agodzi\u0107 problemy ze s\u0142ab\u0105 mas\u0105 kostn\u0105 i tkank\u0105 \u0142\u0105czn\u0105.<\/p>\n","protected":false},"featured_media":5981,"comment_status":"open","ping_status":"closed","template":"","meta":{"_acf_changed":false},"product_brand":[],"product_cat":[15,222,226,224,228,225],"product_tag":[],"class_list":{"0":"post-5980","1":"product","2":"type-product","3":"status-publish","4":"has-post-thumbnail","6":"product_cat-uncategorized","7":"product_cat-algi-i-trawy","8":"product_cat-najlepiej-sprzedajacy-sie","9":"product_cat-oferta","10":"product_cat-superzywnosc","11":"product_cat-wszystkie-produkty","13":"first","14":"instock","15":"sale","16":"taxable","17":"shipping-taxable","18":"purchasable","19":"product-type-simple"},"acf":[],"_links":{"self":[{"href":"https:\/\/fengchashop.com\/pl\/wp-json\/wp\/v2\/product\/5980","targetHints":{"allow":["GET"]}}],"collection":[{"href":"https:\/\/fengchashop.com\/pl\/wp-json\/wp\/v2\/product"}],"about":[{"href":"https:\/\/fengchashop.com\/pl\/wp-json\/wp\/v2\/types\/product"}],"replies":[{"embeddable":true,"href":"https:\/\/fengchashop.com\/pl\/wp-json\/wp\/v2\/comments?post=5980"}],"wp:featuredmedia":[{"embeddable":true,"href":"https:\/\/fengchashop.com\/pl\/wp-json\/wp\/v2\/media\/5981"}],"wp:attachment":[{"href":"https:\/\/fengchashop.com\/pl\/wp-json\/wp\/v2\/media?parent=5980"}],"wp:term":[{"taxonomy":"product_brand","embeddable":true,"href":"https:\/\/fengchashop.com\/pl\/wp-json\/wp\/v2\/product_brand?post=5980"},{"taxonomy":"product_cat","embeddable":true,"href":"https:\/\/fengchashop.com\/pl\/wp-json\/wp\/v2\/product_cat?post=5980"},{"taxonomy":"product_tag","embeddable":true,"href":"https:\/\/fengchashop.com\/pl\/wp-json\/wp\/v2\/product_tag?post=5980"}],"curies":[{"name":"wp","href":"https:\/\/api.w.org\/{rel}","templated":true}]}}