{"id":5973,"date":"2022-11-02T19:46:00","date_gmt":"2022-11-02T18:46:00","guid":{"rendered":"https:\/\/fengchashop.com\/pl\/product\/mieszanka-kardio-bio-125-g\/"},"modified":"2026-04-27T11:16:45","modified_gmt":"2026-04-27T09:16:45","slug":"mieszanka-kardio-bio","status":"publish","type":"product","link":"https:\/\/fengchashop.com\/pl\/product\/mieszanka-kardio-bio\/","title":{"rendered":"Mieszanka kardio BIO 125 g"},"content":{"rendered":"<h2><span style=\"color: #000000\">Cardio mix BIO grzybek leczniczy w proszku<\/span><\/h2>\n<p><span style=\"color: #000000\">Cardio mix stosowany <strong>jest jako wsparcie dla poprawy pracy serca, kr\u0105\u017cenia krwi i najwa\u017cniejszych warto\u015bci krwi<\/strong>.<\/span><\/p>\n<p><span style=\"color: #000000\">W rzeczywisto\u015bci jest to mieszanka, kt\u00f3ra pomaga lub zapewnia wszystkie warunki, kt\u00f3re musz\u0105 by\u0107 spe\u0142nione dla <strong>idealnego funkcjonowania uk\u0142adu sercowego<\/strong>.<\/span><\/p>\n<p><span style=\"color: #000000\">Mieszanka sk\u0142ada si\u0119 z pi\u0119ciu gatunk\u00f3w grzyb\u00f3w, a mianowicie Lentinula edodes, Auricularia auricula, Ganoderma lucidum, Grifola frondosa i Cordyceps. Grzyby te, wed\u0142ug wi\u0119kszo\u015bci bada\u0144 przeprowadzonych na \u015bwiecie, nale\u017c\u0105 do najskuteczniejszych w zapobieganiu rozwojowi chor\u00f3b uk\u0142adu kr\u0105\u017cenia.<\/span><\/p>\n<p><span style=\"color: #000000\">Cardio mix oferuje najszersze spektrum zr\u00f3wnowa\u017conego dzia\u0142ania dzi\u0119ki setkom r\u00f3\u017cnych farmakologicznych sk\u0142adnik\u00f3w aktywnych, kt\u00f3re zawiera.<\/span><\/p>\n<p><span style=\"color: #000000\">To szerokie spektrum gatunk\u00f3w grzyb\u00f3w powoduje, \u017ce ma on szerokie spektrum dzia\u0142ania i przyspieszone dzia\u0142anie profilaktyczne wobec og\u00f3lnego os\u0142abienia organizmu.<\/span><\/p>\n<p><span style=\"color: #000000\">U\u017cywanie produktu jest ca\u0142kowicie proste i nie wymaga \u017cadnego przygotowania ani umiej\u0119tno\u015bci. Grzyby s\u0105 mielone na drobny proszek, kt\u00f3ry nie zawiera \u017cadnych cz\u0105stek. Produkt jest wi\u0119c gotowy do u\u017cycia. Wystarczy dozowa\u0107 bezpo\u015brednio z opakowania do ulubionego napoju, wymiesza\u0107 i spo\u017cywa\u0107.<\/span><\/p>\n<h2><span style=\"color: #000000\">Dlaczego warto stosowa\u0107 nasz Cardio Mix i jakie s\u0105 jego efekty?<\/span><\/h2>\n<p><span style=\"color: #000000\">Receptura mieszanki zosta\u0142a starannie przygotowana w oparciu o obserwacje i wnioski sta\u0142ych u\u017cytkownik\u00f3w mieszanki oraz grzyb\u00f3w leczniczych w og\u00f3le. Do przygotowania tej specjalnej mieszanki wzi\u0119to pod uwag\u0119 wyniki licznych bada\u0144 krajowych i mi\u0119dzynarodowych. I cho\u0107 grzyby lecznicze maj\u0105 bardzo skomplikowane mechanizmy dzia\u0142ania, kt\u00f3rych nauka nie jest jeszcze w stanie wyja\u015bni\u0107, to wiemy, \u017ce maj\u0105 one korzystny wp\u0142yw na nasz uk\u0142ad odporno\u015bciowy i organizm.\u00a0 <\/span><\/p>\n<p><span style=\"color: #000000\">Pozytywne efekty dzia\u0142ania Cardio mix, kt\u00f3re maj\u0105 leczniczy wp\u0142yw na organizm, s\u0105 nast\u0119puj\u0105ce:<\/span><\/p>\n<p><span style=\"color: #000000\"> \ud83d\udc9a reguluje <strong>ci\u015bnienie krwi<\/strong>,<\/span><\/p>\n<p><span style=\"color: #000000\"> \ud83d\udc9a obni\u017ca <strong>poziom cholesterolu<\/strong>,<\/span><\/p>\n<p><span style=\"color: #000000\"> \ud83d\udc9a obni\u017ca <strong>poziom tr\u00f3jgliceryd\u00f3w<\/strong>,<\/span><\/p>\n<p><span style=\"color: #000000\"> \ud83d\udc9a <strong>zapobiega chorobie wie\u0144cowej serca<\/strong>,<\/span><\/p>\n<p><span style=\"color: #000000\"> \ud83d\udc9a obni\u017ca poziom cukru we krwi i zapobiega <strong>rozwojowi cukrzycy<\/strong>,<\/span><\/p>\n<p><span style=\"color: #000000\"> \ud83d\udc9a zapobiega <strong>zakrzepom krwi<\/strong>,<\/span><\/p>\n<p><span style=\"color: #000000\"> \ud83d\udc9a wspomaga <strong>przep\u0142yw krwi<\/strong>,<\/span><\/p>\n<p><span style=\"color: #000000\"> \ud83d\udc9a stymuluje <strong>uk\u0142ad odporno\u015bciowy<\/strong>,<\/span><\/p>\n<p><span style=\"color: #000000\"> \ud83d\udc9a dzia\u0142a przeciwko <strong>kom\u00f3rkom rakowym<\/strong>,\u00a0 <\/span><\/p>\n<p><span style=\"color: #000000\"> \ud83d\udc9a dzia\u0142a <strong>przeciw stresowi<\/strong>,<\/span><\/p>\n<p><span style=\"color: #000000\"> \ud83d\udc9a poprawia <strong>zdolno\u015bci umys\u0142owe<\/strong>,<\/span><\/p>\n<p><span style=\"color: #000000\"> \ud83d\udc9a <strong>jako silny antyoksydant eliminuje wolne rodniki i zapobiega stresowi oksydacyjnemu<\/strong>.<\/span><\/p>\n<p><span style=\"color: #000000\">Produkcja naszych grzyb\u00f3w leczniczych jest \u015bci\u015ble kontrolowana, bez u\u017cycia \u015brodk\u00f3w chemicznych lub pestycyd\u00f3w i w <strong>100% organiczna<\/strong>. Wszystkie grzyby s\u0105 uprawiane w S\u0142owenii.<\/span><\/p>\n<h2><span style=\"color: #000000\">Dla kogo przeznaczony jest Cardio Mix?<\/span><\/h2>\n<p><span style=\"color: #000000\">Cardio mix jest w\u0142a\u015bciwie dla ka\u017cdego, kto chce zapewni\u0107 swojemu uk\u0142adowi sercowo-naczyniowemu jak najlepsze warunki dla <strong>d\u0142ugotrwa\u0142ego zdrowia uk\u0142adu kr\u0105\u017cenia<\/strong>. Dzi\u0119ki temu dzia\u0142a r\u00f3wnie\u017c na nasze og\u00f3lne zdrowie i samopoczucie oraz silny uk\u0142ad odporno\u015bciowy. To tak\u017ce propozycja dla tych, kt\u00f3rzy chc\u0105 spr\u00f3bowa\u0107 dzia\u0142ania grzyb\u00f3w leczniczych i wzmocni\u0107 sw\u00f3j organizm w naturalny spos\u00f3b. Jest to r\u00f3wnie\u017c doskona\u0142y naturalny suplement diety, gdy\u017c grzyby posiadaj\u0105 wysokie warto\u015bci od\u017cywcze &#8211; cenne warto\u015bci od\u017cywcze, minera\u0142y \u015bladowe, witaminy, makroelementy, b\u0142onnik, bia\u0142ko. Grzyby lecznicze maj\u0105 bogat\u0105 histori\u0119 w medycynie chi\u0144skiej i uzdrawianiu, a cz\u0142owiek coraz cz\u0119\u015bciej wraca do natury po zdrowie.<\/span><\/p>\n<p><span style=\"color: #000000\">Ze wzgl\u0119du na zawarty w mieszance grzyb Auricularia auricula nie zaleca si\u0119 stosowania w okresie ci\u0105\u017cy i laktacji.<\/span><\/p>\n<h2 align=\"JUSTIFY\"><span style=\"color: #000000\">Opakowanie<\/span><\/h2>\n<p align=\"JUSTIFY\"><span style=\"color: #000000\">Nieprzepuszczalna torba zamykana na zamek, w kt\u00f3rej produkt zachowuje swoj\u0105 \u015bwie\u017co\u015b\u0107 i aromat. Opakowanie chroni przed \u015bwiat\u0142em i powietrzem, poniewa\u017c sk\u0142ada si\u0119 z kilku warstw ochronnych, kt\u00f3re zachowuj\u0105 w\u0142a\u015bciwo\u015bci zawarto\u015bci.<\/span><\/p>\n<p align=\"JUSTIFY\"><span style=\"color: #000000\">Opakowanie jest bardzo praktyczne i nadaje si\u0119 do recyklingu.<\/span><\/p>\n<h2 align=\"JUSTIFY\"><span style=\"color: #000000\">Przechowywanie i ostrze\u017cenia<\/span><\/h2>\n<p align=\"JUSTIFY\"><span style=\"color: #000000\">Przechowywa\u0107 w ch\u0142odnym, suchym miejscu. Suplement diety nale\u017cy przechowywa\u0107 w miejscu niedost\u0119pnym dla dzieci!<\/span><\/p>\n<p align=\"JUSTIFY\"><span style=\"color: #000000\">Pami\u0119taj o zr\u00f3\u017cnicowanej diecie i zdrowym trybie \u017cycia &#8211; suplement diety nie mo\u017ce zast\u0105pi\u0107 zr\u00f3wnowa\u017conej i zr\u00f3\u017cnicowanej diety. Nie nale\u017cy przekracza\u0107 zalecanej dawki dziennej. Kobietom w ci\u0105\u017cy i karmi\u0105cym piersi\u0105 zaleca si\u0119 zawsze skonsultowanie si\u0119 z lekarzem przed zastosowaniem preparatu.<\/span><\/p>\n<h2 align=\"JUSTIFY\"><span style=\"color: #000000\">Przydatne informacje<\/span><\/h2>\n<p align=\"JUSTIFY\"><span style=\"color: #000000\">Produkt jest odpowiedni r\u00f3wnie\u017c dla zwierz\u0105t. W wi\u0119kszo\u015bci przypadk\u00f3w grzyby lecznicze okazuj\u0105 si\u0119 niezwykle skuteczne we wzmacnianiu uk\u0142adu odporno\u015bciowego, leczeniu alergii i chor\u00f3b sk\u00f3ry, a tak\u017ce infekcji wirusowych i bakteryjnych. Przed zastosowaniem preparatu nale\u017cy skonsultowa\u0107 si\u0119 z lekarzem weterynarii w celu ustalenia podawania preparatu oraz zalecanej dziennej dawki.<\/span><\/p>\n<h2 align=\"JUSTIFY\"><span style=\"color: #000000\">Kraj pochodzenia<\/span><\/h2>\n<p align=\"JUSTIFY\"><span style=\"color: #000000\">S\u0142owenia<\/span><\/p>\n","protected":false},"excerpt":{"rendered":"<p align=\"JUSTIFY\">Cardio mix stosowany jest <strong>jako wsparcie dla poprawy pracy serca, kr\u0105\u017cenia krwi i najwa\u017cniejszych warto\u015bci krwi<\/strong>. W rzeczywisto\u015bci jest to mieszanka, kt\u00f3ra pomaga lub zapewnia wszystkie warunki, kt\u00f3re musz\u0105 by\u0107 spe\u0142nione dla <strong>idealnego funkcjonowania uk\u0142adu sercowego<\/strong>.<\/p>\n<p>\ud83d\udc9a Wzmacnia uk\u0142ad odporno\u015bciowy.<br \/>\n\ud83d\udc9a Reguluje ci\u015bnienie krwi.<br \/>\n\ud83d\udc9a Obni\u017ca poziom cholesterolu.<br \/>\n\ud83d\udc9a Obni\u017ca poziom tr\u00f3jgliceryd\u00f3w.<\/p>\n","protected":false},"featured_media":5974,"comment_status":"open","ping_status":"closed","template":"","meta":{"_acf_changed":false},"product_brand":[],"product_cat":[15,227,224,225],"product_tag":[],"class_list":{"0":"post-5973","1":"product","2":"type-product","3":"status-publish","4":"has-post-thumbnail","6":"product_cat-uncategorized","7":"product_cat-grzyby-lecznicze","8":"product_cat-oferta","9":"product_cat-wszystkie-produkty","11":"first","12":"instock","13":"sale","14":"taxable","15":"shipping-taxable","16":"purchasable","17":"product-type-simple"},"acf":[],"_links":{"self":[{"href":"https:\/\/fengchashop.com\/pl\/wp-json\/wp\/v2\/product\/5973","targetHints":{"allow":["GET"]}}],"collection":[{"href":"https:\/\/fengchashop.com\/pl\/wp-json\/wp\/v2\/product"}],"about":[{"href":"https:\/\/fengchashop.com\/pl\/wp-json\/wp\/v2\/types\/product"}],"replies":[{"embeddable":true,"href":"https:\/\/fengchashop.com\/pl\/wp-json\/wp\/v2\/comments?post=5973"}],"wp:featuredmedia":[{"embeddable":true,"href":"https:\/\/fengchashop.com\/pl\/wp-json\/wp\/v2\/media\/5974"}],"wp:attachment":[{"href":"https:\/\/fengchashop.com\/pl\/wp-json\/wp\/v2\/media?parent=5973"}],"wp:term":[{"taxonomy":"product_brand","embeddable":true,"href":"https:\/\/fengchashop.com\/pl\/wp-json\/wp\/v2\/product_brand?post=5973"},{"taxonomy":"product_cat","embeddable":true,"href":"https:\/\/fengchashop.com\/pl\/wp-json\/wp\/v2\/product_cat?post=5973"},{"taxonomy":"product_tag","embeddable":true,"href":"https:\/\/fengchashop.com\/pl\/wp-json\/wp\/v2\/product_tag?post=5973"}],"curies":[{"name":"wp","href":"https:\/\/api.w.org\/{rel}","templated":true}]}}