{"id":5964,"date":"2022-02-11T19:13:33","date_gmt":"2022-02-11T18:13:33","guid":{"rendered":"https:\/\/fengchashop.com\/pl\/product\/wrosniak-roznobarwny-trametes-bio-ue-125-g\/"},"modified":"2026-05-16T22:04:49","modified_gmt":"2026-05-16T20:04:49","slug":"wrosniak-roznobarwny-trametes-bio-ue","status":"publish","type":"product","link":"https:\/\/fengchashop.com\/pl\/product\/wrosniak-roznobarwny-trametes-bio-ue\/","title":{"rendered":"Wro\u015bniak r\u00f3\u017cnobarwny &#8211; Trametes versicolor (Coriolus) BIO UE 125 g"},"content":{"rendered":"<h2><span style=\"color: #000000\">Wro\u015bniak r\u00f3\u017cnobarwny (Trametes Coriolus) bio<\/span><\/h2>\n<p align=\"JUSTIFY\"><span style=\"color: #000000\">Wro\u015bniak r\u00f3\u017cnobarwny, czyli <strong>Coriolus<\/strong>, jest znanym grzybem leczniczym, od wiek\u00f3w stosowanym w tradycyjnej medycynie chi\u0144skiej. Wraz z lakownic\u0105, kordycepsem i kilkoma innymi <strong>grzybami jest jednym z najbardziej znanych grzyb\u00f3w leczniczych<\/strong> w naszym kraju. Jego farmakologiczne substancje czynne s\u0105\u00a0<strong>przedmiotem licznych bada\u0144 klinicznych<\/strong>. Wro\u015bniak r\u00f3\u017cnobarwny jest szeroko rozpowszechnionym i pospolitym grzybem drzewnym, kt\u00f3ry ro\u015bnie na rozk\u0142adaj\u0105cym si\u0119 drewnie na ca\u0142ym \u015bwiecie.\u00a0<\/span><\/p>\n<p align=\"JUSTIFY\"><span style=\"color: #000000\">Produkcja wro\u015bniaka r\u00f3\u017cnobarwnego jest \u015bci\u015ble kontrolowana, bez u\u017cycia \u015brodk\u00f3w chemicznych i pestycyd\u00f3w,\u00a0<strong>w 100% ekologiczna<\/strong>. Jako\u015b\u0107 grzyb\u00f3w jest regularnie kontrolowana przez niezale\u017cne laboratoria w S\u0142owenii i USA.<\/span><\/p>\n<p align=\"JUSTIFY\"><span style=\"color: #000000\">Wro\u015bniak r\u00f3\u017cnobarwny sk\u0142ada si\u0119 z r\u00f3\u017cnych polisacharyd\u00f3w, witamin, soli mineralnych i przeciwutleniaczy. Zawiera r\u00f3wnie\u017c wiele r\u00f3\u017cnych przeciwutleniaczy fenolowych i flawonoidowych, kt\u00f3re maj\u0105 wiele korzystnych w\u0142a\u015bciwo\u015bci dla naszego organizmu. Dwa wa\u017cne <strong>kompleksy polisacharydowo-bia\u0142kowe<\/strong> &#8211;\u00a0<strong>PKS<\/strong> (krestyna lub polisacharyd K) i tworz\u0105cy go\u00a0<strong>PSP\u00a0<\/strong>(peptyd polisacharydowy) &#8211; s\u0105 nadal przedmiotem wielu bada\u0144 koncentruj\u0105cych.<\/span><\/p>\n<h2 align=\"JUSTIFY\"><span style=\"color: #000000\">Opakowanie<\/span><\/h2>\n<p align=\"JUSTIFY\"><span style=\"color: #000000\">Nieprzepuszczalna torba zamykana na zamek, w kt\u00f3rej produkt zachowuje swoj\u0105 \u015bwie\u017co\u015b\u0107 i aromat. Opakowanie chroni przed \u015bwiat\u0142em i powietrzem, poniewa\u017c sk\u0142ada si\u0119 z kilku warstw ochronnych, kt\u00f3re zachowuj\u0105 w\u0142a\u015bciwo\u015bci zawarto\u015bci.<\/span><\/p>\n<p align=\"JUSTIFY\"><span style=\"color: #000000\">Opakowanie jest bardzo praktyczne i nadaje si\u0119 do recyklingu.<\/span><\/p>\n<h2 align=\"JUSTIFY\"><span style=\"color: #000000\">Kraj pochodzenia<\/span><\/h2>\n<p align=\"JUSTIFY\"><span style=\"color: #000000\">UE<\/span><\/p>\n","protected":false},"excerpt":{"rendered":"<p align=\"JUSTIFY\">Wro\u015bniak r\u00f3\u017cnobarwny, czyli Trametes <strong>Coriolus<\/strong>, jest znanym grzybem leczniczym, od wiek\u00f3w stosowanym w tradycyjnej medycynie chi\u0144skiej. Wraz z lakownic\u0105, kordycepsem i kilkoma innymi <strong>grzybami jest jednym z najbardziej znanych grzyb\u00f3w leczniczych<\/strong> w naszym kraju. Jego farmakologiczne substancje czynne s\u0105\u00a0<strong>przedmiotem licznych bada\u0144 klinicznych<\/strong>.<\/p>\n<p>\ud83d\udc9a Najwy\u017cszej jako\u015bci.<br \/>\n\ud83d\udc9a Naturalny produkt.<br \/>\n\ud83d\udc9a Niezwykle skuteczny.<br \/>\n\ud83d\udc9a \u015awietna cena.<\/p>\n","protected":false},"featured_media":5936,"comment_status":"open","ping_status":"closed","template":"","meta":{"_acf_changed":false},"product_brand":[],"product_cat":[15,227,226,224,225],"product_tag":[],"class_list":{"0":"post-5964","1":"product","2":"type-product","3":"status-publish","4":"has-post-thumbnail","6":"product_cat-uncategorized","7":"product_cat-grzyby-lecznicze","8":"product_cat-najlepiej-sprzedajacy-sie","9":"product_cat-oferta","10":"product_cat-wszystkie-produkty","12":"first","13":"instock","14":"taxable","15":"shipping-taxable","16":"purchasable","17":"product-type-simple"},"acf":[],"_links":{"self":[{"href":"https:\/\/fengchashop.com\/pl\/wp-json\/wp\/v2\/product\/5964","targetHints":{"allow":["GET"]}}],"collection":[{"href":"https:\/\/fengchashop.com\/pl\/wp-json\/wp\/v2\/product"}],"about":[{"href":"https:\/\/fengchashop.com\/pl\/wp-json\/wp\/v2\/types\/product"}],"replies":[{"embeddable":true,"href":"https:\/\/fengchashop.com\/pl\/wp-json\/wp\/v2\/comments?post=5964"}],"wp:featuredmedia":[{"embeddable":true,"href":"https:\/\/fengchashop.com\/pl\/wp-json\/wp\/v2\/media\/5936"}],"wp:attachment":[{"href":"https:\/\/fengchashop.com\/pl\/wp-json\/wp\/v2\/media?parent=5964"}],"wp:term":[{"taxonomy":"product_brand","embeddable":true,"href":"https:\/\/fengchashop.com\/pl\/wp-json\/wp\/v2\/product_brand?post=5964"},{"taxonomy":"product_cat","embeddable":true,"href":"https:\/\/fengchashop.com\/pl\/wp-json\/wp\/v2\/product_cat?post=5964"},{"taxonomy":"product_tag","embeddable":true,"href":"https:\/\/fengchashop.com\/pl\/wp-json\/wp\/v2\/product_tag?post=5964"}],"curies":[{"name":"wp","href":"https:\/\/api.w.org\/{rel}","templated":true}]}}