{"id":5963,"date":"2022-02-11T18:42:21","date_gmt":"2022-02-11T17:42:21","guid":{"rendered":"https:\/\/fengchashop.com\/pl\/product\/hericium-erinaceus-soplowka-jezowata-bio-ue-pochodzenie-125-g\/"},"modified":"2026-04-28T14:37:04","modified_gmt":"2026-04-28T12:37:04","slug":"hericium-erinaceus-soplowka-jezowata-bio-ue-pochodzenie","status":"publish","type":"product","link":"https:\/\/fengchashop.com\/pl\/product\/hericium-erinaceus-soplowka-jezowata-bio-ue-pochodzenie\/","title":{"rendered":"Hericium erinaceus (Sopl\u00f3wka je\u017cowata) BIO UE pochodzenie 125 g"},"content":{"rendered":"<h2>Hericium erinaceus (<span style=\"color: #000000\">Sopl\u00f3wka je\u017cowata)<br \/>\n<\/span><\/h2>\n<p align=\"JUSTIFY\"><span style=\"color: #000000\"><strong>Sopl\u00f3wka je\u017cowata <\/strong>jest niezwykle smacznym i cenionym grzybem zar\u00f3wno jadalnym, jak i leczniczym. Ro\u015bnie na drewnie powalonych drzew, g\u0142\u00f3wnie na p\u00f3\u0142kuli p\u00f3\u0142nocnej (Europa, wschodnia Azja, Ameryka P\u00f3\u0142nocna). Ma charakterystyczny kszta\u0142t i faktur\u0119, przypominaj\u0105c\u0105 brod\u0119, a tak\u017ce lwi\u0105 grzyw\u0119. Jest bardzo ceniony w medycynie tradycyjnej za swoje dzia\u0142anie i nazywany <strong>&#8222;pokarmem natury dla neuron\u00f3w&#8221;<\/strong>. Jest zatem odpowiedni r\u00f3wnie\u017c\u00a0<strong>dla os\u0142abionego systemu nerwowego<\/strong>. Jego regularne spo\u017cywanie ma korzystny wp\u0142yw na uk\u0142ad nerwowy, pomagaj\u0105c w zapobieganiu i leczeniu demencji oraz stwardnienia rozsianego. Pozytywne w\u0142a\u015bciwo\u015bci przejawiaj\u0105 si\u0119 r\u00f3wnie\u017c w dzia\u0142aniu przeciwko dw\u00f3m coraz powszechniejszym wsp\u00f3\u0142czesnym chorobom: depresji i niepokojowi.\u00a0<\/span><\/p>\n<p align=\"JUSTIFY\"><span style=\"color: #000000\">Z\u0105bek brodaty ma\u00a0<strong>d\u0142ug\u0105 tradycj\u0119<\/strong> w tradycyjnej medycynie chi\u0144skiej i jest bardzo\u00a0<strong>cenionym grzybem<\/strong>.<\/span><\/p>\n<p align=\"JUSTIFY\"><span style=\"color: #000000\">W postaci proszku sopl\u00f3wka je\u017cowata zawiera wiele sk\u0142adnik\u00f3w od\u017cywczych. I w takiej postaci nasze cia\u0142a mog\u0105 je wykorzysta\u0107. A jego pozytywne dzia\u0142anie zosta\u0142o\u00a0<strong>udowodnione naukowo<\/strong>.\u00a0<\/span><\/p>\n<p align=\"JUSTIFY\"><span style=\"color: #000000\">Produkcja sopl\u00f3wki je\u017cowatej jest \u015bci\u015ble kontrolowana, bez u\u017cycia \u015brodk\u00f3w chemicznych i pestycyd\u00f3w, w 100% ekologiczna. Jako\u015b\u0107 grzyb\u00f3w jest regularnie kontrolowana przez niezale\u017cne laboratoria w S\u0142owenii i USA.<\/span><\/p>\n<p align=\"JUSTIFY\"><span style=\"color: #000000\">Wiele pozytywnych efekt\u00f3w dzia\u0142ania tego grzyba to:<\/span><\/p>\n<p><span style=\"color: #000000\">\ud83d\udc9a przeciwutleniacz,\u00a0<\/span><\/p>\n<p><span style=\"color: #000000\">\ud83d\udc9a pomaga w leczeniu depresji i niepokoju,\u00a0<\/span><\/p>\n<p><span style=\"color: #000000\">\ud83d\udc9a poprawia sen,\u00a0<\/span><\/p>\n<p><span style=\"color: #000000\">\ud83d\udc9a poprawia funkcjonowanie pami\u0119ci,\u00a0<\/span><\/p>\n<p><span style=\"color: #000000\">\ud83d\udc9a stymuluje uk\u0142ad odporno\u015bciowy,\u00a0<\/span><\/p>\n<p><span style=\"color: #000000\">\ud83d\udc9a ma korzystny wp\u0142yw na ca\u0142y uk\u0142ad nerwowy i wspomaga jego regeneracj\u0119,\u00a0<\/span><\/p>\n<p><span style=\"color: #000000\">\ud83d\udc9a wspomaga i zapobiega chorobom uk\u0142adu sercowo-naczyniowego,\u00a0<\/span><\/p>\n<p><span style=\"color: #000000\">\ud83d\udc9a antybakteryjne.\u00a0<\/span><\/p>\n<h2 align=\"JUSTIFY\"><span style=\"color: #000000\">Co zawiera i dla kogo jest przeznaczony?<\/span><\/h2>\n<p align=\"JUSTIFY\"><span style=\"color: #000000\">Do aktywnych sk\u0142adnik\u00f3w sopl\u00f3wki je\u017cowatej nale\u017c\u0105\u00a0<strong>betaglukany<\/strong>, kt\u00f3re s\u0105 typowe dla grzyb\u00f3w. Tak zwany HEP3 jest jednym z bardziej interesuj\u0105cych farmakologicznie 1-3D-beta glukan\u00f3w. W grzybach znajduj\u0105 si\u0119 r\u00f3wnie\u017c\u00a0<strong>polisacharydy<\/strong> i\u00a0<strong>polipeptydy<\/strong>, <strong>fitosterole<\/strong>, takie jak beta sitosterol i ergosterol, niezb\u0119dne minera\u0142y i <strong>pierwiastki \u015bladowe<\/strong> (Zn, Fe, Se, Ge itd.),\u00a0<strong>niacyna<\/strong>, <strong>biotyna<\/strong> i\u00a0<strong>witamina D<\/strong>.<\/span><\/p>\n<p align=\"JUSTIFY\"><span style=\"color: #000000\">Ze wzgl\u0119du na wysokiej jako\u015bci sk\u0142ad aminokwasowy, pieczarka z\u0105bkowana ma\u00a0<strong>najwy\u017csz\u0105 warto\u015b\u0107 biologiczn\u0105<\/strong> w por\u00f3wnaniu z innymi grzybami jadalnymi (pieczarki bia\u0142e, boczniaki i grzyby shiitake) i dlatego jest\u00a0<strong>dobrym substytutem mi\u0119sa<\/strong> w diecie wegetaria\u0144skiej.<\/span><\/p>\n<p align=\"JUSTIFY\"><span style=\"color: #000000\">Wszystkie sk\u0142adniki zawarte w grzybach wyst\u0119puj\u0105 w du\u017cych ilo\u015bciach i maj\u0105 bardzo pozytywny wp\u0142yw na nasz organizm. Stosowanie grzyba w\u0105satego jest szczeg\u00f3lnie zalecane dla os\u00f3b, kt\u00f3re potrzebuj\u0105 wsparcia dla uk\u0142adu nerwowego i funkcjonowania m\u00f3zgu. Zgodnie z wynikami bada\u0144 naukowych, doskonale sprawdza si\u0119 r\u00f3wnie\u017c w przypadku objaw\u00f3w depresji i niepokoju. Jest r\u00f3wnie\u017c cz\u0119sto stosowany w celu wzmocnienia uk\u0142adu odporno\u015bciowego.\u00a0<\/span><\/p>\n<p align=\"JUSTIFY\"><span style=\"color: #000000\">Niezwykle wa\u017cne jest to, \u017ce sopl\u00f3wka je\u017cowata jest\u00a0<strong>produktem w 100%naturalnym<\/strong>, kt\u00f3ry mo\u017ce nam pom\u00f3c w naturalny spos\u00f3b. Poprawia objawy naszych dolegliwo\u015bci i ma pozytywny wp\u0142yw na nasze og\u00f3lne samopoczucie.<\/span><\/p>\n<h2 align=\"JUSTIFY\"><span style=\"color: #000000\">Dlaczego grzyby?<\/span><\/h2>\n<p align=\"JUSTIFY\"><span style=\"color: #000000\">Grzyby s\u0105 bardzo interesuj\u0105ce. Nie s\u0105 ani ro\u015blinami, ani zwierz\u0119tami, ale z pewno\u015bci\u0105 s\u0105 <strong>niesamowitymi organizmami<\/strong>, kt\u00f3rym uda\u0142o si\u0119 przetrwa\u0107 niemal od pocz\u0105tku \u015bwiata. Opracowa\u0142y one specyficzn\u0105 strategi\u0119 przetrwania, kt\u00f3ra dzia\u0142a do dzi\u015b. A ludzie mog\u0105 czerpa\u0107 z tych korzy\u015bci poprzez spo\u017cywanie grzyb\u00f3w leczniczych. Zapewniaj\u0105 nam r\u00f3wnowag\u0119 na poziomie fizycznym i chroni\u0105 przed wieloma chorobami. Mog\u0105 mie\u0107 charakter <strong>prewencyjny<\/strong>, ale mog\u0105 te\u017c by\u0107\u00a0<strong>pomocniczym \u015brodkiem leczniczym<\/strong> stosowanym jednocze\u015bnie w konwencjonalnych lub innych niekonwencjonalnych metodach leczenia wielu (wsp\u00f3\u0142czesnych) chor\u00f3b. Tradycyjnie przypisuje si\u0119 grzybom dzia\u0142anie w przypadku nowotwor\u00f3w, chor\u00f3b autoimmunologicznych i alergii. S\u0105 one r\u00f3wnie\u017c korzystne dla zdrowego i silnego systemu immunologicznego organizmu. Jednak badania medyczne przeprowadzone w ostatnich dziesi\u0119cioleciach, kiedy to grzyby sta\u0142y si\u0119 przedmiotem zainteresowania w \u015bwiecie zachodnim, potwierdzi\u0142y wiele z ich ma w\u0142a\u015bciwo\u015bci terapeutyczne.<\/span><\/p>\n<p align=\"JUSTIFY\"><span style=\"color: #000000\">Poniewa\u017c niekt\u00f3re naturalne sk\u0142adniki aktywne s\u0105 dla nas trudne do strawienia lub niestrawne, bardzo wa\u017cne jest, aby spo\u017cywa\u0107 tylko najlepsze proszki grzybowe. Grzyby musz\u0105 by\u0107 odpowiednio uprawiane, suszone i przygotowywane. Nale\u017cy je zmieli\u0107 na drobny proszek bez grudek. Kolor proszku jest ja\u015bniejszy, ale zale\u017cy to r\u00f3wnie\u017c od rodzaju grzyb\u00f3w, kt\u00f3re przyjmujesz. Grzyby s\u0105 tak skuteczne w\u0142a\u015bnie dlatego, \u017ce maj\u0105 zdolno\u015b\u0107 wch\u0142aniania wszystkiego &#8211; dobrego i z\u0142ego &#8211; ze \u015brodowiska, wa\u017cne jest, aby u\u017cywa\u0107 grzyb\u00f3w\u00a0<strong>organicznych<\/strong>.<\/span><\/p>\n<h2><span style=\"color: #000000\">Opakowanie<\/span><\/h2>\n<p align=\"JUSTIFY\"><span style=\"color: #000000\">Nieprzepuszczalna torba zamykana na zamek, w kt\u00f3rej produkt zachowuje swoj\u0105 \u015bwie\u017co\u015b\u0107 i aromat. Opakowanie chroni przed \u015bwiat\u0142em i powietrzem, poniewa\u017c sk\u0142ada si\u0119 z kilku warstw ochronnych, kt\u00f3re zachowuj\u0105 w\u0142a\u015bciwo\u015bci zawarto\u015bci.<\/span><\/p>\n<p align=\"JUSTIFY\"><span style=\"color: #000000\">Opakowanie jest bardzo praktyczne i nadaje si\u0119 do recyklingu.<\/span><\/p>\n<h2><span style=\"color: #000000\">Przechowywanie i ostrze\u017cenia<\/span><\/h2>\n<p align=\"JUSTIFY\"><span style=\"color: #000000\">Przechowywa\u0107 w ch\u0142odnym, suchym miejscu. Suplement diety nale\u017cy przechowywa\u0107 w miejscu niedost\u0119pnym dla dzieci!<\/span><\/p>\n<p align=\"JUSTIFY\"><span style=\"color: #000000\">Pami\u0119taj o zr\u00f3\u017cnicowanej diecie i zdrowym trybie \u017cycia &#8211; suplement diety nie mo\u017ce zast\u0105pi\u0107 zr\u00f3wnowa\u017conej i zr\u00f3\u017cnicowanej diety. Nie nale\u017cy przekracza\u0107 zalecanej dawki dziennej. Kobietom w ci\u0105\u017cy i karmi\u0105cym piersi\u0105 zaleca si\u0119 zawsze skonsultowanie si\u0119 z lekarzem przed zastosowaniem preparatu.<\/span><\/p>\n<h2><span style=\"color: #000000\">Przydatne informacje<\/span><\/h2>\n<p align=\"JUSTIFY\"><span style=\"color: #000000\">Produkt jest odpowiedni r\u00f3wnie\u017c dla zwierz\u0105t. W wi\u0119kszo\u015bci przypadk\u00f3w grzyby lecznicze okazuj\u0105 si\u0119 niezwykle skuteczne we wzmacnianiu uk\u0142adu odporno\u015bciowego, leczeniu alergii i chor\u00f3b sk\u00f3ry, a tak\u017ce infekcji wirusowych i bakteryjnych. Przed zastosowaniem preparatu nale\u017cy skonsultowa\u0107 si\u0119 z lekarzem weterynarii w celu ustalenia podawania preparatu oraz zalecanej dziennej dawki.<\/span><\/p>\n<h2><span style=\"color: #000000\">Kraj pochodzenia<\/span><\/h2>\n<p align=\"JUSTIFY\"><span style=\"color: #000000\">UE<\/span><\/p>\n","protected":false},"excerpt":{"rendered":"<p align=\"JUSTIFY\"><strong>Sopl\u00f3wka je\u017cowata (Hericium erinaceus)<\/strong> jest niezwykle smacznym i cenionym grzybem zar\u00f3wno jadalnym, jak i leczniczym. Ro\u015bnie na drewnie powalonych drzew, g\u0142\u00f3wnie na p\u00f3\u0142kuli p\u00f3\u0142nocnej (Europa, wschodnia Azja, Ameryka P\u00f3\u0142nocna). Ma charakterystyczny kszta\u0142t i faktur\u0119, przypominaj\u0105c\u0105 brod\u0119, a tak\u017ce lwi\u0105 grzyw\u0119. Jest bardzo ceniony w medycynie tradycyjnej za swoje dzia\u0142anie i nazywany <strong>&#8222;pokarmem natury dla neuron\u00f3w&#8221;<\/strong>.<\/p>\n<p>\ud83d\udc9a przeciwutleniacz,<\/p>\n<p>\ud83d\udc9a pomaga w leczeniu depresji i niepokoju,<\/p>\n<p>\ud83d\udc9a poprawia sen,<\/p>\n<p>\ud83d\udc9a poprawia funkcjonowanie pami\u0119ci.<\/p>\n","protected":false},"featured_media":5901,"comment_status":"open","ping_status":"closed","template":"","meta":{"_acf_changed":false},"product_brand":[],"product_cat":[15,227,226,224,225],"product_tag":[],"class_list":{"0":"post-5963","1":"product","2":"type-product","3":"status-publish","4":"has-post-thumbnail","6":"product_cat-uncategorized","7":"product_cat-grzyby-lecznicze","8":"product_cat-najlepiej-sprzedajacy-sie","9":"product_cat-oferta","10":"product_cat-wszystkie-produkty","12":"first","13":"instock","14":"sale","15":"taxable","16":"shipping-taxable","17":"purchasable","18":"product-type-simple"},"acf":[],"_links":{"self":[{"href":"https:\/\/fengchashop.com\/pl\/wp-json\/wp\/v2\/product\/5963","targetHints":{"allow":["GET"]}}],"collection":[{"href":"https:\/\/fengchashop.com\/pl\/wp-json\/wp\/v2\/product"}],"about":[{"href":"https:\/\/fengchashop.com\/pl\/wp-json\/wp\/v2\/types\/product"}],"replies":[{"embeddable":true,"href":"https:\/\/fengchashop.com\/pl\/wp-json\/wp\/v2\/comments?post=5963"}],"wp:featuredmedia":[{"embeddable":true,"href":"https:\/\/fengchashop.com\/pl\/wp-json\/wp\/v2\/media\/5901"}],"wp:attachment":[{"href":"https:\/\/fengchashop.com\/pl\/wp-json\/wp\/v2\/media?parent=5963"}],"wp:term":[{"taxonomy":"product_brand","embeddable":true,"href":"https:\/\/fengchashop.com\/pl\/wp-json\/wp\/v2\/product_brand?post=5963"},{"taxonomy":"product_cat","embeddable":true,"href":"https:\/\/fengchashop.com\/pl\/wp-json\/wp\/v2\/product_cat?post=5963"},{"taxonomy":"product_tag","embeddable":true,"href":"https:\/\/fengchashop.com\/pl\/wp-json\/wp\/v2\/product_tag?post=5963"}],"curies":[{"name":"wp","href":"https:\/\/api.w.org\/{rel}","templated":true}]}}