{"id":3995,"date":"2025-03-11T17:45:54","date_gmt":"2025-03-11T16:45:54","guid":{"rendered":"https:\/\/test-fengcha.dweb.si\/?page_id=3995"},"modified":"2025-08-25T18:05:10","modified_gmt":"2025-08-25T16:05:10","slug":"hurtownia","status":"publish","type":"page","link":"https:\/\/fengchashop.com\/pl\/hurtownia\/","title":{"rendered":"Hurtownia"},"content":{"rendered":"<div class=\"wpb-content-wrapper\"><p>[vc_row][vc_column][vc_row_inner][vc_column_inner][vc_column_text css=&#8221;&#8221;]<\/p>\r\n<p>Oferujemy mo\u017cliwo\u015b\u0107 dostarczania wysokiej jako\u015bci produkt\u00f3w z kategorii suplement\u00f3w diety, herbat, przypraw, superfoods, kawy i kakao:<\/p>\r\n\r\n<p>&nbsp;<\/p>\r\n\r\n<ul class=\"wp-block-list\">\r\n<li>do sklep\u00f3w spo\u017cywczych,<\/li>\r\n<li>do restauracji i hoteli,<\/li>\r\n<\/ul>\r\n\r\n<p>&nbsp;<\/p>\r\n\r\n<ul class=\"wp-block-list\">\r\n<li>do centr\u00f3w odnowy biologicznej i fitness,<\/li>\r\n<li>do sklep\u00f3w internetowych.<\/li>\r\n<\/ul>\r\n\r\n<p>&nbsp;<\/p>\r\n\r\n<p><strong><br \/>Aby uzyska\u0107 wi\u0119cej informacji, prosimy o kontakt pod adresem\u00a0<a href=\"mailto:info@fengcha.si\">info@fengchashop.com<\/a><\/strong><\/p>\r\n<p>[\/vc_column_text][\/vc_column_inner][\/vc_row_inner][\/vc_column][\/vc_row]<\/p><\/div>","protected":false},"excerpt":{"rendered":"<p>[vc_row][vc_column][vc_row_inner][vc_column_inner][vc_column_text css=&#8221;&#8221;] Oferujemy mo\u017cliwo\u015b\u0107 dostarczania wysokiej jako\u015bci produkt\u00f3w z kategorii suplement\u00f3w diety, herbat, przypraw, superfoods, kawy i kakao: &nbsp; do sklep\u00f3w spo\u017cywczych, do restauracji i hoteli, &nbsp; do centr\u00f3w odnowy biologicznej i fitness, do sklep\u00f3w internetowych. &nbsp; Aby uzyska\u0107 wi\u0119cej informacji, prosimy o kontakt pod adresem\u00a0info@fengchashop.com [\/vc_column_text][\/vc_column_inner][\/vc_row_inner][\/vc_column][\/vc_row]<\/p>\n","protected":false},"author":2,"featured_media":0,"parent":0,"menu_order":0,"comment_status":"closed","ping_status":"closed","template":"page-visual-composer.php","meta":{"_acf_changed":false,"footnotes":""},"class_list":["post-3995","page","type-page","status-publish","hentry"],"acf":[],"_links":{"self":[{"href":"https:\/\/fengchashop.com\/pl\/wp-json\/wp\/v2\/pages\/3995","targetHints":{"allow":["GET"]}}],"collection":[{"href":"https:\/\/fengchashop.com\/pl\/wp-json\/wp\/v2\/pages"}],"about":[{"href":"https:\/\/fengchashop.com\/pl\/wp-json\/wp\/v2\/types\/page"}],"author":[{"embeddable":true,"href":"https:\/\/fengchashop.com\/pl\/wp-json\/wp\/v2\/users\/2"}],"replies":[{"embeddable":true,"href":"https:\/\/fengchashop.com\/pl\/wp-json\/wp\/v2\/comments?post=3995"}],"version-history":[{"count":4,"href":"https:\/\/fengchashop.com\/pl\/wp-json\/wp\/v2\/pages\/3995\/revisions"}],"predecessor-version":[{"id":6524,"href":"https:\/\/fengchashop.com\/pl\/wp-json\/wp\/v2\/pages\/3995\/revisions\/6524"}],"wp:attachment":[{"href":"https:\/\/fengchashop.com\/pl\/wp-json\/wp\/v2\/media?parent=3995"}],"curies":[{"name":"wp","href":"https:\/\/api.w.org\/{rel}","templated":true}]}}