{"id":3991,"date":"2025-03-11T17:42:37","date_gmt":"2025-03-11T16:42:37","guid":{"rendered":"https:\/\/test-fengcha.dweb.si\/?page_id=3991"},"modified":"2025-08-25T18:03:58","modified_gmt":"2025-08-25T16:03:58","slug":"kim-jestesmy-i-do-czego-dazymy","status":"publish","type":"page","link":"https:\/\/fengchashop.com\/pl\/kim-jestesmy-i-do-czego-dazymy\/","title":{"rendered":"Kim jeste\u015bmy i do czego d\u0105\u017cymy?"},"content":{"rendered":"<div class=\"wpb-content-wrapper\"><p>[vc_row][vc_column][vc_column_text css=&#8221;&#8221;]<\/p>\r\n<p>Zaczynali\u015bmy od sprzeda\u017cy herbat. Mamy tu na my\u015bli niezwyk\u0142e (prawdziwe) herbaty, kt\u00f3rych nam, mi\u0142o\u015bnikom, zawsze brakowa\u0142o w ofercie s\u0142owe\u0144skiego rynku. Nadal prowadzimy sprzeda\u017c herbat, oferuj\u0105c wy\u0142\u0105cznie herbaty najlepszej jako\u015bci,<strong> pe\u0142ne aromatu<\/strong>,<strong> \u015bwie\u017co\u015bci <\/strong>i<strong> bogatego smaku<\/strong>. Jednak z biegiem lat systematycznie rozszerzali\u015bmy nasz\u0105 ofert\u0119 produkt\u00f3w, dostosowuj\u0105c j\u0105 do potrzeb rynku. Najpierw pachn\u0105ce <strong>przyprawy<\/strong>, <strong>kakao<\/strong> i <strong>kawa<\/strong>, a tak\u017ce oczywi\u015bcie produkty znane jako <strong>superfoods<\/strong>. Poniewa\u017c potrzeby i preferencje klient\u00f3w zmieniaj\u0105 si\u0119, zawsze staramy si\u0119 oferowa\u0107 co\u015b nowego. Jednocze\u015bnie utrzymujemy w ofercie popularne produkty. W ostatnim czasie staramy si\u0119 oferowa\u0107 jak najszersz\u0105 gam\u0119 produkt\u00f3w z kategorii <strong>\u017cywno\u015bci<\/strong> i <strong>suplement\u00f3w diety<\/strong>, kt\u00f3re w przemy\u015blany spos\u00f3b uzupe\u0142niamy w naszej ofercie.<\/p>\r\n\r\n<p>&nbsp;<\/p>\r\n\r\n<p><strong>Opr\u00f3cz wysokiej jako\u015bci produkt\u00f3w znajdziesz tu r\u00f3wnie\u017c pomys\u0142y i wskaz\u00f3wki dotycz\u0105ce zdrowszego trybu \u017cycia.<\/strong><\/p>\r\n\r\n<p>&nbsp;<\/p>\r\n\r\n<p>Poniewa\u017c od ponad 10 lat (od 2010 r.) zajmujemy si\u0119 herbatami i innymi produktami spo\u017cywczymi z naszej szerokiej oferty, mamy szczeg\u00f3lne wyczucie jako\u015bci naszych produkt\u00f3w spo\u017cywczych, dlatego te\u017c <strong>znajdziesz u nas tylko najlepsze smaki <\/strong>i <strong>produkty na d\u0142ugie <\/strong>i<strong> zdrowe \u017cycie<\/strong>. Ze wzgl\u0119du na wsp\u00f3\u0142czesne trendy i znaczenie zdrowej diety, w miar\u0119 mo\u017cliwo\u015bci do naszej oferty do\u0142\u0105czamy wy\u0142\u0105cznie produkty pochodz\u0105ce z <strong>produkcji ekologicznej<\/strong>.\u00a0<\/p>\r\n\r\n<p>&nbsp;<\/p>\r\n\r\n<h2 class=\"wp-block-heading\"><strong>W sk\u0142ad zespo\u0142u Feng Cha wchodz\u0105<\/strong><\/h2>\r\n\r\n<p>&nbsp;<\/p>\r\n\r\n<ul class=\"wp-block-list\">\r\n<li style=\"list-style-type: none;\">\r\n<ul>\r\n<li><strong>Layla H\u00f6nn<\/strong> &#8211; dyrektor<\/li>\r\n<\/ul>\r\n<\/li>\r\n<\/ul>\r\n\r\n<p>&nbsp;<\/p>\r\n\r\n<ul class=\"wp-block-list\">\r\n<li style=\"list-style-type: none;\">\r\n<ul>\r\n<li><strong>Miha H\u00f6nn<\/strong> &#8211; za\u0142o\u017cyciel<\/li>\r\n<\/ul>\r\n<\/li>\r\n<\/ul>\r\n\r\n<p>&nbsp;<\/p>\r\n\r\n<ul class=\"wp-block-list\">\r\n<li style=\"list-style-type: none;\">\r\n<ul>\r\n<li><strong><strong>Selma Seyoun Simon\u010di\u010d<\/strong><\/strong> &#8211; marketing cyfrowy<\/li>\r\n<\/ul>\r\n<\/li>\r\n<\/ul>\r\n\r\n<p>&nbsp;<\/p>\r\n\r\n<p>FENG CHA d.o.o.<\/p>\r\n\r\n<p>&nbsp;<\/p>\r\n\r\n<p>Rej\u010deva ulica 5<\/p>\r\n\r\n<p>&nbsp;<\/p>\r\n\r\n<p>5000 Nova Gorica<\/p>\r\n\r\n<p>&nbsp;<\/p>\r\n\r\n<p>Slovenija \u2013 EU<\/p>\r\n\r\n<p>&nbsp;<\/p>\r\n\r\n<p>VAT: SI77642562<\/p>\r\n\r\n<p>&nbsp;<\/p>\r\n\r\n<p>Email:\u00a0<a href=\"mailto:info@fengchashop.com\" target=\"_blank\" rel=\"noreferrer noopener\">info@fengchashop.com<\/a><\/p>\r\n\r\n<p>&nbsp;<\/p>\r\n\r\n<p>Web shops:<\/p>\r\n\r\n<p>&nbsp;<\/p>\r\n\r\n<p><a href=\"http:\/\/fengchashop.com\/\" target=\"_blank\" rel=\"noreferrer noopener\">fengchashop.com<\/a><\/p>\r\n\r\n<p>&nbsp;<\/p>\r\n\r\n<p><a href=\"https:\/\/pl.fengchashop.com\/\">pl.fengchashop.com<\/a><\/p>\r\n\r\n<p>&nbsp;<\/p>\r\n\r\n<p>&nbsp;<\/p>\r\n\r\n<p><img decoding=\"async\" class=\"size-medium wp-image-3992\" src=\"https:\/\/fengchashop.com\/pl\/wp-content\/uploads\/2025\/03\/Prodaja-po-Evropi-333x300.jpg\" alt=\"\" width=\"333\" height=\"300\" srcset=\"https:\/\/fengchashop.com\/pl\/wp-content\/uploads\/2025\/03\/Prodaja-po-Evropi-333x300.jpg 333w, https:\/\/fengchashop.com\/pl\/wp-content\/uploads\/2025\/03\/Prodaja-po-Evropi-595x536.jpg 595w, https:\/\/fengchashop.com\/pl\/wp-content\/uploads\/2025\/03\/Prodaja-po-Evropi-150x135.jpg 150w, https:\/\/fengchashop.com\/pl\/wp-content\/uploads\/2025\/03\/Prodaja-po-Evropi-768x691.jpg 768w, https:\/\/fengchashop.com\/pl\/wp-content\/uploads\/2025\/03\/Prodaja-po-Evropi-1536x1382.jpg 1536w, https:\/\/fengchashop.com\/pl\/wp-content\/uploads\/2025\/03\/Prodaja-po-Evropi-2048x1843.jpg 2048w, https:\/\/fengchashop.com\/pl\/wp-content\/uploads\/2025\/03\/Prodaja-po-Evropi-450x405.jpg 450w, https:\/\/fengchashop.com\/pl\/wp-content\/uploads\/2025\/03\/Prodaja-po-Evropi-350x315.jpg 350w\" sizes=\"(max-width: 333px) 100vw, 333px\" \/><\/p>\r\n<p><!-- \/wp:post-content -->\u00a0<\/p>\r\n<p>[\/vc_column_text][\/vc_column][\/vc_row]<\/p><\/div>","protected":false},"excerpt":{"rendered":"<p>[vc_row][vc_column][vc_column_text css=&#8221;&#8221;] Zaczynali\u015bmy od sprzeda\u017cy herbat. Mamy tu na my\u015bli niezwyk\u0142e (prawdziwe) herbaty, kt\u00f3rych nam, mi\u0142o\u015bnikom, zawsze brakowa\u0142o w ofercie s\u0142owe\u0144skiego rynku. Nadal prowadzimy sprzeda\u017c herbat, oferuj\u0105c wy\u0142\u0105cznie herbaty najlepszej jako\u015bci, pe\u0142ne aromatu, \u015bwie\u017co\u015bci i bogatego smaku. Jednak z biegiem lat systematycznie rozszerzali\u015bmy nasz\u0105 ofert\u0119 produkt\u00f3w, dostosowuj\u0105c j\u0105 do potrzeb rynku. Najpierw pachn\u0105ce przyprawy, kakao [&hellip;]<\/p>\n","protected":false},"author":2,"featured_media":0,"parent":0,"menu_order":0,"comment_status":"closed","ping_status":"closed","template":"page-visual-composer.php","meta":{"_acf_changed":false,"footnotes":""},"class_list":["post-3991","page","type-page","status-publish","hentry"],"acf":[],"_links":{"self":[{"href":"https:\/\/fengchashop.com\/pl\/wp-json\/wp\/v2\/pages\/3991","targetHints":{"allow":["GET"]}}],"collection":[{"href":"https:\/\/fengchashop.com\/pl\/wp-json\/wp\/v2\/pages"}],"about":[{"href":"https:\/\/fengchashop.com\/pl\/wp-json\/wp\/v2\/types\/page"}],"author":[{"embeddable":true,"href":"https:\/\/fengchashop.com\/pl\/wp-json\/wp\/v2\/users\/2"}],"replies":[{"embeddable":true,"href":"https:\/\/fengchashop.com\/pl\/wp-json\/wp\/v2\/comments?post=3991"}],"version-history":[{"count":6,"href":"https:\/\/fengchashop.com\/pl\/wp-json\/wp\/v2\/pages\/3991\/revisions"}],"predecessor-version":[{"id":6522,"href":"https:\/\/fengchashop.com\/pl\/wp-json\/wp\/v2\/pages\/3991\/revisions\/6522"}],"wp:attachment":[{"href":"https:\/\/fengchashop.com\/pl\/wp-json\/wp\/v2\/media?parent=3991"}],"curies":[{"name":"wp","href":"https:\/\/api.w.org\/{rel}","templated":true}]}}