{"id":3987,"date":"2025-03-11T17:29:15","date_gmt":"2025-03-11T16:29:15","guid":{"rendered":"https:\/\/test-fengcha.dweb.si\/?page_id=3987"},"modified":"2025-09-15T08:34:07","modified_gmt":"2025-09-15T06:34:07","slug":"dostawa-platnosc","status":"publish","type":"page","link":"https:\/\/fengchashop.com\/pl\/dostawa-platnosc\/","title":{"rendered":"Dostawa &#8211; P\u0142atno\u015b\u0107"},"content":{"rendered":"<div class=\"wpb-content-wrapper\"><p>[vc_row][vc_column][vc_row_inner][vc_column_inner][vc_column_text css=&#8221;&#8221;]<\/p>\r\n<h2 class=\"wp-block-heading\">Jaki jest koszt wysy\u0142ki?<\/h2>\r\n<p>\u00a0<\/p>\r\n\r\n<ul class=\"wp-block-list\">\r\n<li style=\"list-style-type: none;\">\r\n<ul>\r\n<li>Dostawa kurierem GLS: przy zakupach <strong>do 198,99 z\u0142<\/strong> op\u0142ata za<strong> przesy\u0142k\u0119<\/strong> wynosi<strong> 15,00 z\u0142<\/strong>.<\/li>\r\n<\/ul>\r\n<\/li>\r\n<\/ul>\r\n\r\n<p>\u00a0<\/p>\r\n\r\n<ul class=\"wp-block-list\">\r\n<li style=\"list-style-type: none;\">\r\n<ul>\r\n<li>Dostawa kurierem In Post: w przypadku zakup\u00f3w o warto\u015bci <strong>do 198,99 z\u0142<\/strong> op\u0142ata za <strong>przesy\u0142k\u0119<\/strong> wynosi <strong>15,00 z\u0142<\/strong>.<\/li>\r\n<\/ul>\r\n<\/li>\r\n<\/ul>\r\n\r\n<p>\u00a0<\/p>\r\n\r\n<ul class=\"wp-block-list\">\r\n<li style=\"list-style-type: none;\">\r\n<ul>\r\n<li>Przy zakupach <strong>powy\u017cej 199,00 z\u0142<\/strong> oferujemy <strong>bezp\u0142atn\u0105 wysy\u0142k\u0119<\/strong>.<\/li>\r\n<\/ul>\r\n<\/li>\r\n<\/ul>\r\n\r\n<p>\u00a0<\/p>\r\n<p><strong>Darmowa wysy\u0142ka przy zakupach powy\u017cej 199,00 z\u0142<\/strong><\/p>\r\n<p>\u00a0<\/p>\r\n\r\n<h2 class=\"wp-block-heading\">Jak mog\u0119 zap\u0142aci\u0107?<\/h2>\r\n<p>\u00a0<\/p>\r\n\r\n<h4 class=\"wp-block-heading\">P\u0142atno\u015b\u0107 za pobraniem<\/h4>\r\n<p>\u00a0<\/p>\r\n<p>Mo\u017cliwa jest p\u0142atno\u015b\u0107 za pobraniem lub kart\u0105 kredytow\u0105.<\/p>\r\n<p>\u00a0<\/p>\r\n\r\n<h4 class=\"wp-block-heading\">PayPal<\/h4>\r\n<p>\u00a0<\/p>\r\n<p>Kar<strong>ta kredytowa<\/strong><\/p>\r\n<p>\u00a0<\/p>\r\n\r\n<h2 class=\"wp-block-heading\">Jak dokona\u0107 zakupu?<\/h2>\r\n<p>\u00a0<\/p>\r\n\r\n<ul class=\"wp-block-list\">\r\n<li style=\"list-style-type: none;\">\r\n<ul>\r\n<li>W <strong>trzech prostych krokach:<\/strong> dodanie produkt\u00f3w do koszyka, potwierdzenie zakupu i wype\u0142nienie prostych formularzy.<\/li>\r\n\r\n\r\n\r\n<li>Poczt\u0105 elektroniczn\u0105:<strong> info@fengchashop.com<\/strong><\/li>\r\n<\/ul>\r\n<\/li>\r\n<\/ul>\r\n\r\n<p>\u00a0<\/p>\r\n\r\n<h2 class=\"wp-block-heading\">Kiedy otrzymam przesy\u0142k\u0119?<\/h2>\r\n<p>\u00a0<\/p>\r\n\r\n<ul class=\"wp-block-list\">\r\n<li style=\"list-style-type: none;\">\r\n<ul>\r\n<li>Wszystkie zam\u00f3wienia z\u0142o\u017cone przed godzin\u0105 10:00 s\u0105 wysy\u0142ane tego samego dnia roboczego. Przesy\u0142ka powinna dotrze\u0107 na adres odbiorcy w ci\u0105gu kilku dni.<\/li>\r\n\r\n\r\n\r\n<li>Je\u015bli wyj\u0105tkowo nie mamy zam\u00f3wionego produktu, poinformujemy Ci\u0119 e-mailem, kiedy mo\u017cesz spodziewa\u0107 si\u0119 dostawy.<\/li>\r\n\r\n\r\n\r\n<li>Wszystkie przesy\u0142ki s\u0105 niezawodnie dostarczane przez GLS lub In Post.<\/li>\r\n<\/ul>\r\n<\/li>\r\n<\/ul>\r\n\r\n<p>\u00a0<\/p>\r\n<p><strong>Niezawodna i szybka dostawa GLS lub In Post <strong>kurierem<\/strong>.<\/strong><\/p>\r\n\r\n<p>&nbsp;<\/p>\r\n<p>[\/vc_column_text][\/vc_column_inner][\/vc_row_inner][\/vc_column][\/vc_row]<\/p><\/div>","protected":false},"excerpt":{"rendered":"<p>[vc_row][vc_column][vc_row_inner][vc_column_inner][vc_column_text css=&#8221;&#8221;] Jaki jest koszt wysy\u0142ki? \u00a0 \u00a0 \u00a0 \u00a0 Darmowa wysy\u0142ka przy zakupach powy\u017cej 199,00 z\u0142 \u00a0 Jak mog\u0119 zap\u0142aci\u0107? \u00a0 P\u0142atno\u015b\u0107 za pobraniem \u00a0 Mo\u017cliwa jest p\u0142atno\u015b\u0107 za pobraniem lub kart\u0105 kredytow\u0105. \u00a0 PayPal \u00a0 Karta kredytowa \u00a0 Jak dokona\u0107 zakupu? \u00a0 \u00a0 Kiedy otrzymam przesy\u0142k\u0119? \u00a0 \u00a0 Niezawodna i szybka dostawa GLS [&hellip;]<\/p>\n","protected":false},"author":2,"featured_media":0,"parent":0,"menu_order":0,"comment_status":"closed","ping_status":"closed","template":"","meta":{"_acf_changed":false,"footnotes":""},"class_list":["post-3987","page","type-page","status-publish","hentry"],"acf":[],"_links":{"self":[{"href":"https:\/\/fengchashop.com\/pl\/wp-json\/wp\/v2\/pages\/3987","targetHints":{"allow":["GET"]}}],"collection":[{"href":"https:\/\/fengchashop.com\/pl\/wp-json\/wp\/v2\/pages"}],"about":[{"href":"https:\/\/fengchashop.com\/pl\/wp-json\/wp\/v2\/types\/page"}],"author":[{"embeddable":true,"href":"https:\/\/fengchashop.com\/pl\/wp-json\/wp\/v2\/users\/2"}],"replies":[{"embeddable":true,"href":"https:\/\/fengchashop.com\/pl\/wp-json\/wp\/v2\/comments?post=3987"}],"version-history":[{"count":5,"href":"https:\/\/fengchashop.com\/pl\/wp-json\/wp\/v2\/pages\/3987\/revisions"}],"predecessor-version":[{"id":6566,"href":"https:\/\/fengchashop.com\/pl\/wp-json\/wp\/v2\/pages\/3987\/revisions\/6566"}],"wp:attachment":[{"href":"https:\/\/fengchashop.com\/pl\/wp-json\/wp\/v2\/media?parent=3987"}],"curies":[{"name":"wp","href":"https:\/\/api.w.org\/{rel}","templated":true}]}}