{"id":3753,"date":"2024-07-19T11:51:59","date_gmt":"2024-07-19T09:51:59","guid":{"rendered":"https:\/\/minetrada.dweb.si\/?page_id=3753"},"modified":"2026-01-21T20:47:39","modified_gmt":"2026-01-21T19:47:39","slug":"zasady-i-warunki","status":"publish","type":"page","link":"https:\/\/fengchashop.com\/pl\/zasady-i-warunki\/","title":{"rendered":"Zasady i warunki"},"content":{"rendered":"<div class=\"wpb-content-wrapper\"><p>[vc_row][vc_column][vc_row_inner][vc_column_inner][vc_column_text css=&#8221;&#8221;]<\/p>\r\n<h2 class=\"wp-block-heading\">Og\u00f3lne warunki i zasady sklepu internetowego Feng cha<\/h2>\r\n<p><!-- \/wp:post-content -->\u00a0<\/p>\r\n<p><!-- wp:paragraph -->Og\u00f3lne warunki i zasady dotycz\u0105 funkcjonowania sklepu internetowego Fengcha.si, praw u\u017cytkownika oraz stosunk\u00f3w handlowych mi\u0119dzy firm\u0105 a klientem.<\/p>\r\n<p><!-- \/wp:paragraph -->\u00a0<\/p>\r\n<p><!-- wp:paragraph -->Jako kupuj\u0105cemu przys\u0142uguj\u0105 Ci wszystkie prawa wynikaj\u0105ce z Ustawy o ochronie konsument\u00f3w.<\/p>\r\n<p><!-- \/wp:paragraph -->\u00a0<\/p>\r\n<!-- wp:heading -->\r\n<h2 class=\"wp-block-heading\">Dost\u0119p do informacji<\/h2>\r\n<p><!-- \/wp:heading -->\u00a0<\/p>\r\n<p><!-- wp:paragraph -->Dostawca zobowi\u0105zuje si\u0119 do przekazywania Kupuj\u0105cemu w ka\u017cdym czasie nast\u0119puj\u0105cych informacji:<\/p>\r\n<p><!-- \/wp:paragraph -->\u00a0<\/p>\r\n<p><!-- wp:paragraph -->&#8211; to\u017csamo\u015b\u0107 osoby prawnej,<\/p>\r\n<p><!-- \/wp:paragraph -->\u00a0<\/p>\r\n<p><!-- wp:paragraph -->&#8211; adresy kontaktowe, aby umo\u017cliwi\u0107 szybk\u0105 i skuteczn\u0105 komunikacj\u0119,<\/p>\r\n<p><!-- \/wp:paragraph -->\u00a0<\/p>\r\n<p><!-- wp:paragraph -->&#8211; dostarczalno\u015b\u0107 produkt\u00f3w,<\/p>\r\n<p><!-- \/wp:paragraph -->\u00a0<\/p>\r\n<p><!-- wp:paragraph -->&#8211; warunki dostawy produktu lub us\u0142ugi (spos\u00f3b, miejsce i czas dostawy),<\/p>\r\n<p><!-- \/wp:paragraph -->\u00a0<\/p>\r\n<p><!-- wp:paragraph -->&#8211; spos\u00f3b p\u0142atno\u015bci i dostawy,<\/p>\r\n<p><!-- \/wp:paragraph -->\u00a0<\/p>\r\n<p><!-- wp:paragraph -->&#8211; czas wa\u017cno\u015bci oferty,<\/p>\r\n<p><!-- \/wp:paragraph -->\u00a0<\/p>\r\n<p><!-- wp:paragraph -->&#8211; termin, w kt\u00f3rym mo\u017cna odst\u0105pi\u0107 od umowy, oraz warunki od jej odst\u0105pienia; ponadto koszty zwrotu produktu poniesione przez kupuj\u0105cego,<\/p>\r\n<p><!-- \/wp:paragraph -->\u00a0<\/p>\r\n<p><!-- wp:paragraph -->&#8211; procedura sk\u0142adania skarg, w tym podanie pe\u0142nych danych osoby kontaktowej lub dzia\u0142u obs\u0142ugi klienta.<\/p>\r\n<p><!-- \/wp:paragraph -->\u00a0<\/p>\r\n<!-- wp:heading -->\r\n<h2 class=\"wp-block-heading\">Dane osoby prawnej (dostawcy):<\/h2>\r\n<p><!-- \/wp:heading -->\u00a0<\/p>\r\n<p><!-- wp:paragraph -->FENG CHA d.o.o.<\/p>\r\n<p><!-- \/wp:paragraph -->\u00a0<\/p>\r\n<p><!-- wp:paragraph -->Rej\u010deva ulica 5<\/p>\r\n<p><!-- \/wp:paragraph -->\u00a0<\/p>\r\n<p><!-- wp:paragraph -->5000 Nova Gorica<\/p>\r\n<p><!-- \/wp:paragraph -->\u00a0<\/p>\r\n<p><!-- wp:paragraph -->S\u0142owenia &#8211; UE<\/p>\r\n<p><!-- \/wp:paragraph -->\u00a0<\/p>\r\n<p><!-- wp:paragraph -->Numer rejestracyjny: 6815014000<\/p>\r\n<p><!-- \/wp:paragraph -->\u00a0<\/p>\r\n<p><!-- wp:paragraph -->Numer identyfikacji podatkowej: SI77642562<\/p>\r\n<p><!-- \/wp:paragraph -->\u00a0<\/p>\r\n<p><!-- wp:paragraph -->E-mail: <a href=\"mailto:info@fengchashop.com\" target=\"_blank\" rel=\"noopener\">info@fengchashop.com<\/a>\u00a0<\/p>\r\n<p><!-- \/wp:paragraph -->\u00a0<\/p>\r\n<!-- wp:heading -->\r\n<h2 class=\"wp-block-heading\">Op\u0142ata za dostaw\u0119<\/h2>\r\n<p><!-- \/wp:heading -->\u00a0<\/p>\r\n<p><!-- wp:paragraph -->DOSTAWA ZA PO\u015aREDNICTWEM GLS lub IN POST<\/p>\r\n<p><!-- \/wp:paragraph -->\u00a0<\/p>\r\n<p><!-- wp:paragraph -->W przypadku zakup\u00f3w o warto\u015bci do 189,99 z\u0142 op\u0142ata za dostaw\u0119 wynosi 15,00 z\u0142.<\/p>\r\n<p><!-- \/wp:paragraph -->\u00a0<\/p>\r\n<p><!-- wp:paragraph -->W przypadku zakup\u00f3w o warto\u015bci powy\u017cej 199,00 z\u0142 dostawa jest bezp\u0142atna.<\/p>\r\n<p><!-- \/wp:paragraph -->\u00a0<\/p>\r\n<!-- wp:heading -->\r\n<h2 class=\"wp-block-heading\">Procedura zakupu<\/h2>\r\n<p><!-- \/wp:heading -->\u00a0<\/p>\r\n<p><!-- wp:paragraph -->Po wybraniu produkt\u00f3w u\u017cytkownik wprowadza swoje dane i potwierdza zam\u00f3wienie, a nast\u0119pnie zostaje ono z\u0142o\u017cone. Podsumowanie i dalsze instrukcje dotycz\u0105ce p\u0142atno\u015bci otrzymasz poczt\u0105 elektroniczn\u0105. Dostawca sprawdza nast\u0119pnie dost\u0119pno\u015b\u0107 produkt\u00f3w i powiadamia nabywc\u0119 o ewentualnych brakach. Firma zastrzega sobie prawo do skontaktowania si\u0119 z klientem pod podanym przez niego numerem telefonu kontaktowego, je\u015bli zajdzie taka potrzeba. Umowa pomi\u0119dzy klientem a firm\u0105 na zakup zam\u00f3wionych przedmiot\u00f3w zostaje nieodwo\u0142alnie zawarta w momencie otrzymania przez klienta potwierdzenia poczt\u0105 elektroniczn\u0105 (adres e-mail).<\/p>\r\n<p><!-- \/wp:paragraph -->\u00a0<\/p>\r\n<!-- wp:heading -->\r\n<h2 class=\"wp-block-heading\">Dostawa<\/h2>\r\n<p><!-- \/wp:heading -->\u00a0<\/p>\r\n<p><!-- wp:paragraph -->Zobowi\u0105zujemy si\u0119 do dostarczenia towaru w mo\u017cliwie najkr\u00f3tszym czasie. Towary zostan\u0105 wys\u0142ane tego samego dnia roboczego, je\u015bli zam\u00f3wienie zostanie z\u0142o\u017cone do godziny 10 rano. Je\u015bli kt\u00f3regokolwiek z zam\u00f3wionych produkt\u00f3w nie ma w magazynie, przesy\u0142ka zostanie wys\u0142ana w mo\u017cliwie najkr\u00f3tszym czasie, gdy tylko produkty te b\u0119d\u0105 ponownie dost\u0119pne.<\/p>\r\n<p><!-- \/wp:paragraph -->\u00a0<\/p>\r\n<p><!-- wp:paragraph -->Zam\u00f3wione towary zostan\u0105 dostarczone za po\u015brednictwem firmy kurierskiej GLS lub In Post. Dostawa jest realizowana na adres podany podczas sk\u0142adania zam\u00f3wienia.<\/p>\r\n<p><!-- \/wp:paragraph -->\u00a0<\/p>\r\n<p><!-- wp:paragraph -->Je\u015bli w momencie dor\u0119czenia przesy\u0142ki nie b\u0119dzie Ci\u0119 w domu, kurier pozostawi awizo, aby\u015b m\u00f3g\u0142 odebra\u0107 towar w najbli\u017cszym biurze GLS.<\/p>\r\n<p><!-- \/wp:paragraph -->\u00a0<\/p>\r\n<!-- wp:heading -->\r\n<h2 class=\"wp-block-heading\">Prawo do odst\u0105pienia od umowy, zwrot towar\u00f3w<\/h2>\r\n<p><!-- \/wp:heading -->\u00a0<\/p>\r\n<p><!-- wp:paragraph -->Konsument ma prawo do odst\u0105pienia od umowy na pi\u015bmie w ci\u0105gu 15 dni. Kupuj\u0105cy musi poinformowa\u0107 Dostawc\u0119 na pi\u015bmie o odst\u0105pieniu od umowy i pro\u015bb\u0105 o zwrot pieni\u0119dzy, poczt\u0105 lub poczt\u0105 elektroniczn\u0105, nie p\u00f3\u017aniej ni\u017c 15 dni od zawarcia umowy (z\u0142o\u017cenia zam\u00f3wienia). Klient musi nast\u0119pnie zwr\u00f3ci\u0107 towary sp\u00f3\u0142ce w ci\u0105gu 15 dni od pisemnego powiadomienia, ponosz\u0105c koszty zwrotu. Zwracane produkty musz\u0105 by\u0107 nieu\u017cywane, nieuszkodzone i w oryginalnym opakowaniu, kt\u00f3re musi by\u0107 nienaruszone, w przeciwnym razie zwrot zostanie odrzucony. Nale\u017cy za\u0142\u0105czy\u0107 kopi\u0119 faktury. Dostawca us\u0142ug zwraca ca\u0142kowit\u0105 cen\u0119 zakupu (cena zakupu plus koszty dostawy) tak szybko, jak to mo\u017cliwe, ale nie p\u00f3\u017aniej ni\u017c w ci\u0105gu 15 dni od otrzymania powiadomienia o odst\u0105pieniu od zakupu.<\/p>\r\n<p><!-- \/wp:paragraph -->\u00a0<\/p>\r\n<!-- wp:heading -->\r\n<h2 class=\"wp-block-heading\">P\u0142atno\u015b\u0107<\/h2>\r\n<p><!-- \/wp:heading -->\u00a0<\/p>\r\n<p><!-- wp:paragraph -->Po potwierdzeniu zam\u00f3wienia kupuj\u0105cy wybiera jedn\u0105 z nast\u0119puj\u0105cych metod p\u0142atno\u015bci:<\/p>\r\n<p><!-- \/wp:paragraph -->\u00a0<\/p>\r\n<!-- wp:list -->\r\n<ul class=\"wp-block-list\">\r\n<li style=\"list-style-type: none;\">\r\n<ul class=\"wp-block-list\"><!-- wp:list-item -->\r\n<li>\u00a0 \u00a0 za pobraniem (got\u00f3wk\u0105 lub kart\u0105 kredytow\u0105*),<\/li>\r\n<!-- \/wp:list-item -->\r\n\r\n<!-- wp:list-item -->\r\n<li>\u00a0\u00a0\u00a0 p\u0142atno\u015b\u0107 przelewem bankowym (za pomoc\u0105 rachunku),<\/li>\r\n<\/ul>\r\n<\/li>\r\n<\/ul>\r\n<!-- \/wp:list-item -->\r\n<p><!-- \/wp:list -->\u00a0<\/p>\r\n<!-- wp:list -->\r\n<ul class=\"wp-block-list\">\r\n<li style=\"list-style-type: none;\">\r\n<ul class=\"wp-block-list\"><!-- wp:list-item -->\r\n<li>\u00a0 \u00a0 p\u0142atno\u015b\u0107 Paypal (na ko\u0144cu zam\u00f3wienia pojawia si\u0119 przycisk Zap\u0142a\u0107 teraz, za pomoc\u0105 kt\u00f3rego wp\u0142acasz \u017c\u0105dan\u0105 kwot\u0119),<\/li>\r\n<!-- \/wp:list-item -->\r\n\r\n<!-- wp:list-item -->\r\n<li>p\u0142atno\u015b\u0107 kart\u0105 kredytow\u0105.<\/li>\r\n<\/ul>\r\n<\/li>\r\n<\/ul>\r\n<!-- \/wp:list-item -->\r\n<p><!-- \/wp:list -->\u00a0<\/p>\r\n<p><!-- wp:paragraph -->*Wysy\u0142ka za pobraniem za pomoc\u0105 karty jest mo\u017cliwa tylko u niekt\u00f3rych listonoszy lub kurier\u00f3w. Prosimy o sprawdzenie mo\u017cliwo\u015bci p\u0142atno\u015bci kart\u0105 w wybranej firmie kurierskiej.<\/p>\r\n<p><!-- \/wp:paragraph -->\u00a0<\/p>\r\n<!-- wp:heading -->\r\n<p>Wa\u017cno\u015b\u0107 oferty<\/p>\r\n<p><!-- \/wp:heading -->\u00a0<\/p>\r\n<p><!-- wp:paragraph -->Przy zakupie obowi\u0105zuj\u0105 ceny podane w momencie potwierdzenia zam\u00f3wienia. Podatek VAT jest ju\u017c wliczony w cen\u0119. Ceny w sklepie internetowym mog\u0105 ulec zmianie bez uprzedzenia. Wszystkie zdj\u0119cia przedmiot\u00f3w maj\u0105 charakter symboliczny i nie odzwierciedlaj\u0105 ich rzeczywistego stanu. Dostawca ma prawo do zmiany cen, je\u015bli zosta\u0142y one b\u0142\u0119dnie wprowadzone do bazy danych sklepu internetowego. Musi on z wyprzedzeniem poinformowa\u0107 kupuj\u0105cego i uzgodni\u0107 post\u0119py w realizacji zam\u00f3wienia.<\/p>\r\n<p><!-- \/wp:paragraph -->\u00a0<\/p>\r\n<!-- wp:heading -->\r\n<h2 class=\"wp-block-heading\">Bezpiecze\u0144stwo<\/h2>\r\n<p><!-- \/wp:heading -->\u00a0<\/p>\r\n<p><!-- wp:paragraph -->Dostawca sklepu internetowego we wsp\u00f3\u0142pracy z administratorem strony internetowej stosuje odpowiednie \u015brodki technologiczne i organizacyjne w celu ochrony transmisji i przechowywania danych osobowych, zam\u00f3wie\u0144 i p\u0142atno\u015bci. Wszystkie dane b\u0119d\u0105 traktowane przez organizatora jako poufne, zgodnie z ustaw\u0105 o ochronie danych osobowych.<\/p>\r\n<p><!-- \/wp:paragraph -->\u00a0<\/p>\r\n<!-- wp:heading -->\r\n<h2 class=\"wp-block-heading\">Archiwizacja um\u00f3w<\/h2>\r\n<p><!-- \/wp:heading -->\u00a0<\/p>\r\n<p><!-- wp:paragraph -->Wszystkie umowy i faktury b\u0119d\u0105 przechowywane w formie pisemnej. Umowa kupna-sprzeda\u017cy jest trwale przechowywana u dostawcy.<\/p>\r\n<p><!-- \/wp:paragraph -->\u00a0<\/p>\r\n<!-- wp:heading -->\r\n<h2 class=\"wp-block-heading\">Skargi<\/h2>\r\n<p><!-- \/wp:heading -->\u00a0<\/p>\r\n<p><!-- wp:paragraph -->Klienci mog\u0105 sk\u0142ada\u0107 skargi telefonicznie, listownie lub poczt\u0105 elektroniczn\u0105. W interesie us\u0142ugodawcy le\u017cy, aby wszystkie skargi i spory by\u0142y rozstrzygane bez udzia\u0142u s\u0105du i zgodnie z prawem.<\/p>\r\n<p><!-- \/wp:paragraph -->\u00a0<\/p>\r\n<p><!-- wp:paragraph -->Ostatnia aktualizacja: 28.03.2025<\/p>\r\n<!-- \/wp:paragraph -->\r\n<p>&nbsp;<\/p>\r\n<p>[\/vc_column_text][\/vc_column_inner][\/vc_row_inner][\/vc_column][\/vc_row]<\/p><\/div>","protected":false},"excerpt":{"rendered":"<p>[vc_row][vc_column][vc_row_inner][vc_column_inner][vc_column_text css=&#8221;&#8221;] Og\u00f3lne warunki i zasady sklepu internetowego Feng cha \u00a0 Og\u00f3lne warunki i zasady dotycz\u0105 funkcjonowania sklepu internetowego Fengcha.si, praw u\u017cytkownika oraz stosunk\u00f3w handlowych mi\u0119dzy firm\u0105 a klientem. \u00a0 Jako kupuj\u0105cemu przys\u0142uguj\u0105 Ci wszystkie prawa wynikaj\u0105ce z Ustawy o ochronie konsument\u00f3w. \u00a0 Dost\u0119p do informacji \u00a0 Dostawca zobowi\u0105zuje si\u0119 do przekazywania Kupuj\u0105cemu w ka\u017cdym [&hellip;]<\/p>\n","protected":false},"author":1,"featured_media":0,"parent":0,"menu_order":0,"comment_status":"closed","ping_status":"closed","template":"","meta":{"_acf_changed":false,"footnotes":""},"class_list":["post-3753","page","type-page","status-publish","hentry"],"acf":[],"_links":{"self":[{"href":"https:\/\/fengchashop.com\/pl\/wp-json\/wp\/v2\/pages\/3753","targetHints":{"allow":["GET"]}}],"collection":[{"href":"https:\/\/fengchashop.com\/pl\/wp-json\/wp\/v2\/pages"}],"about":[{"href":"https:\/\/fengchashop.com\/pl\/wp-json\/wp\/v2\/types\/page"}],"author":[{"embeddable":true,"href":"https:\/\/fengchashop.com\/pl\/wp-json\/wp\/v2\/users\/1"}],"replies":[{"embeddable":true,"href":"https:\/\/fengchashop.com\/pl\/wp-json\/wp\/v2\/comments?post=3753"}],"version-history":[{"count":6,"href":"https:\/\/fengchashop.com\/pl\/wp-json\/wp\/v2\/pages\/3753\/revisions"}],"predecessor-version":[{"id":6827,"href":"https:\/\/fengchashop.com\/pl\/wp-json\/wp\/v2\/pages\/3753\/revisions\/6827"}],"wp:attachment":[{"href":"https:\/\/fengchashop.com\/pl\/wp-json\/wp\/v2\/media?parent=3753"}],"curies":[{"name":"wp","href":"https:\/\/api.w.org\/{rel}","templated":true}]}}