{"id":6984,"date":"2022-10-01T10:40:23","date_gmt":"2022-10-01T08:40:23","guid":{"rendered":"https:\/\/fengchashop.com\/nl\/product\/duindoorn-poeder-bio-250-g\/"},"modified":"2026-04-15T14:42:46","modified_gmt":"2026-04-15T12:42:46","slug":"duindoorn-poeder-bio","status":"publish","type":"product","link":"https:\/\/fengchashop.com\/nl\/product\/duindoorn-poeder-bio\/","title":{"rendered":"Duindoorn poeder BIO 250 g"},"content":{"rendered":"<h2 style=\"text-align: justify\"><span style=\"color: #000000\">Duindoorn poeder BIO<\/span><\/h2>\n<p style=\"text-align: justify\"><span style=\"color: #000000\">De <strong>duindoorn<\/strong> is een bladverliezende struik met doornen die overal ter wereld gedijt, maar vooral in Centraal- en West-Azi\u00eb (China, Siberi\u00eb, India, enz.) en in Noord- en Centraal-Europa (Finland, Engeland, Duitsland, Polen, enz.). Het is een plant die <strong>geen speciale groeiomstandigheden nodig heeft<\/strong> en zowel in hooggebergte als aan zee gedijt.<\/span><\/p>\n<p style=\"text-align: justify\"><span style=\"color: #000000\">De vorm en het blad van de duindoorn lijken op die van de olijfboom. De <strong>vruchten<\/strong> rijpen aan de struik en <strong>zijn geeloranje van kleur<\/strong>. De beste tijd om de vruchten of bessen te plukken is in de vroege herfstmaanden. De vruchten moeten voorzichtig van de tak worden gehaald, want de <strong>vruchten van de duindoorn zijn erg belangrijk omdat ze een geneeskrachtig sap bevatten dat rijk is aan vitamine C<\/strong>. De smaak is sappig en licht zuur. De smaak is sappig en licht zuur. De hele plant heeft positieve eigenschappen voor de gezondheid en algemeen gebruik, inclusief cosmetica, en de bladeren, vruchten, takken en wortel zijn nuttig.<\/span><\/p>\n<p style=\"text-align: justify\"><span style=\"color: #000000\">De geschiedenis van de geneeskrachtige werking gaat terug tot <strong>het oude Griekenland<\/strong>, waar de takken van de duindoorn aan paarden werden gevoerd om ze in vorm te houden. Daarnaast werd duindoorn gebruikt door soldaten voor het uithoudingsvermogen tijdens gevechten. &#8220;De <strong>&#8216;rGyud Bzi&#8217;<\/strong> is een Tibetaans medisch boek, geschreven in de 8e eeuw, dat de <strong>eerste verslagen bevat van de medicinale effecten van duindoorn<\/strong>. Latere onderzoeken in Rusland hebben de genezende effecten verder bevestigd.<\/span><\/p>\n<h2 style=\"text-align: justify\"><span style=\"color: #000000\">Wat zijn de belangrijkste eigenschappen die duindoorn ons biedt?<\/span><\/h2>\n<p style=\"text-align: justify\"><span style=\"color: #000000\">Duindoorn slaat alle zonne-energie op in zijn vruchten, die een groot aantal bioactieve stoffen bevatten, zoals <strong>essenti\u00eble vetzuren, vitaminen, caroteno\u00efden, fytosterolen, flavono\u00efden en tocotri\u00ebnolen<\/strong>.<\/span><\/p>\n<p style=\"text-align: justify\"><span style=\"color: #000000\">Van de essenti\u00eble vetzuren is de beste bron te vinden in planten, namelijk<strong> omega-7 (palmitinezuur) vetzuren<\/strong>. Andere vetzuren die heel belangrijk voor ons zijn, worden echter met speciale methoden uit de duindoornvrucht gewonnen, namelijk omega-3 (\u03b1-linoleenzuur), omega-6 (linoleenzuur) en omega-9 (oliezuur) vetzuren.<\/span><\/p>\n<p style=\"text-align: justify\"><span style=\"color: #000000\">Duindoorn is verrijkt met vitamines, vooral <strong>vitamine C<\/strong>, die 10 keer overvloediger is dan in citroenen. De schil van de vrucht is rijk aan vitamine B-12, maar ook aan vitamine B, B1, B2, B3 en B9. <strong>Vitamine A en E<\/strong> zijn ook belangrijk, omdat ze <strong>de huid beschermen tegen gevaarlijke vrije radicalen<\/strong>. De <strong>olie<\/strong> in de <strong>vrucht<\/strong> heeft ook positieve effecten op onze gezondheid, omdat het <strong>rijk is aan aminozuren, mineralen, essenti\u00eble vetzuren en fotosterolen<\/strong>.<\/span><\/p>\n<p style=\"text-align: justify\"><span style=\"color: #000000\">Het belangrijkste bestanddeel van duindoorn is <strong>quercetine<\/strong>, een flavono\u00efde, een natuurlijke polyfenolische verbinding die voorkomt in fruit en groenten. Het is een <strong>krachtige antioxidant en heeft ontstekingsremmende en tumorwerende effecten<\/strong>, het <strong>verhoogt de kracht van de hartspier en verbetert de bloeddoorstroming<\/strong>.<\/span><\/p>\n<p style=\"text-align: justify\"><span style=\"color: #000000\">Andere even belangrijke bestanddelen van duindoorn zijn de mineralen fosfor, kalium en ijzer, met name magnesium en calcium zijn essentieel.<\/span><\/p>\n<p style=\"text-align: justify\"><span style=\"color: #000000\">Ons duindoornpoeder is biologisch geteeld en is een <strong>natuurlijke antioxidant<\/strong>. Het is een echte bron van kracht omdat het <strong>het lichaam versterkt<\/strong>, vooral <strong>het zenuwstelsel<\/strong>.<\/span><\/p>\n<h2 style=\"text-align: justify\"><span style=\"color: #000000\">Wat zijn de gezondheidsvoordelen van duindoorn?<\/span><\/h2>\n<p style=\"text-align: justify\"><span style=\"color: #000000\">Vanwege het hoge gehalte aan antioxidanten helpen duindoornvruchtextracten het immuunsysteem te versterken, bloedend tandvlees te genezen, beschadigde cellen te herstellen, huidziekten te genezen, de huid te beschermen tegen brandwonden en eczeem en tegen UV-stralen, en te helpen bij verwondingen,&#8230;<\/span><\/p>\n<p style=\"text-align: justify\"><span style=\"color: #000000\"><strong>Omega-7 vetzuren zijn uiterst belangrijk<\/strong><strong>voor het herstel van weefsels<\/strong> zoals slijmvliezen en huid, omdat ze de huid hydrateren en veroudering vertragen. Omega-7 beschermt ook de darmen en maag tegen beschadiging van de slijmvliezen zoals gastritis, colitis en cholera, en helpt de uitgedroogde bekleding van de vagina te hydrateren.<\/span><\/p>\n<p style=\"text-align: justify\"><span style=\"color: #000000\"><em><strong>Gunstige effecten op onze gezondheid en ons lichaam:<\/strong><\/em><\/span><\/p>\n<ul>\n<li><span style=\"color: #000000\">Het is een <strong>krachtige antioxidant<\/strong>,<\/span><\/li>\n<li><span style=\"color: #000000\">het versterkt het <strong>immuunsysteem<\/strong>,<\/span><\/li>\n<li><span style=\"color: #000000\">het heeft een <strong>ontstekingsremmende werking<\/strong>,<\/span><\/li>\n<li><span style=\"color: #000000\">reguleert de <strong>bloeddruk, cholesterol en bloedsuikerspiegel<\/strong>,<\/span><\/li>\n<li><span style=\"color: #000000\">behandelt <strong>huidziekten<\/strong> (ontstekingen, brandwonden, eczeem, psoriasis, dermatitis&#8230;),<\/span><\/li>\n<li><span style=\"color: #000000\">geneest <strong>huidverwondingen<\/strong> (geneest wonden en vermindert pijn),<\/span><\/li>\n<li><span style=\"color: #000000\">werkt <strong>verjongend<\/strong>,<\/span><\/li>\n<li><span style=\"color: #000000\">regenereert <strong>beschadigde cellen<\/strong>,<\/span><\/li>\n<li><span style=\"color: #000000\">helpt <strong>bij gezwollen voeten<\/strong>,<\/span><\/li>\n<li><span style=\"color: #000000\">beschermt de <strong>lever en het spijsverteringskanaal<\/strong>,<\/span><\/li>\n<li><span style=\"color: #000000\">heeft de functie om <strong>hart en bloedvaten gezond<\/strong> te houden,<\/span><\/li>\n<li><span style=\"color: #000000\">beschermt tegen <strong>bloedend tandvlees<\/strong>,<\/span><\/li>\n<li><span style=\"color: #000000\">helpt bij<strong> griep, longontsteking, difterie<\/strong>, enz.<\/span><\/li>\n<li><span style=\"color: #000000\">beschermt <strong>droge en ge\u00efrriteerde ogen<\/strong>,<\/span><\/li>\n<li><span style=\"color: #000000\">verlicht <strong>symptomen van chronische vermoeidheid<\/strong>,<\/span><\/li>\n<li><span style=\"color: #000000\">verbetert <strong>de geslachtsdrift<\/strong>,<\/span><\/li>\n<li><span style=\"color: #000000\">verlicht <strong>symptomen van de menopauze<\/strong>,<\/span><\/li>\n<li><span style=\"color: #000000\">verlicht <strong>stress en angst<\/strong>,<\/span><\/li>\n<li><span style=\"color: #000000\"><strong>anti-tumor<\/strong>.<\/span><\/li>\n<\/ul>\n<h2 style=\"text-align: justify\"><span style=\"color: #000000\">Opslag en waarschuwingen<\/span><\/h2>\n<p style=\"text-align: justify\"><span style=\"color: #000000\">Koel en droog bewaren bij een temperatuur tot 25 \u00b0C. Buiten bereik van kinderen bewaren!<\/span><br \/>\n<span style=\"color: #000000\">Denk aan het belang van een gevarieerde voeding en een gezonde levensstijl, een voedingssupplement is daarom geen vervanging voor een evenwichtige en gevarieerde voeding. De aanbevolen dagelijkse hoeveelheid of dosis mag niet overschreden worden.<\/span><\/p>\n<p style=\"text-align: justify\"><span style=\"color: #000000\">Duindoornsiroop en -sap kunnen stimulerend werken, dus het gebruik ervan &#8217;s avonds wordt afgeraden.<\/span><\/p>\n<p style=\"text-align: justify\"><span style=\"color: #000000\">Het wordt aanbevolen om duindoornsiroop en duindoornsap in kleine hoeveelheden in te nemen tijdens de eerste maanden van de zwangerschap.<\/span><\/p>\n<p style=\"text-align: justify\"><span style=\"color: #000000\">Het is belangrijk om duindoorn niet tegelijk met antistollingsmedicatie in te nemen.<\/span><\/p>\n<h2 style=\"text-align: justify\"><span style=\"color: #000000\">Verpakking<\/span><\/h2>\n<p style=\"text-align: justify\"><span style=\"color: #000000\">Niet-doorlatend zip-lock zakje, waarin het product al zijn versheid en aroma behoudt. De verpakking beschermt tegen licht en lucht, omdat het bestaat uit verschillende beschermingslagen die de eigenschappen van de inhoud behouden.<\/span><\/p>\n<p style=\"text-align: justify\"><span style=\"color: #000000\">De verpakking is erg praktisch en recyclebaar.<\/span><\/p>\n<h2 style=\"text-align: justify\">Oorsprong<\/h2>\n<p style=\"text-align: justify\"><span style=\"color: #000000\">Duitsland<\/span><\/p>\n","protected":false},"excerpt":{"rendered":"<p><span style=\"color: #000000\">De kornoelje of duindoorn is een bladverliezende struik met doornen. De vruchten van de duindoorn zijn erg belangrijk omdat ze een geneeskrachtig sap bevatten dat rijk is aan vitamine C. De smaak is sappig en licht zuur. De smaak is sappig en licht zuur. Duindoorn slaat alle zonne-energie op in zijn vruchten, die een groot aantal bioactieve stoffen bevatten zoals essenti\u00eble vetzuren, vitaminen, caroteno\u00efden, fytosterolen, flavono\u00efden en tocotri\u00ebnolen. Omega-7 vetzuren zijn uiterst belangrijk voor het herstel van weefsels zoals slijmvliezen en huid, omdat ze de huid hydrateren en veroudering vertragen. De olie in de vrucht heeft ook positieve effecten op onze gezondheid, omdat het rijk is aan aminozuren, mineralen, essenti\u00eble vetzuren en fotosterolen.<\/span><\/p>\n<p><span style=\"color: #000000\">\ud83d\udc9a Het heeft ontstekingsremmende, anti-tumor en antioxiderende eigenschappen.<\/span><br \/>\n<span style=\"color: #000000\">\ud83d\udc9a Het verlaagt de bloedsuikerspiegel en cholesterol en reguleert de bloeddruk.<\/span><br \/>\n<span style=\"color: #000000\">\ud83d\udc9a Het verhoogt de kracht van de hartspier en verbetert tegelijkertijd de bloeddoorstroming.<\/span><br \/>\n<span style=\"color: #000000\">\ud83d\udc9a Beschermt de huid tegen gevaarlijke vrije radicalen (geneest huidziekten en huidbeschadigingen).<\/span><br \/>\n<span style=\"color: #000000\">\ud83d\udc9a Beschermt tegen bloedend tandvlees.<\/span><\/p>\n","protected":false},"featured_media":6985,"comment_status":"open","ping_status":"closed","template":"","meta":{"_acf_changed":false},"product_brand":[],"product_cat":[15,224,225,226],"product_tag":[],"class_list":{"0":"post-6984","1":"product","2":"type-product","3":"status-publish","4":"has-post-thumbnail","6":"product_cat-uncategorized","7":"product_cat-aanbod","8":"product_cat-alle-producten","9":"product_cat-superfood","11":"first","12":"instock","13":"sale","14":"taxable","15":"shipping-taxable","16":"purchasable","17":"product-type-simple"},"acf":[],"_links":{"self":[{"href":"https:\/\/fengchashop.com\/nl\/wp-json\/wp\/v2\/product\/6984","targetHints":{"allow":["GET"]}}],"collection":[{"href":"https:\/\/fengchashop.com\/nl\/wp-json\/wp\/v2\/product"}],"about":[{"href":"https:\/\/fengchashop.com\/nl\/wp-json\/wp\/v2\/types\/product"}],"replies":[{"embeddable":true,"href":"https:\/\/fengchashop.com\/nl\/wp-json\/wp\/v2\/comments?post=6984"}],"wp:featuredmedia":[{"embeddable":true,"href":"https:\/\/fengchashop.com\/nl\/wp-json\/wp\/v2\/media\/6985"}],"wp:attachment":[{"href":"https:\/\/fengchashop.com\/nl\/wp-json\/wp\/v2\/media?parent=6984"}],"wp:term":[{"taxonomy":"product_brand","embeddable":true,"href":"https:\/\/fengchashop.com\/nl\/wp-json\/wp\/v2\/product_brand?post=6984"},{"taxonomy":"product_cat","embeddable":true,"href":"https:\/\/fengchashop.com\/nl\/wp-json\/wp\/v2\/product_cat?post=6984"},{"taxonomy":"product_tag","embeddable":true,"href":"https:\/\/fengchashop.com\/nl\/wp-json\/wp\/v2\/product_tag?post=6984"}],"curies":[{"name":"wp","href":"https:\/\/api.w.org\/{rel}","templated":true}]}}