{"id":6778,"date":"2025-06-09T10:06:38","date_gmt":"2025-06-09T08:06:38","guid":{"rendered":"https:\/\/fengchashop.com\/nl\/product\/sladki-koren-125-g\/"},"modified":"2026-04-18T16:18:19","modified_gmt":"2026-04-18T14:18:19","slug":"zoethoutpoeder-zoethout-liquorice-bio","status":"publish","type":"product","link":"https:\/\/fengchashop.com\/nl\/product\/zoethoutpoeder-zoethout-liquorice-bio\/","title":{"rendered":"Zoethoutpoeder(Zoethout-Liquorice) BIO 250 g"},"content":{"rendered":"<h2><strong>Wat is zoethout?<\/strong><\/h2>\n<p><strong>Zoethout (Glycyrrhiza glabra)<\/strong> is een meerjarige plant uit de vlinderbloemenfamilie, bekend om zijn karakteristieke zoete smaak. De plant produceert elk jaar houtachtige stengels die \u00e9\u00e9n tot twee meter hoog worden. De wortel wordt het meest gebruikt en bevat vele actieve ingredi\u00ebnten, waarvan glycyrrhizine de bekendste is. Dit is 50 keer zoeter dan sucrose (tafelsuiker). De gedroogde en gemalen wortel wordt gebruikt als zoethoutpoeder, dat populair is in voeding, natuurgeneeskunde en cosmetica.<\/p>\n<p>Zoethout heeft een lange geschiedenis van gebruik, al sinds de tijd van de oude Egyptenaren. Het werkt ontstekingsremmend, krampstillend, verlicht maagklachten (zuurte, winderigheid, indigestie) en kan de groei van de bacterie <em>Helicobacter pylori<\/em>, die maagzweren veroorzaakt, remmen. Naast de spijsverteringsvoordelen wordt het ook gebruikt bij ademhalingsproblemen (verkoudheid, keelpijn en bronchitis), omdat het de slijmproductie bevordert en de luchtwegen vrijmaakt. Het zou ook een positief effect hebben op de leverfunctie, het immuunsysteem en problemen bij vrouwen tijdens de menopauze. Het zou ook een diuretisch en laxerend effect hebben.<\/p>\n<p>In de traditionele Chinese geneeskunde en Ayurveda wordt het gebruikt als tonicum om het hart en de milt te verjongen, en tegen maagzweren en huidproblemen. Omdat het een droge keel hydrateert, wordt het vaak gebruikt door rokers, zangers en sprekers.<\/p>\n<p>Het is ook een veelgebruikt ingredi\u00ebnt in voedingssupplementen en kruidenformules, waar het als een verbindende schakel tussen kruiden fungeert en hun werking versterkt.<\/p>\n<h2><strong>Medicinale effecten<\/strong><\/h2>\n<p>Zoethoutpoeder heeft een breed scala aan gunstige effecten op het lichaam en wordt daarom vaak gebruikt in de Ayurveda en de traditionele Chinese geneeskunde:<\/p>\n<p><strong>\ud83d\udc9a\u00a0 Ontstekingsremmende werking: <\/strong>De actieve ingredi\u00ebnten helpen ontstekingen te remmen, met name bij ontstekingen in het maag-darmkanaal, de huid en de luchtwegen.<\/p>\n<p><strong>\ud83d\udc9a Ademhalingsondersteuning: <\/strong> Het wordt traditioneel gebruikt ter verlichting van hoest, keelpijn, bronchitis en astma. Het werkt als slijmoplossend middel (maakt hoesten gemakkelijker) en verzacht irritatie van het slijmvlies.<\/p>\n<p><strong>\ud83d\udc9a Bescherming van het maagslijmvlies: <\/strong> Glycyrrhizine en flavono\u00efden beschermen de maagwand tegen beschadiging en helpen bij problemen zoals maagzweren, gastritis, reflux en infectie met <em>Helicobacter pylori<\/em>.<\/p>\n<p><strong>\ud83d\udc9a Ondersteunt de bijnieren<\/strong>: Reguleert de cortisolspiegel, verhoogt de energie en werkt als een adaptogeen, wat betekent dat het het lichaam ondersteunt bij het beheersen van stress, burn-out en vermoeidheid.<\/p>\n<p><strong>\ud83d\udc9a Antivirale en antibacteri\u00eble werking:<\/strong> Het heeft natuurlijke antimicrobi\u00eble eigenschappen en wordt gebruikt als ondersteuning bij infecties (bijv. herpes, griep, hepatitis B en C).<\/p>\n<p><strong>\ud83d\udc9a Hormonale balans:<\/strong> Het wordt traditioneel gebruikt om symptomen van PMS en de menopauze te verlichten, omdat het de oestrogeenbalans be\u00efnvloedt.<\/p>\n<h2><strong>Bewaring en waarschuwingen<\/strong><\/h2>\n<p>Bewaren op een droge en koele plaats bij een temperatuur tot 25 \u00b0C. Buiten het bereik van kinderen houden!<\/p>\n<p>Houd rekening met het belang van een gevarieerde voeding en een gezonde levensstijl. Een voedingssupplement is daarom geen vervanging voor een evenwichtige en gevarieerde voeding. De aanbevolen dagelijkse hoeveelheid of dosering mag niet worden overschreden.<\/p>\n<p>We raden het gebruik van zoethout af voor zwangere vrouwen, moeders die borstvoeding geven, kinderen jonger dan 12 jaar, diabetici, mensen met een hoge bloeddruk en hartpati\u00ebnten.<\/p>\n<p>Zoethout is zelfs in kleine hoeveelheden gunstig. Laten we het dus niet overdrijven. De maximale dagelijkse hoeveelheid zou 4 tot 8 gram moeten zijn (dat wil zeggen 1 tot 2 theelepels). Zoethout heeft een sterk fysiologisch effect (het kan bijvoorbeeld de bloeddruk be\u00efnvloeden), dus het is aan te raden om te beginnen met een lagere dosis (bijvoorbeeld een halve theelepel) en de reactie van het lichaam te controleren. Verhoog vervolgens indien nodig het aantal doses, maar doe dit niet in \u00e9\u00e9n keer. Een halve theelepel is de optimale hoeveelheid voor \u00e9\u00e9n kop thee (ongeveer 200-250 ml). Een grotere hoeveelheid kan te sterk, dikker of onaangenaam zijn om te drinken.<\/p>\n<p>We raden af \u200b\u200bom het langdurig zonder pauze te gebruiken. Het is het beste om na 4 tot 6 weken gebruik een pauze van minstens twee weken in te lassen.<\/p>\n<p>Zoethout verlaagt het kaliumgehalte in het bloed. Bij langdurige consumptie van zoethout is het daarom noodzakelijk om dit te vervangen door voedsel (bijv. bananen, gedroogde abrikozen, dadels, spinazie, snijbiet, bonen, linzen&#8230;).<\/p>\n<h2><strong>Verpakking<\/strong><\/h2>\n<p>Luchtdichte ziplockzak, waarin het product al zijn versheid en aroma behoudt. De verpakking beschermt tegen licht en lucht, omdat deze bestaat uit verschillende beschermingslagen die de eigenschappen van de inhoud behouden.<\/p>\n<p>De verpakking is zeer praktisch en recyclebaar.<\/p>\n<h2><strong>Herkomst<\/strong><\/h2>\n<p>India<\/p>\n","protected":false},"excerpt":{"rendered":"<p><strong>Zoethout<\/strong> verlicht maagklachten als gevolg van zuur, een opgeblazen gevoel en indigestie en kan de groei van heliobacteri\u00ebn, die maagzweren veroorzaken, voorkomen. Naast maagklachten wordt zoethout ook gebruikt bij ademhalingsproblemen. Het verlicht hoest en maakt de luchtwegen vrij. Het zou ook een positief effect hebben op de lever, het immuunsysteem en problemen bij vrouwen tijdens de menopauze. Het wordt ook gebruikt tegen maagzweren en huidproblemen. Omdat het een droge keel hydrateert, wordt het vaak gebruikt door rokers en professionele sprekers en zangers.<\/p>\n<p>\ud83d\udc9a In de traditionele Chinese geneeskunde wordt het gebruikt als tonicum om het hart en de milt te verjongen.<br \/>\n\ud83d\udc9a Zoethout heeft ontstekingsremmende en krampstillende eigenschappen.<\/p>\n","protected":false},"featured_media":7120,"comment_status":"open","ping_status":"closed","template":"","meta":{"_acf_changed":false},"product_brand":[],"product_cat":[15,224,225,234],"product_tag":[],"class_list":{"0":"post-6778","1":"product","2":"type-product","3":"status-publish","4":"has-post-thumbnail","6":"product_cat-uncategorized","7":"product_cat-aanbod","8":"product_cat-alle-producten","9":"product_cat-thee-voedsel-en-specerijen","11":"first","12":"instock","13":"taxable","14":"shipping-taxable","15":"purchasable","16":"product-type-simple"},"acf":[],"_links":{"self":[{"href":"https:\/\/fengchashop.com\/nl\/wp-json\/wp\/v2\/product\/6778","targetHints":{"allow":["GET"]}}],"collection":[{"href":"https:\/\/fengchashop.com\/nl\/wp-json\/wp\/v2\/product"}],"about":[{"href":"https:\/\/fengchashop.com\/nl\/wp-json\/wp\/v2\/types\/product"}],"replies":[{"embeddable":true,"href":"https:\/\/fengchashop.com\/nl\/wp-json\/wp\/v2\/comments?post=6778"}],"wp:featuredmedia":[{"embeddable":true,"href":"https:\/\/fengchashop.com\/nl\/wp-json\/wp\/v2\/media\/7120"}],"wp:attachment":[{"href":"https:\/\/fengchashop.com\/nl\/wp-json\/wp\/v2\/media?parent=6778"}],"wp:term":[{"taxonomy":"product_brand","embeddable":true,"href":"https:\/\/fengchashop.com\/nl\/wp-json\/wp\/v2\/product_brand?post=6778"},{"taxonomy":"product_cat","embeddable":true,"href":"https:\/\/fengchashop.com\/nl\/wp-json\/wp\/v2\/product_cat?post=6778"},{"taxonomy":"product_tag","embeddable":true,"href":"https:\/\/fengchashop.com\/nl\/wp-json\/wp\/v2\/product_tag?post=6778"}],"curies":[{"name":"wp","href":"https:\/\/api.w.org\/{rel}","templated":true}]}}