{"id":6730,"date":"2022-05-27T15:00:16","date_gmt":"2022-05-27T13:00:16","guid":{"rendered":"https:\/\/fengchashop.com\/nl\/product\/groene-koffiepoeder-bio-500-g\/"},"modified":"2026-04-30T22:01:11","modified_gmt":"2026-04-30T20:01:11","slug":"groene-koffiepoeder-bio","status":"publish","type":"product","link":"https:\/\/fengchashop.com\/nl\/product\/groene-koffiepoeder-bio\/","title":{"rendered":"Groene koffiepoeder BIO 500 g"},"content":{"rendered":"<h2 style=\"text-align: justify\"><span style=\"color: #000000\">Wat is groene koffie?<\/span><\/h2>\n<p style=\"text-align: justify\"><span style=\"color: #000000\">Groene koffiebonen zijn simpelweg de ongebrande bonen van de gewone koffieplant. Dit maakt groene koffie een volledig natuurlijk product. Het wordt bereid zoals gewone kruidenthee. De smaak lijkt ook erg op die van kruidenthee.<\/span><\/p>\n<p style=\"text-align: justify\"><span style=\"color: #000000\">De koffiebonen zijn speciaal geselecteerd uit <strong>biologische plantages<\/strong> en worden op een speciale manier gemalen voor een optimaal effect en natuurlijk smaak bij het zetten.<\/span><\/p>\n<p style=\"text-align: justify\"><span style=\"color: #000000\">Groene koffie krijgt steeds meer aanhangers vanwege de positieve effecten op <strong>moderne kwalen<\/strong>: overgewicht, stress, gebrek aan energie en veroudering. Het verbaast ons dan ook niet dat het na een aantal jaren nog steeds een gewild en goedverkopend voedingsmiddel is.<\/span><\/p>\n<p style=\"text-align: justify\"><span style=\"color: #000000\">Onze groene koffie is een gecertificeerd biologisch product, volledig natuurlijk en zonder additieven.<\/span><\/p>\n<h2 style=\"text-align: justify\"><span style=\"color: #000000\">Wat is chlorogeenzuur of hoe werkt het?<\/span><\/h2>\n<p style=\"text-align: justify\"><span style=\"color: #000000\">Chlorogeenzuur zorgt ervoor dat de lever stopt met het afgeven van glucose in het bloed. Ons lichaam reageert hierop door het opgeslagen vet te gebruiken. De stofwisseling verbetert en het vetverlies neemt toe. Met andere woorden, chlorogeenzuur helpt de vetopslag in het lichaam te verbranden, waardoor het gewicht afneemt.<\/span><\/p>\n<p style=\"text-align: justify\"><span style=\"color: #000000\">Volgens sommige onderzoeken zou groene koffie ook hoge bloeddruk voorkomen en verlagen, de werking van het vetsmeltende hormoon verbeteren en het cholesterol- en triglyceridengehalte verlagen.<\/span><\/p>\n<p style=\"text-align: justify\"><span style=\"color: #000000\">En hoewel groene koffie vooral bekend staat om zijn chlorogeenzuur en zijn effect op gewichtsverlies, kan het ook een goede vervanger zijn voor gewone koffie of thee. <\/span><\/p>\n<h2 style=\"text-align: justify\"><span style=\"color: #000000\">Wat zijn alle ingredi\u00ebnten in groene koffie en hoe werken ze?<\/span><\/h2>\n<ul>\n<li><span style=\"color: #000000\"><strong><em>Cafe\u00efne<\/em> <\/strong>&#8211; Groene koffie bevat een iets lagere concentratie cafe\u00efne. Kleinere hoeveelheden cafe\u00efne gaan <strong>lichamelijke en geestelijke vermoeidheid<\/strong> tegen. Voor meer energie en een beter welzijn. <\/span><\/li>\n<li><span style=\"color: #000000\"><em><strong>Chlorogeenzuur<\/strong> <strong>Zuur<\/strong><\/em> &#8211; Helpt bij het oplossen van vet en voorkomt de opname van suiker in het maagdarmkanaal en reguleert de bloedsuikerspiegel. Dankzij chlorogeenzuur kan groene koffie helpen bij gewichtsverlies. Door het branden gaat het meeste echter verloren.<\/span><\/li>\n<li><span style=\"color: #000000\"><em><strong>Antioxidanten<\/strong> <\/em>&#8211; vernietigen vrije radicalen en kunnen daarom het ontstaan van bepaalde ziekten voorkomen. Daarnaast hebben antioxidanten ook een verouderingsremmende werking of remmen ze de processen die veroudering be\u00efnvloeden.<\/span><\/li>\n<li><span style=\"color: #000000\"><em><strong>Andere<\/strong> <strong>Ingredi\u00ebnten<\/strong> <\/em>&#8211; B-complex vitaminen, mineralen, polyfenolen. Alles wat ons lichaam dagelijks nodig heeft. B-complex draagt bij tot een normaal psychologisch functioneren en vermindert vermoeidheid en uitputting.<\/span><\/li>\n<\/ul>\n<h2 style=\"text-align: justify\"><span style=\"color: #000000\">Niet alleen voor gewichtsverlies<\/span><\/h2>\n<p style=\"text-align: justify\"><span style=\"color: #000000\">Groene koffie is een aangename ervaring voor alle liefhebbers van goede kruidenthee. De smaak is zeer aangenaam, interessant en uniek. Meestal wordt het inderdaad geassocieerd met gewichtsverlies, maar groene koffie kan ook voor andere doeleinden worden gedronken en als je iets voor je welzijn doet, zijn het (minstens) twee vliegen in \u00e9\u00e9n klap. Dankzij de complexe samenstelling, vol antioxidanten, mineralen, vitaminen en polyfenolen, kan het een positief effect hebben op het verlagen van de bloeddruk, het versnellen van de stofwisseling, het verminderen van de suikeropname en het vertragen van het verouderingsproces. <\/span><\/p>\n<h2 style=\"text-align: justify\"><span style=\"color: #000000\">Wanneer is het aan te raden om groene koffie te drinken?<\/span><\/h2>\n<p style=\"text-align: justify\"><span style=\"color: #000000\">Vanwege het cafe\u00efnegehalte wordt het niet aanbevolen voor het slapen gaan, vooral niet als cafe\u00efne een belangrijk effect heeft op je waakzaamheid. <\/span><\/p>\n<p style=\"text-align: justify\"><span style=\"color: #000000\">Anders kan het natuurlijk op elk moment gedronken worden, net als gewone koffie of thee. Groene koffie kan worden gebruikt om variatie toe te voegen aan de reeks dranken die je dagelijks drinkt. Het is vooral welkom als je iets nodig hebt om <strong>je energie en humeur een boost te geven<\/strong>. <\/span><\/p>\n<p style=\"text-align: justify\"><span style=\"color: #000000\">En als je je gewicht onder controle wilt houden en een paar kilo wilt afvallen met groene koffie, raden we je aan om het minstens 15 minuten voor elke hoofdmaaltijd te drinken. Alleen op die manier werkt het eetlustremmend. Het is belangrijk om het niet tijdens of na de maaltijd te drinken.<\/span><\/p>\n<h2 style=\"text-align: justify\"><span style=\"color: #000000\">Hoeveel groene koffie wordt aanbevolen?<\/span><\/h2>\n<p style=\"text-align: justify\"><span style=\"color: #000000\">Er moet minstens een halve liter per dag worden gedronken om de optimale effecten te bereiken van deze natuurlijke en gezonde drank, die <strong>het algemene welzijn verbetert, energie geeft<\/strong> en een grote hulp kan zijn bij het <strong>afvallen<\/strong>. Indien mogelijk moet het altijd vers worden bereid.<\/span><\/p>\n<h2 style=\"text-align: justify\"><span style=\"color: #000000\">Hoe verpakken en bewaren we je groene koffie?<\/span><\/h2>\n<p style=\"text-align: justify\"><span style=\"color: #000000\">Groene koffie wordt verpakt in een <strong>luchtdichte zip-lock zak<\/strong> waar het al zijn versheid en aroma behoudt. De verpakking beschermt de koffie tegen licht en lucht, omdat deze bestaat uit verschillende beschermingslagen die de eigenschappen van de inhoud behouden. Groene koffie die op deze manier is verpakt, moet op een droge, donkere en koele plaats worden bewaard. Zorg ervoor dat de zak of doos altijd goed <strong>afgesloten<\/strong> is.<\/span><\/p>\n<p style=\"text-align: justify\"><span style=\"color: #000000\">De verpakking is erg praktisch en recyclebaar.<\/span><\/p>\n<h2 style=\"text-align: justify\"><span style=\"color: #000000\">Herkomst<\/span><\/h2>\n<p style=\"text-align: justify\">Zuid-Amerika<\/p>\n","protected":false},"excerpt":{"rendered":"<p>Groene koffiebonen zijn simpelweg de ongebrande bonen van een normale koffieplant. Dit maakt groene koffie een volledig natuurlijk product. Het wordt bereid zoals gewone kruidenthee. Het smaakt ook erg naar kruidenthee. Groene koffie bevat:<br \/>\n\ud83d\udc9a Cafe\u00efne &#8211; bevat een iets lagere concentratie cafe\u00efne. Kleinere hoeveelheden cafe\u00efne gaan lichamelijke en geestelijke vermoeidheid tegen. Voor meer energie en een beter welzijn.<br \/>\n\ud83d\udc9a Chlorogeenzuur &#8211; helpt vet te smelten en voorkomt suikeropname in het maagdarmkanaal en reguleert de bloedsuikerspiegel. Dankzij chlorogeenzuur kan groene koffie helpen bij gewichtsverlies. Roosteren zorgt er echter voor dat het meeste ervan verloren gaat.<br \/>\n\ud83d\udc9a Antioxidanten &#8211; ze vernietigen vrije radicalen en kunnen sommige ziekten voorkomen. Daarnaast hebben antioxidanten een verouderingsremmende werking of remmen ze de processen die veroudering be\u00efnvloeden.<br \/>\n\ud83d\udc9a Andere ingredi\u00ebnten &#8211; B-complex vitaminen, mineralen, polyfenolen. Alles wat ons lichaam dagelijks nodig heeft. B-complex draagt bij aan een normaal psychologisch functioneren en vermindert vermoeidheid en uitputting.<\/p>\n","protected":false},"featured_media":6731,"comment_status":"open","ping_status":"closed","template":"","meta":{"_acf_changed":false},"product_brand":[],"product_cat":[15,224,225,236,234],"product_tag":[],"class_list":{"0":"post-6730","1":"product","2":"type-product","3":"status-publish","4":"has-post-thumbnail","6":"product_cat-uncategorized","7":"product_cat-aanbod","8":"product_cat-alle-producten","9":"product_cat-thee","10":"product_cat-thee-voedsel-en-specerijen","12":"first","13":"instock","14":"taxable","15":"shipping-taxable","16":"purchasable","17":"product-type-simple"},"acf":[],"_links":{"self":[{"href":"https:\/\/fengchashop.com\/nl\/wp-json\/wp\/v2\/product\/6730","targetHints":{"allow":["GET"]}}],"collection":[{"href":"https:\/\/fengchashop.com\/nl\/wp-json\/wp\/v2\/product"}],"about":[{"href":"https:\/\/fengchashop.com\/nl\/wp-json\/wp\/v2\/types\/product"}],"replies":[{"embeddable":true,"href":"https:\/\/fengchashop.com\/nl\/wp-json\/wp\/v2\/comments?post=6730"}],"wp:featuredmedia":[{"embeddable":true,"href":"https:\/\/fengchashop.com\/nl\/wp-json\/wp\/v2\/media\/6731"}],"wp:attachment":[{"href":"https:\/\/fengchashop.com\/nl\/wp-json\/wp\/v2\/media?parent=6730"}],"wp:term":[{"taxonomy":"product_brand","embeddable":true,"href":"https:\/\/fengchashop.com\/nl\/wp-json\/wp\/v2\/product_brand?post=6730"},{"taxonomy":"product_cat","embeddable":true,"href":"https:\/\/fengchashop.com\/nl\/wp-json\/wp\/v2\/product_cat?post=6730"},{"taxonomy":"product_tag","embeddable":true,"href":"https:\/\/fengchashop.com\/nl\/wp-json\/wp\/v2\/product_tag?post=6730"}],"curies":[{"name":"wp","href":"https:\/\/api.w.org\/{rel}","templated":true}]}}