{"id":7406,"date":"2025-10-06T14:03:30","date_gmt":"2025-10-06T12:03:30","guid":{"rendered":"https:\/\/fengchashop.com\/it\/?post_type=product&#038;p=7406"},"modified":"2026-05-08T16:17:08","modified_gmt":"2026-05-08T14:17:08","slug":"chaga-bio-125-g","status":"publish","type":"product","link":"https:\/\/fengchashop.com\/it\/product\/chaga-bio-125-g\/","title":{"rendered":"Chaga BIO 125 g"},"content":{"rendered":"<div class=\"wpb-content-wrapper\"><p>[vc_row][vc_column][vc_column_text css=&#8221;&#8221;]<\/p>\n<h2><span style=\"color: #000000\">Chaga &#8211; Chaga (Inonotus obliquus) polvere BIO<\/span><\/h2>\n<p style=\"text-align: justify\"><span style=\"color: #000000\">Il Chaga o Inonotus obliquus \u00e8 un integratore alimentare. La chaga \u00e8 un fungo parassita che cresce sugli alberi vivi (soprattutto betulle) e si nutre della loro linfa. La chaga \u00e8 un fungo adattogeno. Gli scienziati russi e giapponesi lo preferiscono addirittura al noto Ganoderma lucidum (reishi).<\/span><\/p>\n<p style=\"text-align: justify\"><span style=\"color: #000000\">La produzione del nostro chaga \u00e8 rigorosamente controllata, senza l&#8217;uso di sostanze chimiche o pesticidi e 100% biologica. La qualit\u00e0 dei funghi viene regolarmente monitorata da laboratori indipendenti in Slovenia e negli Stati Uniti.<\/span><\/p>\n<h2><span style=\"color: #000000\">Confezione<\/span><\/h2>\n<p><span style=\"color: #000000\">Sacchetto non permeabile con chiusura a zip in cui il prodotto conserva tutta la sua freschezza e il suo aroma. La confezione protegge il prodotto dalla luce e dall&#8217;aria, essendo composta da diversi strati di protezione che preservano le propriet\u00e0 del contenuto.<\/span><\/p>\n<p><span style=\"color: #000000\">La confezione \u00e8 molto pratica e riciclabile.<\/span><\/p>\n<h2><span style=\"color: #000000\">Conservazione e avvertenze<\/span><\/h2>\n<p><span style=\"color: #000000\">Conservare in un luogo fresco e asciutto. Tenere l&#8217;integratore alimentare fuori dalla portata dei bambini!<\/span><\/p>\n<p><span style=\"color: #000000\">Ricordare l&#8217;importanza di una dieta varia e di uno stile di vita sano; un integratore alimentare non sostituisce quindi una dieta equilibrata e varia. Non superare la quantit\u00e0 o la dose giornaliera raccomandata. Alle donne in gravidanza e in allattamento si consiglia sempre di consultare un medico prima dell&#8217;uso.<\/span><\/p>\n<h2><span style=\"color: #000000\">Altri usi<\/span><\/h2>\n<p style=\"text-align: justify\"><span style=\"color: #000000\">Il prodotto \u00e8 adatto anche agli animali.<\/span><\/p>\n<h2><span style=\"color: #000000\">Origine<\/span><\/h2>\n<p>Cina<\/p>\n<p>Abbiamo fornitori molto affidabili che ci inviano analisi chimiche dettagliate degli alimenti per ogni lotto. In oltre dieci anni non abbiamo avuto richiami o altri problemi con questo articolo, n\u00e9 con altri articoli dello stesso fornitore.<\/p>\n<p>L&#8217;articolo \u00e8 certificato biologico al 100%.[\/vc_column_text][\/vc_column][\/vc_row]<\/p>\n<\/div>","protected":false},"excerpt":{"rendered":"<p align=\"JUSTIFY\">Il Chaga, o Inonotus obliquus, \u00e8 originario della Siberia, dove prospera a temperature fino a -40 \u00b0C.<\/p>\n<p>\ud83d\udc9a \u00c8 un <span style=\"color: #000000\">fungo adattogeno.<\/span><br \/>\n\ud83d\udc9a 100% biologico.<\/p>\n","protected":false},"featured_media":5969,"comment_status":"open","ping_status":"closed","template":"","meta":{"_acf_changed":false},"product_brand":[],"product_cat":[198,217,224,15],"product_tag":[],"class_list":{"0":"post-7406","1":"product","2":"type-product","3":"status-publish","4":"has-post-thumbnail","6":"product_cat-funghi-medicinali","7":"product_cat-offerta","8":"product_cat-tutti-gli-articoli","9":"product_cat-uncategorized","11":"first","12":"instock","13":"sale","14":"taxable","15":"shipping-taxable","16":"purchasable","17":"product-type-simple"},"acf":[],"_links":{"self":[{"href":"https:\/\/fengchashop.com\/it\/wp-json\/wp\/v2\/product\/7406","targetHints":{"allow":["GET"]}}],"collection":[{"href":"https:\/\/fengchashop.com\/it\/wp-json\/wp\/v2\/product"}],"about":[{"href":"https:\/\/fengchashop.com\/it\/wp-json\/wp\/v2\/types\/product"}],"replies":[{"embeddable":true,"href":"https:\/\/fengchashop.com\/it\/wp-json\/wp\/v2\/comments?post=7406"}],"wp:featuredmedia":[{"embeddable":true,"href":"https:\/\/fengchashop.com\/it\/wp-json\/wp\/v2\/media\/5969"}],"wp:attachment":[{"href":"https:\/\/fengchashop.com\/it\/wp-json\/wp\/v2\/media?parent=7406"}],"wp:term":[{"taxonomy":"product_brand","embeddable":true,"href":"https:\/\/fengchashop.com\/it\/wp-json\/wp\/v2\/product_brand?post=7406"},{"taxonomy":"product_cat","embeddable":true,"href":"https:\/\/fengchashop.com\/it\/wp-json\/wp\/v2\/product_cat?post=7406"},{"taxonomy":"product_tag","embeddable":true,"href":"https:\/\/fengchashop.com\/it\/wp-json\/wp\/v2\/product_tag?post=7406"}],"curies":[{"name":"wp","href":"https:\/\/api.w.org\/{rel}","templated":true}]}}