{"id":6861,"date":"2025-06-09T10:03:02","date_gmt":"2025-06-09T08:03:02","guid":{"rendered":"https:\/\/fengchashop.com\/it\/?post_type=product&#038;p=6861"},"modified":"2026-05-05T10:33:20","modified_gmt":"2026-05-05T08:33:20","slug":"kudzu-in-polvere","status":"publish","type":"product","link":"https:\/\/fengchashop.com\/it\/product\/kudzu-in-polvere\/","title":{"rendered":"Kudzu in polvere 250 g"},"content":{"rendered":"<h2><strong>Cos&#8217;\u00e8 il kudzu?<\/strong><\/h2>\n<p><strong>Il kudzu<\/strong> (pronunciato: <em>k\u00fadzu<\/em>) \u00e8 una pianta rampicante a crescita rapida originaria dell&#8217;Asia orientale, principalmente Cina, Giappone e Corea. \u00c8 anche chiamata igname selvatico giapponese o radice di kudzu. Originariamente veniva utilizzata come foraggio, sovescio e per il controllo dell&#8217;erosione del suolo. Nel XIX secolo, la pianta fu introdotta anche negli Stati Uniti, dove si \u00e8 dimostrata una specie invasiva, in quanto pu\u00f2 rapidamente invadere intere aree, comprese foreste, fattorie e strade.<\/p>\n<p>Il kudzu appartiene alla famiglia delle leguminose (Fabaceae) ed \u00e8 un parente delle leguminose. Ha grandi foglie trifogliate (tre lobi), fiori viola e radici spesse che <strong>contengono molti nutrienti e propriet\u00e0 medicinali<\/strong>.<\/p>\n<p>Il kudzu \u00e8 una pianta estremamente interessante con una lunga storia di utilizzo <strong>nella medicina tradizionale<\/strong>. In polvere, \u00e8 adatto all&#8217;integrazione alimentare, in particolare per supportare il fegato, la circolazione sanguigna e l&#8217;equilibrio ormonale.<\/p>\n<h2><strong>Effetti medicinali<\/strong><\/h2>\n<p>Il kudzu \u00e8 utilizzato nella medicina tradizionale cinese da secoli. La radice contiene <strong>isoflavoni<\/strong>, in particolare <strong>daidzeina<\/strong>, <strong>daidzina<\/strong> e <strong>puerarina<\/strong>, che hanno importanti propriet\u00e0 farmacologiche.<\/p>\n<p><strong>Effetti principali:<\/strong><\/p>\n<p><strong>\ud83d\udc9a Disintossicazione epatica:<\/strong> utilizzato per problemi di alcolismo &#8211; si dice che aiuti a ridurre il desiderio di alcol e a supportare il fegato.<\/p>\n<p><strong>\ud83d\udc9a Sollievo da emicrania e mal di testa<\/strong><\/p>\n<p><strong>\ud83d\udc9a Abbassa la pressione sanguigna e migliora la circolazione sanguigna<\/strong><\/p>\n<p><strong>\ud83d\udc9a Allevia i sintomi della menopausa:<\/strong> agisce in modo simile ai fitoestrogeni.<\/p>\n<p><strong>\ud83d\udc9a Effetto antinfiammatorio:<\/strong> aiuta a combattere infiammazioni e dolori muscolari.<\/p>\n<p><strong>\ud83d\udc9a Aiuta con il diabete di tipo 2:<\/strong> alcune ricerche dimostrano che migliora la sensibilit\u00e0 all&#8217;insulina.<\/p>\n<p><strong>\ud83d\udc9a Effetto antiossidante:<\/strong> agisce come un antiossidante.<\/p>\n<p><strong>\ud83d\udc9a Allevia i problemi digestivi:<\/strong> utilizzato per diarrea, crampi, irritazione gastrica, ha un effetto calmante sul tratto gastrointestinale e sull&#8217;intestino.<\/p>\n<p><strong>\ud83d\udc9a Effetto neuroprotettivo:<\/strong> protegge le cellule nervose dallo stress ossidativo, aiuta in caso di vertigini, capogiri e tinnito.<\/p>\n<p><strong>\ud83d\udc9a Effetto antimicrobico e antivirale:<\/strong> ha propriet\u00e0 antibatteriche e un effetto inibitorio sui virus influenzali.<\/p>\n<h2><strong>Conservazione e avvertenze<\/strong><\/h2>\n<p>Conservare in un luogo fresco e asciutto a una temperatura massima di 25 \u00b0C. Tenere l&#8217;integratore alimentare fuori dalla portata dei bambini!<\/p>\n<p>Ricorda l&#8217;importanza di una dieta varia e di uno stile di vita sano, pertanto un integratore alimentare non sostituisce una dieta equilibrata e varia. Non superare la dose giornaliera raccomandata.<\/p>\n<p>Sconsigliamo l&#8217;uso a donne in gravidanza e allattamento e ai bambini. Si consiglia di consultare il medico per ulteriori informazioni in caso di problemi di salute. A causa dei fitoestrogeni, non \u00e8 adatto a persone con patologie sensibili agli estrogeni (ad esempio, cancro al seno). Pu\u00f2 interferire con la pressione sanguigna, il diabete o l&#8217;assunzione di farmaci ormonali.<\/p>\n<h2><strong>\u00a0<\/strong><strong>Confezione<\/strong><\/h2>\n<p>Sacchetto ermetico con zip, dove il prodotto mantiene tutta la sua freschezza e il suo aroma. La confezione protegge dalla luce e dall&#8217;aria, poich\u00e9 \u00e8 composta da diversi strati protettivi che preservano le propriet\u00e0 del contenuto.<\/p>\n<p>La confezione \u00e8 molto pratica e consente il riciclo.<\/p>\n<h2><strong>\u00a0<\/strong><strong>Origine<\/strong><\/h2>\n<p>Giappone<\/p>\n","protected":false},"excerpt":{"rendered":"<p>Il kudzu \u00e8 utilizzato nella medicina tradizionale cinese da secoli. \u00c8 una pianta estremamente interessante con una lunga storia di utilizzo nella medicina tradizionale. In polvere, \u00e8 adatto come integratore alimentare, in particolare per:<\/p>\n<p><span style=\"color: #000000\">\ud83d\udc9a <\/span><strong>supportare il fegato,<\/strong><\/p>\n<p><strong><span style=\"color: #000000\">\ud83d\udc9a <\/span>la circolazione sanguigna e<\/strong><\/p>\n<p><strong><span style=\"color: #000000\">\ud83d\udc9a <\/span>l&#8217;equilibrio ormonale<\/strong>.<\/p>\n","protected":false},"featured_media":6862,"comment_status":"open","ping_status":"closed","template":"","meta":{"_acf_changed":false},"product_brand":[],"product_cat":[217,195,224,15],"product_tag":[],"class_list":{"0":"post-6861","1":"product","2":"type-product","3":"status-publish","4":"has-post-thumbnail","6":"product_cat-offerta","7":"product_cat-superfood","8":"product_cat-tutti-gli-articoli","9":"product_cat-uncategorized","11":"first","12":"instock","13":"taxable","14":"shipping-taxable","15":"purchasable","16":"product-type-simple"},"acf":[],"_links":{"self":[{"href":"https:\/\/fengchashop.com\/it\/wp-json\/wp\/v2\/product\/6861","targetHints":{"allow":["GET"]}}],"collection":[{"href":"https:\/\/fengchashop.com\/it\/wp-json\/wp\/v2\/product"}],"about":[{"href":"https:\/\/fengchashop.com\/it\/wp-json\/wp\/v2\/types\/product"}],"replies":[{"embeddable":true,"href":"https:\/\/fengchashop.com\/it\/wp-json\/wp\/v2\/comments?post=6861"}],"wp:featuredmedia":[{"embeddable":true,"href":"https:\/\/fengchashop.com\/it\/wp-json\/wp\/v2\/media\/6862"}],"wp:attachment":[{"href":"https:\/\/fengchashop.com\/it\/wp-json\/wp\/v2\/media?parent=6861"}],"wp:term":[{"taxonomy":"product_brand","embeddable":true,"href":"https:\/\/fengchashop.com\/it\/wp-json\/wp\/v2\/product_brand?post=6861"},{"taxonomy":"product_cat","embeddable":true,"href":"https:\/\/fengchashop.com\/it\/wp-json\/wp\/v2\/product_cat?post=6861"},{"taxonomy":"product_tag","embeddable":true,"href":"https:\/\/fengchashop.com\/it\/wp-json\/wp\/v2\/product_tag?post=6861"}],"curies":[{"name":"wp","href":"https:\/\/api.w.org\/{rel}","templated":true}]}}