{"id":6794,"date":"2025-06-09T09:58:05","date_gmt":"2025-06-09T07:58:05","guid":{"rendered":"https:\/\/fengchashop.com\/it\/product\/te-chanca-piedra\/"},"modified":"2026-04-18T17:51:17","modified_gmt":"2026-04-18T15:51:17","slug":"te-chanca-piedra","status":"publish","type":"product","link":"https:\/\/fengchashop.com\/it\/product\/te-chanca-piedra\/","title":{"rendered":"T\u00e8 Chanca Piedra 100 g"},"content":{"rendered":"<h2><span style=\"color: #000000\">T\u00e8 Chanca Piedra<\/span><\/h2>\n<p><span style=\"color: #000000\"><strong>Chancia Piedra<\/strong> (<em>Phyllanthus niruri<\/em>) \u00e8 una <strong>pianta tropicale<\/strong> originaria dell&#8217;<strong>Amazzonia<\/strong> e di altre parti del <strong>Sud America<\/strong>, dell&#8217;India e del Sud-est asiatico. Il nome significa letteralmente &#8220;spaccapietre&#8221; e deriva da un termine spagnolo che si riferisce al suo utilizzo tradizionale per rompere i calcoli renali e biliari. Chanca Piedra proviene da una <strong>produzione biologica controllata<\/strong> nei <strong>giardini forestali (Chakra)<\/strong> ed \u00e8 coltivata dalla popolazione indigena Kichwa nei giardini della foresta pluviale amazzonica in Ecuador.<\/span><\/p>\n<h2><span style=\"color: #000000\"><strong>Principali principi attivi<\/strong><\/span><\/h2>\n<p><span style=\"color: #000000\">La pianta contiene numerosi <strong>composti bioattivi<\/strong>, i pi\u00f9 importanti dei quali sono:<\/span><\/p>\n<ul>\n<li><span style=\"color: #000000\"><strong>Lignani:<\/strong> fillantina, ipofillantina<\/span><\/li>\n<li><span style=\"color: #000000\"><strong>Flavonoidi:<\/strong> quercetina, acido rutinico<\/span><\/li>\n<li><span style=\"color: #000000\"><strong>Triterpeni<\/strong><\/span><\/li>\n<li><span style=\"color: #000000\"><strong>Tannini<\/strong><\/span><\/li>\n<li><span style=\"color: #000000\"><strong>Alcaloidi<\/strong><\/span><\/li>\n<li><span style=\"color: #000000\"><strong>Polifenoli<\/strong><\/span><\/li>\n<\/ul>\n<p><span style=\"color: #000000\">Questi composti hanno effetti <strong>antinfiammatori, antimicrobici, antiossidanti, diuretici ed <strong>epatoprotettivi<\/strong>.<\/strong><\/span><\/p>\n<h2><span style=\"color: #000000\"><strong>Effetti e benefici di Chanca Piedra<\/strong><\/span><\/h2>\n<p><span style=\"color: #000000\"><strong>\ud83d\udc9a Sciogliere e prevenire i calcoli renali: <\/strong>\u00c8 noto per la sua capacit\u00e0 di aiutare a scomporre i <strong>calcoli renali e biliari<\/strong> esistenti e ridurre il rischio che si riformano.<\/span><\/p>\n<p><span style=\"color: #000000\"><strong>\ud83d\udc9a Supporto per il fegato: <\/strong>Agisce come <strong>agente epatoprotettivo<\/strong> (protegge il fegato), soprattutto in caso di problemi causati da tossine, alcol o infezioni (ad esempio epatite B).<\/span><\/p>\n<p><span style=\"color: #000000\"><strong>\ud83d\udc9a Attivit\u00e0 antinfiammatoria e antiossidante: <\/strong>Contiene sostanze bioattive che aiutano a <strong>ridurre l&#8217;infiammazione<\/strong> e a <strong>proteggere le cellule dallo stress ossidativo<\/strong>.<\/span><\/p>\n<p><span style=\"color: #000000\"><strong>\ud83d\udc9a Effetto diuretico: <\/strong>Stimola l&#8217;<strong>escrezione di urina<\/strong>, che pu\u00f2 aiutare a purificare le vie urinarie e prevenire infezioni o ritenzione idrica.<\/span><\/p>\n<p><span style=\"color: #000000\"><strong>\ud83d\udc9a Attivit\u00e0 antivirale: <\/strong>Alcuni studi hanno dimostrato effetti contro l&#8217;<strong>epatite B<\/strong> e altri virus, anche se ci\u00f2 non \u00e8 stato ancora confermato clinicamente.<\/span><\/p>\n<p><span style=\"color: #000000\"><strong>\ud83d\udc9a Abbassamento della glicemia: <\/strong>viene anche tradizionalmente utilizzato per <strong>favorire la regolazione della glicemia<\/strong>.<\/span><\/p>\n<h2><span style=\"color: #000000\"><strong>Conservazione e avvertenze<\/strong><\/span><\/h2>\n<p><span style=\"color: #000000\">Conservare in un luogo asciutto e fresco ad una temperatura massima di 25 \u00b0C. Tenere l&#8217;integratore alimentare fuori dalla portata dei bambini!<\/span><\/p>\n<p><span style=\"color: #000000\">Sconsigliato a donne incinte o che allattano. Pu\u00f2 influire sulla pressione sanguigna o sui livelli di zucchero: prestare attenzione alle persone con malattie cardiovascolari o diabete. Pu\u00f2 anche influenzare l&#8217;azione di alcuni farmaci, in particolare diuretici o farmaci per il fegato.<\/span><\/p>\n<p><span style=\"color: #000000\">Uso consigliato: breve periodo di tempo (ad esempio 2\u20134 settimane), poi pausa.<\/span><\/p>\n<p><span style=\"color: #000000\">Non dimenticare l&#8217;importanza di una dieta varia e di uno stile di vita sano, pertanto un integratore alimentare non \u00e8 un sostituto di una dieta varia ed equilibrata. Non superare la quantit\u00e0 o il dosaggio giornaliero raccomandato.<\/span><\/p>\n<h2><span style=\"color: #000000\">Imballaggio<\/span><\/h2>\n<p><span style=\"color: #000000\">Un sacchetto ermetico con cerniera, in cui il prodotto conserva tutta la sua freschezza e il suo aroma. L&#8217;imballaggio protegge dalla luce e dall&#8217;aria, poich\u00e9 \u00e8 costituito da diversi strati protettivi che preservano le propriet\u00e0 del contenuto.<\/span><\/p>\n<p><span style=\"color: #000000\">La confezione \u00e8 molto pratica e riciclabile.<\/span><\/p>\n<h2><span style=\"color: #000000\">Origine<\/span><\/h2>\n<p><span style=\"color: #000000\">Ecuador<\/span><\/p>\n","protected":false},"excerpt":{"rendered":"<p>Il t\u00e8 Chanca Piedra \u00e8 famoso per le sue propriet\u00e0 naturali che aiutano a combattere i calcoli renali, a disintossicare l&#8217;organismo e a proteggere il fegato. Tra i principi attivi pi\u00f9 importanti ci sono la <strong data-start=\"156\" data-end=\"169\">fillanthin<\/strong> e la <strong data-start=\"173\" data-end=\"186\">quercetina<\/strong>, che hanno effetti antinfiammatori e antivirali.<\/p>\n<p>Il t\u00e8 \u00e8 famoso per i suoi effetti su:<\/p>\n<p><strong data-start=\"70\" data-end=\"103\">\ud83d\udc9a sciogliere i calcoli renali<\/strong> e<\/p>\n<p><strong data-start=\"107\" data-end=\"125\">\ud83d\udc9a pulizia del fegato.<\/strong><\/p>\n","protected":false},"featured_media":6795,"comment_status":"open","ping_status":"closed","template":"","meta":{"_acf_changed":false},"product_brand":[],"product_cat":[217,223,205,224,15],"product_tag":[],"class_list":{"0":"post-6794","1":"product","2":"type-product","3":"status-publish","4":"has-post-thumbnail","6":"product_cat-offerta","7":"product_cat-te","8":"product_cat-te-alimenti-spezie","9":"product_cat-tutti-gli-articoli","10":"product_cat-uncategorized","12":"first","13":"instock","14":"taxable","15":"shipping-taxable","16":"purchasable","17":"product-type-simple"},"acf":[],"_links":{"self":[{"href":"https:\/\/fengchashop.com\/it\/wp-json\/wp\/v2\/product\/6794","targetHints":{"allow":["GET"]}}],"collection":[{"href":"https:\/\/fengchashop.com\/it\/wp-json\/wp\/v2\/product"}],"about":[{"href":"https:\/\/fengchashop.com\/it\/wp-json\/wp\/v2\/types\/product"}],"replies":[{"embeddable":true,"href":"https:\/\/fengchashop.com\/it\/wp-json\/wp\/v2\/comments?post=6794"}],"wp:featuredmedia":[{"embeddable":true,"href":"https:\/\/fengchashop.com\/it\/wp-json\/wp\/v2\/media\/6795"}],"wp:attachment":[{"href":"https:\/\/fengchashop.com\/it\/wp-json\/wp\/v2\/media?parent=6794"}],"wp:term":[{"taxonomy":"product_brand","embeddable":true,"href":"https:\/\/fengchashop.com\/it\/wp-json\/wp\/v2\/product_brand?post=6794"},{"taxonomy":"product_cat","embeddable":true,"href":"https:\/\/fengchashop.com\/it\/wp-json\/wp\/v2\/product_cat?post=6794"},{"taxonomy":"product_tag","embeddable":true,"href":"https:\/\/fengchashop.com\/it\/wp-json\/wp\/v2\/product_tag?post=6794"}],"curies":[{"name":"wp","href":"https:\/\/api.w.org\/{rel}","templated":true}]}}