{"id":6761,"date":"2024-02-28T16:11:53","date_gmt":"2024-02-28T15:11:53","guid":{"rendered":"https:\/\/fengchashop.com\/it\/product\/chunmee-bio-100-g\/"},"modified":"2026-05-08T13:41:50","modified_gmt":"2026-05-08T11:41:50","slug":"chunmee-bio","status":"publish","type":"product","link":"https:\/\/fengchashop.com\/it\/product\/chunmee-bio\/","title":{"rendered":"Chunmee BIO 100 g"},"content":{"rendered":"<h2><span style=\"color: #000000\">Chunmee biologico<\/span><\/h2>\n<p><span style=\"color: #000000\">Il Chunmee \u00e8 uno dei t\u00e8 di uso quotidiano pi\u00f9 popolari in Cina. La versione biologica \u00e8 caratterizzata da un gusto delicato e raffinato. Le foglie di t\u00e8 sono compatte e morbide. Le foglie vengono prima avvolte in piccole spirali, che si aprono immediatamente a contatto con l&#8217;acqua calda.<\/span><\/p>\n<h2><span style=\"color: #000000\">Conservazione<\/span><\/h2>\n<p><span style=\"color: #000000\">Conservare i t\u00e8 biologici in un luogo asciutto, buio e fresco.<\/span><\/p>\n<h2><span style=\"color: #000000\">Imballaggio<\/span><\/h2>\n<p><span style=\"color: #000000\">In un sacchetto a chiusura lampo non permeabile, dove il prodotto conserva tutta la sua freschezza e il suo aroma. La confezione protegge dalla luce e dall&#8217;aria. \u00c8 composta da diversi strati di protezione per preservare le propriet\u00e0 del prodotto.<\/span><\/p>\n<p><span style=\"color: #000000\">La confezione \u00e8 molto pratica e riciclabile.<\/span><\/p>\n<h2><span style=\"color: #000000\">Origine<\/span><\/h2>\n<p><span style=\"color: #000000\">Cina. Disponiamo di fornitori molto affidabili che per ogni lotto ci inviano una precisa analisi chimica degli alimenti. Non abbiamo avuto richiami o altri problemi con questo prodotto o altri prodotti dello stesso fornitore da oltre dieci anni. L&#8217;articolo ha un certificato biologico al 100%.<\/span><\/p>\n","protected":false},"excerpt":{"rendered":"<p>Il Chunmee \u00e8 uno dei t\u00e8 pi\u00f9 popolari per tutti i giorni. La versione biologica si caratterizza per le sue foglie fini e morbide.<\/p>\n<p>\ud83d\udc9a \u00c8 prodotto biologicamente.<\/p>\n<p>\ud83d\udc9a Un t\u00e8 per tutti i giorni.<\/p>\n","protected":false},"featured_media":6762,"comment_status":"open","ping_status":"closed","template":"","meta":{"_acf_changed":false},"product_brand":[],"product_cat":[217,223,205,224,15],"product_tag":[],"class_list":{"0":"post-6761","1":"product","2":"type-product","3":"status-publish","4":"has-post-thumbnail","6":"product_cat-offerta","7":"product_cat-te","8":"product_cat-te-alimenti-spezie","9":"product_cat-tutti-gli-articoli","10":"product_cat-uncategorized","12":"first","13":"instock","14":"taxable","15":"shipping-taxable","16":"purchasable","17":"product-type-simple"},"acf":[],"_links":{"self":[{"href":"https:\/\/fengchashop.com\/it\/wp-json\/wp\/v2\/product\/6761","targetHints":{"allow":["GET"]}}],"collection":[{"href":"https:\/\/fengchashop.com\/it\/wp-json\/wp\/v2\/product"}],"about":[{"href":"https:\/\/fengchashop.com\/it\/wp-json\/wp\/v2\/types\/product"}],"replies":[{"embeddable":true,"href":"https:\/\/fengchashop.com\/it\/wp-json\/wp\/v2\/comments?post=6761"}],"wp:featuredmedia":[{"embeddable":true,"href":"https:\/\/fengchashop.com\/it\/wp-json\/wp\/v2\/media\/6762"}],"wp:attachment":[{"href":"https:\/\/fengchashop.com\/it\/wp-json\/wp\/v2\/media?parent=6761"}],"wp:term":[{"taxonomy":"product_brand","embeddable":true,"href":"https:\/\/fengchashop.com\/it\/wp-json\/wp\/v2\/product_brand?post=6761"},{"taxonomy":"product_cat","embeddable":true,"href":"https:\/\/fengchashop.com\/it\/wp-json\/wp\/v2\/product_cat?post=6761"},{"taxonomy":"product_tag","embeddable":true,"href":"https:\/\/fengchashop.com\/it\/wp-json\/wp\/v2\/product_tag?post=6761"}],"curies":[{"name":"wp","href":"https:\/\/api.w.org\/{rel}","templated":true}]}}