{"id":6757,"date":"2023-08-29T09:31:01","date_gmt":"2023-08-29T07:31:01","guid":{"rendered":"https:\/\/fengchashop.com\/it\/product\/tarassaco-bio-250-g\/"},"modified":"2026-05-09T15:34:43","modified_gmt":"2026-05-09T13:34:43","slug":"tarassaco-bio","status":"publish","type":"product","link":"https:\/\/fengchashop.com\/it\/product\/tarassaco-bio\/","title":{"rendered":"Tarassaco BIO 250 g"},"content":{"rendered":"<h2 style=\"text-align: justify\"><span style=\"color: #000000\">Dente di leone in polvere BIO<\/span><\/h2>\n<div style=\"text-align: justify\">\n<p><span style=\"color: #000000\">Il tarassaco (Taraxacum officinale), noto anche come dente di leone o aquilegia, \u00e8 un&#8217;erba perenne della famiglia delle Asteraceae. La pianta \u00e8 diffusa in tutto il mondo e si trova comunemente in prati, giardini, bordi stradali e altre aree aperte. Oltre al suo valore ornamentale, ha anche un&#8217;utilit\u00e0 storica e moderna nella medicina tradizionale e naturale, dove sono stati studiati i suoi potenziali effetti sulla salute.<\/span><\/p>\n<\/div>\n<h2 style=\"text-align: justify\"><span style=\"color: #000000\">Perch\u00e9 il tarassaco \u00e8 cos\u00ec speciale e cos\u00ec diverso?<\/span><\/h2>\n<p><span style=\"color: #000000\">La polvere di radice di tarassaco \u00e8 un integratore alimentare derivato dalle radici di questa pianta. La polvere di radice di tarassaco \u00e8 <strong>apprezzata per i suoi numerosi potenziali benefici per la salute<\/strong>. Il tarassaco \u00e8 stato utilizzato nei sistemi medicinali tradizionali di tutto il mondo <strong>per una serie di scopi, tra cui gli effetti come tonico, diuretico e depurativo del sangue<\/strong>.<\/span><\/p>\n<p><span style=\"color: #000000\">La radice di tarassaco \u00e8 una ricca fonte di molti nutrienti, tra cui <strong>vitamine<\/strong> (A, C e K), <strong>minerali<\/strong> (potassio, calcio, ferro, magnesio e fosforo) e <strong>altri composti che possono avere effetti benefici sulla salute<\/strong>.<\/span><\/p>\n<p><span style=\"color: #000000\">Il tarassaco contiene<strong> antiossidanti<\/strong> che proteggono le cellule dai danni causati dai radicali liberi. Gli antiossidanti possono contribuire alla salute generale e svolgere un ruolo nella riduzione del rischio di malattie croniche. I<strong> flavonoidi<\/strong> sono antiossidanti che includono composti come la quercetina e la luteolina, che possono aiutare a proteggere le cellule dallo stress ossidativo.<\/span><\/p>\n<p><span style=\"color: #000000\">La radice di tarassaco contiene anche fibre, la pi\u00f9 importante delle quali \u00e8 l&#8217;<strong> inulina<\/strong>, che aiuta a regolare i livelli di zucchero nel sangue e la digestione.<\/span><br \/>\n<span style=\"color: #000000\">Altri importanti composti presenti nella radice di tarassaco sono l&#8217;<strong>amaricina<\/strong>, che stimola l&#8217;appetito e la digestione, e le<strong> sostanze fitochimiche<\/strong>, che hanno diversi benefici per la salute.<\/span><\/p>\n<h2 class=\"Standard\" style=\"text-align: justify\"><span style=\"color: #000000\">Effetti positivi sulla nostra salute e sul nostro corpo<\/span><\/h2>\n<div style=\"text-align: justify\"><span style=\"color: #000000\">Il tarassaco ha molti potenziali benefici ed effetti sulla salute. Alcuni dei principali benefici ed effetti sono:<\/span><\/div>\n<div style=\"text-align: justify\">\n<p><span style=\"color: #000000\"> \ud83d\udc9a \u00c8 un potente <strong>antiossidante<\/strong> che elimina i radicali liberi,<\/span><br \/>\n<span style=\"color: #000000\"> \ud83d\udc9a ha un <strong>effetto diuretico<\/strong>,<\/span><br \/>\n<span style=\"color: #000000\">\ud83d\udc9a aiuta a <strong>disintossicarsi e a depurarsi<\/strong>,<\/span><br \/>\n<span style=\"color: #000000\">\ud83d\udc9a contribuisce a<strong> una migliore digestione e a un sistema digestivo sano<\/strong>,<\/span><br \/>\n<span style=\"color: #000000\">\ud83d\udc9a aiuta il <strong>sistema immunitario a funzionare meglio<\/strong>,<\/span><br \/>\n<span style=\"color: #000000\">\ud83d\udc9a aiuta a rafforzare la <strong>naturale resistenza dell&#8217;organismo alle infezioni e alle malattie<\/strong>,<\/span><br \/>\n<span style=\"color: #000000\">\ud83d\udc9a ha <strong>propriet\u00e0 antinfiammatorie<\/strong>,<\/span><br \/>\n<span style=\"color: #000000\">\ud83d\udc9a migliora le<strong> condizioni della pelle in varie condizioni<\/strong>,<\/span><br \/>\n<span style=\"color: #000000\">\ud83d\udc9a supporta la<strong> funzione epatica<\/strong>,<\/span><br \/>\n<span style=\"color: #000000\">\ud83d\udc9a aiuta a <strong>regolare i livelli di zucchero nel sangue<\/strong>,<\/span><br \/>\n<span style=\"color: #000000\">\ud83d\udc9a contribuisce a <strong>migliorare la salute delle ossa<\/strong>.<\/span><\/p>\n<\/div>\n<div style=\"text-align: justify\">\n<h2><span style=\"color: #000000\">Conservazione e avvertenze<\/span><\/h2>\n<\/div>\n<p style=\"text-align: justify\"><span style=\"color: #000000\">Conservare in luogo fresco e asciutto a una temperatura massima di 25 \u00b0C. Tenere l&#8217;integratore alimentare fuori dalla portata dei bambini!<\/span><\/p>\n<p style=\"text-align: justify\"><span style=\"color: #000000\">Ricordare l&#8217;importanza di una dieta varia e di uno stile di vita sano; un integratore alimentare non sostituisce quindi una dieta equilibrata e varia. Non superare la quantit\u00e0 o la dose giornaliera raccomandata.<\/span><\/p>\n<p style=\"text-align: justify\"><span style=\"color: #000000\">Se ne sconsiglia l&#8217;uso alle donne in gravidanza e in allattamento e ai bambini. \u00c8 sconsigliato alle persone ipersensibili alle piante della famiglia delle Asteraceae e a chi assume farmaci anticoagulanti o soffre di problemi biliari. Si consiglia di consultare il medico per maggiori informazioni in caso di problemi di salute.<\/span><\/p>\n<h2 style=\"text-align: justify\"><span style=\"color: #000000\">Confezione<\/span><\/h2>\n<p style=\"text-align: justify\"><span style=\"color: #000000\">Sacchetto non permeabile con chiusura a zip in cui il prodotto conserva tutta la sua freschezza e il suo aroma. La confezione protegge il prodotto dalla luce e dall&#8217;aria, essendo composta da diversi strati di protezione per preservare le propriet\u00e0 del contenuto.<\/span><\/p>\n<p style=\"text-align: justify\"><span style=\"color: #000000\">La confezione \u00e8 molto pratica e riciclabile.<\/span><\/p>\n<h2 style=\"text-align: justify\"><span style=\"color: #000000\">Origine<\/span><\/h2>\n<p style=\"text-align: justify\"><span style=\"color: #000000\">Cina<\/span><\/p>\n<p><span style=\"color: #000000\">Abbiamo fornitori molto affidabili che ci inviano un&#8217;analisi chimica dettagliata del prodotto alimentare per ogni lotto. In pi\u00f9 di dieci anni non abbiamo mai avuto un richiamo o qualsiasi altro problema con questo articolo, n\u00e9 con altri articoli dello stesso fornitore.<\/span><\/p>\n<p><span style=\"color: #000000\">L&#8217;articolo \u00e8 certificato biologico al 100%.<\/span><\/p>\n","protected":false},"excerpt":{"rendered":"<p>Il tarassaco (Taraxacum officinale), noto anche come dente di leone o soffione, \u00e8 un&#8217;erba perenne della famiglia delle Asteraceae. La pianta \u00e8 diffusa in tutto il mondo e si trova comunemente in prati, giardini, bordi stradali e altre aree aperte. Oltre al suo valore ornamentale, ha anche un&#8217;utilit\u00e0 storica e moderna nella medicina tradizionale e naturale, dove sono stati esplorati i suoi potenziali effetti sulla salute.<\/p>\n<p><span style=\"color: #000000\">\ud83d\udc9a Aiuta a rafforzare la naturale resistenza dell&#8217;organismo alle infezioni e alle malattie.<\/span><br \/>\n<span style=\"color: #000000\">\ud83d\udc9a Contribuisce a una migliore digestione e a un sistema digestivo sano.<\/span><br \/>\n<span style=\"color: #000000\"> \ud83d\udc9a Aiuta a regolare i livelli di zucchero nel sangue.<\/span><br \/>\n<span style=\"color: #000000\">\ud83d\udc9a \u00c8 un potente antiossidante che elimina i radicali liberi.<\/span><\/p>\n","protected":false},"featured_media":6758,"comment_status":"open","ping_status":"closed","template":"","meta":{"_acf_changed":false},"product_brand":[],"product_cat":[217,195,224,15],"product_tag":[],"class_list":{"0":"post-6757","1":"product","2":"type-product","3":"status-publish","4":"has-post-thumbnail","6":"product_cat-offerta","7":"product_cat-superfood","8":"product_cat-tutti-gli-articoli","9":"product_cat-uncategorized","11":"first","12":"instock","13":"sale","14":"taxable","15":"shipping-taxable","16":"purchasable","17":"product-type-simple"},"acf":[],"_links":{"self":[{"href":"https:\/\/fengchashop.com\/it\/wp-json\/wp\/v2\/product\/6757","targetHints":{"allow":["GET"]}}],"collection":[{"href":"https:\/\/fengchashop.com\/it\/wp-json\/wp\/v2\/product"}],"about":[{"href":"https:\/\/fengchashop.com\/it\/wp-json\/wp\/v2\/types\/product"}],"replies":[{"embeddable":true,"href":"https:\/\/fengchashop.com\/it\/wp-json\/wp\/v2\/comments?post=6757"}],"wp:featuredmedia":[{"embeddable":true,"href":"https:\/\/fengchashop.com\/it\/wp-json\/wp\/v2\/media\/6758"}],"wp:attachment":[{"href":"https:\/\/fengchashop.com\/it\/wp-json\/wp\/v2\/media?parent=6757"}],"wp:term":[{"taxonomy":"product_brand","embeddable":true,"href":"https:\/\/fengchashop.com\/it\/wp-json\/wp\/v2\/product_brand?post=6757"},{"taxonomy":"product_cat","embeddable":true,"href":"https:\/\/fengchashop.com\/it\/wp-json\/wp\/v2\/product_cat?post=6757"},{"taxonomy":"product_tag","embeddable":true,"href":"https:\/\/fengchashop.com\/it\/wp-json\/wp\/v2\/product_tag?post=6757"}],"curies":[{"name":"wp","href":"https:\/\/api.w.org\/{rel}","templated":true}]}}