{"id":6755,"date":"2023-08-29T08:53:40","date_gmt":"2023-08-29T06:53:40","guid":{"rendered":"https:\/\/fengchashop.com\/it\/product\/bardana-bio-250-g\/"},"modified":"2026-04-29T22:00:02","modified_gmt":"2026-04-29T20:00:02","slug":"bardana-bio","status":"publish","type":"product","link":"https:\/\/fengchashop.com\/it\/product\/bardana-bio\/","title":{"rendered":"Bardana BIO 250 g"},"content":{"rendered":"<h2 style=\"text-align: justify\"><span style=\"color: #000000\">Polvere di bardana biologica<\/span><\/h2>\n<div style=\"text-align: justify\">\n<p><span style=\"color: #000000\">La polvere di bardana deriva dalla radice della bardana (Arctium lappa), un&#8217;erba originaria dell&#8217;Europa e dell&#8217;Asia, ma presente anche in altre parti del mondo. Quest&#8217;erba \u00e8 nota per le sue grandi foglie a forma di cuore, le infiorescenze rosa-violacee e i frutti grandi e caratteristici che si aggrappano a guaine pelose. La bardana ha una lunga storia di utilizzo nella <strong>medicina erboristica tradizionale ed \u00e8 nota per i suoi numerosi benefici per la salute<\/strong>. La radice di bardana \u00e8 ricca di vari <strong>nutrienti e composti bioattivi<\/strong> che contribuiscono ai suoi effetti.<\/span><\/p>\n<p><span style=\"color: #000000\">Diverse parti della pianta sono state utilizzate a scopo medico, tra cui le radici, le foglie, i fiori e i semi. La bardana \u00e8 stata utilizzata anche in ambito culinario, dove le foglie e gli steli giovani sono spesso utilizzati per preparare piatti come zuppe e insalate.<\/span><\/p>\n<\/div>\n<h2 style=\"text-align: justify\"><span style=\"color: #000000\">Perch\u00e9 la bardana \u00e8 cos\u00ec speciale e cos\u00ec diversa?<\/span><\/h2>\n<p style=\"text-align: justify\"><span style=\"color: #000000\">Oggi la bardana viene utilizzata anche come ingrediente di integratori alimentari, in quanto presenta numerosi potenziali benefici per la salute. Viene utilizzata per<strong> sostenere la salute della pelle, l&#8217;apparato digerente, i reni, il sistema immunitario e altre funzioni corporee<\/strong>.<\/span><\/p>\n<p style=\"text-align: justify\"><span style=\"color: #000000\">La radice di bardana \u00e8 una ricca fonte di molti nutrienti, tra cui vitamine (complesso B ed E), minerali (potassio, fosforo, magnesio, cobalto, cromo, zinco, sodio, silicio e ferro) e altri composti che possono avere effetti benefici sulla salute.<\/span><\/p>\n<p style=\"text-align: justify\"><span style=\"color: #000000\">L&#8217;estratto di radice di bardana ha molte propriet\u00e0 farmacologiche, tra cui spiccano gli<strong> effetti antibatterici, antivirali e antiossidanti<\/strong>. Svolge inoltre un ruolo chiave nella regolazione del<strong> metabolismo lipidico e nella regolazione dei disturbi del metabolismo del glucosio<\/strong>. Inoltre, le sono state attribuite<strong> propriet\u00e0 antitumorali, antimutagene e immunomodulanti, oltre alla capacit\u00e0 di ridurre l&#8217;infiammazione<\/strong>. Nel suo complesso, ha anche effetti lassativi per migliorare il processo digestivo.<\/span><\/p>\n<p style=\"text-align: justify\"><span style=\"color: #000000\">L&#8217;estratto di radice di bardana contiene diversi <strong>aminoacidi essenziali<\/strong> in concentrazioni elevate, in particolare quelli con effetti farmacologici pronunciati.<\/span><\/p>\n<h2 class=\"Standard\" style=\"text-align: justify\"><span style=\"color: #000000\">Effetti positivi sulla nostra salute e sul nostro corpo<\/span><\/h2>\n<div style=\"text-align: justify\">\n<p><span style=\"color: #000000\">La bardana ha molti potenziali benefici ed effetti sulla salute. Alcuni dei principali benefici ed effetti sono:<\/span><\/p>\n<p><span style=\"color: #000000\"> \ud83d\udc9a ha <strong>propriet\u00e0 antinfiammatorie<\/strong>,<\/span><br \/>\n<span style=\"color: #000000\"> \ud83d\udc9a migliora<strong> le condizioni della pelle in varie condizioni<\/strong> (acne, eczema, psoriasi e dermatite),<\/span><br \/>\n<span style=\"color: #000000\">\ud83d\udc9a allevia il <strong>prurito e l&#8217;irritazione della pelle<\/strong>,<\/span><br \/>\n<span style=\"color: #000000\">\ud83d\udc9a aiuta la<strong> disintossicazione e la depurazione<\/strong>,<\/span><br \/>\n<span style=\"color: #000000\">\ud83d\udc9a supporta il <strong>fegato e i reni nell&#8217;<\/strong> eliminazione delle tossine dall&#8217;organismo,<\/span><br \/>\n<span style=\"color: #000000\"> \ud83d\udc9a favorisce l&#8217;eliminazione delle <strong>sostanze di scarto<\/strong> attraverso la pelle e il sistema urinario,<\/span><br \/>\n<span style=\"color: #000000\"> \ud83d\udc9a contribuisce a una migliore <strong>digestione e a un sistema digestivo sano,<\/strong><\/span><br \/>\n<span style=\"color: #000000\">\ud83d\udc9a aiuta il<strong> sistema immunitario<\/strong> a funzionare meglio,<\/span><br \/>\n<span style=\"color: #000000\">\ud83d\udc9a contribuisce a rafforzare la naturale <strong>resistenza dell&#8217;organismo contro infezioni e malattie<\/strong>,<\/span><br \/>\n<span style=\"color: #000000\"> \ud83d\udc9a \u00e8 un potente <strong>antiossidante<\/strong> che elimina i radicali liberi,<\/span><br \/>\n<span style=\"color: #000000\"> \ud83d\udc9a ha un <strong>effetto antitumorale<\/strong>,<\/span><br \/>\n<span style=\"color: #000000\">\ud83d\udc9a favorisce la <strong>salute di capelli, cuoio capelluto e unghie<\/strong>,<\/span><br \/>\n<span style=\"color: #000000\">\ud83d\udc9a aiuta a regolare i <strong>livelli di zucchero<\/strong>nel sangue,<\/span><br \/>\n<span style=\"color: #000000\">\ud83d\udc9a aiuta ad alleviare l&#8217;<strong> infiammazione delle articolazioni e i sintomi delle malattie reumatiche<\/strong>,<\/span><br \/>\n<span style=\"color: #000000\">\ud83d\udc9a previene l&#8217;<strong>arteriosclerosi, l&#8217;ipertensione e la trombosi cerebrale<\/strong>,<\/span><br \/>\n<span style=\"color: #000000\">\ud83d\udc9a elimina la <strong>stanchezza e stimola il metabolismo<\/strong>,<\/span><br \/>\n<span style=\"color: #000000\">\ud83d\udc9a migliora la<strong> memoria<\/strong>.<\/span><\/p>\n<\/div>\n<div style=\"text-align: justify\">\n<h2><span style=\"color: #000000\">Conservazione e avvertenze<\/span><\/h2>\n<\/div>\n<p style=\"text-align: justify\"><span style=\"color: #000000\">Conservare in un luogo fresco e asciutto a una temperatura massima di 25 \u00b0C. Tenere l&#8217;integratore alimentare fuori dalla portata dei bambini!<\/span><\/p>\n<p style=\"text-align: justify\"><span style=\"color: #000000\">Ricordare l&#8217;importanza di una dieta varia e di uno stile di vita sano; un integratore alimentare non sostituisce quindi una dieta equilibrata e varia. Non superare la quantit\u00e0 o la dose giornaliera raccomandata.<\/span><\/p>\n<p style=\"text-align: justify\"><span style=\"color: #000000\">Se ne sconsiglia l&#8217;uso alle donne in gravidanza e in allattamento e ai bambini. \u00c8 sconsigliato alle persone che hanno reazioni allergiche (ad esempio alle rape) e alle persone che assumono anticoagulanti. Si raccomanda di consultare il medico per ulteriori informazioni in caso di problemi di salute.<\/span><\/p>\n<h2 style=\"text-align: justify\"><span style=\"color: #000000\">Confezione<\/span><\/h2>\n<p style=\"text-align: justify\"><span style=\"color: #000000\">Sacchetto non permeabile con chiusura a zip, in cui il prodotto conserva tutta la sua freschezza e il suo aroma. La confezione protegge il prodotto dalla luce e dall&#8217;aria, essendo composta da diversi strati di protezione per preservare le propriet\u00e0 del contenuto.<\/span><\/p>\n<p style=\"text-align: justify\"><span style=\"color: #000000\">La confezione \u00e8 molto pratica e riciclabile.<\/span><\/p>\n<h2 style=\"text-align: justify\"><span style=\"color: #000000\">Origine<\/span><\/h2>\n<p style=\"text-align: justify\"><span style=\"color: #000000\">Cina<\/span><\/p>\n<p style=\"text-align: justify\"><span style=\"color: #000000\">Abbiamo fornitori molto affidabili che ci inviano un&#8217;analisi chimica dettagliata del prodotto alimentare per ogni lotto. In pi\u00f9 di dieci anni non abbiamo mai avuto un richiamo o qualsiasi altro problema con questo articolo, n\u00e9 con altri articoli dello stesso fornitore. <\/span><\/p>\n<p style=\"text-align: justify\"><span style=\"color: #000000\">L&#8217;articolo \u00e8 certificato biologico al 100%.<\/span><\/p>\n","protected":false},"excerpt":{"rendered":"<p>La polvere di bardana deriva dalla radice della bardana (Arctium lappa), un&#8217;erba originaria dell&#8217;Europa e dell&#8217;Asia, ma presente anche in altre parti del mondo. La bardana ha una lunga storia di utilizzo nella medicina erboristica tradizionale ed \u00e8 nota per i suoi numerosi benefici per la salute. La radice di bardana \u00e8 ricca di vari nutrienti e composti bioattivi che contribuiscono ai suoi effetti.<\/p>\n<p><span style=\"color: #000000\">\ud83d\udc9a Aiuta ad alleviare l&#8217;infiammazione delle articolazioni e ad alleviare i sintomi delle malattie reumatiche.<\/span><br \/>\n<span style=\"color: #000000\"> \ud83d\udc9a Supporta il fegato e i reni nell&#8217;eliminazione delle tossine dall&#8217;organismo.<\/span><br \/>\n<span style=\"color: #000000\">\ud83d\udc9a Previene l&#8217;arteriosclerosi, l&#8217;ipertensione e la trombosi cerebrale.<\/span><br \/>\n<span style=\"color: #000000\">\ud83d\udc9a Ha un effetto antitumorale.<\/span><\/p>\n","protected":false},"featured_media":6756,"comment_status":"open","ping_status":"closed","template":"","meta":{"_acf_changed":false},"product_brand":[],"product_cat":[217,195,224,15],"product_tag":[],"class_list":{"0":"post-6755","1":"product","2":"type-product","3":"status-publish","4":"has-post-thumbnail","6":"product_cat-offerta","7":"product_cat-superfood","8":"product_cat-tutti-gli-articoli","9":"product_cat-uncategorized","11":"first","12":"instock","13":"taxable","14":"shipping-taxable","15":"purchasable","16":"product-type-simple"},"acf":[],"_links":{"self":[{"href":"https:\/\/fengchashop.com\/it\/wp-json\/wp\/v2\/product\/6755","targetHints":{"allow":["GET"]}}],"collection":[{"href":"https:\/\/fengchashop.com\/it\/wp-json\/wp\/v2\/product"}],"about":[{"href":"https:\/\/fengchashop.com\/it\/wp-json\/wp\/v2\/types\/product"}],"replies":[{"embeddable":true,"href":"https:\/\/fengchashop.com\/it\/wp-json\/wp\/v2\/comments?post=6755"}],"wp:featuredmedia":[{"embeddable":true,"href":"https:\/\/fengchashop.com\/it\/wp-json\/wp\/v2\/media\/6756"}],"wp:attachment":[{"href":"https:\/\/fengchashop.com\/it\/wp-json\/wp\/v2\/media?parent=6755"}],"wp:term":[{"taxonomy":"product_brand","embeddable":true,"href":"https:\/\/fengchashop.com\/it\/wp-json\/wp\/v2\/product_brand?post=6755"},{"taxonomy":"product_cat","embeddable":true,"href":"https:\/\/fengchashop.com\/it\/wp-json\/wp\/v2\/product_cat?post=6755"},{"taxonomy":"product_tag","embeddable":true,"href":"https:\/\/fengchashop.com\/it\/wp-json\/wp\/v2\/product_tag?post=6755"}],"curies":[{"name":"wp","href":"https:\/\/api.w.org\/{rel}","templated":true}]}}