{"id":6734,"date":"2023-02-01T18:28:33","date_gmt":"2023-02-01T17:28:33","guid":{"rendered":"https:\/\/fengchashop.com\/it\/product\/rosa-canina-in-polvere-bio-250-g\/"},"modified":"2026-04-24T14:30:17","modified_gmt":"2026-04-24T12:30:17","slug":"rosa-canina-in-polvere-bio","status":"publish","type":"product","link":"https:\/\/fengchashop.com\/it\/product\/rosa-canina-in-polvere-bio\/","title":{"rendered":"Rosa canina in polvere BIO 250 g"},"content":{"rendered":"<h2 style=\"text-align: justify\"><span style=\"color: #000000\">Rosa canina<\/span><\/h2>\n<p style=\"text-align: justify\"><span style=\"color: #000000\">Gi\u00e0 i Sumeri menzionavano la rosa canina o la cosiddetta<strong> rosa selvatica<\/strong> (nome scientifico <strong>Rosa canina<\/strong>) nei loro scritti, e qui la conosciamo anche come <strong>caprifoglio, dente di cane, rosa canina o rosa selvatica<\/strong>. \u00c8 stata utilizzata per la prima volta intorno al <strong>3000 a.C.<\/strong> La rosa canina \u00e8 un arbusto dalla crescita rigogliosa, che pu\u00f2 raggiungere i 3 metri di altezza, con fiori rosa a forma di stella. <strong>I frutti<\/strong>, utilizzati <strong>per scopi medicinali<\/strong>, sono di colore rosso, con una buccia pi\u00f9 dura, e sono chiamati <strong>rosa canina<\/strong>.<\/span><\/p>\n<p style=\"text-align: justify\">La <strong data-start=\"42\" data-end=\"68\">polvere di rosa canina<\/strong> si ottiene dal <strong>frutto essiccato<\/strong> (le bacche di rosa canina), raccolto nei mesi di ottobre e novembre. I componenti pi\u00f9 importanti della rosa canina si conservano grazie a un\u2019essiccazione lenta dei frutti a una temperatura massima di 40 \u00b0C. Una volta concluso il processo di essiccazione, i frutti vengono macinati finemente fino a diventare polvere.<\/p>\n<h2 style=\"text-align: justify\"><span style=\"color: #000000\">Propriet\u00e0 chiave della rosa canina<\/span><\/h2>\n<p data-start=\"463\" data-end=\"718\">La polvere di rosa canina \u00e8 conosciuta da molto tempo e il suo impiego nella medicina naturale \u00e8 ben documentato. Contiene <strong data-start=\"586\" data-end=\"626\">60 volte pi\u00f9 vitamina C degli agrumi<\/strong>, motivo per cui \u00e8 uno dei frutti con il pi\u00f9 alto contenuto di vitamina C (acido ascorbico).<\/p>\n<p data-start=\"720\" data-end=\"1012\">Oltre alla vitamina C, la polvere di rosa canina \u00e8 ricca di <strong data-start=\"780\" data-end=\"800\">fibre alimentari<\/strong> (sostanze di ballast). \u00c8 inoltre arricchita con <strong data-start=\"849\" data-end=\"866\">bioflavonoidi<\/strong>, la cui funzione \u00e8 favorire l\u2019assorbimento dell\u2019acido ascorbico. I bioflavonoidi contribuiscono anche alla rigenerazione della pelle danneggiata.<\/p>\n<h2 style=\"text-align: justify\"><span style=\"color: #000000\">Effetti della rosa canina<\/span><\/h2>\n<p><span style=\"color: #000000\"><strong>Effetti che influiscono positivamente sulla nostra salute e sul nostro corpo:<\/strong><\/span><\/p>\n<p><span style=\"color: #000000\"> \ud83d\udc9a Potente antiossidante,<\/span><br \/>\n<span style=\"color: #000000\"> \ud83d\udc9a rafforza il sistema immunitario,<\/span><br \/>\n<span style=\"color: #000000\"> \ud83d\udc9a migliora l&#8217;immunit\u00e0,<\/span><br \/>\n<span style=\"color: #000000\">\ud83d\udc9a aiuta in caso di raffreddore e influenza,<\/span><br \/>\n<span style=\"color: #000000\">\ud83d\udc9a aiuta a rafforzare le difese naturali dell&#8217;organismo contro i danni ossidativi,<\/span><br \/>\n<span style=\"color: #000000\">\ud83d\udc9a agisce come un leggero lassativo,<\/span><br \/>\n<span style=\"color: #000000\">\ud83d\udc9a migliora la digestione,<\/span><br \/>\n<span style=\"color: #000000\"> \ud83d\udc9a antinfiammatorio,<\/span><br \/>\n<span style=\"color: #000000\">\ud83d\udc9a ha un effetto benefico sui dolori articolari,<\/span><br \/>\n<span style=\"color: #000000\">\ud83d\udc9a aiuta la pelle danneggiata,<\/span><br \/>\n<span style=\"color: #000000\"> \ud83d\udc9a pulisce e idrata la pelle,<\/span><br \/>\n<span style=\"color: #000000\">\ud83d\udc9a allevia i problemi cutanei causati dall&#8217;acne.<\/span><\/p>\n<h2><span style=\"color: #000000\">Confezione<\/span><\/h2>\n<p><span style=\"color: #000000\">In un sacchetto non permeabile con chiusura a zip, dove il prodotto conserva tutta la sua freschezza e il suo aroma. La confezione protegge dalla luce e dall&#8217;aria, essendo composta da diversi strati di protezione che preservano le propriet\u00e0 del contenuto.<\/span><\/p>\n<p><span style=\"color: #000000\">La confezione \u00e8 molto pratica e riciclabile.<\/span><\/p>\n<h2><span style=\"color: #000000\">Origine<\/span><\/h2>\n<p><span style=\"color: #000000\">Bulgaria<\/span><\/p>\n","protected":false},"excerpt":{"rendered":"<p>La rosa canina \u00e8 conosciuta da moltissimo tempo, cos\u00ec come il suo utilizzo nella medicina naturale. Contiene <strong data-start=\"148\" data-end=\"188\">60 volte pi\u00f9 vitamina C degli agrumi<\/strong>, motivo per cui \u00e8 uno dei frutti con il pi\u00f9 alto contenuto di vitamina C (acido ascorbico). Oltre alla vitamina C, la rosa canina contiene anche una grande quantit\u00e0 di <strong data-start=\"359\" data-end=\"379\" data-is-only-node=\"\">fibre alimentari<\/strong>. \u00c8 arricchita con <strong data-start=\"398\" data-end=\"415\">bioflavonoidi<\/strong>, che favoriscono l\u2019assorbimento dell\u2019acido ascorbico. I bioflavonoidi aiutano inoltre nella <strong data-start=\"508\" data-end=\"549\">rigenerazione della pelle danneggiata<\/strong>.<\/p>\n<p><span style=\"color: #000000\"> \ud83d\udc9a Benefico per i dolori articolari.<\/span><br \/>\n<span style=\"color: #000000\"> \ud83d\udc9a Aiuta in caso di raffreddore e influenza.<\/span><br \/>\n<span style=\"color: #000000\">\ud83d\udc9a Allevia i problemi della pelle in caso di acne.<\/span><br \/>\n<span style=\"color: #000000\"> \ud83d\udc9a Potente antiossidante.<\/span><\/p>\n","protected":false},"featured_media":6735,"comment_status":"open","ping_status":"closed","template":"","meta":{"_acf_changed":false},"product_brand":[],"product_cat":[217,195,224,15],"product_tag":[],"class_list":{"0":"post-6734","1":"product","2":"type-product","3":"status-publish","4":"has-post-thumbnail","6":"product_cat-offerta","7":"product_cat-superfood","8":"product_cat-tutti-gli-articoli","9":"product_cat-uncategorized","11":"first","12":"instock","13":"taxable","14":"shipping-taxable","15":"purchasable","16":"product-type-simple"},"acf":[],"_links":{"self":[{"href":"https:\/\/fengchashop.com\/it\/wp-json\/wp\/v2\/product\/6734","targetHints":{"allow":["GET"]}}],"collection":[{"href":"https:\/\/fengchashop.com\/it\/wp-json\/wp\/v2\/product"}],"about":[{"href":"https:\/\/fengchashop.com\/it\/wp-json\/wp\/v2\/types\/product"}],"replies":[{"embeddable":true,"href":"https:\/\/fengchashop.com\/it\/wp-json\/wp\/v2\/comments?post=6734"}],"wp:featuredmedia":[{"embeddable":true,"href":"https:\/\/fengchashop.com\/it\/wp-json\/wp\/v2\/media\/6735"}],"wp:attachment":[{"href":"https:\/\/fengchashop.com\/it\/wp-json\/wp\/v2\/media?parent=6734"}],"wp:term":[{"taxonomy":"product_brand","embeddable":true,"href":"https:\/\/fengchashop.com\/it\/wp-json\/wp\/v2\/product_brand?post=6734"},{"taxonomy":"product_cat","embeddable":true,"href":"https:\/\/fengchashop.com\/it\/wp-json\/wp\/v2\/product_cat?post=6734"},{"taxonomy":"product_tag","embeddable":true,"href":"https:\/\/fengchashop.com\/it\/wp-json\/wp\/v2\/product_tag?post=6734"}],"curies":[{"name":"wp","href":"https:\/\/api.w.org\/{rel}","templated":true}]}}