{"id":6727,"date":"2022-11-25T07:45:21","date_gmt":"2022-11-25T06:45:21","guid":{"rendered":"https:\/\/fengchashop.com\/it\/product\/dong-quai-angelica-polvere-biologica-250-g\/"},"modified":"2026-04-24T19:11:55","modified_gmt":"2026-04-24T17:11:55","slug":"dong-quai-angelica-polvere-biologica","status":"publish","type":"product","link":"https:\/\/fengchashop.com\/it\/product\/dong-quai-angelica-polvere-biologica\/","title":{"rendered":"Dong Quai (angelica) Polvere biologica 250 g"},"content":{"rendered":"<h2 style=\"text-align: justify\">Dong Quai (angelica) polvere biologica<\/h2>\n<p style=\"text-align: justify\"><span style=\"color: #000000\">Il Dong Quai \u00e8 un&#8217;antica erba cinese, nota anche come <strong>Angelica sinensis<\/strong> (angelica cinese) e chiamata anche <strong>Dang Gui<\/strong> (pronuncia tang Kuei), ed \u00e8 una delle erbe pi\u00f9 importanti del mondo occidentale.<\/span><\/p>\n<p style=\"text-align: justify\"><span style=\"color: #000000\">Il Dong Quia cresce in alta montagna, nelle zone fredde e umide di <strong>Giappone, Corea e Cina<\/strong>. \u00c8 una pianta perenne resistente che pu\u00f2 raggiungere un&#8217;altezza di due metri. Ha steli lisci di colore viola, foglie piumose e piccoli fiori bianchi o verdi riuniti in grappoli. La parte medicinale del Dong Quia \u00e8 costituita dalle radici ramificate di colore giallo-marrone, che vengono essiccate e tagliate e utilizzate <strong>per scopi medicinali<\/strong>. Alcune parti della radice sono diverse e quindi hanno <strong>effetti diversi<\/strong>.<\/span><\/p>\n<p style=\"text-align: justify\"><span style=\"color: #000000\">Le radici essiccate dell&#8217;angelica sono utilizzate principalmente nella medicina tradizionale cinese per trattare <strong>problemi ginecologici<\/strong>,<strong> anemia moderata<\/strong>,<strong> pressione alta<\/strong> e <strong>affaticamento<\/strong>.<\/span><\/p>\n<p style=\"text-align: justify\"><span style=\"color: #000000\">L&#8217;erba di Dong Quai \u00e8 nota anche come <strong>&#8220;ginseng femminile&#8221;<\/strong> ed era molto apprezzata dagli antichi guaritori per la sua notevole capacit\u00e0 di trattare le donne con problemi riproduttivi. In Asia, il Dong Quai \u00e8 la seconda erba pi\u00f9 utilizzata, dopo il ginseng, ed \u00e8 tradizionalmente usato per <strong>aiutare i disturbi e le malattie femminili<\/strong>.<\/span><\/p>\n<p style=\"text-align: justify\"><span style=\"color: #000000\">Il Dong Quai \u00e8 stato promosso come cura per le persone sterili. Oltre ad aiutare i problemi di infertilit\u00e0 femminile, il Dong Quai aiuta anche durante la menopausa e i problemi mestruali. Funziona bene anche per la<strong> fertilit\u00e0 maschile<\/strong>.<\/span><\/p>\n<h2 style=\"text-align: justify\"><span style=\"color: #000000\">Quali sono gli importanti principi attivi del Dong Quai?<\/span><\/h2>\n<p style=\"text-align: justify\"><span style=\"color: #000000\">Il Dong Quai \u00e8 ricco di <strong>acido folico, folinico e nicotinico<\/strong>, arricchito di <strong>vitamina B12<\/strong>, e contiene anche alti livelli di<strong>vitamine A ed E, carotene, biotina<\/strong> e <strong>acido pantotenico<\/strong>. Viene utilizzata per trattare i sintomi premestruali e della menopausa, poich\u00e9 contiene sostanze in grado di alleviare il disagio, dilatare i vasi sanguigni e rilassare la muscolatura uterina. Il <strong>cobalto<\/strong>, anch&#8217;esso presente nella radice di angelica, in combinazione con la vitamina B12, contribuisce a rafforzare il sangue.<\/span><\/p>\n<p style=\"text-align: justify\"><span style=\"color: #000000\">L&#8217;elemento pi\u00f9 importante per l&#8217;equilibrio degli ormoni femminili \u00e8 l&#8217;estrogeno, che pu\u00f2 essere sostituito da un gruppo di sostanze chimiche chiamate<strong> fitoestrogeni<\/strong>. L&#8217;angelica, tuttavia, contiene una grande quantit\u00e0 di fitoestrogeni. Inoltre, gli studi dimostrano che il Dong Quai agisce come regolatore bidirezionale, inibendo la secrezione eccessiva di estrogeni o stimolando quella insufficiente.<\/span><\/p>\n<p style=\"text-align: justify\"><span style=\"color: #000000\">Il Dong Quai \u00e8 anche un <strong>&#8220;tonico di bellezza&#8221;<\/strong> per la pelle, in quanto favorisce l&#8217;irrorazione sanguigna della pelle e viene utilizzato per ottenere un colorito bello e luminoso. Aiuta a trattare la neurodermite, l&#8217;alopecia, l&#8217;orticaria, l&#8217;eczema, il prurito, elimina le macchie della pelle, ecc.<\/span><\/p>\n<p style=\"text-align: justify\"><span style=\"color: #000000\">Alcuni studi hanno dimostrato che la combinazione di Dong Quai e Astragalo ha un effetto positivo, riducendo sia il colesterolo cattivo che i livelli complessivi di colesterolo elevati.<\/span><\/p>\n<h2 style=\"text-align: justify\"><span style=\"color: #000000\">Quali sono le propriet\u00e0 principali che ci offre il Dong Quai?<\/span><\/h2>\n<p><span style=\"color: #000000\"> \ud83d\udc9a \u00c8 un potente <strong>antiossidante<\/strong>,<\/span><\/p>\n<p><span style=\"color: #000000\"> \ud83d\udc9a a <strong>ntinfiammatorio<\/strong>,<\/span><\/p>\n<p><span style=\"color: #000000\"> \ud83d\udc9a regola gli <strong>ormoni femminili<\/strong>,<\/span><\/p>\n<p><span style=\"color: #000000\"> \ud83d\udc9a allevia i <strong>sintomi premestruali<\/strong><\/span><\/p>\n<p><span style=\"color: #000000\"> \ud83d\udc9a migliora la <strong>circolazione sanguigna<\/strong>,<\/span><\/p>\n<p><span style=\"color: #000000\"> \ud83d\udc9a agisce come agente preventivo contro l&#8217;<strong>infarto<\/strong> e l&#8217;<strong>ipertensione<\/strong>,<\/span><\/p>\n<p><span style=\"color: #000000\"> \ud83d\udc9a riduce il rischio di <strong>malattie cardiache<\/strong>,<\/span><\/p>\n<p><span style=\"color: #000000\"> \ud83d\udc9a regola il <strong>colesterolo<\/strong> e la <strong>pressione sanguigna<\/strong>,<\/span><\/p>\n<p><span style=\"color: #000000\"> \ud83d\udc9a aiuta in caso di <strong>anemia<\/strong>,<\/span><\/p>\n<p><span style=\"color: #000000\"> \ud83d\udc9a aiuta a combattere il <strong>mal di testa<\/strong>,<\/span><\/p>\n<p><span style=\"color: #000000\"> \ud83d\udc9a aiuta a <strong>disintossicarsi<\/strong>,<\/span><\/p>\n<p><span style=\"color: #000000\"> \ud83d\udc9a \u00e8 <strong>afrodisiaco<\/strong>,<\/span><\/p>\n<p><span style=\"color: #000000\"> \ud83d\udc9a favorisce la <strong>fertilit\u00e0 maschile<\/strong>,<\/span><\/p>\n<p><span style=\"color: #000000\"> \ud83d\udc9a aumenta l <strong>&#8216;energia<\/strong>,<\/span><\/p>\n<p><span style=\"color: #000000\"> \ud83d\udc9a previene l&#8217;<strong>osteoporosi<\/strong> rafforzando le ossa,<\/span><\/p>\n<p><span style=\"color: #000000\"> \ud83d\udc9a riduce i <strong>dolori articolari<\/strong>,<\/span><\/p>\n<p><span style=\"color: #000000\"> \ud83d\udc9a previene le <strong>infiammazioni croniche del tratto gastrointestinale<\/strong>,<\/span><\/p>\n<p><span style=\"color: #000000\"> \ud83d\udc9a aiuta a migliorare le condizioni di infiammazione del<strong>sistema nervoso<\/strong> (ad es. neurodermite),<\/span><\/p>\n<p><span style=\"color: #000000\"> \ud83d\udc9a migliora le <strong>condizioni della pelle<\/strong>.<\/span><\/p>\n<h2 style=\"text-align: justify\"><span style=\"color: #000000\">Conservazione e avvertenze<\/span><\/h2>\n<p style=\"text-align: justify\"><span style=\"color: #000000\">Conservare in un luogo fresco e asciutto a una temperatura massima di 25 \u00b0C. Tenere fuori dalla portata dei bambini!<\/span><\/p>\n<p style=\"text-align: justify\"><span style=\"color: #000000\">Ricordare l&#8217;importanza di una dieta varia e di uno stile di vita sano; un integratore alimentare non sostituisce quindi una dieta equilibrata e varia. Non superare la quantit\u00e0 o la dose giornaliera raccomandata. La pelle pu\u00f2 diventare eccessivamente sensibile ai raggi solari se l&#8217;integratore viene assunto in grandi quantit\u00e0.<\/span><\/p>\n<p style=\"text-align: justify\"><span style=\"color: #000000\">Se ne sconsiglia l&#8217;uso alle donne incinte e alle madri che allattano. \u00c8 sconsigliato anche l&#8217;uso da parte di persone che assumono farmaci anti coagulanti. Si consiglia di consultare il medico per ulteriori informazioni in caso di problemi di salute.<\/span><\/p>\n<h2 style=\"text-align: justify\"><span style=\"color: #000000\">Confezione<\/span><\/h2>\n<p style=\"text-align: justify\"><span style=\"color: #000000\">Sacchetto non permeabile con chiusura a zip in cui il prodotto conserva tutta la sua freschezza e il suo aroma. La confezione protegge dalla luce e dall&#8217;aria, essendo composta da diversi strati di protezione che preservano le propriet\u00e0 del contenuto.<\/span><\/p>\n<p style=\"text-align: justify\"><span style=\"color: #000000\">La confezione \u00e8 molto pratica e riciclabile.<\/span><\/p>\n<h2 style=\"text-align: justify\"><span style=\"color: #000000\">Origine<\/span><\/h2>\n<p style=\"text-align: justify\"><span style=\"color: #000000\">Cina<\/span><\/p>\n<p><span style=\"color: #000000\">Abbiamo fornitori molto affidabili che ci inviano un&#8217;analisi chimica dettagliata degli alimenti per ogni lotto. In pi\u00f9 di dieci anni non abbiamo mai avuto un richiamo o qualsiasi altro problema con questo articolo, n\u00e9 con altri articoli dello stesso fornitore.<\/span><\/p>\n<p><span style=\"color: #000000\">L&#8217;articolo \u00e8 certificato biologico al 100%.<\/span><\/p>\n","protected":false},"excerpt":{"rendered":"<p>Il Dong Quai \u00e8 un&#8217;antica erba cinese, nota anche come Angelica sinensis (angelica cinese) e chiamata anche Dang Gui (pronuncia tang Kuei), ed \u00e8 una delle erbe pi\u00f9 importanti nel mondo occidentale. Le radici essiccate dell&#8217;angelica sono utilizzate principalmente nella medicina tradizionale cinese per trattare problemi ginecologici, anemia moderata, pressione alta e affaticamento.<\/p>\n<p>\ud83d\udc9a Antinfiammatorio<br \/>\n\ud83d\udc9a Riduce il rischio di malattie cardiache<br \/>\n\ud83d\udc9a Migliora le condizioni della pelle<br \/>\n\ud83d\udc9a Previene le infiammazioni croniche del tratto gastrointestinale<br \/>\n\ud83d\udc9a Allevia i sintomi premestruali<\/p>\n","protected":false},"featured_media":6728,"comment_status":"open","ping_status":"closed","template":"","meta":{"_acf_changed":false},"product_brand":[],"product_cat":[217,195,224],"product_tag":[],"class_list":{"0":"post-6727","1":"product","2":"type-product","3":"status-publish","4":"has-post-thumbnail","6":"product_cat-offerta","7":"product_cat-superfood","8":"product_cat-tutti-gli-articoli","10":"first","11":"instock","12":"taxable","13":"shipping-taxable","14":"purchasable","15":"product-type-simple"},"acf":[],"_links":{"self":[{"href":"https:\/\/fengchashop.com\/it\/wp-json\/wp\/v2\/product\/6727","targetHints":{"allow":["GET"]}}],"collection":[{"href":"https:\/\/fengchashop.com\/it\/wp-json\/wp\/v2\/product"}],"about":[{"href":"https:\/\/fengchashop.com\/it\/wp-json\/wp\/v2\/types\/product"}],"replies":[{"embeddable":true,"href":"https:\/\/fengchashop.com\/it\/wp-json\/wp\/v2\/comments?post=6727"}],"wp:featuredmedia":[{"embeddable":true,"href":"https:\/\/fengchashop.com\/it\/wp-json\/wp\/v2\/media\/6728"}],"wp:attachment":[{"href":"https:\/\/fengchashop.com\/it\/wp-json\/wp\/v2\/media?parent=6727"}],"wp:term":[{"taxonomy":"product_brand","embeddable":true,"href":"https:\/\/fengchashop.com\/it\/wp-json\/wp\/v2\/product_brand?post=6727"},{"taxonomy":"product_cat","embeddable":true,"href":"https:\/\/fengchashop.com\/it\/wp-json\/wp\/v2\/product_cat?post=6727"},{"taxonomy":"product_tag","embeddable":true,"href":"https:\/\/fengchashop.com\/it\/wp-json\/wp\/v2\/product_tag?post=6727"}],"curies":[{"name":"wp","href":"https:\/\/api.w.org\/{rel}","templated":true}]}}