{"id":6724,"date":"2022-10-01T10:40:23","date_gmt":"2022-10-01T08:40:23","guid":{"rendered":"https:\/\/fengchashop.com\/it\/product\/olivello-spinoso-in-polvere-bio-250-g\/"},"modified":"2026-05-06T16:15:26","modified_gmt":"2026-05-06T14:15:26","slug":"olivello-spinoso-in-polvere-bio","status":"publish","type":"product","link":"https:\/\/fengchashop.com\/it\/product\/olivello-spinoso-in-polvere-bio\/","title":{"rendered":"Olivello spinoso in polvere BIO 250 g"},"content":{"rendered":"<h2 style=\"text-align: justify\"><span style=\"color: #000000\">Olivello spinoso in polvere BIO<\/span><\/h2>\n<p style=\"text-align: justify\"><span style=\"color: #000000\">L&#8217;olivello <strong>spinoso<\/strong> \u00e8 un arbusto deciduo con spine che cresce in tutto il mondo, ma soprattutto in Asia centrale e occidentale (Cina, Siberia, India, ecc.) e in Europa settentrionale e centrale (Finlandia, Inghilterra, Germania, Polonia, ecc.). \u00c8 una pianta che <strong>non richiede particolari condizioni di crescita<\/strong>, prosperando sia nelle zone di alta montagna che in riva al mare.<\/span><\/p>\n<p style=\"text-align: justify\"><span style=\"color: #000000\">La forma e le foglie dell&#8217;olivello spinoso ricordano quelle dell&#8217;olivo. I <strong>frutti<\/strong> maturano sul cespuglio e sono di colore <strong>giallo-arancio<\/strong>. Il momento migliore per raccogliere i frutti o le bacche \u00e8 l&#8217;inizio dell&#8217;autunno. I frutti devono essere staccati con cura dal ramo, perch\u00e9 i <strong>frutti dell&#8217;olivello spinoso sono molto importanti perch\u00e9 contengono un succo medicinale, ricco di vitamina C<\/strong>. Il suo sapore \u00e8 succoso e leggermente acido. L&#8217;intera pianta ha propriet\u00e0 positive per la salute e per l&#8217;uso generale, compresi i cosmetici, e sono utili le foglie, i frutti, i rami e la radice.<\/span><\/p>\n<p style=\"text-align: justify\"><span style=\"color: #000000\">La storia dei suoi effetti medicinali risale all&#8217;<strong>antica Grecia<\/strong>, dove i rami dell&#8217;olivello spinoso venivano somministrati ai cavalli per mantenerli in forma. Inoltre, l&#8217;olivello spinoso era usato dai soldati per la resistenza durante i combattimenti. &#8220;Il <strong>&#8216;rGyud Bzi&#8217;<\/strong> \u00e8 un libro di medicina tibetano scritto nell&#8217;VIII secolo, che contiene le <strong>prime testimonianze degli effetti medicinali dell&#8217;olivello spinoso<\/strong>. Successive ricerche condotte in Russia hanno ulteriormente confermato i suoi effetti curativi.<\/span><\/p>\n<h2 style=\"text-align: justify\"><span style=\"color: #000000\">Quali sono le propriet\u00e0 principali dell&#8217;olivello spinoso?<\/span><\/h2>\n<p style=\"text-align: justify\"><span style=\"color: #000000\">L&#8217;olivello spinoso immagazzina tutta l&#8217;energia solare nei suoi frutti, che contengono una miriade di sostanze bioattive come <strong>acidi grassi essenziali, vitamine, carotenoidi, fitosteroli, flavonoidi e tocotrienoli<\/strong>.<\/span><\/p>\n<p style=\"text-align: justify\"><span style=\"color: #000000\">Tra gli acidi grassi essenziali, la fonte migliore si trova nelle piante, ovvero gli<strong> acidi grassi omega-7 (acido palmitico)<\/strong>. Tuttavia, dal frutto dell&#8217;olivello spinoso si estraggono con metodi speciali altri acidi grassi molto importanti per noi: gli acidi grassi omega-3 (acido \u03b1-linolenico), omega-6 (acido linolenico) e omega-9 (acido oleico).<\/span><\/p>\n<p style=\"text-align: justify\"><span style=\"color: #000000\">L&#8217;olivello spinoso \u00e8 arricchito di vitamine, soprattutto di <strong>vitamina C<\/strong>, 10 volte pi\u00f9 abbondante che nei limoni. La buccia del frutto \u00e8 ricca di vitamina B-12, ma anche di vitamine B, B1, B2, B3 e B9. Anche le <strong>vitamine A ed E<\/strong> sono importanti, poich\u00e9 <strong>proteggono la pelle dai pericolosi radicali liberi<\/strong>. Anche l&#8217;<strong>olio<\/strong> presente nel <strong>frutto<\/strong> ha effetti positivi sulla nostra salute, poich\u00e9 <strong>\u00e8 ricco di aminoacidi, minerali, acidi grassi essenziali e fotosteroli<\/strong>.<\/span><\/p>\n<p style=\"text-align: justify\"><span style=\"color: #000000\">Il componente pi\u00f9 importante dell&#8217;olivello spinoso \u00e8 la <strong>quercetina<\/strong>, un flavonoide, un composto polifenolico naturale presente in frutta e verdura. \u00c8 un <strong>potente antiossidante, ha effetti antinfiammatori e antitumorali<\/strong>, <strong>aumenta la forza del muscolo cardiaco e migliora il flusso sanguigno<\/strong>.<\/span><\/p>\n<p style=\"text-align: justify\"><span style=\"color: #000000\">Altri componenti altrettanto importanti dell&#8217;olivello spinoso sono i minerali fosforo, potassio e ferro, in particolare il magnesio e il calcio sono essenziali.<\/span><\/p>\n<p style=\"text-align: justify\"><span style=\"color: #000000\">La nostra polvere di olivello spinoso \u00e8 coltivata biologicamente ed \u00e8 un <strong>antiossidante naturale<\/strong>. \u00c8 una vera e propria fonte di forza in quanto <strong>rafforza l&#8217;organismo<\/strong>, soprattutto il <strong>sistema nervoso<\/strong>.<\/span><\/p>\n<h2 style=\"text-align: justify\"><span style=\"color: #000000\">Quali sono i benefici dell&#8217;olivello spinoso per la salute?<\/span><\/h2>\n<p style=\"text-align: justify\"><span style=\"color: #000000\">Grazie al suo elevato contenuto di antiossidanti, gli estratti di frutti di olivello spinoso aiutano a rafforzare il sistema immunitario, a guarire le gengive sanguinanti, a riparare le cellule danneggiate, a curare le malattie della pelle, a proteggere la pelle da scottature ed eczemi e dai raggi UV, ad aiutare in caso di ferite,&#8230;<\/span><\/p>\n<p style=\"text-align: justify\"><span style=\"color: #000000\">Gli <strong>acidi grassi Omega-7 sono estremamente importanti<\/strong><strong>per la riparazione di tessuti<\/strong> come le mucose e la pelle, in quanto idratano la pelle e ne rallentano l&#8217;invecchiamento. Gli Omega-7 proteggono anche l&#8217;intestino e lo stomaco da danni alla mucosa come gastrite, colite e colera e aiutano a idratare il rivestimento secco della vagina.<\/span><\/p>\n<p style=\"text-align: justify\"><span style=\"color: #000000\"><em><strong>Effetti benefici sulla nostra salute e sul nostro corpo:<\/strong><\/em><\/span><\/p>\n<p><span style=\"color: #000000\"> \ud83d\udc9a \u00c8 un <strong>potente antiossidante<\/strong>,<\/span><\/p>\n<p><span style=\"color: #000000\"> \ud83d\udc9a rafforza il <strong>sistema immunitario<\/strong>,<\/span><\/p>\n<p><span style=\"color: #000000\"> \ud83d\udc9a ha un <strong>effetto antinfiammatorio<\/strong>,<\/span><\/p>\n<p><span style=\"color: #000000\">\ud83d\udc9a regola la <strong>pressione sanguigna, il colesterolo e la glicemia<\/strong>,<\/span><\/p>\n<p><span style=\"color: #000000\"> \ud83d\udc9a tratta le <strong>malattie della pelle<\/strong> (infiammazioni, ustioni, eczemi, psoriasi, dermatiti&#8230;),<\/span><\/p>\n<p><span style=\"color: #000000\"> \ud83d\udc9a cura le <strong>lesioni cutanee<\/strong> (guarisce le ferite e riduce il dolore),<\/span><\/p>\n<p><span style=\"color: #000000\"> \ud83d\udc9a ha un effetto <strong>ringiovanente<\/strong>,<\/span><\/p>\n<p><span style=\"color: #000000\">\ud83d\udc9a rigenera le <strong>cellule danneggiate<\/strong>,<\/span><\/p>\n<p><span style=\"color: #000000\">\ud83d\udc9a aiuta <strong>in caso di piedi gonfi<\/strong>,<\/span><\/p>\n<p><span style=\"color: #000000\">\ud83d\udc9a protegge il <strong>fegato e l&#8217;apparato digerente<\/strong>,<\/span><\/p>\n<p><span style=\"color: #000000\"> \ud83d\udc9a ha la funzione di mantenere in <strong>salute<\/strong> il <strong>cuore e il sistema vascolare<\/strong>,<\/span><\/p>\n<p><span style=\"color: #000000\"> \ud83d\udc9a protegge dal <strong>sanguinamento delle gengive<\/strong>,<\/span><\/p>\n<p><span style=\"color: #000000\">\ud83d\udc9a aiuta in caso di<strong> influenza, polmonite, difterite<\/strong>, ecc.<\/span><\/p>\n<p><span style=\"color: #000000\"> \ud83d\udc9a protegge gli <strong>occhi secchi e irritati<\/strong>,<\/span><\/p>\n<p><span style=\"color: #000000\">\ud83d\udc9a allevia i <strong>sintomi della stanchezza cronica<\/strong>,<\/span><\/p>\n<p><span style=\"color: #000000\"> \ud83d\udc9a migliora il <strong>desiderio sessuale<\/strong>,<\/span><\/p>\n<p><span style=\"color: #000000\">\ud83d\udc9a allevia i <strong>sintomi della menopausa<\/strong>,<\/span><\/p>\n<p><span style=\"color: #000000\">\ud83d\udc9a allevia lo <strong>stress e l&#8217;ansia<\/strong>,<\/span><\/p>\n<p><span style=\"color: #000000\"> \ud83d\udc9a a<strong>ntitumorale<\/strong>.<\/span><\/p>\n<h2 style=\"text-align: justify\"><span style=\"color: #000000\">Conservazione e avvertenze<\/span><\/h2>\n<p style=\"text-align: justify\"><span style=\"color: #000000\">Conservare in un luogo fresco e asciutto a una temperatura massima di 25 \u00b0C. Tenere fuori dalla portata dei bambini!<\/span><br \/>\n<span style=\"color: #000000\">Ricordare l&#8217;importanza di una dieta varia e di uno stile di vita sano; un integratore alimentare non sostituisce quindi una dieta equilibrata e varia. Non superare la quantit\u00e0 o la dose giornaliera raccomandata.<\/span><\/p>\n<p style=\"text-align: justify\"><span style=\"color: #000000\">Lo sciroppo e il succo di olivello spinoso possono agire come stimolanti, pertanto se ne sconsiglia l&#8217;uso la sera.<\/span><\/p>\n<p style=\"text-align: justify\"><span style=\"color: #000000\">Se ne consiglia l&#8217;assunzione in piccole quantit\u00e0 durante i primi mesi di gravidanza.<\/span><\/p>\n<p style=\"text-align: justify\"><span style=\"color: #000000\">\u00c8 importante non assumere l&#8217;olivello spinoso in concomitanza con farmaci anti coagulanti.<\/span><\/p>\n<h2 style=\"text-align: justify\"><span style=\"color: #000000\">Confezione<\/span><\/h2>\n<p style=\"text-align: justify\"><span style=\"color: #000000\">Sacchetto non permeabile con chiusura a zip, in cui il prodotto conserva tutta la sua freschezza e il suo aroma. La confezione protegge dalla luce e dall&#8217;aria, essendo composta da diversi strati di protezione che preservano le propriet\u00e0 del contenuto.<\/span><\/p>\n<p style=\"text-align: justify\"><span style=\"color: #000000\">La confezione \u00e8 molto pratica e riciclabile.<\/span><\/p>\n<h2 style=\"text-align: justify\"><span style=\"color: #000000\">Origine<\/span><\/h2>\n<p style=\"text-align: justify\"><span class=\"jCAhz ChMk0b\"><span class=\"ryNqvb\">Cina.<\/span><\/span> <span class=\"jCAhz ChMk0b\"><span class=\"ryNqvb\">Abbiamo fornitori molto affidabili che ci inviano un&#8217;analisi chimica dettagliata degli alimenti per ogni lotto.<\/span><\/span> <span class=\"jCAhz ChMk0b\"><span class=\"ryNqvb\">In pi\u00f9 di dieci anni non abbiamo avuto richiami o altri problemi con questo articolo, n\u00e9 con altri articoli dello stesso fornitore.<\/span><\/span><\/p>\n","protected":false},"excerpt":{"rendered":"<p><span style=\"color: #000000\">Il cinorrodo, o spina canina, \u00e8 un arbusto deciduo dotato di spine. I frutti dell&#8217;olivello spinoso sono molto importanti perch\u00e9 contengono un succo medicinale, ricco di vitamina C. Il suo sapore \u00e8 succoso e leggermente acido. L&#8217;olivello spinoso immagazzina tutta l&#8217;energia solare nei suoi frutti, che contengono una miriade di sostanze bioattive come acidi grassi essenziali, vitamine, carotenoidi, fitosteroli, flavonoidi e tocotrienoli. Gli acidi grassi Omega-7 sono estremamente importanti per la riparazione di tessuti come le mucose e la pelle, in quanto idratano la pelle e ne rallentano l&#8217;invecchiamento. Anche l&#8217;olio contenuto nel frutto ha effetti positivi sulla nostra salute, poich\u00e9 \u00e8 ricco di aminoacidi, minerali, acidi grassi essenziali e fotosteroli.<\/span><\/p>\n<p><span style=\"color: #000000\">\ud83d\udc9a Ha elevate propriet\u00e0 antinfiammatorie, antitumorali e antiossidanti.<\/span><br \/>\n<span style=\"color: #000000\">\ud83d\udc9a Abbassa la glicemia e il colesterolo e regola la pressione sanguigna.<\/span><br \/>\n<span style=\"color: #000000\">\ud83d\udc9a Aumenta la forza del muscolo cardiaco e allo stesso tempo migliora il flusso sanguigno.<\/span><br \/>\n<span style=\"color: #000000\"> \ud83d\udc9a Protegge la pelle dai pericolosi radicali liberi (cura le malattie e i danni della pelle).<\/span><br \/>\n<span style=\"color: #000000\"> \ud83d\udc9a Protegge dal sanguinamento delle gengive.<\/span><\/p>\n","protected":false},"featured_media":6725,"comment_status":"open","ping_status":"closed","template":"","meta":{"_acf_changed":false},"product_brand":[],"product_cat":[195,15],"product_tag":[],"class_list":{"0":"post-6724","1":"product","2":"type-product","3":"status-publish","4":"has-post-thumbnail","6":"product_cat-superfood","7":"product_cat-uncategorized","9":"first","10":"instock","11":"sale","12":"taxable","13":"shipping-taxable","14":"purchasable","15":"product-type-simple"},"acf":[],"_links":{"self":[{"href":"https:\/\/fengchashop.com\/it\/wp-json\/wp\/v2\/product\/6724","targetHints":{"allow":["GET"]}}],"collection":[{"href":"https:\/\/fengchashop.com\/it\/wp-json\/wp\/v2\/product"}],"about":[{"href":"https:\/\/fengchashop.com\/it\/wp-json\/wp\/v2\/types\/product"}],"replies":[{"embeddable":true,"href":"https:\/\/fengchashop.com\/it\/wp-json\/wp\/v2\/comments?post=6724"}],"wp:featuredmedia":[{"embeddable":true,"href":"https:\/\/fengchashop.com\/it\/wp-json\/wp\/v2\/media\/6725"}],"wp:attachment":[{"href":"https:\/\/fengchashop.com\/it\/wp-json\/wp\/v2\/media?parent=6724"}],"wp:term":[{"taxonomy":"product_brand","embeddable":true,"href":"https:\/\/fengchashop.com\/it\/wp-json\/wp\/v2\/product_brand?post=6724"},{"taxonomy":"product_cat","embeddable":true,"href":"https:\/\/fengchashop.com\/it\/wp-json\/wp\/v2\/product_cat?post=6724"},{"taxonomy":"product_tag","embeddable":true,"href":"https:\/\/fengchashop.com\/it\/wp-json\/wp\/v2\/product_tag?post=6724"}],"curies":[{"name":"wp","href":"https:\/\/api.w.org\/{rel}","templated":true}]}}