{"id":6706,"date":"2022-06-15T09:02:24","date_gmt":"2022-06-15T07:02:24","guid":{"rendered":"https:\/\/fengchashop.com\/it\/product\/igname-selvatico-in-polvere-250-g\/"},"modified":"2026-05-07T16:06:59","modified_gmt":"2026-05-07T14:06:59","slug":"igname-selvatico-in-polvere","status":"publish","type":"product","link":"https:\/\/fengchashop.com\/it\/product\/igname-selvatico-in-polvere\/","title":{"rendered":"Igname selvatico in polvere 250 g"},"content":{"rendered":"<h2><span style=\"color: #000000\">Igname selvatico in polvere<\/span><\/h2>\n<p style=\"text-align: justify\"><span style=\"color: #000000\">La batata selvatica<em>(Dioscorea polystachya<\/em>) \u00e8 un&#8217;alta pianta rampicante originaria dell&#8217;America centrale. Ha bellissime foglie verdi a forma di cuore e il suo segreto sta nella radice allungata con una distinta parte carnosa bianca. Viene talvolta chiamata anche igname selvatico messicano o <strong>dioscorea<\/strong>.<\/span><\/p>\n<p style=\"text-align: justify\"><span style=\"color: #000000\">\u00c8 stato dimostrato che regola gli squilibri ormonali del progesterone e degli estrogeni sia negli uomini che nelle donne. Di conseguenza, pu\u00f2 aiutare a risolvere problemi epatici, dolori mestruali, problemi metabolici e tiroidei, colesterolo e glicemia.<\/span><\/p>\n<p style=\"text-align: justify\"><span style=\"color: #000000\">Le patate dolci selvatiche contengono una sostanza simile agli estrogeni (fitoestrogeni) chiamata <strong>diosgenina<\/strong>. Si tratta di un ingrediente del tutto naturale che pu\u00f2 compensare le carenze ormonali dell&#8217;organismo. La carenza di progesterone si verifica pi\u00f9 spesso dopo i 30 anni o pi\u00f9 tardi in menopausa e pu\u00f2 anche essere una causa di menopausa precoce.<\/span><\/p>\n<p style=\"text-align: justify\"><span style=\"color: #000000\">La diosgenina \u00e8 chimicamente molto simile al colesterolo, al progesterone e all&#8217;ormone DHEA. <strong>Imita l&#8217;attivit\u00e0 dell&#8217;ormone progesterone<\/strong> nell&#8217;organismo <strong>e ha un effetto positivo sull&#8217;equilibrio ormonale.<\/strong><\/span><\/p>\n<p style=\"text-align: justify\"><span style=\"color: #000000\">L&#8217;igname selvatico \u00e8 popolare nel nostro Paese da molti anni sotto forma di compresse e creme. \u00c8 una pratica regolare in erboristeria, poich\u00e9 il suo effetto positivo sull&#8217;equilibrio ormonale \u00e8 stato confermato anche scientificamente.<\/span><\/p>\n<h2><span style=\"color: #000000\">A chi \u00e8 consigliata l&#8217;assunzione<\/span><\/h2>\n<p><span style=\"color: #000000\">Oggi l&#8217;igname selvatico viene utilizzato soprattutto per tutti i tipi di<strong> infiammazione, crampi muscolari, irritabilit\u00e0 e mancanza di energia<\/strong>. Le donne lo usano soprattutto per le mestruazioni dolorose e la sindrome premestruale, oltre che per i problemi comuni che si verificano nella fase di transizione e durante la menopausa.<\/span><\/p>\n<p><span style=\"color: #000000\">In passato \u00e8 stata utilizzata anche per trattare l&#8217;indigestione. Tra questi, l&#8217;infiammazione della cistifellea e la sindrome dell&#8217;intestino irritabile. Si ritiene che sia utile anche per i problemi del tratto urinario.<\/span><\/p>\n<h2><span style=\"color: #000000\">Quali sono i benefici dell&#8217;assunzione<\/span><\/h2>\n<p style=\"text-align: justify\"><span style=\"color: #000000\">Oltre a quanto sopra, l&#8217;igname selvatico ha anche:<\/span><\/p>\n<p><span style=\"color: #000000\"> \ud83d\udc9a \u00c8 un integratore alimentare popolare per le donne in menopausa (vampate di calore, stanchezza, ansia) e per le donne che hanno problemi di sindrome premestruale (irritabilit\u00e0 e forti dolori).<\/span><br \/>\n<span style=\"color: #000000\">\ud83d\udc9a Durante il ciclo mestruale, allevia le perdite di sangue abbondanti.<\/span><br \/>\n<span style=\"color: #000000\"> \ud83d\udc9a Viene spesso utilizzata anche come coadiuvante per i disturbi autoimmuni.<\/span><br \/>\n<span style=\"color: #000000\">\ud83d\udc9a Poich\u00e9 gli squilibri ormonali provocano anche secchezza della pelle e dei capelli, unghie fragili e cellulite, le donne la assumono in particolare per questi problemi.<\/span><br \/>\n<span style=\"color: #000000\"> \ud83d\udc9a Le patate selvatiche contengono sostanze ormonali che si comportano come il progesterone nell&#8217;organismo, che inizia a diminuire drasticamente in tutte le donne dopo i 30 anni. <\/span><span style=\"color: #000000\">\u00a0Cominciano a comparire i sintomi della carenza di progesterone, come la diminuzione della libido, l&#8217;aumento di peso e problemi psicologici, tra cui la depressione.<\/span><br \/>\n<span style=\"color: #000000\">\ud83d\udc9a Ha un effetto benefico su infiammazioni, artrite e altre malattie reumatiche e allergie.<\/span><\/p>\n<h2><span style=\"color: #000000\">Valori nutrizionali<\/span><\/h2>\n<p><span style=\"color: #000000\">Valori nutrizionali medi per 100 g: Energia: 1468 kJ \/ 346 kcal; Grassi: 0,1 g, di cui saturi: &lt;0,1 g; Carboidrati: 78,2 g, di cui zuccheri: 1,9 g; Fibre: 1,3 g, Proteine: 7,2 g; Sale: &lt;0,1 g.<\/span><\/p>\n<h2><span style=\"color: #000000\">Conservazione e avvertenze<\/span><\/h2>\n<p style=\"text-align: justify\"><span style=\"color: #000000\">Conservare in un luogo fresco e asciutto a una temperatura massima di 25 \u00b0C. Tenere l&#8217;integratore alimentare fuori dalla portata dei bambini!<\/span><\/p>\n<p style=\"text-align: justify\"><span style=\"color: #000000\">Ricordare l&#8217;importanza di una dieta varia e di uno stile di vita sano; un integratore alimentare non sostituisce quindi una dieta equilibrata e varia. Non superare la quantit\u00e0 o la dose giornaliera raccomandata. La batata selvatica non \u00e8 adatta alle donne in gravidanza, alle madri che allattano e ai bambini. \u00c8 inoltre sconsigliato alle donne che soffrono di malattie ormonali come l&#8217;endometriosi, il cancro alle ovaie, al seno o all&#8217;utero, ecc. \u00c8 sconsigliato anche agli uomini affetti da cancro alla prostata.<\/span><\/p>\n<h2><span style=\"color: #000000\">Confezione<\/span><\/h2>\n<p style=\"text-align: justify\"><span style=\"color: #000000\">Sacchetto non permeabile con chiusura a zip in cui il prodotto conserva tutta la sua freschezza e il suo aroma. La confezione protegge il prodotto dalla luce e dall&#8217;aria, essendo composta da diversi strati di protezione per preservare le propriet\u00e0 del contenuto.<\/span><\/p>\n<p style=\"text-align: justify\"><span style=\"color: #000000\">La confezione \u00e8 molto pratica e riciclabile.<\/span><\/p>\n<h2><span style=\"color: #000000\">Origine<\/span><\/h2>\n<p style=\"text-align: justify\"><span style=\"color: #000000\">Cina. Abbiamo fornitori molto affidabili che ci inviano un&#8217;analisi chimica dettagliata del prodotto alimentare per ogni lotto. In pi\u00f9 di dieci anni, non abbiamo avuto alcun richiamo o altro problema con questo articolo, n\u00e9 con altri articoli dello stesso fornitore.<\/span><\/p>\n<p style=\"text-align: justify\">\n","protected":false},"excerpt":{"rendered":"<p>\u00c8 stato dimostrato che regola gli squilibri ormonali di progesterone ed estrogeni sia negli uomini che nelle donne. Di conseguenza, pu\u00f2 aiutare a risolvere problemi epatici, dolori mestruali, problemi metabolici e tiroidei, colesterolo e glicemia. Le patate dolci selvatiche contengono una sostanza simile agli estrogeni (fitoestrogeni) chiamata diosgenina. Si tratta di un ingrediente del tutto naturale che pu\u00f2 compensare le carenze ormonali dell&#8217;organismo. La carenza di progesterone si verifica pi\u00f9 spesso dopo i 30 anni o pi\u00f9 tardi, in menopausa, e pu\u00f2 anche essere una causa di menopausa precoce.<\/p>\n<p>\ud83d\udc9a Antinfiammatorio.<br \/>\n\ud83d\udc9a Per le donne in menopausa e per quelle che hanno problemi di sindrome premestruale.<br \/>\n\ud83d\udc9a Allevia i problemi mestruali.<\/p>\n","protected":false},"featured_media":6707,"comment_status":"open","ping_status":"closed","template":"","meta":{"_acf_changed":false},"product_brand":[],"product_cat":[195,15],"product_tag":[],"class_list":{"0":"post-6706","1":"product","2":"type-product","3":"status-publish","4":"has-post-thumbnail","6":"product_cat-superfood","7":"product_cat-uncategorized","9":"first","10":"instock","11":"sale","12":"taxable","13":"shipping-taxable","14":"purchasable","15":"product-type-simple"},"acf":[],"_links":{"self":[{"href":"https:\/\/fengchashop.com\/it\/wp-json\/wp\/v2\/product\/6706","targetHints":{"allow":["GET"]}}],"collection":[{"href":"https:\/\/fengchashop.com\/it\/wp-json\/wp\/v2\/product"}],"about":[{"href":"https:\/\/fengchashop.com\/it\/wp-json\/wp\/v2\/types\/product"}],"replies":[{"embeddable":true,"href":"https:\/\/fengchashop.com\/it\/wp-json\/wp\/v2\/comments?post=6706"}],"wp:featuredmedia":[{"embeddable":true,"href":"https:\/\/fengchashop.com\/it\/wp-json\/wp\/v2\/media\/6707"}],"wp:attachment":[{"href":"https:\/\/fengchashop.com\/it\/wp-json\/wp\/v2\/media?parent=6706"}],"wp:term":[{"taxonomy":"product_brand","embeddable":true,"href":"https:\/\/fengchashop.com\/it\/wp-json\/wp\/v2\/product_brand?post=6706"},{"taxonomy":"product_cat","embeddable":true,"href":"https:\/\/fengchashop.com\/it\/wp-json\/wp\/v2\/product_cat?post=6706"},{"taxonomy":"product_tag","embeddable":true,"href":"https:\/\/fengchashop.com\/it\/wp-json\/wp\/v2\/product_tag?post=6706"}],"curies":[{"name":"wp","href":"https:\/\/api.w.org\/{rel}","templated":true}]}}