{"id":6700,"date":"2025-05-30T13:15:08","date_gmt":"2025-05-30T11:15:08","guid":{"rendered":"https:\/\/fengchashop.com\/it\/product\/vaniglia-bourbon-10-pezzi\/"},"modified":"2026-02-09T19:47:44","modified_gmt":"2026-02-09T18:47:44","slug":"vaniglia-bourbon","status":"publish","type":"product","link":"https:\/\/fengchashop.com\/it\/product\/vaniglia-bourbon\/","title":{"rendered":"Vaniglia Bourbon 10 pezzi"},"content":{"rendered":"<h2 style=\"text-align: justify;\"><span style=\"color: #000000;\">Vaniglia Bourbon<\/span><\/h2>\n<p style=\"text-align: justify;\"><span style=\"color: #000000;\">La vaniglia Bourbon \u00e8 un&#8217;<strong>orchidea<\/strong> strisciante che in natura pu\u00f2 raggiungere i 10 metri di altezza. La vaniglia Bourbon prende il nome dall&#8217;isola di Bourbon (oggi Reunion), dove fu coltivata per la prima volta nel XIX secolo. \u00c8 una spezia con poca storia, ma \u00e8 sempre stata usata per <strong>arricchire dolci e bevande<\/strong>, soprattutto il cacao. \u00c8 pi\u00f9 comunemente utilizzata nell&#8217;industria cosmetica, farmaceutica e, naturalmente, alimentare. La vaniglia \u00e8 una delle <strong>spezie<\/strong> pi\u00f9 <strong>ricercate<\/strong> al mondo. Ma d\u00e0 il meglio di s\u00e9 nella sua forma pi\u00f9 semplice, semplicemente fermentata ed essiccata.<\/span><\/p>\n<p style=\"text-align: justify;\"><span style=\"color: #000000;\">L&#8217;uso di baccelli di vaniglia interi evita anche i sostituti a basso costo e, naturalmente, le approssimazioni sintetiche a basso costo e facilmente realizzabili. Il sapore della vera vaniglia bourbon \u00e8 caratteristico e leggermente diverso da quello della vaniglia artificiale a cui la maggior parte di noi \u00e8 abituata.<\/span><\/p>\n<p style=\"text-align: justify;\"><span style=\"color: #000000;\">La vaniglia ha un odore estremamente gradevole e un sapore dolciastro. \u00c8 una spezia profumata prodotta dai baccelli dell&#8217;orchidea Vanilla planifolia. I suoi baccelli profumati di colore nero-marrone sono <strong>indispensabili in ogni cucina<\/strong>.<\/span><\/p>\n<p style=\"text-align: justify;\"><span style=\"color: #000000;\">Le vaniglie si dividono in diverse categorie. La nostra versione premium \u00e8 coltivata nella regione di Sambava, in Madagascar. \u00c8 una <strong>qualit\u00e0 premium<\/strong> perch\u00e9 i baccelli sono flessibili, umidi, gonfi e di colore decisamente scuro. La qualit\u00e0 della vaniglia \u00e8 indicata anche dalla lunghezza dei baccelli. I baccelli della versione premium sono lunghi fino a 15-17 cm. Il sapore \u00e8 pieno e nobile.<\/span><\/p>\n<h2 style=\"text-align: justify;\"><span style=\"color: #000000;\">Conservazione<\/span><\/h2>\n<p style=\"text-align: justify;\"><span style=\"color: #000000;\">Conservare in un luogo asciutto e buio. Assicurarsi che il sacchetto o la scatola siano ben chiusi.<\/span><\/p>\n<h2 style=\"text-align: justify;\"><span style=\"color: #000000;\">Imballaggio<\/span><\/h2>\n<p><span style=\"color: #000000;\">Un sacchetto con chiusura a zip non permeabile in cui il prodotto conserva tutta la sua freschezza e il suo aroma. La confezione protegge dalla luce e dall&#8217;aria, essendo composta da diversi strati di protezione per preservare le propriet\u00e0 del contenuto.<\/span><\/p>\n<p><span style=\"color: #000000;\">La confezione \u00e8 molto pratica e riciclabile.<\/span><\/p>\n<h2><span style=\"color: #000000;\">Origine<\/span><\/h2>\n<p><span style=\"color: #000000;\">Madagascar<\/span><\/p>\n","protected":false},"excerpt":{"rendered":"<p style=\"text-align: justify;\">La nostra versione premium \u00e8 prodotta nella regione di Sambava, in Madagascar. I baccelli sono di <strong>qualit\u00e0 superiore<\/strong>, flessibili, umidi, gonfi e di colore decisamente scuro. La qualit\u00e0 della vaniglia \u00e8 indicata anche dalla lunghezza dei baccelli. I baccelli della versione premium sono lunghi fino a 15-17 cm. Il sapore \u00e8 pieno e nobile.<\/p>\n<p>\ud83d\udc9a Qualit\u00e0 premium.<br \/>\n\ud83d\udc9a Aroma gradevole e gusto dolce.<\/p>\n","protected":false},"featured_media":6701,"comment_status":"open","ping_status":"closed","template":"","meta":{"_acf_changed":false},"product_brand":[],"product_cat":[205,15],"product_tag":[],"class_list":{"0":"post-6700","1":"product","2":"type-product","3":"status-publish","4":"has-post-thumbnail","6":"product_cat-te-alimenti-spezie","7":"product_cat-uncategorized","9":"first","10":"outofstock","11":"taxable","12":"shipping-taxable","13":"purchasable","14":"product-type-simple"},"acf":[],"_links":{"self":[{"href":"https:\/\/fengchashop.com\/it\/wp-json\/wp\/v2\/product\/6700","targetHints":{"allow":["GET"]}}],"collection":[{"href":"https:\/\/fengchashop.com\/it\/wp-json\/wp\/v2\/product"}],"about":[{"href":"https:\/\/fengchashop.com\/it\/wp-json\/wp\/v2\/types\/product"}],"replies":[{"embeddable":true,"href":"https:\/\/fengchashop.com\/it\/wp-json\/wp\/v2\/comments?post=6700"}],"wp:featuredmedia":[{"embeddable":true,"href":"https:\/\/fengchashop.com\/it\/wp-json\/wp\/v2\/media\/6701"}],"wp:attachment":[{"href":"https:\/\/fengchashop.com\/it\/wp-json\/wp\/v2\/media?parent=6700"}],"wp:term":[{"taxonomy":"product_brand","embeddable":true,"href":"https:\/\/fengchashop.com\/it\/wp-json\/wp\/v2\/product_brand?post=6700"},{"taxonomy":"product_cat","embeddable":true,"href":"https:\/\/fengchashop.com\/it\/wp-json\/wp\/v2\/product_cat?post=6700"},{"taxonomy":"product_tag","embeddable":true,"href":"https:\/\/fengchashop.com\/it\/wp-json\/wp\/v2\/product_tag?post=6700"}],"curies":[{"name":"wp","href":"https:\/\/api.w.org\/{rel}","templated":true}]}}