{"id":6686,"date":"2025-05-30T13:15:06","date_gmt":"2025-05-30T11:15:06","guid":{"rendered":"https:\/\/fengchashop.com\/it\/product\/fiori-di-bach-perdita-di-peso\/"},"modified":"2026-01-28T17:39:09","modified_gmt":"2026-01-28T16:39:09","slug":"fiori-di-bach-perdita-di-peso","status":"publish","type":"product","link":"https:\/\/fengchashop.com\/it\/product\/fiori-di-bach-perdita-di-peso\/","title":{"rendered":"Fiori di Bach Perdita di peso"},"content":{"rendered":"<h2 style=\"text-align: justify;\"><span style=\"color: #000000;\">Gocce di Bach per la perdita di peso<\/span><\/h2>\n<p style=\"text-align: justify;\"><span style=\"color: #000000;\">Ogni donna (e anche ogni uomo) ha cercato di perdere peso almeno una volta nella vita. E anche se il pi\u00f9 delle volte siamo spinti a farlo dalle tendenze della moda, la salute e il benessere vengono sempre al primo posto. Tuttavia, quando ci alleniamo duramente e\/o controlliamo l&#8217;assunzione di cibo, spesso ci troviamo a lottare emotivamente, poich\u00e9 perdere peso \u00e8 spesso la cosa pi\u00f9 difficile da fare mentalmente e psicologicamente. Siete interessati a sapere come <strong>aiutarvi emotivamente a perdere peso<\/strong> e ad<strong>avere pi\u00f9 energia<\/strong> e, soprattutto, <strong>motivazione<\/strong> per raggiungere il vostro obiettivo? Allora abbiamo la soluzione che fa per voi.<\/span><\/p>\n<p style=\"text-align: justify;\"><span style=\"color: #000000;\">I primi risultati si notano dopo pochi giorni o settimane, dipende da ogni individuo. La miscela preparata vi durer\u00e0 per 30 giorni, basta metterla direttamente in bocca o farla cadere in un bicchiere d&#8217;acqua. <\/span><\/p>\n<p style=\"text-align: justify;\"><span style=\"color: #000000;\">Questa miscela speciale vi aiuter\u00e0 a<\/span><\/p>\n<ul style=\"text-align: justify;\">\n<li><span style=\"color: #000000;\"><em>cambiare le proprie abitudini alimentari,<\/em><\/span><\/li>\n<li><span style=\"color: #000000;\"><em>a superare i sensi di colpa se non si riesce a raggiungere l&#8217;obiettivo,<\/em><\/span><\/li>\n<li><span style=\"color: #000000;\"><em>mantenere la pazienza se i risultati non sono rapidamente visibili,<\/em><\/span><\/li>\n<li><span style=\"color: #000000;\"><em>perseverare anche quando non ci sono risultati<\/em><\/span><\/li>\n<li><span style=\"color: #000000;\"><em>avere autocontrollo nei momenti difficili.<\/em><\/span><\/li>\n<\/ul>\n<h2 style=\"text-align: justify;\"><span style=\"color: #000000;\"><b> L&#8217;azione delle gocce di Bach<\/b><\/span><\/h2>\n<p style=\"text-align: justify;\"><span style=\"color: #000000;\">Le gocce di Bach sono efficaci per un&#8217;ampia gamma di <b>disagi emotivi<\/b>.<b> Quando si perde peso, \u00e8 inevitabile imbattersi in stati emotivi che ci colpiscono in modi diversi e che possono impedirci di raggiungere i nostri obiettivi.<\/b> Le gocce di Bach ci aiutano nelle varie crisi e situazioni difficili della vita. Ci aiutano a calmarci e a mantenere la calma perch\u00e9 agiscono sul nostro stato emotivo e ci aiutano ad armonizzarlo. Con l&#8217;aiuto delle gocce di Bach assumiamo il controllo delle <b>nostre emozioni<\/b> e solo cos\u00ec creiamo armonia e troviamo la nostra pace interiore.<\/span><\/p>\n<p style=\"text-align: justify;\"><span style=\"color: #000000;\">La terapia di Bach promuove l&#8217;autoguarigione e il rilassamento spirituale. Secondo la teoria del Dr. Bach, la causa di malattie e disturbi risiede in uno stato di disarmonia o in una mancanza di armonia tra corpo e anima. Con l&#8217;aiuto delle essenze floreali, cerchiamo di guarire questa condizione sfruttando le <b>propriet\u00e0 positive dei fiori<\/b> per aiutarci a ristabilire l&#8217;equilibrio dentro di noi.<\/span><\/p>\n<p style=\"text-align: justify;\"><span style=\"color: #000000;\">Le gocce di Bach sono preparate secondo il metodo del dottor Bach, utilizzando<b> solo essenze di Bach originali<\/b>.<\/span><\/p>\n<p style=\"text-align: justify;\"><span style=\"color: #000000;\">Le gocce di Bach vengono prelevate da un flacone con pipetta annessa, che rende il dosaggio estremamente semplice. Si prendono 4 gocce 4 volte al giorno, distribuite nell&#8217;arco della giornata. Il flacone ricevuto \u00e8 sufficiente per 1 mese di terapia. <\/span><\/p>\n<p style=\"text-align: justify;\"><span style=\"color: #000000;\">Ogni flacone<b> <\/b>della miscela scelta <b>viene preparato manualmente e sul<\/b> momento. Per mantenere la miscela fresca pi\u00f9 a lungo, utilizziamo un po&#8217; di alcol (cognac). La miscela ha una durata di conservazione di 1 mese dalla data di acquisto.<\/span><\/p>\n<p style=\"text-align: justify;\"><span style=\"color: #000000;\">Le gocce di Bach<strong> non hanno <\/strong><b>effetti collaterali<\/b>, non possono essere somministrate in eccesso e non creano dipendenza. Sono adatte a tutti: donne incinte, madri che allattano, anziani, bambini e animali.<\/span><\/p>\n<p style=\"text-align: justify;\"><span style=\"color: #000000;\">Non interagiscono con altri farmaci.<\/span><\/p>\n<h2 style=\"text-align: justify;\"><span style=\"color: #000000;\"><b>Conservazione<\/b><\/span><\/h2>\n<p style=\"text-align: justify;\"><span style=\"color: #000000;\">Conservare in un luogo asciutto e buio a una temperatura massima di +25 \u00b0C.<\/span><\/p>\n<h2 style=\"text-align: justify;\"><span style=\"color: #000000;\"><b>Quantit\u00e0<\/b><\/span><\/h2>\n<p style=\"text-align: justify;\"><span style=\"color: #000000;\">30 ml (sufficienti per 30 giorni di uso regolare)<\/span><\/p>\n","protected":false},"excerpt":{"rendered":"<p>Le gocce di Bach sono efficaci contro vari disagi emotivi. Aiutano in varie crisi e situazioni di vita difficili. Aiutano a calmarsi e a mantenere la calma. Agiscono sul nostro stato emotivo e aiutano ad armonizzarlo.<\/p>\n<p>\ud83d\udc9a Le gocce sono confezionate a mano, il giorno della spedizione.<br \/>\n\ud83d\udc9a Sono adatte a tutte le persone (donne in gravidanza, anziani, bambini&#8230;) e agli animali.<br \/>\n\ud83d\udc9a Non hanno effetti collaterali, non creano dipendenza e non possono essere sovradosati.<br \/>\n\ud83d\udc9a I primi risultati si possono notare dopo qualche giorno o settimana, dipende da ogni individuo.<br \/>\n\ud83d\udc9a Non interagisce con altri farmaci.<\/p>\n","protected":false},"featured_media":6677,"comment_status":"open","ping_status":"closed","template":"","meta":{"_acf_changed":false},"product_brand":[],"product_cat":[204,15],"product_tag":[],"class_list":{"0":"post-6686","1":"product","2":"type-product","3":"status-publish","4":"has-post-thumbnail","6":"product_cat-fiori-di-bach","7":"product_cat-uncategorized","9":"first","10":"instock","11":"sale","12":"taxable","13":"shipping-taxable","14":"purchasable","15":"product-type-simple"},"acf":[],"_links":{"self":[{"href":"https:\/\/fengchashop.com\/it\/wp-json\/wp\/v2\/product\/6686","targetHints":{"allow":["GET"]}}],"collection":[{"href":"https:\/\/fengchashop.com\/it\/wp-json\/wp\/v2\/product"}],"about":[{"href":"https:\/\/fengchashop.com\/it\/wp-json\/wp\/v2\/types\/product"}],"replies":[{"embeddable":true,"href":"https:\/\/fengchashop.com\/it\/wp-json\/wp\/v2\/comments?post=6686"}],"wp:featuredmedia":[{"embeddable":true,"href":"https:\/\/fengchashop.com\/it\/wp-json\/wp\/v2\/media\/6677"}],"wp:attachment":[{"href":"https:\/\/fengchashop.com\/it\/wp-json\/wp\/v2\/media?parent=6686"}],"wp:term":[{"taxonomy":"product_brand","embeddable":true,"href":"https:\/\/fengchashop.com\/it\/wp-json\/wp\/v2\/product_brand?post=6686"},{"taxonomy":"product_cat","embeddable":true,"href":"https:\/\/fengchashop.com\/it\/wp-json\/wp\/v2\/product_cat?post=6686"},{"taxonomy":"product_tag","embeddable":true,"href":"https:\/\/fengchashop.com\/it\/wp-json\/wp\/v2\/product_tag?post=6686"}],"curies":[{"name":"wp","href":"https:\/\/api.w.org\/{rel}","templated":true}]}}