{"id":6632,"date":"2022-06-01T15:30:19","date_gmt":"2022-06-01T13:30:19","guid":{"rendered":"https:\/\/fengchashop.com\/it\/product\/matcha-bio-125-g\/"},"modified":"2026-05-08T19:23:36","modified_gmt":"2026-05-08T17:23:36","slug":"matcha-bio","status":"publish","type":"product","link":"https:\/\/fengchashop.com\/it\/product\/matcha-bio\/","title":{"rendered":"Matcha BIO 250 g"},"content":{"rendered":"<h2 style=\"text-align: justify;\"><span style=\"color: #000000;\">Il Matcha bio<\/span><\/h2>\n<p style=\"text-align: justify;\"><span style=\"color: #000000;\">Il popolare matcha \u00e8 in realt\u00e0 un<strong> t\u00e8 verde in polvere<\/strong>. La nostra versione di matcha \u00e8 destinata principalmente alla cucina e come tale \u00e8 di alta qualit\u00e0.<\/span><\/p>\n<p style=\"text-align: justify;\"><span style=\"color: #000000;\">Il matcha \u00e8 un <strong>t\u00e8 della migliore qualit\u00e0 con un carattere forte<\/strong>. La pianta del t\u00e8 matcha viene coltivata all&#8217;ombra per almeno un mese prima del raccolto e le foglie di t\u00e8 vengono private delle venature e degli steli prima della lavorazione. Le foglie di t\u00e8 cos\u00ec prodotte sono estremamente <strong>ricche di caffeina e teina<\/strong>. Da molti anni il matcha \u00e8 noto per essere il t\u00e8 dei monaci buddisti, che lo bevono per concentrarsi, focalizzarsi e liberare la mente.<\/span><\/p>\n<p style=\"text-align: justify;\"><span style=\"color: #000000;\">Contiene molti ingredienti che hanno un effetto <strong>antiossidante<\/strong> sull&#8217;organismo. Come \u00e8 tipico del t\u00e8 verde, contiene <strong>polifenoli<\/strong> e <strong>flavonoidi<\/strong>. \u00c8 anche ricco di vitamine A, B, C ed E. Tutto ci\u00f2 contribuisce alle propriet\u00e0 antinfiammatorie e immunitarie del t\u00e8 verde matcha. Inoltre, non \u00e8 amaro come alcuni t\u00e8 verdi, grazie alle cosiddette catechine, che non sono abbondanti nel t\u00e8 matcha a causa della sua particolare produzione all&#8217;ombra. Inoltre, grazie all&#8217;elevato contenuto di teina e caffeina, il matcha ci tiene in piedi, ma non provoca la caratteristica irrequietezza spesso avvertita da chi beve troppo caff\u00e8.<\/span><\/p>\n<h2 style=\"text-align: justify;\"><span style=\"color: #000000;\">Conservazione e avvertenze<\/span><\/h2>\n<p style=\"text-align: justify;\"><span style=\"color: #000000;\">Conservare in un luogo asciutto, buio e fresco. Assicurarsi che il sacchetto o la scatola siano ben chiusi. Il prodotto pu\u00f2 essere conservato anche in frigorifero.<\/span><\/p>\n<h2 style=\"text-align: justify;\"><span style=\"color: #000000;\">Imballaggio<\/span><\/h2>\n<p style=\"text-align: justify;\"><span style=\"color: #000000;\">Sacchetto a chiusura lampo non permeabile, in cui il prodotto conserva tutta la sua freschezza e il suo aroma. La confezione protegge il prodotto dalla luce e dall&#8217;aria, essendo composta da diversi strati di protezione per preservare le propriet\u00e0 del contenuto.<\/span><\/p>\n<p style=\"text-align: justify;\"><span style=\"color: #000000;\">La confezione \u00e8 molto pratica e riciclabile.<\/span><\/p>\n<h2 style=\"text-align: justify;\"><span style=\"color: #000000;\">Origine<\/span><\/h2>\n<p style=\"text-align: justify;\">Al di fuori dell&#8217;UE.<\/p>\n","protected":false},"excerpt":{"rendered":"<p>Il Matcha \u00e8 il t\u00e8 verde della migliore qualit\u00e0. Il t\u00e8 Matcha \u00e8 una bevanda dei monaci buddisti che lo bevono per concentrazione, focalizzazione e lucidit\u00e0 mentale. Contiene molti ingredienti che hanno un effetto antiossidante sul nostro corpo. Come \u00e8 caratteristico del t\u00e8 verde, contiene polifenoli e flavonoidi. \u00c8 anche ricco di vitamine A, B, C ed E. Tutto ci\u00f2 contribuisce al fatto che il t\u00e8 verde sotto forma di matcha ha un effetto antinfiammatorio e rafforza il sistema immunitario. A causa delle cosiddette catechine, di cui il t\u00e8 matcha non contiene molto a causa della sua particolare coltivazione all&#8217;ombra, non \u00e8 nemmeno amaro come alcuni t\u00e8 verdi.<\/p>\n<p>\ud83d\udc9a \u00c8 ricco di antiossidanti, aminoacidi e altri agenti benefici.<br \/>\n\ud83d\udc9aProduzione biologica.<br \/>\n\ud83d\udc9a Qualit\u00e0 premium.<\/p>\n","protected":false},"featured_media":8780,"comment_status":"open","ping_status":"closed","template":"","meta":{"_acf_changed":false},"product_brand":[],"product_cat":[205,15],"product_tag":[],"class_list":{"0":"post-6632","1":"product","2":"type-product","3":"status-publish","4":"has-post-thumbnail","6":"product_cat-te-alimenti-spezie","7":"product_cat-uncategorized","9":"first","10":"instock","11":"sale","12":"taxable","13":"shipping-taxable","14":"purchasable","15":"product-type-simple"},"acf":[],"_links":{"self":[{"href":"https:\/\/fengchashop.com\/it\/wp-json\/wp\/v2\/product\/6632","targetHints":{"allow":["GET"]}}],"collection":[{"href":"https:\/\/fengchashop.com\/it\/wp-json\/wp\/v2\/product"}],"about":[{"href":"https:\/\/fengchashop.com\/it\/wp-json\/wp\/v2\/types\/product"}],"replies":[{"embeddable":true,"href":"https:\/\/fengchashop.com\/it\/wp-json\/wp\/v2\/comments?post=6632"}],"wp:featuredmedia":[{"embeddable":true,"href":"https:\/\/fengchashop.com\/it\/wp-json\/wp\/v2\/media\/8780"}],"wp:attachment":[{"href":"https:\/\/fengchashop.com\/it\/wp-json\/wp\/v2\/media?parent=6632"}],"wp:term":[{"taxonomy":"product_brand","embeddable":true,"href":"https:\/\/fengchashop.com\/it\/wp-json\/wp\/v2\/product_brand?post=6632"},{"taxonomy":"product_cat","embeddable":true,"href":"https:\/\/fengchashop.com\/it\/wp-json\/wp\/v2\/product_cat?post=6632"},{"taxonomy":"product_tag","embeddable":true,"href":"https:\/\/fengchashop.com\/it\/wp-json\/wp\/v2\/product_tag?post=6632"}],"curies":[{"name":"wp","href":"https:\/\/api.w.org\/{rel}","templated":true}]}}