{"id":6529,"date":"2022-05-28T20:36:49","date_gmt":"2022-05-28T18:36:49","guid":{"rendered":"https:\/\/fengchashop.com\/it\/product\/citronella-bio-250-g\/"},"modified":"2026-05-08T15:57:09","modified_gmt":"2026-05-08T13:57:09","slug":"citronella-bio","status":"publish","type":"product","link":"https:\/\/fengchashop.com\/it\/product\/citronella-bio\/","title":{"rendered":"Citronella BIO 250 g"},"content":{"rendered":"<h2 style=\"text-align: justify\"><span style=\"color: #000000\">Citronella (tisana)<\/span><\/h2>\n<p style=\"text-align: justify\"><span style=\"color: #000000\">La citronella \u00e8 un&#8217;erba tropicale con caratteristiche foglie verdi scure a forma di lingua che possono crescere fino a 180 cm di altezza. \u00c8 molto aromatica, soprattutto grazie al contenuto di <strong>citrale<\/strong> e <strong>geraniolo<\/strong>, che conferiscono alla pianta il caratteristico <strong>profumo e sapore di agrumi<\/strong>. Come olio essenziale, \u00e8 anche estremamente popolare in aromaterapia e nelle preparazioni cosmetiche.<\/span><\/p>\n<p style=\"text-align: justify\"><span style=\"color: #000000\">La citronella \u00e8 un potente <strong>antiossidante<\/strong> e un&#8217;ottima <strong>fonte di vitamina C<\/strong>, quindi pu\u00f2 aiutarci in caso di raffreddore, tosse, asma e altri problemi respiratori. Ha anche propriet\u00e0 antinfiammatorie, antibatteriche e antimicotiche.<\/span><\/p>\n<p style=\"text-align: justify\"><span style=\"color: #000000\">Pu\u00f2 essere utilizzato essiccato o fresco ed \u00e8 indispensabile nelle <strong>ricette asiatiche<\/strong> a base di pesce, pollo e maiale.<\/span><\/p>\n<p style=\"text-align: justify\"><span style=\"color: #000000\">Per il suo sapore agrumato, le foglie essiccate vengono utilizzate soprattutto per <strong>tisane o t\u00e8<\/strong>, ma possono anche essere impiegate in una variet\u00e0 di <strong>bevande fredde e t\u00e8 freddi rinfrescanti<\/strong>, che hanno anche un effetto benefico sul benessere e riducono la tensione. Si abbina bene a zenzero, chiodi di garofano, limone e lime, menta e melissa. Il t\u00e8 regola la digestione e allevia i piccoli problemi digestivi.<\/span><\/p>\n<h2 style=\"text-align: justify\"><span style=\"color: #000000\">Aspetto<\/span><\/h2>\n<p style=\"text-align: justify\"><span style=\"color: #000000\">Foglie verdi affettate ed essiccate.<\/span><\/p>\n<h2 style=\"text-align: justify\"><span style=\"color: #000000\">Conservazione<\/span><\/h2>\n<p style=\"text-align: justify\"><span style=\"color: #000000\">Conservare in un luogo asciutto, buio e fresco.<\/span><\/p>\n<h2 style=\"text-align: justify\"><span style=\"color: #000000\">Imballaggio<\/span><\/h2>\n<p><span style=\"color: #000000\">Sacchetto a chiusura lampo non permeabile, in cui il prodotto conserva tutta la freschezza e l&#8217;aroma. La confezione protegge dalla luce e dall&#8217;aria, essendo composta da diversi strati di protezione che preservano le propriet\u00e0 del contenuto.<\/span><\/p>\n<p><span style=\"color: #000000\">La confezione \u00e8 molto pratica e riciclabile.<\/span><\/p>\n<h2><span style=\"color: #000000\">Origine<\/span><\/h2>\n<p><span style=\"color: #000000\">Thailandia o India<\/span><\/p>\n","protected":false},"excerpt":{"rendered":"<p>La citronella \u00e8 un potente antiossidante e un\u2019ottima fonte di vitamina C e pu\u00f2 aiutarci con raffreddore, tosse, asma e altri problemi respiratori. Ha anche propriet\u00e0 antinfiammatorie, antibatteriche e antifungine. Pu\u00f2 essere utilizzato essiccato o fresco, ma \u00e8 indispensabile nelle ricette asiatiche a base di pesce, pollo e maiale. Si sposa bene con lo zenzero, i chiodi di garofano, il limone e il lime, la menta e il timo. Le foglie essiccate vengono utilizzate principalmente:<\/p>\n<p>\ud83d\udc9a in infusi o tisane che regolano la digestione e alleviano piccoli problemi digestivi,<br \/>\n\ud83d\udc9a come bevande fredde rinfrescanti e t\u00e8 freddi.<\/p>\n","protected":false},"featured_media":6530,"comment_status":"open","ping_status":"closed","template":"","meta":{"_acf_changed":false},"product_brand":[],"product_cat":[205,15],"product_tag":[],"class_list":{"0":"post-6529","1":"product","2":"type-product","3":"status-publish","4":"has-post-thumbnail","6":"product_cat-te-alimenti-spezie","7":"product_cat-uncategorized","9":"first","10":"instock","11":"taxable","12":"shipping-taxable","13":"purchasable","14":"product-type-simple"},"acf":[],"_links":{"self":[{"href":"https:\/\/fengchashop.com\/it\/wp-json\/wp\/v2\/product\/6529","targetHints":{"allow":["GET"]}}],"collection":[{"href":"https:\/\/fengchashop.com\/it\/wp-json\/wp\/v2\/product"}],"about":[{"href":"https:\/\/fengchashop.com\/it\/wp-json\/wp\/v2\/types\/product"}],"replies":[{"embeddable":true,"href":"https:\/\/fengchashop.com\/it\/wp-json\/wp\/v2\/comments?post=6529"}],"wp:featuredmedia":[{"embeddable":true,"href":"https:\/\/fengchashop.com\/it\/wp-json\/wp\/v2\/media\/6530"}],"wp:attachment":[{"href":"https:\/\/fengchashop.com\/it\/wp-json\/wp\/v2\/media?parent=6529"}],"wp:term":[{"taxonomy":"product_brand","embeddable":true,"href":"https:\/\/fengchashop.com\/it\/wp-json\/wp\/v2\/product_brand?post=6529"},{"taxonomy":"product_cat","embeddable":true,"href":"https:\/\/fengchashop.com\/it\/wp-json\/wp\/v2\/product_cat?post=6529"},{"taxonomy":"product_tag","embeddable":true,"href":"https:\/\/fengchashop.com\/it\/wp-json\/wp\/v2\/product_tag?post=6529"}],"curies":[{"name":"wp","href":"https:\/\/api.w.org\/{rel}","templated":true}]}}