{"id":6478,"date":"2022-05-27T15:00:16","date_gmt":"2022-05-27T13:00:16","guid":{"rendered":"https:\/\/fengchashop.com\/it\/product\/caffe-verde-macinato-bio-500-g\/"},"modified":"2026-04-28T10:47:20","modified_gmt":"2026-04-28T08:47:20","slug":"caffe-verde-macinato-bio","status":"publish","type":"product","link":"https:\/\/fengchashop.com\/it\/product\/caffe-verde-macinato-bio\/","title":{"rendered":"Caff\u00e8 verde macinato BIO 500 g"},"content":{"rendered":"<h2 style=\"text-align: justify\"><span style=\"color: #000000\">Che cos&#8217;\u00e8 il caff\u00e8 verde?<\/span><\/h2>\n<p style=\"text-align: justify\"><span style=\"color: #000000\">I chicchi di caff\u00e8 verde sono semplicemente i chicchi non tostati della pianta di caff\u00e8 normale. Questo rende il caff\u00e8 verde un prodotto completamente naturale. Si prepara come una normale tisana. Anche il sapore \u00e8 molto simile a quello delle tisane.<\/span><\/p>\n<p style=\"text-align: justify\"><span style=\"color: #000000\">Per questo,<strong>in collaborazione con una torrefazione italiana<\/strong>, abbiamo preparato una miscela speciale di caff\u00e8 verde arabica e robusta. Abbiamo aggiunto il caff\u00e8 verde arabica per migliorare il gusto e l&#8217;aroma, mentre la robusta contiene pi\u00f9 acido clorogenico e caffeina.<\/span><\/p>\n<p style=\"text-align: justify\"><span style=\"color: #000000\">I chicchi di caff\u00e8 sono appositamente selezionati da <strong>piantagioni biologiche<\/strong> e vengono macinati in modo speciale per garantire un effetto ottimale e, naturalmente, il gusto durante la preparazione.<\/span><\/p>\n<p style=\"text-align: justify\"><span style=\"color: #000000\">Il caff\u00e8 verde sta guadagnando sempre pi\u00f9 seguaci grazie ai suoi effetti positivi sui <strong>disturbi moderni<\/strong>: sovrappeso, stress, mancanza di energia e invecchiamento. Proprio per questo motivo, non ci sorprende che, a distanza di anni, sia ancora un alimento ricercato e ben venduto.<\/span><\/p>\n<p style=\"text-align: justify\"><span style=\"color: #000000\">Il nostro caff\u00e8 verde \u00e8 un prodotto biologico certificato, completamente naturale e privo di additivi.<\/span><\/p>\n<h2 style=\"text-align: justify\"><span style=\"color: #000000\">Che cos&#8217;\u00e8 l&#8217;acido clorogenico e come funziona?<\/span><\/h2>\n<p style=\"text-align: justify\"><span style=\"color: #000000\">L&#8217;acido clorogenico fa s\u00ec che il fegato non rilasci pi\u00f9 glucosio nel sangue. Il nostro corpo reagisce utilizzando il grasso immagazzinato. Il metabolismo migliora e la perdita di grasso aumenta. In altre parole, l&#8217;acido clorogenico aiuta a bruciare i depositi di grasso nel corpo, riducendo cos\u00ec il peso.<\/span><\/p>\n<p style=\"text-align: justify\"><span style=\"color: #000000\">Secondo alcune ricerche, il caff\u00e8 verde \u00e8 anche in grado di prevenire e ridurre l&#8217;ipertensione, di migliorare l&#8217;azione dell&#8217;ormone sciogli-grassi e di abbassare i livelli di colesterolo e trigliceridi.<\/span><\/p>\n<p style=\"text-align: justify\"><span style=\"color: #000000\">Sebbene il caff\u00e8 verde sia noto soprattutto per l&#8217;acido clorogenico e per i suoi effetti sulla perdita di peso, pu\u00f2 anche essere un buon sostituto del normale caff\u00e8 o t\u00e8. <\/span><\/p>\n<h2 style=\"text-align: justify\"><span style=\"color: #000000\">Quali sono gli ingredienti del caff\u00e8 verde e come funzionano?<\/span><\/h2>\n<ul>\n<li><span style=\"color: #000000\"><strong><em>La caffeina<\/em> <\/strong>&#8211; Il caff\u00e8 verde contiene una concentrazione leggermente inferiore di caffeina. Quantit\u00e0 ridotte di caffeina contrastano la <strong>stanchezza fisica e mentale<\/strong>. Per una maggiore energia e un migliore benessere. <\/span><\/li>\n<li><span style=\"color: #000000\"><em><strong>Acido clorogenico<\/strong> <strong>Acido clorogenico<\/strong><\/em> &#8211; Aiuta a sciogliere i grassi e a prevenire l&#8217;assorbimento degli zuccheri nel tratto gastrointestinale e regola la glicemia. Grazie all&#8217;acido clorogenico, il caff\u00e8 verde pu\u00f2 aiutare a perdere peso. La tostatura, tuttavia, ne fa perdere la maggior parte.<\/span><\/li>\n<li><span style=\"color: #000000\"><em><strong>Gli antiossidanti<\/strong> <\/em>&#8211; distruggono i radicali liberi e possono quindi prevenire l&#8217;insorgere di alcune malattie. Inoltre, gli antiossidanti hanno anche effetti anti-invecchiamento o inibiscono i processi che influenzano l&#8217;invecchiamento.<\/span><\/li>\n<li><span style=\"color: #000000\"><em><strong>Altri ingredienti<\/strong> <strong>Ingredienti<\/strong> <\/em>&#8211; Vitamine del complesso B, minerali, polifenoli. Tutto ci\u00f2 di cui il nostro corpo ha bisogno quotidianamente. Il complesso B contribuisce al normale funzionamento psicologico e riduce la stanchezza e l&#8217;affaticamento.<\/span><\/li>\n<\/ul>\n<h2 style=\"text-align: justify\"><span style=\"color: #000000\">Non solo per la perdita di peso<\/span><\/h2>\n<p style=\"text-align: justify\"><span style=\"color: #000000\">Il caff\u00e8 verde \u00e8 una piacevole esperienza per tutti gli amanti delle buone tisane. Il gusto \u00e8 molto piacevole, interessante e unico. Il pi\u00f9 delle volte viene associato alla perdita di peso, ma il caff\u00e8 verde pu\u00f2 essere gustato anche per altri scopi e, se si fa qualcosa per il proprio benessere, si prendono (almeno) due piccioni con una fava. Grazie alla sua composizione complessa, ricca di antiossidanti, minerali, vitamine e polifenoli, pu\u00f2 avere un effetto positivo sull&#8217;abbassamento della pressione sanguigna, sull&#8217;accelerazione del metabolismo, sulla riduzione dell&#8217;assorbimento degli zuccheri e sul rallentamento del processo di invecchiamento. <\/span><\/p>\n<h2 style=\"text-align: justify\"><span style=\"color: #000000\">Come si prepara il caff\u00e8 verde?<\/span><\/h2>\n<p style=\"text-align: justify\"><span style=\"color: #000000\">Il caff\u00e8 verde macinato si prepara in modo simile alle tisane:<\/span><\/p>\n<p style=\"text-align: justify\"><span style=\"color: #000000\"><em>2 grammi di caff\u00e8 verde vengono versati su 200 ml di acqua riscaldata a 80 \u00b0C, lasciati in infusione per 2-3 minuti e poi filtrati. Lo stesso caff\u00e8 pu\u00f2 essere utilizzato per preparare almeno un&#8217;altra guarnizione.<\/em><\/span><\/p>\n<p style=\"text-align: justify\"><span style=\"color: #000000\">Per evitare calorie extra, si consiglia di non dolcificare la bevanda. Tuttavia, si possono aggiungere cannella, zenzero o cardamomo per esaltarne il gusto. Con il caldo estivo, \u00e8 gradevole anche con il ghiaccio.<\/span><\/p>\n<p style=\"text-align: justify\"><span style=\"color: #000000\">Che sapore ha il caff\u00e8 verde?<\/span><\/p>\n<p style=\"text-align: justify\"><span style=\"color: #000000\">Il caff\u00e8 verde ha un sapore piacevole, rinfrescante, aromatico e di nocciola. In effetti, <strong>\u00e8 pi\u00f9 simile al t\u00e8<\/strong> che al caff\u00e8 a cui siamo abituati.<\/span><\/p>\n<h2 style=\"text-align: justify\"><span style=\"color: #000000\">Quando \u00e8 consigliabile bere il caff\u00e8 verde?<\/span><\/h2>\n<p style=\"text-align: justify\"><span style=\"color: #000000\">A causa del suo contenuto di caffeina, non \u00e8 consigliabile prima di andare a letto, soprattutto se la caffeina ha un effetto significativo sulla veglia. <\/span><\/p>\n<p style=\"text-align: justify\"><span style=\"color: #000000\">Altrimenti, naturalmente, pu\u00f2 essere bevuto in qualsiasi momento, proprio come un normale caff\u00e8 o t\u00e8. Il caff\u00e8 verde pu\u00f2 essere utilizzato per aggiungere variet\u00e0 alla gamma di bevande consumate quotidianamente. \u00c8 particolarmente indicato quando si ha bisogno di qualcosa per <strong>aumentare l&#8217;energia e l&#8217;umore<\/strong>. <\/span><\/p>\n<p style=\"text-align: justify\"><span style=\"color: #000000\">Se volete controllare il vostro peso e perdere qualche chilo con il caff\u00e8 verde, vi consigliamo di berlo almeno 15 minuti prima di ogni pasto principale. Solo in questo modo agir\u00e0 da soppressore dell&#8217;appetito. \u00c8 importante non berlo durante o dopo i pasti.<\/span><\/p>\n<h2 style=\"text-align: justify\"><span style=\"color: #000000\">Quanto caff\u00e8 verde \u00e8 consigliato?<\/span><\/h2>\n<p style=\"text-align: justify\"><span style=\"color: #000000\">Si dovrebbe bere almeno mezzo litro al giorno per ottenere gli effetti ottimali di questa bevanda naturale e sana, che <strong>migliora il benessere generale, d\u00e0 energia<\/strong> e pu\u00f2 essere di grande aiuto per <strong>perdere peso<\/strong>. Se possibile, dovrebbe essere sempre preparata al momento.<\/span><\/p>\n<h2 style=\"text-align: justify\"><span style=\"color: #000000\">Come confezioniamo e conserviamo il caff\u00e8 verde?<\/span><\/h2>\n<p style=\"text-align: justify\"><span style=\"color: #000000\">Il caff\u00e8 verde viene confezionato in un <strong>sacchetto ermetico con chiusura a zip<\/strong>, dove conserva tutta la sua freschezza e il suo aroma. La confezione lo protegge dalla luce e dall&#8217;aria, essendo costituita da diversi strati di protezione che preservano le propriet\u00e0 del contenuto. Il caff\u00e8 verde cos\u00ec confezionato deve essere conservato in un luogo asciutto, buio e fresco. Assicurarsi che il sacchetto o la scatola siano sempre ben <strong>chiusi<\/strong>.<\/span><\/p>\n<p style=\"text-align: justify\"><span style=\"color: #000000\">L&#8217;imballaggio \u00e8 molto pratico e riciclabile.<\/span><\/p>\n<h2 style=\"text-align: justify\"><span style=\"color: #000000\">Origine<\/span><\/h2>\n<p style=\"text-align: justify\"><span style=\"color: #000000\">La miscela di caff\u00e8 verde proviene da piantagioni biologiche in Brasile, Messico e Tanzania.<\/span><\/p>\n","protected":false},"excerpt":{"rendered":"<p>I chicchi di caff\u00e8 verde sono semplicemente i chicchi non tostati di una normale pianta di caff\u00e8. Questo rende il caff\u00e8 verde un prodotto completamente naturale. Si prepara come una normale tisana. Anche il sapore \u00e8 molto simile a quello delle tisane. Il caff\u00e8 verde contiene:<br \/>\n\ud83d\udc9a Caffeina &#8211; contiene una concentrazione di caffeina leggermente inferiore. Piccole quantit\u00e0 di caffeina contrastano la stanchezza fisica e mentale. Per una maggiore energia e un migliore benessere.<br \/>\n\ud83d\udc9a Acido clorogenico &#8211; aiuta a sciogliere i grassi e impedisce l&#8217;assorbimento degli zuccheri nel tratto gastrointestinale e regola la glicemia. Grazie all&#8217;acido clorogenico, il caff\u00e8 verde pu\u00f2 aiutare a perdere peso. La tostatura, tuttavia, ne fa perdere la maggior parte.<br \/>\n\ud83d\udc9a Antiossidanti &#8211; distruggono i radicali liberi e possono prevenire alcune malattie. Inoltre, gli antiossidanti hanno anche effetti anti-invecchiamento o inibiscono i processi che influenzano l&#8217;invecchiamento.<br \/>\n\ud83d\udc9a Altri ingredienti &#8211; vitamine del complesso B, minerali, polifenoli. Tutto ci\u00f2 di cui il nostro corpo ha bisogno quotidianamente. Il complesso B contribuisce al normale funzionamento psicologico e alla riduzione della stanchezza e dell&#8217;affaticamento.<\/p>\n","protected":false},"featured_media":6479,"comment_status":"open","ping_status":"closed","template":"","meta":{"_acf_changed":false},"product_brand":[],"product_cat":[217,205,224,15],"product_tag":[],"class_list":{"0":"post-6478","1":"product","2":"type-product","3":"status-publish","4":"has-post-thumbnail","6":"product_cat-offerta","7":"product_cat-te-alimenti-spezie","8":"product_cat-tutti-gli-articoli","9":"product_cat-uncategorized","11":"first","12":"instock","13":"taxable","14":"shipping-taxable","15":"purchasable","16":"product-type-simple"},"acf":[],"_links":{"self":[{"href":"https:\/\/fengchashop.com\/it\/wp-json\/wp\/v2\/product\/6478","targetHints":{"allow":["GET"]}}],"collection":[{"href":"https:\/\/fengchashop.com\/it\/wp-json\/wp\/v2\/product"}],"about":[{"href":"https:\/\/fengchashop.com\/it\/wp-json\/wp\/v2\/types\/product"}],"replies":[{"embeddable":true,"href":"https:\/\/fengchashop.com\/it\/wp-json\/wp\/v2\/comments?post=6478"}],"wp:featuredmedia":[{"embeddable":true,"href":"https:\/\/fengchashop.com\/it\/wp-json\/wp\/v2\/media\/6479"}],"wp:attachment":[{"href":"https:\/\/fengchashop.com\/it\/wp-json\/wp\/v2\/media?parent=6478"}],"wp:term":[{"taxonomy":"product_brand","embeddable":true,"href":"https:\/\/fengchashop.com\/it\/wp-json\/wp\/v2\/product_brand?post=6478"},{"taxonomy":"product_cat","embeddable":true,"href":"https:\/\/fengchashop.com\/it\/wp-json\/wp\/v2\/product_cat?post=6478"},{"taxonomy":"product_tag","embeddable":true,"href":"https:\/\/fengchashop.com\/it\/wp-json\/wp\/v2\/product_tag?post=6478"}],"curies":[{"name":"wp","href":"https:\/\/api.w.org\/{rel}","templated":true}]}}