{"id":6437,"date":"2022-05-23T16:14:27","date_gmt":"2022-05-23T14:14:27","guid":{"rendered":"https:\/\/fengchashop.com\/it\/product\/fieno-greco-bio-500-g\/"},"modified":"2026-04-18T11:09:15","modified_gmt":"2026-04-18T09:09:15","slug":"fieno-greco-bio","status":"publish","type":"product","link":"https:\/\/fengchashop.com\/it\/product\/fieno-greco-bio\/","title":{"rendered":"Fieno greco BIO 500 g"},"content":{"rendered":"<h2 style=\"text-align: justify\"><span style=\"color: #000000\">Fieno greco o fieno greco biologico<\/span><\/h2>\n<p style=\"text-align: justify\"><span style=\"color: #000000\">Il fieno greco \u00e8 una pianta annuale che cresce a circa mezzo metro di altezza. I semi, utilizzati come spezia, si trovano <strong>nei baccelli<\/strong> della pianta. Viene anche chiamato fieno greco, o fenugreek dall&#8217;inglese.<\/span><\/p>\n<p style=\"text-align: justify\"><span style=\"color: #000000\">Il fieno greco \u00e8 ricco di proteine, vitamine (soprattutto la vitamina D) e minerali, oltre che di composti fenolici e flavonoidi. Ha un sapore pungente e un aroma forte. \u00c8 considerato una delle pi\u00f9 antiche piante utilizzate in medicina e in cucina. Tradizionalmente, il fieno greco \u00e8 stato utilizzato per trattare il diabete, il colesterolo, l&#8217;anemia, i disturbi gastrici e digestivi e la tosse cronica. \u00c8 utilizzato nella medicina tradizionale cinese e nell&#8217;Ayurveda. Il fieno greco ha anche un effetto positivo sulla produzione di latte nell&#8217;allattamento.<\/span><\/p>\n<p style=\"text-align: justify\"><span style=\"color: #000000\">Si trova soprattutto nella cucina dell&#8217;Asia meridionale e dell&#8217;Egitto. <\/span><\/p>\n<p style=\"text-align: justify\"><span style=\"color: #000000\">Il sapore dei semi \u00e8 dolce e nocciolato.<\/span><\/p>\n<p style=\"text-align: justify\"><span style=\"color: #000000\">Il nostro fieno greco proviene da produzione biologica.<\/span><\/p>\n<h2 style=\"text-align: justify\"><span style=\"color: #000000\">Conservazione<\/span><\/h2>\n<p style=\"text-align: justify\"><span style=\"color: #000000\">Conservare in un luogo fresco, asciutto e buio. Assicurarsi che il sacchetto o la scatola siano ben chiusi.<\/span><\/p>\n<h2 style=\"text-align: justify\"><span style=\"color: #000000\">Imballaggio<\/span><\/h2>\n<p style=\"text-align: justify\"><span style=\"color: #000000\">Un sacchetto con chiusura a zip non permeabile in cui il prodotto conserva tutta la sua freschezza e il suo aroma. La confezione protegge dalla luce e dall&#8217;aria, essendo composta da diversi strati di protezione per preservare le propriet\u00e0 del contenuto.<\/span><\/p>\n<p style=\"text-align: justify\"><span style=\"color: #000000\">La confezione \u00e8 molto pratica e riciclabile.<\/span><\/p>\n<h2><span style=\"color: #000000\">Origine<\/span><\/h2>\n<p><span style=\"color: #000000\">Sri Lanka o India<\/span><\/p>\n","protected":false},"excerpt":{"rendered":"<p>Il fieno greco \u00e8 ricco di proteine, vitamine (soprattutto la vitamina D) e minerali, oltre che di composti fenolici e flavonoidi. Ha un sapore pungente e un aroma forte. \u00c8 considerato una delle pi\u00f9 antiche piante utilizzate <strong>in medicina e in cucina.<\/strong> Tradizionalmente, il fieno greco \u00e8 stato utilizzato per trattare il diabete, il colesterolo, l&#8217;anemia, i disturbi gastrici e digestivi e la tosse cronica. \u00c8 utilizzato nella medicina tradizionale cinese e nell&#8217;Ayurveda.<\/p>\n<p>\ud83d\udc9a Regola il colesterolo.<br \/>\n\ud83d\udc9a Ha un effetto positivo sulla produzione di latte nell&#8217;allattamento.<br \/>\n\ud83d\udc9a Abbassa gli zuccheri nel sangue.<br \/>\n\ud83d\udc9a Migliora la digestione.<\/p>\n","protected":false},"featured_media":6438,"comment_status":"open","ping_status":"closed","template":"","meta":{"_acf_changed":false},"product_brand":[],"product_cat":[217,205,224,15],"product_tag":[],"class_list":{"0":"post-6437","1":"product","2":"type-product","3":"status-publish","4":"has-post-thumbnail","6":"product_cat-offerta","7":"product_cat-te-alimenti-spezie","8":"product_cat-tutti-gli-articoli","9":"product_cat-uncategorized","11":"first","12":"instock","13":"sale","14":"taxable","15":"shipping-taxable","16":"purchasable","17":"product-type-simple"},"acf":[],"_links":{"self":[{"href":"https:\/\/fengchashop.com\/it\/wp-json\/wp\/v2\/product\/6437","targetHints":{"allow":["GET"]}}],"collection":[{"href":"https:\/\/fengchashop.com\/it\/wp-json\/wp\/v2\/product"}],"about":[{"href":"https:\/\/fengchashop.com\/it\/wp-json\/wp\/v2\/types\/product"}],"replies":[{"embeddable":true,"href":"https:\/\/fengchashop.com\/it\/wp-json\/wp\/v2\/comments?post=6437"}],"wp:featuredmedia":[{"embeddable":true,"href":"https:\/\/fengchashop.com\/it\/wp-json\/wp\/v2\/media\/6438"}],"wp:attachment":[{"href":"https:\/\/fengchashop.com\/it\/wp-json\/wp\/v2\/media?parent=6437"}],"wp:term":[{"taxonomy":"product_brand","embeddable":true,"href":"https:\/\/fengchashop.com\/it\/wp-json\/wp\/v2\/product_brand?post=6437"},{"taxonomy":"product_cat","embeddable":true,"href":"https:\/\/fengchashop.com\/it\/wp-json\/wp\/v2\/product_cat?post=6437"},{"taxonomy":"product_tag","embeddable":true,"href":"https:\/\/fengchashop.com\/it\/wp-json\/wp\/v2\/product_tag?post=6437"}],"curies":[{"name":"wp","href":"https:\/\/api.w.org\/{rel}","templated":true}]}}