{"id":6431,"date":"2022-05-23T15:20:59","date_gmt":"2022-05-23T13:20:59","guid":{"rendered":"https:\/\/fengchashop.com\/it\/product\/zenzero-bio-250-g\/"},"modified":"2026-05-09T14:47:50","modified_gmt":"2026-05-09T12:47:50","slug":"zenzero-bio","status":"publish","type":"product","link":"https:\/\/fengchashop.com\/it\/product\/zenzero-bio\/","title":{"rendered":"Zenzero BIO 250 g"},"content":{"rendered":"<h2 style=\"text-align: justify\"><span style=\"color: #000000\">Zenzero in polvere BIO<\/span><\/h2>\n<p style=\"text-align: justify\"><span style=\"color: #000000\">Lo zenzero \u00e8 una pianta originaria dell&#8217;Asia. La parte che utilizziamo per il consumo \u00e8 in realt\u00e0 il <strong>fusto sotterraneo ispessito<\/strong> o rizoma. \u00c8 stato utilizzato per scopi medicinali e nutrizionali per <strong>migliaia<\/strong> di anni e la sua efficacia continua a stupire ancora oggi. Lo zenzero \u00e8 ricco di antiossidanti, minerali e sostanze antinfiammatorie ed \u00e8 per questo che viene spesso utilizzato insieme al limone e al miele durante la stagione dell&#8217;influenza, del mal di gola e del raffreddore, poich\u00e9 ha un effetto benefico su tutti i sintomi di questi disturbi. \u00c8 ottimo anche per combattere la nausea, in quanto calma lo stomaco in subbuglio e lenisce il dolore, infatti riscalda lo stomaco e il corpo in modo piacevole. Lo zenzero essiccato in polvere ha un sapore pieno e aromatico, che ricorda leggermente il limone, e ha una caratteristica nota piccante. Rispetto allo zenzero fresco, lo zenzero essiccato \u00e8 <strong>pi\u00f9 aromatico e pungente<\/strong>, quindi bisogna fare attenzione al dosaggio. Si usa per:<\/span><\/p>\n<ul style=\"text-align: justify\">\n<li><span style=\"color: #000000\">migliorare il <strong>sapore di<\/strong> cibi e bevande;<\/span><\/li>\n<li><span style=\"color: #000000\">alleviare <strong>nausea<\/strong> e <strong>vomito<\/strong>, <strong>flatulenza<\/strong> e <strong>indigestione<\/strong>;<\/span><\/li>\n<li><span style=\"color: #000000\">rafforzare il <strong>sistema<\/strong> <strong>immunitario<\/strong> <\/span><\/li>\n<li><span style=\"color: #000000\">ridurre il colesterolo, la glicemia e la pressione sanguigna;<\/span><\/li>\n<li><span style=\"color: #000000\">fluidificare il sangue e prevenire l&#8217;ostruzione delle arterie, come l&#8217;aspirina,<\/span><\/li>\n<li><span style=\"color: #000000\">alleviare i dolori muscolari e articolari senza effetti collaterali &#8211; anche per alleviare i <strong>dolori mestruali<\/strong>;<\/span><\/li>\n<li><span style=\"color: #000000\">secondo alcune ricerche, si ritiene che sia anche un agente antitumorale;<\/span><\/li>\n<li><span style=\"color: #000000\">favorisce la <strong>perdita di peso<\/strong>, in quanto le ricerche suggeriscono che regola i livelli di leptina, responsabili del senso di saziet\u00e0. <\/span><\/li>\n<\/ul>\n<p><span style=\"color: #000000\">Questo zenzero macinato \u00e8<strong> prodotto biologicamente<\/strong>.<\/span><\/p>\n<h2 style=\"text-align: justify\"><span style=\"color: #000000\">Conservazione<\/span><\/h2>\n<p style=\"text-align: justify\"><span style=\"color: #000000\">Conservare in un luogo asciutto, buio e fresco. Assicurarsi che il sacchetto o la scatola siano ben chiusi.<\/span><\/p>\n<h2 style=\"text-align: justify\"><span style=\"color: #000000\">Imballaggio<\/span><\/h2>\n<p style=\"text-align: justify\"><span style=\"color: #000000\">Un sacchetto con chiusura a zip non permeabile in cui il prodotto conserva tutta la freschezza e l&#8217;aroma. La confezione protegge dalla luce e dall&#8217;aria, essendo composta da diversi strati di protezione per preservare le propriet\u00e0 del contenuto.<\/span><\/p>\n<p style=\"text-align: justify\"><span style=\"color: #000000\">La confezione \u00e8 molto pratica e riciclabile.<\/span><\/p>\n<h2><span style=\"color: #000000\">Origine<\/span><\/h2>\n<p><span style=\"color: #000000\">Per\u00f9<\/span><\/p>\n","protected":false},"excerpt":{"rendered":"<p>Da millenni viene utilizzato per scopi medicinali e nutrizionali e la sua efficacia continua a sorprendere ancora oggi. Lo zenzero \u00e8 ricco di antiossidanti, minerali e sostanze antinfiammatorie ed \u00e8 per questo che viene spesso utilizzato insieme al limone e al miele durante la stagione dell&#8217;influenza, del mal di gola e del raffreddore, poich\u00e9 ha un effetto benefico su tutti i sintomi di questi disturbi. \u00c8 ottimo anche per combattere la nausea, in quanto calma lo stomaco in subbuglio e lenisce il dolore, infatti riscalda lo stomaco e il corpo in modo piacevole.<\/p>\n<p>\ud83d\udc9a Antinfiammatorio.<br \/>\n\ud83d\udc9a Purifica il fegato.<br \/>\n\ud83d\udc9a Allevia i problemi mestruali.<br \/>\n\ud83d\udc9a \u00c8 un potente antiossidante.<\/p>\n","protected":false},"featured_media":6432,"comment_status":"open","ping_status":"closed","template":"","meta":{"_acf_changed":false},"product_brand":[],"product_cat":[194,205,15],"product_tag":[],"class_list":{"0":"post-6431","1":"product","2":"type-product","3":"status-publish","4":"has-post-thumbnail","6":"product_cat-ayurveda","7":"product_cat-te-alimenti-spezie","8":"product_cat-uncategorized","10":"first","11":"instock","12":"taxable","13":"shipping-taxable","14":"purchasable","15":"product-type-simple"},"acf":[],"_links":{"self":[{"href":"https:\/\/fengchashop.com\/it\/wp-json\/wp\/v2\/product\/6431","targetHints":{"allow":["GET"]}}],"collection":[{"href":"https:\/\/fengchashop.com\/it\/wp-json\/wp\/v2\/product"}],"about":[{"href":"https:\/\/fengchashop.com\/it\/wp-json\/wp\/v2\/types\/product"}],"replies":[{"embeddable":true,"href":"https:\/\/fengchashop.com\/it\/wp-json\/wp\/v2\/comments?post=6431"}],"wp:featuredmedia":[{"embeddable":true,"href":"https:\/\/fengchashop.com\/it\/wp-json\/wp\/v2\/media\/6432"}],"wp:attachment":[{"href":"https:\/\/fengchashop.com\/it\/wp-json\/wp\/v2\/media?parent=6431"}],"wp:term":[{"taxonomy":"product_brand","embeddable":true,"href":"https:\/\/fengchashop.com\/it\/wp-json\/wp\/v2\/product_brand?post=6431"},{"taxonomy":"product_cat","embeddable":true,"href":"https:\/\/fengchashop.com\/it\/wp-json\/wp\/v2\/product_cat?post=6431"},{"taxonomy":"product_tag","embeddable":true,"href":"https:\/\/fengchashop.com\/it\/wp-json\/wp\/v2\/product_tag?post=6431"}],"curies":[{"name":"wp","href":"https:\/\/api.w.org\/{rel}","templated":true}]}}