{"id":6348,"date":"2022-05-21T06:15:13","date_gmt":"2022-05-21T04:15:13","guid":{"rendered":"https:\/\/fengchashop.com\/it\/product\/rooibos-bio-200-g\/"},"modified":"2026-05-08T16:17:08","modified_gmt":"2026-05-08T14:17:08","slug":"rooibos-bio","status":"publish","type":"product","link":"https:\/\/fengchashop.com\/it\/product\/rooibos-bio\/","title":{"rendered":"Rooibos BIO 200 g"},"content":{"rendered":"<h2><span style=\"color: #000000\">Rooibos biologico<\/span><\/h2>\n<p><span style=\"color: #000000\">Il rooibos \u00e8 un arbusto erbaceo originario del Sudafrica, conosciuto localmente come cespuglio rosso. Le foglie e i rametti vengono raccolti ed essiccati al sole. Questo provoca la fermentazione, per cui le foglie verdi diventano rosse. Il t\u00e8 \u00e8 privo di caffeina e pu\u00f2 essere bevuto la sera.<\/span><\/p>\n<p><span style=\"color: #000000\">\u00c8 una bevanda estremamente popolare in tutto il mondo, con il suo gusto naturalmente dolce e i suoi numerosi effetti benefici. Il t\u00e8 rooibos \u00e8 ricco di antiossidanti, minerali e sali minerali. Il nostro t\u00e8 rooibos proviene da una produzione biologica.<\/span><\/p>\n<h2><span style=\"color: #000000\">Conservazione<\/span><\/h2>\n<p><span style=\"color: #000000\">Il Rooibos deve essere conservato in un luogo asciutto, buio e fresco.<\/span><\/p>\n<h2><span style=\"color: #000000\">Confezione<\/span><\/h2>\n<p><span style=\"color: #000000\">In un sacchetto a chiusura lampo non permeabile, dove il prodotto conserva tutta la sua freschezza e il suo aroma. La confezione lo protegge dalla luce e dall&#8217;aria. \u00c8 costituito da diversi strati di protezione per preservare le propriet\u00e0 del prodotto.<\/span><\/p>\n<p><span style=\"color: #000000\">La confezione \u00e8 molto pratica e riciclabile.<\/span><\/p>\n<h2>Origine<\/h2>\n<p>Sudafrica<\/p>\n","protected":false},"excerpt":{"rendered":"<p>Il rooibos \u00e8 una bevanda molto popolare in tutto il mondo, con il suo gusto naturalmente dolce e i suoi numerosi effetti benefici.<\/p>\n<p>\ud83d\udc9a \u00c8 ricco di antiossidanti, minerali e sali minerali.<br \/>\n\ud83d\udc9a \u00c8 prodotto biologicamente.<\/p>\n","protected":false},"featured_media":6349,"comment_status":"open","ping_status":"closed","template":"","meta":{"_acf_changed":false},"product_brand":[],"product_cat":[223,205,15],"product_tag":[],"class_list":{"0":"post-6348","1":"product","2":"type-product","3":"status-publish","4":"has-post-thumbnail","6":"product_cat-te","7":"product_cat-te-alimenti-spezie","8":"product_cat-uncategorized","10":"first","11":"instock","12":"sale","13":"taxable","14":"shipping-taxable","15":"purchasable","16":"product-type-simple"},"acf":[],"_links":{"self":[{"href":"https:\/\/fengchashop.com\/it\/wp-json\/wp\/v2\/product\/6348","targetHints":{"allow":["GET"]}}],"collection":[{"href":"https:\/\/fengchashop.com\/it\/wp-json\/wp\/v2\/product"}],"about":[{"href":"https:\/\/fengchashop.com\/it\/wp-json\/wp\/v2\/types\/product"}],"replies":[{"embeddable":true,"href":"https:\/\/fengchashop.com\/it\/wp-json\/wp\/v2\/comments?post=6348"}],"wp:featuredmedia":[{"embeddable":true,"href":"https:\/\/fengchashop.com\/it\/wp-json\/wp\/v2\/media\/6349"}],"wp:attachment":[{"href":"https:\/\/fengchashop.com\/it\/wp-json\/wp\/v2\/media?parent=6348"}],"wp:term":[{"taxonomy":"product_brand","embeddable":true,"href":"https:\/\/fengchashop.com\/it\/wp-json\/wp\/v2\/product_brand?post=6348"},{"taxonomy":"product_cat","embeddable":true,"href":"https:\/\/fengchashop.com\/it\/wp-json\/wp\/v2\/product_cat?post=6348"},{"taxonomy":"product_tag","embeddable":true,"href":"https:\/\/fengchashop.com\/it\/wp-json\/wp\/v2\/product_tag?post=6348"}],"curies":[{"name":"wp","href":"https:\/\/api.w.org\/{rel}","templated":true}]}}