{"id":6333,"date":"2022-05-21T05:51:38","date_gmt":"2022-05-21T03:51:38","guid":{"rendered":"https:\/\/fengchashop.com\/it\/product\/te-autofagia-bio-100-g\/"},"modified":"2026-05-07T10:28:17","modified_gmt":"2026-05-07T08:28:17","slug":"te-autofagia-bio","status":"publish","type":"product","link":"https:\/\/fengchashop.com\/it\/product\/te-autofagia-bio\/","title":{"rendered":"T\u00e8 autofagia BIO 100 g"},"content":{"rendered":"<h2><span style=\"color: #000000\">Bio del t\u00e8 sull&#8217;autofagia<\/span><\/h2>\n<p><span style=\"color: #000000\">Autofagia o autofagocitosi significa &#8220;divora te stesso&#8221; dal greco antico. Si tratta di un meccanismo naturale e regolato della cellula che elimina i componenti non necessari o non funzionali dalla cellula stessa. Nel 2016, il giapponese Yoshinori Ohsumij ha ricevuto il premio Nobel per la scoperta dell&#8217;autofagia e dei suoi meccanismi molecolari.<\/span><\/p>\n<p><span style=\"color: #000000\">L&#8217;autofagia aiuta la cellula a rinnovarsi, a eliminare le sostanze non necessarie e a tornare a splendere. Anche noi stessi possiamo contribuire ad attivare l&#8217;autofagia e aiutare cos\u00ec il nostro corpo a raggiungere una salute migliore, a rafforzare il sistema immunitario, a ridurre le infiammazioni, a darci pi\u00f9 energia, a farci dormire meglio, a far tornare a splendere la nostra pelle e a rallentare l&#8217;invecchiamento.<\/span><\/p>\n<p><span style=\"color: #000000\"><strong>L&#8217;autofagia pu\u00f2 essere attivata:<\/strong><\/span><\/p>\n<p><span style=\"color: #000000\"> \ud83d\udc9a con il digiuno intermittente<\/span><\/p>\n<p><span style=\"color: #000000\"> \ud83d\udc9a con l&#8217;allenamento a intervalli<\/span><\/p>\n<p><span style=\"color: #000000\"> \ud83d\udc9a non utilizzare dispositivi elettronici per almeno 30 minuti prima di andare a letto<\/span><\/p>\n<p><span style=\"color: #000000\"> \ud83d\udc9a iniziare la giornata con grassi sani<\/span><\/p>\n<p><span style=\"color: #000000\"> \ud83d\udc9a con il t\u00e8 dell&#8217;autofagia.<\/span><\/p>\n<p><span style=\"color: #000000\">Il t\u00e8 autofagico <strong>contiene ingredienti che attivano il processo di autofagia<\/strong>: olio essenziale di bergamotto, t\u00e8 nero, t\u00e8 verde e cannella.<\/span><\/p>\n<p><span style=\"color: #000000\">Per<strong> preparare il t\u00e8 autofagico<\/strong> \u00e8 necessario anche l&#8217;olio di cocco. Infine, una volta preparato il t\u00e8, basta aggiungere un cucchiaino di olio di cocco al t\u00e8 e godersi il t\u00e8. L&#8217;olio di cocco attiva anche il processo di autofagia.<\/span><\/p>\n<h2><span style=\"color: #000000\">Conservazione<\/span><\/h2>\n<p><span style=\"color: #000000\">Conservare in un luogo asciutto, buio e fresco.<\/span><\/p>\n<h2><span style=\"color: #000000\">Confezionamento<\/span><\/h2>\n<p><span style=\"color: #000000\">In un sacchetto a chiusura lampo non permeabile, dove il prodotto conserva tutta la sua freschezza e il suo aroma. La confezione protegge dalla luce e dall&#8217;aria. \u00c8 composta da diversi strati di protezione per preservare le propriet\u00e0 del prodotto.<\/span><\/p>\n<p><span style=\"color: #000000\">La confezione \u00e8 molto pratica e riciclabile.<\/span><\/p>\n<h2><span style=\"color: #000000\">Origine<\/span><\/h2>\n<p><span style=\"color: #000000\">Prodotto in Slovenia<\/span><\/p>\n","protected":false},"excerpt":{"rendered":"<p>Autofagia o autofagocitosi \u00e8 il termine greco antico che significa divorare se stessi. \u00c8 un meccanismo naturale e regolato della cellula che elimina dalla cellula i componenti non necessari o non funzionali. Nel 2016, il giapponese Yoshinori Ohsumij ha ricevuto il premio Nobel per la sua scoperta dell&#8217;autofagia e dei suoi meccanismi molecolari. L&#8217;autofagia aiuta la cellula a rinnovarsi, a eliminare le sostanze non necessarie e a tornare a splendere. Anche noi possiamo contribuire ad attivare l&#8217;autofagia e quindi aiutare il nostro corpo a raggiungere una salute migliore, a rafforzare il sistema immunitario, a ridurre le infiammazioni, a darci pi\u00f9 energia, a farci dormire meglio, a far risplendere la nostra pelle e a rallentare l&#8217;invecchiamento.<\/p>\n<p>\ud83d\udc9a Il t\u00e8 dell&#8217;autofagia contiene ingredienti che attivano il processo di autofagia.<\/p>\n<p>\ud83d\udc9a \u00c8 prodotto biologicamente.<\/p>\n","protected":false},"featured_media":6334,"comment_status":"open","ping_status":"closed","template":"","meta":{"_acf_changed":false},"product_brand":[],"product_cat":[217,223,205,224,15],"product_tag":[],"class_list":{"0":"post-6333","1":"product","2":"type-product","3":"status-publish","4":"has-post-thumbnail","6":"product_cat-offerta","7":"product_cat-te","8":"product_cat-te-alimenti-spezie","9":"product_cat-tutti-gli-articoli","10":"product_cat-uncategorized","12":"first","13":"instock","14":"sale","15":"taxable","16":"shipping-taxable","17":"purchasable","18":"product-type-simple"},"acf":[],"_links":{"self":[{"href":"https:\/\/fengchashop.com\/it\/wp-json\/wp\/v2\/product\/6333","targetHints":{"allow":["GET"]}}],"collection":[{"href":"https:\/\/fengchashop.com\/it\/wp-json\/wp\/v2\/product"}],"about":[{"href":"https:\/\/fengchashop.com\/it\/wp-json\/wp\/v2\/types\/product"}],"replies":[{"embeddable":true,"href":"https:\/\/fengchashop.com\/it\/wp-json\/wp\/v2\/comments?post=6333"}],"wp:featuredmedia":[{"embeddable":true,"href":"https:\/\/fengchashop.com\/it\/wp-json\/wp\/v2\/media\/6334"}],"wp:attachment":[{"href":"https:\/\/fengchashop.com\/it\/wp-json\/wp\/v2\/media?parent=6333"}],"wp:term":[{"taxonomy":"product_brand","embeddable":true,"href":"https:\/\/fengchashop.com\/it\/wp-json\/wp\/v2\/product_brand?post=6333"},{"taxonomy":"product_cat","embeddable":true,"href":"https:\/\/fengchashop.com\/it\/wp-json\/wp\/v2\/product_cat?post=6333"},{"taxonomy":"product_tag","embeddable":true,"href":"https:\/\/fengchashop.com\/it\/wp-json\/wp\/v2\/product_tag?post=6333"}],"curies":[{"name":"wp","href":"https:\/\/api.w.org\/{rel}","templated":true}]}}