{"id":6331,"date":"2025-05-30T13:12:40","date_gmt":"2025-05-30T11:12:40","guid":{"rendered":"https:\/\/fengchashop.com\/it\/product\/argento-colloidale-100-ml\/"},"modified":"2025-11-10T07:24:36","modified_gmt":"2025-11-10T06:24:36","slug":"argento-colloidale","status":"publish","type":"product","link":"https:\/\/fengchashop.com\/it\/product\/argento-colloidale\/","title":{"rendered":"Argento colloidale 100 ml"},"content":{"rendered":"<h2><span style=\"color: #000000;\">Argento colloidale &#8211;<span style=\"font-family: Arial,serif;\">argento colloidale di qualit\u00e0 superiore 30 ppm<\/span><\/span><\/h2>\n<p><span style=\"color: #000000;\">L&#8217;argento colloidale \u00e8 un <strong>liquido<\/strong> contenente <strong>piccole particelle di argento puro<\/strong> e un milione di parti per milione di <strong>acqua deionizzata<\/strong> ripetutamente <strong>distillata<\/strong>. L&#8217;argento colloidale \u00e8 un <strong>sostituto naturale estremamente efficace degli antibiotici sintetici<\/strong>. A differenza degli antibiotici di sintesi, l&#8217;argento colloidale <strong>uccide virus, funghi e altri agenti patogeni<\/strong>, oltre ai batteri (parassiti).<\/span><\/p>\n<p><span style=\"color: #000000;\">In Europa, l&#8217;argento colloidale \u00e8 utilizzato da molti anni a scopo medicinale ed era usato anche dai Romani e dai Greci per trattare varie malattie. In Slovenia sempre pi\u00f9 persone <strong>utilizzano questo metodo efficace per il trattamento di<\/strong> molte malattie.<\/span><\/p>\n<p><span style=\"color: #000000;\">Ha un <strong>effetto antibatterico ed \u00e8 efficace contro micoplasmi, virus, funghi e alcuni parassiti, ma<\/strong> allo stesso tempo l&#8217;argento \u00e8 stato usato in passato come trattamento generale <strong>per varie infezioni e malattie<\/strong> grazie alle sue propriet\u00e0 antibatteriche. Infatti, l&#8217;argento \u00e8 stato utilizzato per la prima volta come medicinale durante la dinastia Han in Cina (1500 a.C.). La sua azione efficace \u00e8 stata documentata per un&#8217;ampia variet\u00e0 di disturbi. \u00c8 importante notare che pu\u00f2 anche <strong>sostituire o rafforzare il sistema immunitario naturale dell&#8217;organismo<\/strong>, utile sia per la prevenzione che per favorire la guarigione.<\/span><\/p>\n<p><span style=\"color: #000000;\">L&#8217;argento colloidale ha iniziato a <strong>riemergere<\/strong> come medicina alternativa negli <strong>anni &#8217;90<\/strong>, con i sostenitori che sostenevano che poteva essere usato per trattare malattie batteriche, virali e fungine al posto degli antibiotici o di altri trattamenti medici convenzionali.<\/span><\/p>\n<p><span style=\"color: #000000;\">Oggi le persone che utilizzano l&#8217;argento colloidale lo assumono per via orale come integratore alimentare o lo applicano direttamente sulla pelle.<\/span><\/p>\n<h2><span style=\"color: #000000;\">Come funziona l&#8217;argento colloidale?<\/span><\/h2>\n<p><span style=\"color: #000000;\">Si ritiene che l&#8217;argento colloidale abbia un&#8217;<strong>ampia azione antibatterica e antisettica<\/strong> quando viene applicato su una ferita o assunto per via interna. Quando le particelle d&#8217;argento entrano in contatto con l&#8217;umidit\u00e0, come i fluidi corporei, rilasciano ioni d&#8217;argento. Si ritiene che questi siano i componenti fisiologicamente attivi dell&#8217;argento colloidale e responsabili dei suoi effetti antibatterici.<\/span><\/p>\n<p><span style=\"color: #000000;\">Tuttavia, le proteine che contengono i virus sono influenzate dall&#8217;argento e <strong>cercano di impedire al virus di replicarsi<\/strong>.<\/span><\/p>\n<p><span style=\"color: #000000;\">Quando le particelle d&#8217;argento entrano in contatto con l&#8217;umidit\u00e0, come i fluidi corporei, rilasciano ioni d&#8217;argento. Si ritiene che questi siano i componenti fisiologicamente attivi dell&#8217;argento colloidale e responsabili dei suoi effetti antibatterici.<\/span><\/p>\n<h2><span style=\"color: #000000;\">Perch\u00e9 l&#8217;argento colloidale \u00e8 utile?<\/span><\/h2>\n<p><span style=\"color: #000000;\"> \ud83d\udc9a Favorisce la rapida <strong>guarigione di cicatrici e ustioni<\/strong>,<\/span><br \/>\n<span style=\"color: #000000;\"> \ud83d\udc9a per <strong>eruzioni cutanee, punture di insetti, tagli, scottature<\/strong> e altre <strong>irritazioni della pelle<\/strong>,<\/span><br \/>\n<span style=\"color: #000000;\"> \ud83d\udc9a per<strong> uccidere la maggior parte dei funghi<\/strong> nelle scarpe e tra le dita dei piedi,<\/span><br \/>\n<span style=\"color: #000000;\">\ud83d\udc9a ridurre <strong>psoriasi, forfora, irritazioni<\/strong> e <strong>prurito della pelle<\/strong>, ecc,<\/span><br \/>\n<span style=\"color: #000000;\"> \ud83d\udc9a inibisce la <strong>formazione di acne e punti neri<\/strong>,<\/span><br \/>\n<span style=\"color: #000000;\">\ud83d\udc9a aiuta in caso di <strong>orecchie doloranti e occhi infiammati o infetti<\/strong>,<\/span><br \/>\n<span style=\"color: #000000;\">\ud83d\udc9a riduce i tempi di recupero <strong>da infezioni respiratorie e rinovirus, raffreddore, influenza e polmonite<\/strong>,<\/span><br \/>\n<span style=\"color: #000000;\"> \ud83d\udc9a aiuta a <strong>liberarsi pi\u00f9 velocemente delle verruche<\/strong>,<\/span><br \/>\n<span style=\"color: #000000;\"> \ud83d\udc9a <strong>riduce le infezioni, le infiammazioni e il mal di denti<\/strong>.<\/span><\/p>\n<p><span style=\"color: #000000;\"><em><strong>Si usa anche per:<\/strong><\/em><\/span><\/p>\n<p><span style=\"color: #000000;\"> \ud83d\udc9a sterilizzare gli oggetti (cucina, casa, medicina, ecc.),<\/span><br \/>\n<span style=\"color: #000000;\"> \ud83d\udc9a aggiungere a collutori, sciacqui intestinali, spray nasali e doccette,<\/span><br \/>\n<span style=\"color: #000000;\"> \ud83d\udc9a disinfettare l&#8217;acqua (mescolare in 1 litro d&#8217;acqua e attendere 6 minuti),<\/span><br \/>\n<span style=\"color: #000000;\"> \ud83d\udc9a pulizia di contenitori e protesi dentarie,<\/span><br \/>\n<span style=\"color: #000000;\">\ud83d\udc9a eliminare i microrganismi indesiderati dai sistemi idrici e dal terreno,<\/span><br \/>\n<span style=\"color: #000000;\">\ud83d\udc9a stimolare la crescita delle piante&#8230;<\/span><\/p>\n<h2><span style=\"color: #000000;\">Quantit\u00e0<\/span><\/h2>\n<p><span style=\"color: #000000;\">100 ml<\/span><\/p>\n<h2 style=\"text-align: justify;\"><span style=\"color: #000000;\">Confezione<\/span><\/h2>\n<p><span style=\"color: #000000;\"> In contenitore di vetro con contagocce per un facile dosaggio.<br \/>\n<\/span><\/p>\n<h2 style=\"text-align: justify;\"><span style=\"color: #000000;\">Avvertenze<\/span><\/h2>\n<p style=\"text-align: justify;\"><span style=\"color: #000000;\">Tenere fuori dalla portata dei bambini, in un luogo buio e lontano da dispositivi elettronici.<br \/>\n<\/span><\/p>\n<h2 style=\"text-align: justify;\"><span style=\"color: #000000;\">Origine<\/span><\/h2>\n<p style=\"text-align: justify;\"><span style=\"color: #000000;\">UE<\/span><\/p>\n","protected":false},"excerpt":{"rendered":"<p>Argento colloidale di qualit\u00e0 superiore 30 ppm. L&#8217;argento colloidale \u00e8 un liquido contenente piccole particelle di argento puro e un milione di parti per milione di acqua deionizzata ripetutamente distillata. L&#8217;argento colloidale \u00e8 un sostituto naturale estremamente efficace degli antibiotici sintetici. A differenza degli antibiotici di sintesi, l&#8217;argento colloidale uccide virus, funghi e altri agenti patogeni, oltre ai batteri (parassiti). In Europa, l&#8217;argento colloidale viene utilizzato da molti anni a scopo medicinale ed era usato anche dai Romani e dai Greci per trattare varie malattie.<\/p>\n<p>\ud83d\udc9a Aiuta a curare le orecchie doloranti e gli occhi infiammati o infetti.<br \/>\n\ud83d\udc9a Aiuta a sbarazzarsi pi\u00f9 velocemente delle verruche.<br \/>\n\ud83d\udc9a Per stimolare la crescita delle piante.<br \/>\n\ud83d\udc9a Per disinfettare l&#8217;acqua.<\/p>\n","protected":false},"featured_media":6330,"comment_status":"open","ping_status":"closed","template":"","meta":{"_acf_changed":false},"product_brand":[],"product_cat":[15],"product_tag":[],"class_list":{"0":"post-6331","1":"product","2":"type-product","3":"status-publish","4":"has-post-thumbnail","6":"product_cat-uncategorized","8":"first","9":"outofstock","10":"taxable","11":"shipping-taxable","12":"purchasable","13":"product-type-simple"},"acf":[],"_links":{"self":[{"href":"https:\/\/fengchashop.com\/it\/wp-json\/wp\/v2\/product\/6331","targetHints":{"allow":["GET"]}}],"collection":[{"href":"https:\/\/fengchashop.com\/it\/wp-json\/wp\/v2\/product"}],"about":[{"href":"https:\/\/fengchashop.com\/it\/wp-json\/wp\/v2\/types\/product"}],"replies":[{"embeddable":true,"href":"https:\/\/fengchashop.com\/it\/wp-json\/wp\/v2\/comments?post=6331"}],"wp:featuredmedia":[{"embeddable":true,"href":"https:\/\/fengchashop.com\/it\/wp-json\/wp\/v2\/media\/6330"}],"wp:attachment":[{"href":"https:\/\/fengchashop.com\/it\/wp-json\/wp\/v2\/media?parent=6331"}],"wp:term":[{"taxonomy":"product_brand","embeddable":true,"href":"https:\/\/fengchashop.com\/it\/wp-json\/wp\/v2\/product_brand?post=6331"},{"taxonomy":"product_cat","embeddable":true,"href":"https:\/\/fengchashop.com\/it\/wp-json\/wp\/v2\/product_cat?post=6331"},{"taxonomy":"product_tag","embeddable":true,"href":"https:\/\/fengchashop.com\/it\/wp-json\/wp\/v2\/product_tag?post=6331"}],"curies":[{"name":"wp","href":"https:\/\/api.w.org\/{rel}","templated":true}]}}