{"id":6324,"date":"2022-05-20T18:28:31","date_gmt":"2022-05-20T16:28:31","guid":{"rendered":"https:\/\/fengchashop.com\/it\/product\/soluzione-di-lugol-50-ml\/"},"modified":"2026-05-09T09:09:22","modified_gmt":"2026-05-09T07:09:22","slug":"soluzione-di-lugol","status":"publish","type":"product","link":"https:\/\/fengchashop.com\/it\/product\/soluzione-di-lugol\/","title":{"rendered":"Soluzione di Lugol 50 ml"},"content":{"rendered":"<h2><span style=\"color: #000000\">Soluzione di Lugol (gocce di iodio di qualit\u00e0 superiore &#8211; 5%)<\/span><\/h2>\n<p><span style=\"color: #000000\">Lo<strong>iodio<\/strong> (I) e lo <strong>ioduro di potassio<\/strong> (KI) sono combinati con <strong>acqua distillata per formare la soluzione di Lugol<\/strong>, spesso nota come <strong>iodio di Lugol<\/strong>. Jean Francois Coindet (1774-1834) utilizz\u00f2 per la prima volta lo iodio a <strong>scopo terapeutico<\/strong>.<\/span><\/p>\n<p><span style=\"color: #000000\">La soluzione di Lugol fu sviluppata per la prima volta nel <strong>1829<\/strong> dal medico francese <strong>Jean Guillaume Auguste Lugol<\/strong>, che scopr\u00ec che lo ioduro di potassio aumenta la solubilit\u00e0 dello iodio in acqua. La soluzione di Lugol \u00e8 una miscela 1:2 di iodio e ioduro di potassio. Il dottor Lugol scopr\u00ec anche che lo iodio era una sostanza chimica che poteva essere utilizzata e prometteva bene nel trattamento delle infezioni. La soluzione di Lugol \u00e8 stata combinata con altre sostanze e utilizzata come materia prima per vari prodotti per molti anni.<\/span><\/p>\n<h2><span style=\"color: #000000\">Qual \u00e8 l&#8217;importanza dello iodio per la salute?<\/span><\/h2>\n<p><span style=\"color: #000000\">Lo iodio \u00e8 un<strong> minerale<\/strong> di cui<strong> tutti i mammiferi hanno bisogno per<\/strong> sopravvivere. \u00c8 anche una parte importante degli <strong>ormoni tiroidei<\/strong>, che<strong>influenzano il metabolismo, la crescita e lo sviluppo<\/strong>. Lo iodio \u00e8 anche fondamentale <strong>per lo sviluppo del cervello<\/strong>, soprattutto <strong>durante la gravidanza e la prima infanzia<\/strong>. Controlla una serie di importanti processi biochimici, tra cui la sintesi proteica e l&#8217;attivit\u00e0 enzimatica, <strong>essenziali per il metabolismo e la corretta crescita delle ossa e del sistema nervoso del feto e del bambino<\/strong>.<\/span><\/p>\n<p><span style=\"color: #000000\">Lo iodio \u00e8 inoltre essenziale per il <strong>mantenimento di pelle, capelli e unghie sani<\/strong>, oltre che per il <strong>corretto funzionamento della ghiandola tiroidea e il rilascio di energia durante il metabolismo<\/strong>, e ha <strong>funzioni cognitive<\/strong>. Lo iodio ha <strong>effetti antivirali, antibatterici, antiparassitari e antitumorali<\/strong>.<\/span><\/p>\n<p><span style=\"color: #000000\">La soluzione di Lugol \u00e8 anche essenziale per la <strong>salute e l&#8217;idratazione degli occhi<\/strong>.<\/span><\/p>\n<p><span style=\"color: #000000\">Lo iodio \u00e8 anche indubbiamente il pi\u00f9 noto come <strong>disinfettante o antisettico<\/strong>.<\/span><\/p>\n<h2><span style=\"color: #000000\">A chi consigliamo la soluzione di Lugol e perch\u00e9 la usiamo?<\/span><\/h2>\n<p><span style=\"color: #000000\">Ogni tessuto e organo umano contiene tracce dell&#8217;elemento iodio. Lo iodio pi\u00f9 abbondante si trova nella tiroide, nelle grandi ghiandole salivari, nel pancreas, nelle ghiandole lacrimali, nei tessuti riproduttivi come le mammelle, le ovaie e la ghiandola prostatica, nonch\u00e9 nella mucosa gastrica, nel liquido cerebrospinale e nella pelle umana.<\/span><\/p>\n<p><span style=\"color: #000000\">\u00c8 essenziale <strong>per la produzione di ormoni tiroidei e per la regolazione del metabolismo<\/strong>, che influisce sui livelli di energia e sulla lucidit\u00e0 mentale. <strong>Gli effetti della carenza di iodio sono i seguenti<\/strong><\/span><\/p>\n<p><span style=\"color: #000000\">&#8211; Bassi livelli di energia,<\/span><br \/>\n<span style=\"color: #000000\">&#8211; aumento di peso,<\/span><br \/>\n<span style=\"color: #000000\">&#8211; calvizie e<\/span><br \/>\n<span style=\"color: #000000\">&#8211; aumento del rischio di cancro.<\/span><\/p>\n<p><span style=\"color: #000000\">Lo iodio aiuta inoltre l&#8217;organismo a <strong>eliminare il piombo e il mercurio<\/strong> e <strong>protegge da tossine comuni<\/strong> come il bromo, il fluoro e il cloro.<\/span><\/p>\n<p><span style=\"color: #000000\"><em><strong>I sintomi di una carenza di iodio comprendono:<\/strong><\/em><\/span><\/p>\n<p><span style=\"color: #000000\">&#8211; crampi muscolari<\/span><br \/>\n<span style=\"color: #000000\">&#8211; aumento del rischio di obesit\u00e0<\/span><br \/>\n<span style=\"color: #000000\">&#8211; depressione,<\/span><br \/>\n<span style=\"color: #000000\">&#8211; perdita di memoria,<\/span><br \/>\n<span style=\"color: #000000\">&#8211; costipazione,<\/span><br \/>\n<span style=\"color: #000000\">&#8211; nausea,<\/span><br \/>\n<span style=\"color: #000000\">&#8211; unghie fragili e pelle screpolata,<\/span><br \/>\n<span style=\"color: #000000\">&#8211; piedi e mani freddi.<\/span><\/p>\n<p><span style=\"color: #000000\"><em><strong>Il consumo di iodio pu\u00f2 prevenire e trattare:<\/strong><\/em><\/span><\/p>\n<p><span style=\"color: #000000\"> \ud83d\udc9a problemi alla prostata,<\/span><br \/>\n<span style=\"color: #000000\"> \ud83d\udc9a fibrosi e altre malattie del seno,<\/span><br \/>\n<span style=\"color: #000000\">\ud83d\udc9a infezioni vaginali,<\/span><br \/>\n<span style=\"color: #000000\">\ud83d\udc9a problemi alla tiroide,<\/span><br \/>\n<span style=\"color: #000000\"> \ud83d\udc9a problemi al fegato,<\/span><br \/>\n<span style=\"color: #000000\">\ud83d\udc9a tumori benigni,<\/span><br \/>\n<span style=\"color: #000000\">\ud83d\udc9a crescita e sviluppo mentale dei bambini,<\/span><br \/>\n<span style=\"color: #000000\">\ud83d\udc9a mal di testa (compresa l&#8217;emicrania),<\/span><br \/>\n<span style=\"color: #000000\"> \ud83d\udc9a calvizie,<\/span><br \/>\n<span style=\"color: #000000\"> \ud83d\udc9a emorroidi,<\/span><br \/>\n<span style=\"color: #000000\"> \ud83d\udc9a iperattivit\u00e0 e disturbo da deficit di attenzione,<\/span><br \/>\n<span style=\"color: #000000\"> \ud83d\udc9a aterosclerosi,<\/span><br \/>\n<span style=\"color: #000000\"> \ud83d\udc9a depressione,<\/span><br \/>\n<span style=\"color: #000000\">\ud83d\udc9a stanchezza,&#8230;<\/span><\/p>\n<h2><span style=\"color: #000000\">Fatti interessanti<\/span><\/h2>\n<p><span style=\"color: #000000\">In passato in Slovenia \u00e8 stata riscontrata una grave carenza di iodio in bambini e adulti, poich\u00e9 la maggior parte dei pasti contiene naturalmente solo una modesta quantit\u00e0 di iodio.<\/span><\/p>\n<p><span style=\"color: #000000\">Dopo l&#8217;incidente nucleare di Chernobyl, la soluzione di Lugol \u00e8 stata utilizzata anche per proteggere le persone dalle radiazioni radioattive.<\/span><\/p>\n<p><span style=\"color: #000000\">Trovare lo iodio pu\u00f2 essere difficile, ma molti alimenti lo contengono in quantit\u00e0 naturali. Tra questi vi sono il pesce, la carne di maiale, il formaggio, le alghe o il kelp.<\/span><\/p>\n<p><span style=\"color: #000000\">La carenza di iodio \u00e8 oggi un problema comune. Lo iodio veniva spesso aggiunto a pane e dolci, ma oggi si trova solo in alcune insalate. Lo iodio evapora dal sale, cosa meno nota, e non \u00e8 chiaro quanto iodio evaporato entri nell&#8217;organismo. Il contenuto di iodio nella dieta \u00e8 limitato dall&#8217;impoverimento del suolo dovuto a un uso eccessivo e inappropriato della terra.<\/span><\/p>\n<h2><span style=\"color: #000000\">Quantit\u00e0<\/span><\/h2>\n<p><span style=\"color: #000000\">50 ml<\/span><\/p>\n<h2 style=\"text-align: justify\"><span style=\"color: #000000\">Confezione<\/span><\/h2>\n<p><span style=\"color: #000000\"> In contenitore di vetro con contagocce per un facile dosaggio.<br \/>\n<\/span><\/p>\n<h2 style=\"text-align: justify\"><span style=\"color: #000000\">Avvertenze<\/span><\/h2>\n<p style=\"text-align: justify\"><span style=\"color: #000000\">Conservare fuori dalla portata dei bambini in un luogo buio. <\/span><\/p>\n<h2 style=\"text-align: justify\"><span style=\"color: #000000\">Origine<\/span><\/h2>\n<p style=\"text-align: justify\"><span style=\"color: #000000\">UE<\/span><\/p>\n","protected":false},"excerpt":{"rendered":"<p>Soluzione di Lugol &#8211; 5%. La soluzione di Lugol fu sviluppata per la prima volta nel 1829 dal medico francese Jean Guillaume Auguste Lugol, che scopr\u00ec che lo ioduro di potassio aumenta la solubilit\u00e0 dello iodio in acqua. La soluzione di Lugol \u00e8 una miscela 1:2 di iodio e ioduro di potassio. Lo iodio \u00e8 un minerale di cui tutti i mammiferi hanno bisogno per sopravvivere. \u00c8 anche un componente importante degli ormoni tiroidei, che influenzano il metabolismo, la crescita e lo sviluppo.<\/p>\n<p><span style=\"color: #000000\">\ud83d\udc9a <\/span>Previene e cura il mal di testa (compresa l&#8217;emicrania).<br \/>\n<span style=\"color: #000000\">\ud83d\udc9a <\/span>Protegge dalle comuni tossine.<br \/>\n<span style=\"color: #000000\">\ud83d\udc9a <\/span>\u00c8 essenziale per la produzione di ormoni tiroidei e per la regolazione del metabolismo.<br \/>\n<span style=\"color: #000000\">\ud83d\udc9a <\/span>Previene l&#8217;aumento del rischio di cancro.<\/p>\n","protected":false},"featured_media":6325,"comment_status":"open","ping_status":"closed","template":"","meta":{"_acf_changed":false},"product_brand":[],"product_cat":[220,217,224,15],"product_tag":[],"class_list":{"0":"post-6324","1":"product","2":"type-product","3":"status-publish","4":"has-post-thumbnail","6":"product_cat-di-nuovo-disponibile","7":"product_cat-offerta","8":"product_cat-tutti-gli-articoli","9":"product_cat-uncategorized","11":"first","12":"instock","13":"sale","14":"taxable","15":"shipping-taxable","16":"purchasable","17":"product-type-simple"},"acf":[],"_links":{"self":[{"href":"https:\/\/fengchashop.com\/it\/wp-json\/wp\/v2\/product\/6324","targetHints":{"allow":["GET"]}}],"collection":[{"href":"https:\/\/fengchashop.com\/it\/wp-json\/wp\/v2\/product"}],"about":[{"href":"https:\/\/fengchashop.com\/it\/wp-json\/wp\/v2\/types\/product"}],"replies":[{"embeddable":true,"href":"https:\/\/fengchashop.com\/it\/wp-json\/wp\/v2\/comments?post=6324"}],"wp:featuredmedia":[{"embeddable":true,"href":"https:\/\/fengchashop.com\/it\/wp-json\/wp\/v2\/media\/6325"}],"wp:attachment":[{"href":"https:\/\/fengchashop.com\/it\/wp-json\/wp\/v2\/media?parent=6324"}],"wp:term":[{"taxonomy":"product_brand","embeddable":true,"href":"https:\/\/fengchashop.com\/it\/wp-json\/wp\/v2\/product_brand?post=6324"},{"taxonomy":"product_cat","embeddable":true,"href":"https:\/\/fengchashop.com\/it\/wp-json\/wp\/v2\/product_cat?post=6324"},{"taxonomy":"product_tag","embeddable":true,"href":"https:\/\/fengchashop.com\/it\/wp-json\/wp\/v2\/product_tag?post=6324"}],"curies":[{"name":"wp","href":"https:\/\/api.w.org\/{rel}","templated":true}]}}