{"id":6285,"date":"2022-05-20T15:37:07","date_gmt":"2022-05-20T13:37:07","guid":{"rendered":"https:\/\/fengchashop.com\/it\/product\/cacao-in-polvere-bio-250-g\/"},"modified":"2026-04-17T20:45:37","modified_gmt":"2026-04-17T18:45:37","slug":"cacao-in-polvere-bio","status":"publish","type":"product","link":"https:\/\/fengchashop.com\/it\/product\/cacao-in-polvere-bio\/","title":{"rendered":"Cacao in polvere BIO 250 g"},"content":{"rendered":"<h2 style=\"text-align: justify\"><span style=\"color: #000000\">Cacao in polvere BIO<\/span><\/h2>\n<p style=\"text-align: justify\"><span style=\"color: #000000\">Le fave di cacao, o semi, da cui si estrae il cacao, crescono in baccelli su un albero chiamato <b>albero del cacao<\/b>. <b><i>Theobroma cacao<\/i><\/b>. Il cacao \u00e8 un alimento popolare da millenni. \u00c8 originario dell&#8217;America meridionale e centrale. \u00c8 la materia prima di base per la preparazione di tutti i tipi di cioccolato.<\/span><\/p>\n<p style=\"text-align: justify\"><span style=\"color: #000000\">Il cacao contiene di gran lunga <b>pi\u00f9 antiossidanti<\/b> di qualsiasi altro alimento. Ne contiene tre volte di pi\u00f9 del t\u00e8 verde. Inoltre, contiene anche molti <b>minerali<\/b> come potassio, zinco, magnesio, ferro e calcio. \u00c8 anche una fonte di <b>proteine<\/b> e <b>fibre<\/b>. Tutti questi elementi sono importanti per il mantenimento della nostra salute. Contiene anche sostanze nutritive che hanno un effetto positivo sul nostro sistema circolatorio, fluidificando il sangue e prevenendo i coaguli. Migliora l&#8217;umore aumentando i livelli di serotonina nel cervello. In effetti, contiene ben <b>300 composti diversi<\/b> che possono avere l&#8217;effetto di migliorare il nostro umore.<\/span><\/p>\n<p style=\"text-align: justify\"><span style=\"color: #000000\">Le fave di questo cacao vengono raccolte a mano. I semi selezionati vengono prima fermentati per ridurre leggermente la caratteristica amarezza. In questo modo le fave di cacao mantengono il loro valore nutrizionale senza l&#8217;aggiunta di additivi inutili. \u00c8 sufficiente consumare anche solo 25-30 grammi di cacao al giorno per trarne tutti i benefici.<\/span><\/p>\n<h2><span style=\"color: #000000\">Perch\u00e9 acquistare questa miscela di cacao in polvere?<\/span><\/h2>\n<p style=\"text-align: justify\"><span style=\"color: #000000\">Semplicemente perch\u00e9:<\/span><\/p>\n<p style=\"text-align: justify\"><span style=\"color: #000000\">1. Proviene da una <b>produzione biologica<\/b> controllata e quindi \u00e8 la migliore che possiamo offrire.<\/span><\/p>\n<p style=\"text-align: justify\"><span style=\"color: #000000\">2. <b>\u00c8 un prodotto pluripremiato<\/b> grazie alla sua speciale miscela di semi di cacao macinati di tre origini diverse, provenienti da tre Paesi africani.<\/span><\/p>\n<p style=\"text-align: justify\"><span style=\"color: #000000\">3. \u00c8 <b>privo di additivi<\/b> e di altri ingredienti non necessari, come zucchero o altri dolcificanti.<\/span><\/p>\n<p style=\"text-align: justify\"><span style=\"color: #000000\">Una combinazione vincente che soddisfa anche i palati pi\u00f9 esigenti. Una versione non troppo dolce e non troppo amara del cacao, indispensabile nei dolci da forno, ma anche in cucina. Il sapore fruttato \u00e8 completato dal <b>gusto delle fave di cacao tostate<\/b>. Perfetto per preparare una bevanda al cacao con latte normale o bevande vegetali. <\/span><\/p>\n<h2><span style=\"color: #000000\">Conservazione<\/span><\/h2>\n<p style=\"text-align: justify\"><span style=\"color: #000000\">Conservare in un luogo asciutto, buio e fresco. Assicurarsi che il sacchetto sia ben chiuso.<\/span><\/p>\n<h2><span style=\"color: #000000\">Imballaggio<\/span><\/h2>\n<p style=\"text-align: justify\"><span style=\"color: #000000\">Sacchetto non permeabile con chiusura a zip, in cui il prodotto conserva tutta la sua freschezza e il suo aroma. La confezione protegge dalla luce e dall&#8217;aria, essendo composta da diversi strati di protezione per preservare le propriet\u00e0 del contenuto.<\/span><\/p>\n<p style=\"text-align: justify\"><span style=\"color: #000000\">La confezione \u00e8 molto pratica e riciclabile.<\/span><\/p>\n<h2><span style=\"color: #000000\">Origine<\/span><\/h2>\n<p style=\"text-align: justify\"><span style=\"color: #000000\">Sierra Leone, Ghana e Costa d&#8217;Avorio<\/span><\/p>\n","protected":false},"excerpt":{"rendered":"<p>Il cacao contiene di gran lunga pi\u00f9 antiossidanti di qualsiasi altro alimento. Ne contiene tre volte di pi\u00f9 del t\u00e8 verde. Inoltre, contiene anche molti minerali come potassio, zinco, magnesio, ferro e calcio. \u00c8 anche una fonte di proteine e fibre. Tutti questi elementi sono importanti per il mantenimento della nostra salute. Contiene anche sostanze nutritive che hanno un effetto positivo sul nostro sistema circolatorio, fluidificando il sangue e prevenendo i coaguli. Migliora l&#8217;umore aumentando i livelli di serotonina nel cervello. In effetti, contiene ben 300 composti diversi che possono avere l&#8217;effetto di migliorare il nostro umore.<\/p>\n<p>\ud83d\udc9a Proviene da produzione biologica controllata.<br \/>\n\ud83d\udc9a Prodotto pluripremiato grazie alla sua speciale miscela di fave di cacao macinate di diversa origine, provenienti da tre paesi africani.<br \/>\n\ud83d\udc9a \u00c8 privo di additivi e di altri ingredienti non necessari come zucchero o altri dolcificanti.<\/p>\n","protected":false},"featured_media":6286,"comment_status":"open","ping_status":"closed","template":"","meta":{"_acf_changed":false},"product_brand":[],"product_cat":[247,217,205,224],"product_tag":[],"class_list":{"0":"post-6285","1":"product","2":"type-product","3":"status-publish","4":"has-post-thumbnail","6":"product_cat-buone-offerte","7":"product_cat-offerta","8":"product_cat-te-alimenti-spezie","9":"product_cat-tutti-gli-articoli","11":"first","12":"instock","13":"sale","14":"taxable","15":"shipping-taxable","16":"purchasable","17":"product-type-simple"},"acf":[],"_links":{"self":[{"href":"https:\/\/fengchashop.com\/it\/wp-json\/wp\/v2\/product\/6285","targetHints":{"allow":["GET"]}}],"collection":[{"href":"https:\/\/fengchashop.com\/it\/wp-json\/wp\/v2\/product"}],"about":[{"href":"https:\/\/fengchashop.com\/it\/wp-json\/wp\/v2\/types\/product"}],"replies":[{"embeddable":true,"href":"https:\/\/fengchashop.com\/it\/wp-json\/wp\/v2\/comments?post=6285"}],"wp:featuredmedia":[{"embeddable":true,"href":"https:\/\/fengchashop.com\/it\/wp-json\/wp\/v2\/media\/6286"}],"wp:attachment":[{"href":"https:\/\/fengchashop.com\/it\/wp-json\/wp\/v2\/media?parent=6285"}],"wp:term":[{"taxonomy":"product_brand","embeddable":true,"href":"https:\/\/fengchashop.com\/it\/wp-json\/wp\/v2\/product_brand?post=6285"},{"taxonomy":"product_cat","embeddable":true,"href":"https:\/\/fengchashop.com\/it\/wp-json\/wp\/v2\/product_cat?post=6285"},{"taxonomy":"product_tag","embeddable":true,"href":"https:\/\/fengchashop.com\/it\/wp-json\/wp\/v2\/product_tag?post=6285"}],"curies":[{"name":"wp","href":"https:\/\/api.w.org\/{rel}","templated":true}]}}