{"id":6279,"date":"2022-05-20T14:55:43","date_gmt":"2022-05-20T12:55:43","guid":{"rendered":"https:\/\/fengchashop.com\/it\/product\/latte-doro-bio-250-g\/"},"modified":"2026-05-07T11:26:00","modified_gmt":"2026-05-07T09:26:00","slug":"latte-doro-bio","status":"publish","type":"product","link":"https:\/\/fengchashop.com\/it\/product\/latte-doro-bio\/","title":{"rendered":"Latte d&#8217;oro BIO 250 g"},"content":{"rendered":"<h2><span style=\"color: #000000\">Latte d&#8217;oro BIO<\/span><\/h2>\n<p style=\"text-align: justify\"><span style=\"color: #000000\">Il Golden Latte \u00e8 una bevanda deliziosa e rinfrescante preparata con cinque semplici <strong>ingredienti<\/strong>, di cui il principale \u00e8 la <strong>curcuma<\/strong>. Potete aggiungere anche altri ingredienti che vi piacciono e che vi sono vicini. Il consumo di latte alla curcuma pu\u00f2 avere molti effetti benefici sul nostro organismo e ha anche un sapore gradevole. Il Golden Latte BIO \u00e8 una miscela gi\u00e0 pronta che consente di risparmiare tempo nella preparazione della bevanda, poich\u00e9 non \u00e8 necessario preoccuparsi di misurare le quantit\u00e0 di tutti gli ingredienti. \u00c8 facile da usare e ha un ottimo sapore. La miscela \u00e8 composta da<b> curcuma<\/b> e dall&#8217;<b>aggiunta di cannella di Ceylon (10%) <\/b>e<b> zenzero (10%)<\/b>.<\/span><\/p>\n<p style=\"text-align: justify\"><span style=\"color: #000000\"><em>Vengono selezionati solo i migliori ingredienti biologici.<\/em><\/span><\/p>\n<p style=\"text-align: justify\"><span style=\"color: #000000\">Alla miscela viene aggiunto anche un <b>pizzico di pepe nero macinato<\/b>, che rende i principi attivi della curcuma, in particolare la curcumina, pi\u00f9 facilmente e meglio assorbiti dall&#8217;organismo.<\/span><\/p>\n<p style=\"text-align: justify\"><span style=\"color: #000000\">La bevanda pu\u00f2 essere preparata con <b>latte, bevanda vegetale<\/b> o altro liquido. Pu\u00f2 essere bevuta<b> al mattino <\/b>o alla<b> sera<\/b>, ma di solito \u00e8 preferibile assumerla la sera prima di andare a letto. Cambiate il vostro rituale e abbandonatevi ai <b>benefici curativi della curcuma<\/b>. Le bevande alla curcuma sono una <b>bevanda di tendenza<\/b> in tutto il mondo, che unisce<b> salute e buon gusto<\/b>.<\/span><\/p>\n<p style=\"text-align: justify\"><span style=\"color: #000000\">Ci\u00f2 che rende speciale la nostra miscela \u00e8 che non abbiamo aggiunto zucchero o altri dolcificanti. \u00c8 possibile aggiungerlo a piacere o non dolcificare affatto la bevanda, poich\u00e9 la cannella e la curcuma stessa le conferiscono una piacevole dolcezza.<\/span><\/p>\n<h2><span style=\"color: #000000\">Perch\u00e9 la curcuma?<\/span><\/h2>\n<p style=\"text-align: justify\"><span style=\"color: #000000\">Gli effetti medicinali della curcuma nella medicina tradizionale dell&#8217;Estremo Oriente sono inestimabili. Tra le altre cose, viene utilizzata per depurare il sangue e il tratto gastrointestinale, disintossicare il fegato e la cistifellea, perch\u00e9 il suo principale <b>principio attivo, la<\/b><strong>curcumina<\/strong> <b>,<\/b> accelera l&#8217;eliminazione di bile, bilirubina e colesterolo. Viene utilizzata da molte persone <b>per combattere<\/b> l&#8217;epatite virale, il cancro, la psoriasi, il morbo di Alzheimer, la depressione e nelle preparazioni cosmetiche.<\/span><\/p>\n<p style=\"text-align: justify\"><span style=\"color: #000000\">Gli effetti benefici della curcuma sono stati dimostrati anche dagli <b>scienziati<\/b>, secondo i quali il suo consumo regolare pu\u00f2 prevenire gli effetti nocivi degli agenti cancerogeni presenti negli alimenti sull&#8217;organismo. Inoltre, si ritiene che la curcumina impedisca l&#8217;ossidazione del colesterolo che, con la sua azione negativa, provoca la progressione dell&#8217;aterosclerosi, potenzialmente letale.<\/span><\/p>\n<p style=\"text-align: justify\"><span style=\"color: #000000\">Come <b>potente antiossidante<\/b>, la curcuma protegge l&#8217;intestino dai radicali liberi ed elimina con successo l&#8217;acidit\u00e0 dell&#8217;organismo. I medici ayurvedici la usano come antisettico e antibatterico per disinfettare ferite e ustioni. Alcune donne ritengono che aiuti ad accelerare la digestione e a regolare il metabolismo, e che sia quindi efficace per sciogliere i chili in eccesso.<\/span><\/p>\n<p style=\"text-align: justify\"><span style=\"color: #000000\">La cannella conferisce alla bevanda un sapore gradevole. In combinazione con il latte, si ottengono tutti i suoi benefici, tra cui la riduzione dei livelli di zucchero e colesterolo nel sangue e la regolazione della pressione sanguigna. La cannella aiuta anche la digestione dei grassi e i problemi digestivi come la diarrea. Lo zenzero stimola la digestione, riscalda dall&#8217;interno, migliora l&#8217;immunit\u00e0 e aumenta il metabolismo. Entrambi alleviano anche i sintomi della sindrome premestruale e i dolori mestruali.<\/span><\/p>\n<h2><span style=\"color: #000000\">Quali sono gli altri benefici del latte alla curcuma?<\/span><\/h2>\n<p style=\"text-align: justify\"><span style=\"color: #000000\">La curcuma \u00e8 una spezia molto apprezzata in tutto il mondo. \u00c8 utilizzata nell&#8217;Ayurveda per <strong>oltre 150 potenziali effetti terapeutici<\/strong>. Nella scienza moderna \u00e8 stata oggetto di numerosi studi, alcuni dei quali gi\u00e0 convalidati, e viene utilizzata come agente terapeutico nelle malattie infiammatorie intestinali e nell&#8217;artrite. Gli effetti positivi che possono derivare dal consumo regolare di latte di curcuma o curcumina sono:<\/span><\/p>\n<ul style=\"text-align: justify\">\n<li><span style=\"color: #000000\">aiuta nel trattamento dei disturbi intestinali,<\/span><\/li>\n<li><span style=\"color: #000000\">abbassa il colesterolo,<\/span><\/li>\n<li><span style=\"color: #000000\">\u00e8 ottimo come bevanda serale prima di andare a letto, perch\u00e9 ci calma,<\/span><\/li>\n<li><span style=\"color: #000000\">aiuta anche in caso di mal di testa e dolori,<\/span><\/li>\n<li><span style=\"color: #000000\">aiuta la digestione,<\/span><\/li>\n<li><span style=\"color: #000000\">pulisce il fegato,<\/span><\/li>\n<li><span style=\"color: #000000\">aiuta i crampi mestruali,<\/span><\/li>\n<li><span style=\"color: #000000\">antinfiammatorio.<\/span><\/li>\n<\/ul>\n<h2><span style=\"color: #000000\">Conservazione<\/span><\/h2>\n<p style=\"text-align: justify\"><span style=\"color: #000000\">Conservare in un luogo asciutto, buio e fresco. Assicurarsi che il sacchetto o la scatola siano ben chiusi.<\/span><\/p>\n<h2><span style=\"color: #000000\">Imballaggio<\/span><\/h2>\n<p style=\"text-align: justify\"><span style=\"color: #000000\">Il prodotto \u00e8 confezionato in un contenitore di vetro pulito con uno strato di pellicola nera a prova di luce. Il tappo garantisce una chiusura a prova di perdite, il che significa che gli odori esterni non possono intaccare il contenuto del flacone. Per il resto, il vetro stesso \u00e8 impermeabile, inodore e non altera in alcun modo il sapore del contenuto. Questo tipo di imballaggio \u00e8 anche privo di materie plastiche dannose per l&#8217;ambiente ed \u00e8 pi\u00f9 ecologico e sostenibile. \u00c8 infatti la confezione ideale, realizzata con ingredienti naturali e sostenibili, che simboleggia la massima qualit\u00e0.<\/span><\/p>\n<p style=\"text-align: justify\"><span style=\"color: #000000\">La confezione \u00e8 molto pratica e riciclabile.<\/span><\/p>\n<h2><span style=\"color: #000000\">Origine<\/span><\/h2>\n<p style=\"text-align: justify\"><span style=\"color: #000000\">Slovenia<\/span><\/p>\n","protected":false},"excerpt":{"rendered":"<p>Il Golden Latte \u00e8 una bevanda deliziosa e rinfrescante preparata con cinque semplici <strong>ingredienti<\/strong>, di cui il principale \u00e8 la <strong>curcuma<\/strong>. Potete aggiungere anche altri ingredienti che vi piacciono e che vi sono vicini. Il consumo di latte alla curcuma pu\u00f2 avere molti effetti benefici sul nostro organismo e ha anche un sapore gradevole. Golden Latte BIO \u00e8 una miscela gi\u00e0 pronta che consente di risparmiare tempo nella preparazione della bevanda, poich\u00e9 non ci si deve preoccupare di misurare le quantit\u00e0 di tutti gli ingredienti. \u00c8 facile da usare e ha un ottimo sapore. La miscela \u00e8 composta da<b> curcuma<\/b> e dall&#8217;<b>aggiunta di cannella di Ceylon (10%) <\/b>e<b> zenzero (10%)<\/b>. Alla miscela viene aggiunto anche un <b>pizzico di pepe nero macinato<\/b>, che rende i principi attivi della curcuma, in particolare la curcumina, pi\u00f9 facilmente e meglio assorbibili dall&#8217;organismo. Gli effetti positivi che possono derivare dal consumo regolare di latte alla curcumina sono:<\/p>\n<p>\ud83d\udc9a aiuta a trattare i disturbi intestinali,<br \/>\n\ud83d\udc9a riduce il colesterolo,<br \/>\n\ud83d\udc9a pulisce il fegato,<br \/>\n\ud83d\udc9a aiuta a combattere i crampi mestruali,<br \/>\n\ud83d\udc9a antinfiammatorio.<\/p>\n","protected":false},"featured_media":6280,"comment_status":"open","ping_status":"closed","template":"","meta":{"_acf_changed":false},"product_brand":[],"product_cat":[194,195,15],"product_tag":[],"class_list":{"0":"post-6279","1":"product","2":"type-product","3":"status-publish","4":"has-post-thumbnail","6":"product_cat-ayurveda","7":"product_cat-superfood","8":"product_cat-uncategorized","10":"first","11":"instock","12":"sale","13":"taxable","14":"shipping-taxable","15":"purchasable","16":"product-type-simple"},"acf":[],"_links":{"self":[{"href":"https:\/\/fengchashop.com\/it\/wp-json\/wp\/v2\/product\/6279","targetHints":{"allow":["GET"]}}],"collection":[{"href":"https:\/\/fengchashop.com\/it\/wp-json\/wp\/v2\/product"}],"about":[{"href":"https:\/\/fengchashop.com\/it\/wp-json\/wp\/v2\/types\/product"}],"replies":[{"embeddable":true,"href":"https:\/\/fengchashop.com\/it\/wp-json\/wp\/v2\/comments?post=6279"}],"wp:featuredmedia":[{"embeddable":true,"href":"https:\/\/fengchashop.com\/it\/wp-json\/wp\/v2\/media\/6280"}],"wp:attachment":[{"href":"https:\/\/fengchashop.com\/it\/wp-json\/wp\/v2\/media?parent=6279"}],"wp:term":[{"taxonomy":"product_brand","embeddable":true,"href":"https:\/\/fengchashop.com\/it\/wp-json\/wp\/v2\/product_brand?post=6279"},{"taxonomy":"product_cat","embeddable":true,"href":"https:\/\/fengchashop.com\/it\/wp-json\/wp\/v2\/product_cat?post=6279"},{"taxonomy":"product_tag","embeddable":true,"href":"https:\/\/fengchashop.com\/it\/wp-json\/wp\/v2\/product_tag?post=6279"}],"curies":[{"name":"wp","href":"https:\/\/api.w.org\/{rel}","templated":true}]}}