{"id":6235,"date":"2022-03-11T19:29:12","date_gmt":"2022-03-11T18:29:12","guid":{"rendered":"https:\/\/fengchashop.com\/it\/product\/acidi-grassi-omega-3-in-capsule-180-capsule\/"},"modified":"2026-04-20T12:26:15","modified_gmt":"2026-04-20T10:26:15","slug":"acidi-grassi-omega-3-in-capsule","status":"publish","type":"product","link":"https:\/\/fengchashop.com\/it\/product\/acidi-grassi-omega-3-in-capsule\/","title":{"rendered":"Acidi grassi Omega 3 in capsule 180 capsule"},"content":{"rendered":"<h2><span style=\"color: #000000\">Acidi grassi Omega-3<\/span><\/h2>\n<p><span style=\"color: #000000\">Gli acidi grassi omega-3 sono<strong> essenziali<\/strong> per l&#8217;uomo, ma l&#8217;organismo non pu\u00f2 produrli da solo. Poich\u00e9 sono essenziali<strong> per il corretto funzionamento di diversi processi dell&#8217;organismo<\/strong>, devono essere assunti con una dieta ricca di questi preziosi grassi. Tuttavia, se la dieta non fornisce una quantit\u00e0 sufficiente di acidi grassi omega-3, uno dei modi pi\u00f9 efficaci e semplici \u00e8 quello di assumere un integratore alimentare. Dobbiamo essere consapevoli che esiste un&#8217;ampia gamma sul mercato, ma non tutti gli integratori a base di olio di pesce (o da fonti vegetali) sono sufficientemente validi. In particolare, dobbiamo fare attenzione se intendiamo assumere un integratore alimentare per un lungo periodo di tempo. Impurit\u00e0 e additivi inutili, persino dannosi, possono fare pi\u00f9 male che bene.<\/span><\/p>\n<p><span style=\"color: #000000\">Le nostre capsule di acidi grassi omega-3 <strong>sono prodotte con olio di pesce purissimo.<\/strong> Provengono da pesci pescati in natura, adeguatamente lavorati e confezionati in capsule softgel di dimensioni ridotte, ma con una forma che ne facilita la deglutizione. Sono un integratore alimentare di qualit\u00e0 superiore, realizzato con i migliori ingredienti. <strong>Non causano flatulenza e non hanno un fastidioso sapore di pesce.<\/strong><\/span><\/p>\n<h2><span style=\"color: #000000\">Quali sono i benefici dell&#8217;assunzione di acidi grassi omega-3?<\/span><\/h2>\n<p><span style=\"color: #000000\">Gli acidi grassi omega-3 svolgono almeno due ruoli importanti nel nostro organismo. Le ricerche hanno dimostrato che influenzano il<strong> corretto funzionamento del sistema cardiovascolare<\/strong> e <strong>riducono l&#8217;infiammazione<\/strong>. Quindi, per riassumere alcuni degli effetti del consumo di acidi grassi omega 3, possiamo notare che:<\/span><\/p>\n<p><span style=\"color: #000000\"> \ud83d\udc9a Contribuiscono al <em>normale funzionamento del cuore e del sistema cardiovascolare<\/em>, tra cui la regolazione del battito cardiaco e il<strong> controllo della pressione sanguigna e del colesterolo.<\/strong><\/span><br \/>\n<span style=\"color: #000000\"> \ud83d\udc9a Contribuiscono al <strong>mantenimento di una visione normale.<\/strong><\/span><br \/>\n<span style=\"color: #000000\"> \ud83d\udc9a Contribuiscono al<strong> mantenimento della normale funzione cerebrale,<\/strong> compresa la funzione della memoria e la regolazione dell&#8217;umore e dell&#8217;equilibrio emotivo.<\/span><br \/>\n<span style=\"color: #000000\"> \ud83d\udc9a Contribuiscono al mantenimento di<strong> livelli normali di trigliceridi nel sangue.<\/strong><\/span><br \/>\n<span style=\"color: #000000\"> \ud83d\udc9a Promuovono il <strong>corretto funzionamento del sistema immunitario.<\/strong><\/span><br \/>\n<span style=\"color: #000000\"> \ud83d\udc9a Regolano l&#8217;umore e le funzioni cognitive (comportamentali).<\/span><br \/>\n<span style=\"color: #000000\">\ud83d\udc9a Sono estremamente<strong> importanti per una gravidanza sana e per il corretto sviluppo del nascituro e del bambino allattato al seno.<\/strong> Favoriscono il rafforzamento delle capacit\u00e0 intellettive, motorie e visive del bambino, migliorano la memoria e l&#8217;attenzione e prevengono i disturbi comportamentali e lo sviluppo di allergie alimentari.<\/span><br \/>\n<span style=\"color: #000000\"> \ud83d\udc9a <strong>Contribuire a migliorare i sintomi delle malattie autoimmuni<\/strong> e dell&#8217;ADHD nei bambini.<\/span><br \/>\n<span style=\"color: #000000\"> \ud83d\udc9a Idratano naturalmente la nostra pelle e i nostri capelli e conferiscono loro un aspetto sano.<\/span><br \/>\n<span style=\"color: #000000\"> \ud83d\udc9a <strong>Riducono l&#8217;infiammazione e<\/strong> alleviano i problemi della pelle come eczema, acne, rosacea e psoriasi.<\/span><br \/>\n<span style=\"color: #000000\"> <strong> \ud83d\udc9a Consentono un recupero muscolare pi\u00f9 rapido<\/strong> dopo un allenamento sportivo intenso o altre attivit\u00e0 fisiche; prevengono inoltre il deperimento muscolare e allo stesso tempo aumentano la perdita di riserve di grasso.<\/span><\/p>\n<h2><span style=\"color: #000000\">Perch\u00e9 scegliere le nostre capsule di Omega 3?<\/span><\/h2>\n<p><span style=\"color: #000000\">Il consumo di acidi grassi omega 3 \u00e8 di per s\u00e9 un buon investimento per la nostra salute fisica e mentale. Ma scegliendo un integratore puro e il pi\u00f9 naturale possibile, come il nostro, possiamo beneficiare anche di altri vantaggi, quali:<\/span><\/p>\n<p><span style=\"color: #000000\"> \ud83d\udc9a Un integratore alimentare <strong>non viene prodotto concentrando l&#8217;olio di pesce<\/strong> e aggiungendo ingredienti artificiali. Il nostro integratore alimentare \u00e8 minimamente elaborato, molto pi\u00f9 naturale, e il nostro corpo beneficia pi\u00f9 facilmente dei suoi vantaggi.<\/span><br \/>\n<span style=\"color: #000000\"> \ud83d\udc9a <strong>Sono capsule senza il tipico sapore e odore<\/strong>. E non ci fanno sentire svenuti.<\/span><br \/>\n<span style=\"color: #000000\"> \ud83d\udc9a Le<strong>capsule softgel<\/strong> pi\u00f9 piccole facilitano la deglutizione.<\/span><br \/>\n<span style=\"color: #000000\"> \ud83d\udc9a Contengono un minimo del <strong>90% di trigliceridi naturali<\/strong>, senza gli esteri etilici altrimenti utilizzati nella produzione di olio di pesce concentrato, per garantire livelli di DHA ed EPA superiori a quelli presenti nell&#8217;olio di pesce convenzionale. Un integratore alimentare di questo tipo \u00e8 potenziato artificialmente e quindi pi\u00f9 difficile da digerire, meno naturale e, se assunto per un lungo periodo di tempo, pu\u00f2 addirittura risultare dannoso per l&#8217;organismo.<\/span><br \/>\n<span style=\"color: #000000\"> \ud83d\udc9a L&#8217;olio \u00e8<strong> purissimo,<\/strong> ottenuto mediante uno speciale processo di filtrazione, distillazione e raffinazione.<\/span><br \/>\n<span style=\"color: #000000\"> \ud83d\udc9a Contiene almeno il<strong> 65% di acido docosaesaenoico (DHA) e acido eicosapentaenoico (EPA).<\/strong><\/span><br \/>\n<span style=\"color: #000000\"> \ud83d\udc9a Al prodotto viene aggiunto un antiossidante naturale sotto forma di tocoferolo (vitamina E) per una maggiore durata.<\/span><br \/>\n<span style=\"color: #000000\"> \ud83d\udc9a Inoltre, il pesce viene pescato secondo i principi della pesca sostenibile. Anche le confezioni di ogni fornitore sono etichettate con un numero di tracciabilit\u00e0. \u00c8 garantita anche una fornitura costante di oli di altissima qualit\u00e0. Questi sono sempre puliti, sicuri e senza problemi. L&#8217;impegno per la purezza, la qualit\u00e0 e l&#8217;innovazione dei prodotti garantisce che questi ultimi soddisfino i pi\u00f9 elevati standard industriali in materia di sicurezza, tracciabilit\u00e0 e sostenibilit\u00e0. I limiti minimi di specifica assicurano che i prodotti soddisfino o superino tutti gli standard di purezza conosciuti a livello mondiale. Garantiamo incondizionatamente la consistenza, la sicurezza e la purezza di ogni prodotto.<\/span><\/p>\n<h2><span style=\"color: #000000\">Conservazione e avvertenze<\/span><\/h2>\n<p><span style=\"color: #000000\">Conservare in luogo fresco e asciutto a una temperatura massima di 25 \u00b0C. Tenere l&#8217;integratore alimentare fuori dalla portata dei bambini!<\/span><\/p>\n<p><span style=\"color: #000000\">Ricordare l&#8217;importanza di una dieta varia e di uno stile di vita sano; un integratore alimentare non sostituisce quindi una dieta equilibrata e varia. Non superare la quantit\u00e0 o la dose giornaliera raccomandata.<\/span><\/p>\n<h2>Confezione<\/h2>\n<p>Sacchetto non permeabile con chiusura a zip, in cui il prodotto conserva tutta la sua freschezza e il suo aroma. La confezione protegge il prodotto dalla luce e dall&#8217;aria, essendo composta da diversi strati di protezione che preservano le propriet\u00e0 del contenuto.<\/p>\n<p>La confezione \u00e8 molto pratica e riciclabile.<\/p>\n<h2><span style=\"color: #000000\">Origine<\/span><\/h2>\n<p><span style=\"color: #000000\">Norvegia<\/span><\/p>\n","protected":false},"excerpt":{"rendered":"<p>Gli acidi grassi omega-3 svolgono almeno due ruoli importanti nel nostro organismo. Le ricerche hanno dimostrato che influenzano il corretto funzionamento del sistema cardiovascolare e riducono l&#8217;infiammazione. Acidi grassi omega-3:<\/p>\n<p>\ud83d\udc9a contribuiscono al normale funzionamento del cuore e del sistema cardiovascolare, compresa la regolazione del battito cardiaco e la regolazione della pressione sanguigna e del colesterolo,<br \/>\n\ud83d\udc9a contribuiscono al mantenimento della normale funzione cerebrale, compresa la funzione della memoria e la regolazione dell&#8217;umore e dell&#8217;equilibrio emotivo,<br \/>\n\ud83d\udc9a contribuiscono al mantenimento di livelli normali di trigliceridi nel sangue,<br \/>\n\ud83d\udc9a promuovono il corretto funzionamento del sistema immunitario,<br \/>\n\ud83d\udc9a ridurre l&#8217;infiammazione.<\/p>\n","protected":false},"featured_media":6236,"comment_status":"open","ping_status":"closed","template":"","meta":{"_acf_changed":false},"product_brand":[],"product_cat":[203,217,224,15],"product_tag":[],"class_list":{"0":"post-6235","1":"product","2":"type-product","3":"status-publish","4":"has-post-thumbnail","6":"product_cat-minerali-e-vitamine","7":"product_cat-offerta","8":"product_cat-tutti-gli-articoli","9":"product_cat-uncategorized","11":"first","12":"instock","13":"taxable","14":"shipping-taxable","15":"purchasable","16":"product-type-simple"},"acf":[],"_links":{"self":[{"href":"https:\/\/fengchashop.com\/it\/wp-json\/wp\/v2\/product\/6235","targetHints":{"allow":["GET"]}}],"collection":[{"href":"https:\/\/fengchashop.com\/it\/wp-json\/wp\/v2\/product"}],"about":[{"href":"https:\/\/fengchashop.com\/it\/wp-json\/wp\/v2\/types\/product"}],"replies":[{"embeddable":true,"href":"https:\/\/fengchashop.com\/it\/wp-json\/wp\/v2\/comments?post=6235"}],"wp:featuredmedia":[{"embeddable":true,"href":"https:\/\/fengchashop.com\/it\/wp-json\/wp\/v2\/media\/6236"}],"wp:attachment":[{"href":"https:\/\/fengchashop.com\/it\/wp-json\/wp\/v2\/media?parent=6235"}],"wp:term":[{"taxonomy":"product_brand","embeddable":true,"href":"https:\/\/fengchashop.com\/it\/wp-json\/wp\/v2\/product_brand?post=6235"},{"taxonomy":"product_cat","embeddable":true,"href":"https:\/\/fengchashop.com\/it\/wp-json\/wp\/v2\/product_cat?post=6235"},{"taxonomy":"product_tag","embeddable":true,"href":"https:\/\/fengchashop.com\/it\/wp-json\/wp\/v2\/product_tag?post=6235"}],"curies":[{"name":"wp","href":"https:\/\/api.w.org\/{rel}","templated":true}]}}