{"id":6219,"date":"2022-03-11T09:18:33","date_gmt":"2022-03-11T08:18:33","guid":{"rendered":"https:\/\/fengchashop.com\/it\/product\/complesso-di-magnesio-in-polvere-200-g\/"},"modified":"2026-04-28T13:29:08","modified_gmt":"2026-04-28T11:29:08","slug":"complesso-di-magnesio-in-polvere","status":"publish","type":"product","link":"https:\/\/fengchashop.com\/it\/product\/complesso-di-magnesio-in-polvere\/","title":{"rendered":"Complesso di magnesio in polvere 200 g"},"content":{"rendered":"<h2 style=\"text-align: justify\"><span style=\"color: #000000\"><b>Complesso di magnesio in polvere<\/b><\/span><\/h2>\n<p style=\"text-align: justify\"><span style=\"color: #000000\">Il magnesio \u00e8 un minerale estremamente importante, coinvolto in oltre 300 processi metabolici nel corpo umano. Viene spesso chiamato &#8220;<b>re dei minerali<\/b>&#8220;, in quanto svolge un <b>ruolo cruciale nel funzionamento dei muscoli, del sistema nervoso e nel mantenimento di ossa sane<\/b>. Aiuta a prevenire i crampi muscolari, riduce la stanchezza e l\u2019esaurimento e contribuisce al normale funzionamento psicologico. A causa del ritmo rapido della vita moderna \u2013 stress, alimentazione inadeguata e mancanza di sonno \u2013 molte persone ricorrono agli integratori alimentari di magnesio.<\/span><\/p>\n<p style=\"text-align: justify\"><span style=\"color: #000000\">Sebbene il magnesio si trovi naturalmente in molti alimenti, come verdure a foglia verde, frutta secca, semi, pesce e cereali integrali, spesso lo consumiamo pi\u00f9 di quanto lo introitiamo con il cibo. Le persone che hanno bisogno di pi\u00f9 magnesio sono gli atleti, le donne in gravidanza, gli anziani e coloro che sono sotto stress fisico o mentale.<\/span><\/p>\n<p style=\"text-align: justify\"><span style=\"color: #000000\">Con il complesso di magnesio, fornirai al tuo corpo il supporto ottimale per un miglior benessere, pi\u00f9 energia e il corretto funzionamento dei muscoli, delle ossa e del sistema nervoso.<\/span><\/p>\n<h2 style=\"text-align: justify\"><span style=\"color: #000000\"><b>Perch\u00e9 il complesso di magnesio?<\/b><\/span><\/h2>\n<p style=\"text-align: justify\"><span style=\"color: #000000\">Il complesso di magnesio combina <strong>quattro forme di magnesio di alta qualit\u00e0 \u2013 bisglicinato di magnesio, citrato di magnesio, malato di magnesio e taurato di magnesio<\/strong>. Ognuna di queste forme ha le sue specifiche caratteristiche e benefici, quindi la loro combinazione consente un assorbimento e un\u2019efficacia ottimali.<\/span><\/p>\n<h2 style=\"text-align: justify\"><span style=\"color: #000000\"><b>Vantaggi del complesso di magnesio<\/b><\/span><\/h2>\n<p style=\"text-align: justify\"><span style=\"color: #000000\"><b>Magnesio:<\/b><\/span><\/p>\n<ul style=\"text-align: justify\">\n<li><span style=\"color: #000000\">Contribuisce a ridurre la stanchezza e l\u2019esaurimento<\/span><\/li>\n<li><span style=\"color: #000000\">Contribuisce all&#8217;equilibrio degli elettroliti<\/span><\/li>\n<li><span style=\"color: #000000\">Contribuisce al rilascio di energia nel metabolismo<\/span><\/li>\n<li><span style=\"color: #000000\">Contribuisce al funzionamento del sistema nervoso<\/span><\/li>\n<li><span style=\"color: #000000\">Contribuisce al funzionamento dei muscoli<\/span><\/li>\n<li><span style=\"color: #000000\">Svolge un ruolo nella sintesi delle proteine<\/span><\/li>\n<li><span style=\"color: #000000\">Contribuisce al normale funzionamento psicologico<\/span><\/li>\n<li><span style=\"color: #000000\">Contribuisce a mantenere ossa e denti sani<\/span><\/li>\n<li><span style=\"color: #000000\">Svolge un ruolo nella divisione delle cellule<\/span><\/li>\n<\/ul>\n<p>&nbsp;<\/p>\n<p style=\"text-align: justify\"><span style=\"color: #000000\"><b>Vitamina B6:<\/b><\/span><\/p>\n<ul style=\"text-align: justify\">\n<li><span style=\"color: #000000\">Svolge un ruolo nella sintesi della cisteina<\/span><\/li>\n<li><span style=\"color: #000000\">Contribuisce al rilascio di energia nel metabolismo<\/span><\/li>\n<li><span style=\"color: #000000\">Contribuisce al funzionamento del sistema nervoso<\/span><\/li>\n<li><span style=\"color: #000000\">Contribuisce al metabolismo dell&#8217;omocisteina<\/span><\/li>\n<li><span style=\"color: #000000\">Svolge un ruolo nel metabolismo delle proteine e del glicogeno<\/span><\/li>\n<li><span style=\"color: #000000\">Contribuisce al normale funzionamento psicologico<\/span><\/li>\n<li><span style=\"color: #000000\">Svolge un ruolo nella produzione dei globuli rossi<\/span><\/li>\n<li><span style=\"color: #000000\">Svolge un ruolo nel funzionamento del sistema immunitario<\/span><\/li>\n<li><span style=\"color: #000000\">Contribuisce a ridurre la stanchezza e l\u2019esaurimento<\/span><\/li>\n<li><span style=\"color: #000000\">Svolge un ruolo nella regolazione dell&#8217;attivit\u00e0 ormonale<\/span><\/li>\n<\/ul>\n<p style=\"text-align: justify\"><span style=\"color: #000000\">Un apporto sufficiente di magnesio pu\u00f2 avere un impatto significativo nel prevenire questi problemi e migliorare il benessere e la salute complessiva.<\/span><\/p>\n<h2 style=\"text-align: justify\"><span style=\"color: #000000\"><b>Conservazione e avvertenze<\/b><\/span><\/h2>\n<p style=\"text-align: justify\"><span style=\"color: #000000\">Conservare in un luogo asciutto a una temperatura fino a 25 \u00b0C, protetto da umidit\u00e0 e luce. Assicurarsi che la confezione o il contenitore sia ben chiuso.<\/span><\/p>\n<p style=\"text-align: justify\"><span style=\"color: #000000\">Il prodotto non \u00e8 adatto per bambini, adolescenti, donne in gravidanza e in allattamento. I diabetici, le persone con intolleranza al glucosio, quelle che assumono anticoagulanti cumarinici e le persone con malattie cardiovascolari o asmatici devono consultare un medico prima di usare il prodotto. In caso di nausea, dolore addominale, cattiva digestione, diarrea, stitichezza, vertigini, sonnolenza, mal di testa, eruzioni cutanee, prurito o arrossamento della pelle, interrompere l\u2019assunzione del prodotto.<\/span><\/p>\n<h2 style=\"text-align: justify\"><span style=\"color: #000000\"><b>Confezionamento<\/b><\/span><\/h2>\n<p style=\"text-align: justify\"><span style=\"color: #000000\">Sacchetto sigillato con zip o contenitore che preserva tutta la freschezza e l&#8217;aroma del prodotto. La confezione protegge dalla luce e dall&#8217;aria. \u00c8 composta da pi\u00f9 strati di protezione che mantengono le propriet\u00e0 del prodotto.<\/span><\/p>\n<p><span style=\"color: #000000\">La confezione \u00e8 molto pratica e consente il riciclo.<\/span><\/p>\n<h2 style=\"text-align: justify\"><span style=\"color: #000000\"><b>Origine<\/b><\/span><\/h2>\n<p style=\"text-align: justify\"><span style=\"color: #000000\">Gli ingredienti del complesso di magnesio provengono dall&#8217;UE e da fuori UE, selezionati con cura per garantire la massima qualit\u00e0.<\/span><\/p>\n","protected":false},"excerpt":{"rendered":"<p align=\"JUSTIFY\"><span style=\"color: #000000\">Il complesso di magnesio combina<strong>quattro forme di magnesio di alta qualit\u00e0: bisglicinato di magnesio, citrato di magnesio, malato di magnesio e taurato di magnesio.<\/strong><\/span><\/p>\n<p>\ud83d\udc9a Contribuisce a ridurre la stanchezza e l&#8217;esaurimento.<br \/>\n\ud83d\udc9a Supporta l&#8217;equilibrio degli elettroliti, di cui abbiamo bisogno soprattutto durante lo sforzo fisico.<br \/>\n\ud83d\udc9a Ha un effetto benefico sul sistema nervoso.<br \/>\n\ud83d\udc9a Contribuisce alla normale funzione muscolare e alle normali funzioni psicologiche.<br \/>\n\ud83d\udc9a Mantiene ossa e denti sani.<\/p>\n","protected":false},"featured_media":6018,"comment_status":"open","ping_status":"closed","template":"","meta":{"_acf_changed":false},"product_brand":[],"product_cat":[225,203,217,224,15],"product_tag":[],"class_list":{"0":"post-6219","1":"product","2":"type-product","3":"status-publish","4":"has-post-thumbnail","6":"product_cat-i-piu-venduti","7":"product_cat-minerali-e-vitamine","8":"product_cat-offerta","9":"product_cat-tutti-gli-articoli","10":"product_cat-uncategorized","12":"first","13":"instock","14":"sale","15":"taxable","16":"shipping-taxable","17":"purchasable","18":"product-type-simple"},"acf":[],"_links":{"self":[{"href":"https:\/\/fengchashop.com\/it\/wp-json\/wp\/v2\/product\/6219","targetHints":{"allow":["GET"]}}],"collection":[{"href":"https:\/\/fengchashop.com\/it\/wp-json\/wp\/v2\/product"}],"about":[{"href":"https:\/\/fengchashop.com\/it\/wp-json\/wp\/v2\/types\/product"}],"replies":[{"embeddable":true,"href":"https:\/\/fengchashop.com\/it\/wp-json\/wp\/v2\/comments?post=6219"}],"wp:featuredmedia":[{"embeddable":true,"href":"https:\/\/fengchashop.com\/it\/wp-json\/wp\/v2\/media\/6018"}],"wp:attachment":[{"href":"https:\/\/fengchashop.com\/it\/wp-json\/wp\/v2\/media?parent=6219"}],"wp:term":[{"taxonomy":"product_brand","embeddable":true,"href":"https:\/\/fengchashop.com\/it\/wp-json\/wp\/v2\/product_brand?post=6219"},{"taxonomy":"product_cat","embeddable":true,"href":"https:\/\/fengchashop.com\/it\/wp-json\/wp\/v2\/product_cat?post=6219"},{"taxonomy":"product_tag","embeddable":true,"href":"https:\/\/fengchashop.com\/it\/wp-json\/wp\/v2\/product_tag?post=6219"}],"curies":[{"name":"wp","href":"https:\/\/api.w.org\/{rel}","templated":true}]}}