{"id":6197,"date":"2022-03-10T10:15:47","date_gmt":"2022-03-10T09:15:47","guid":{"rendered":"https:\/\/fengchashop.com\/it\/product\/bacche-di-goji-bio-500-g\/"},"modified":"2026-04-29T22:01:01","modified_gmt":"2026-04-29T20:01:01","slug":"bacche-di-goji-bio","status":"publish","type":"product","link":"https:\/\/fengchashop.com\/it\/product\/bacche-di-goji-bio\/","title":{"rendered":"Bacche di Goji BIO 500 g"},"content":{"rendered":"<h2><span style=\"color: #000000\">Bacche di Goji BIO<\/span><\/h2>\n<p><span style=\"color: #000000\">Le bacche di Goji, talvolta chiamate bacche del lupo, diamanti rossi o vino del matrimonio, sono superbacche che crescono su un alto cespuglio cinese. La loro forma \u00e8 molto simile a quella di un melograno. In passato, in Cina erano considerate un frutto superpotente e venivano utilizzate per guarire i re e nutrire i guerrieri prima delle battaglie. Nella<strong> medicina tradizionale cinese, dove vengono utilizzati da oltre 2500 anni<\/strong>, si pensa che possano curare il diabete, l&#8217;ipertensione e le malattie del fegato e dei reni. Sono anche usate per aumentare l&#8217;energia e la libido. Anche altre parti della pianta, come i semi, i fiori, le radici e le foglie, sono utilizzate per scopi medicinali.<\/span><\/p>\n<p><span style=\"color: #000000\">Si dice che le bacche di Goji fossero consumate regolarmente sotto forma di t\u00e8 da <strong>Li Quing Yuen<\/strong>, oltre al ginseng e ai funghi reishi <strong>.<\/strong> L&#8217;esempio di longevit\u00e0 meglio documentato di tutta la storia: si dice che un uomo cinese sia vissuto per 256 anni.<\/span><\/p>\n<p><span style=\"color: #000000\">Le<strong>ricerche moderne dimostrano che le bacche di goji sono davvero utili per rafforzare l&#8217;intero organismo<\/strong>, oltre che per la nostra salute. Sono estremamente<strong> ricche di antiossidanti<\/strong>, che hanno dimostrato di avere un effetto positivo su di noi proteggendoci dallo stress ossidativo, che \u00e8 spesso la causa delle malattie moderne.<\/span><\/p>\n<p><span style=\"color: #000000\">Si dice che contengano una quantit\u00e0 di beta-carotene (una provitamina della vitamina A) di gran lunga superiore a quella di qualsiasi altra pianta finora scoperta o studiata. Viene sintetizzato dall&#8217;organismo in vitamina A (retionolo), responsabile della crescita normale, della vista normale, del metabolismo del ferro e della normale funzione immunitaria. \u00c8 importante anche durante e prima della gravidanza, perch\u00e9 favorisce la riproduzione e influenza lo sviluppo di cellule e tessuti. Le ricerche dimostrano che \u00e8 pi\u00f9 vantaggioso e benefico per l&#8217;organismo assumere (soprattutto attraverso l&#8217;alimentazione) i betacaroteni, che vengono convertiti dall&#8217;organismo in retinolo, rispetto all&#8217;assunzione del solo retinolo, che \u00e8 vitamina A di origine animale. Inoltre, contengono almeno tre volte pi\u00f9 antiossidanti dei mirtilli.<\/span><\/p>\n<p><strong><span style=\"color: #000000\">I piccoli frutti rossi contengono quindi:<\/span><\/strong><\/p>\n<p><span style=\"color: #000000\"> \ud83d\udc9a incredibili principi attivi naturali,<\/span><br \/>\n<span style=\"color: #000000\"> \ud83d\udc9a carotenoidi, polifenoli, proteine,<\/span><br \/>\n<span style=\"color: #000000\"> \ud83d\udc9a polisaccaridi che rafforzano il sistema immunitario, aumentano l&#8217;assorbimento dei minerali e la vitalit\u00e0 dell&#8217;organismo,<\/span><br \/>\n<span style=\"color: #000000\"> \ud83d\udc9a vitamine C, B ed E,<\/span><br \/>\n<span style=\"color: #000000\"> \ud83d\udc9a luteina e zeaxantina, che rafforzano la vista e ne prevengono il deterioramento,<\/span><br \/>\n<span style=\"color: #000000\"> \ud83d\udc9a antiossidanti per una buona salute e un aspetto giovane,<\/span><br \/>\n<span style=\"color: #000000\"> \ud83d\udc9a altre vitamine che combattono molte malattie.<\/span><\/p>\n<p><span style=\"color: #000000\">\u00c8 stato dimostrato che le bacche di Goji <strong>rafforzano il sistema immunitario.<\/strong> Hanno anche un <strong>effetto positivo sulla libido e sulla potenza sessuale.<\/strong> Sono sempre pi\u00f9 spesso associate a un <strong>metabolismo veloce, a un maggiore benessere, a una minore stanchezza generale e a una maggiore vitalit\u00e0.<\/strong><\/span><\/p>\n<p><span style=\"color: #000000\">Le nostre bacche di goji sono coltivate <strong>biologicamente.<\/strong> I frutti secchi hanno una consistenza leggermente umida, morbida e gommosa, che li rende un alimento di qualit\u00e0 superiore. Le fragole sono molto gustose. Sono pi\u00f9 grandi e hanno un sapore pi\u00f9 dolce. Migliorano il valore nutrizionale dei piatti e aggiungono un tocco di dolcezza. Il sapore non \u00e8 troppo intenso, il che le rende facili da includere nei pasti di tutti i giorni.<\/span><\/p>\n<h2><span style=\"color: #000000\">Per chi sono?<\/span><\/h2>\n<p><span style=\"color: #000000\">Le bacche di Goji possono essere gustate come spuntino o come parte di una dieta sana e varia. I numerosi effetti positivi e i principi attivi continuano a stupire i ricercatori, che concentrano continuamente la loro attenzione su di esse. Cos\u00ec, la coltivazione delle fragole:<\/span><\/p>\n<p><span style=\"color: #000000\"> \ud83d\udc9a regolano i problemi di <strong>pressione alta e colesterolo cattivo<\/strong>;<\/span><br \/>\n<span style=\"color: #000000\"> \ud83d\udc9a <strong>regolano la digestione, hanno un effetto alcalino<\/strong> e influenzano la perdita di peso;<\/span><br \/>\n<span style=\"color: #000000\"> <strong> \ud83d\udc9a idratano<\/strong> il corpo;<\/span><br \/>\n<span style=\"color: #000000\"> \ud83d\udc9a migliorare le<strong> condizioni della pelle<\/strong>;<\/span><br \/>\n<span style=\"color: #000000\">\ud83d\udc9a rafforzano il<strong> sistema immunitario<\/strong>;<\/span><br \/>\n<span style=\"color: #000000\"> \ud83d\udc9a avere un effetto<strong> adattogeno<\/strong>;<\/span><br \/>\n<span style=\"color: #000000\"><strong> \ud83d\udc9a regolano i livelli di zucchero nel sangue<\/strong>.<\/span><\/p>\n<h2><span style=\"color: #000000\">Valori nutrizionali<\/span><\/h2>\n<p><span style=\"color: #000000\">Valori nutrizionali medi per 100 g di bacche di goji: energia: 1237 kJ\/292 kcal; grassi: 2,7 g, di cui saturi: 0,34 g; carboidrati: 54 g, di cui zuccheri: 53 g; proteine: 13 g e sali: 0,75 g: vitamina C: 25 mg.<\/span><\/p>\n<h2><span style=\"color: #000000\">Conservazione<\/span><\/h2>\n<p><span style=\"color: #000000\">Conservare in un luogo fresco e asciutto a una temperatura massima di 25 \u00b0C. Tenere l&#8217;integratore alimentare fuori dalla portata dei bambini!<\/span><\/p>\n<p><span style=\"color: #000000\">Ricordare l&#8217;importanza di una dieta varia e di uno stile di vita sano; un integratore alimentare non sostituisce quindi una dieta equilibrata e varia. Non superare la quantit\u00e0 o la dose giornaliera raccomandata.<\/span><\/p>\n<h2><span style=\"color: #000000\">Confezione<\/span><\/h2>\n<p><span style=\"color: #000000\">Sacchetto non permeabile con chiusura a zip in cui il prodotto conserva tutta la sua freschezza e il suo aroma. La confezione protegge dalla luce e dall&#8217;aria, essendo composta da diversi strati di protezione che preservano le propriet\u00e0 del contenuto.<\/span><\/p>\n<p><span style=\"color: #000000\">La confezione \u00e8 molto pratica e riciclabile.<\/span><\/p>\n<h2><span style=\"color: #000000\">Origine<\/span><\/h2>\n<p><span style=\"color: #000000\">Cina. Abbiamo fornitori molto affidabili che ci inviano un&#8217;analisi chimica dettagliata degli alimenti per ogni lotto. In pi\u00f9 di dieci anni, non abbiamo avuto alcun richiamo o altri problemi con questo prodotto, n\u00e9 con altri prodotti dello stesso fornitore. L&#8217;articolo \u00e8 certificato biologico al 100%.<\/span><\/p>\n","protected":false},"excerpt":{"rendered":"<p>Le bacche di Goji, talvolta chiamate bacche di lupo, diamanti rossi o vino del matrimonio, sono superbacche che crescono su un alto cespuglio cinese. In passato, in Cina erano considerate un frutto superpotente e venivano utilizzate per guarire i re e nutrire i guerrieri prima delle battaglie. Nella medicina tradizionale cinese, dove viene utilizzato da oltre 2500 anni, si ritiene che possa curare il diabete, l&#8217;ipertensione e le malattie del fegato e dei reni. Sono anche utilizzate per aumentare l&#8217;energia e la libido.<\/p>\n<p>\ud83d\udc9a Gestiscono i problemi di pressione alta e colesterolo cattivo.<\/p>\n<p>\ud83d\udc9a Regolano la digestione, sono alcalini e hanno un effetto sulla perdita di peso.<\/p>\n<p>\ud83d\udc9a Idratano il corpo.<\/p>\n<p>\ud83d\udc9a Migliorano le condizioni della pelle.<\/p>\n<p>\ud83d\udc9a Rafforzano il sistema immunitario.<\/p>\n","protected":false},"featured_media":6198,"comment_status":"open","ping_status":"closed","template":"","meta":{"_acf_changed":false},"product_brand":[],"product_cat":[217,195,224,15],"product_tag":[],"class_list":{"0":"post-6197","1":"product","2":"type-product","3":"status-publish","4":"has-post-thumbnail","6":"product_cat-offerta","7":"product_cat-superfood","8":"product_cat-tutti-gli-articoli","9":"product_cat-uncategorized","11":"first","12":"instock","13":"taxable","14":"shipping-taxable","15":"purchasable","16":"product-type-simple"},"acf":[],"_links":{"self":[{"href":"https:\/\/fengchashop.com\/it\/wp-json\/wp\/v2\/product\/6197","targetHints":{"allow":["GET"]}}],"collection":[{"href":"https:\/\/fengchashop.com\/it\/wp-json\/wp\/v2\/product"}],"about":[{"href":"https:\/\/fengchashop.com\/it\/wp-json\/wp\/v2\/types\/product"}],"replies":[{"embeddable":true,"href":"https:\/\/fengchashop.com\/it\/wp-json\/wp\/v2\/comments?post=6197"}],"wp:featuredmedia":[{"embeddable":true,"href":"https:\/\/fengchashop.com\/it\/wp-json\/wp\/v2\/media\/6198"}],"wp:attachment":[{"href":"https:\/\/fengchashop.com\/it\/wp-json\/wp\/v2\/media?parent=6197"}],"wp:term":[{"taxonomy":"product_brand","embeddable":true,"href":"https:\/\/fengchashop.com\/it\/wp-json\/wp\/v2\/product_brand?post=6197"},{"taxonomy":"product_cat","embeddable":true,"href":"https:\/\/fengchashop.com\/it\/wp-json\/wp\/v2\/product_cat?post=6197"},{"taxonomy":"product_tag","embeddable":true,"href":"https:\/\/fengchashop.com\/it\/wp-json\/wp\/v2\/product_tag?post=6197"}],"curies":[{"name":"wp","href":"https:\/\/api.w.org\/{rel}","templated":true}]}}