{"id":6188,"date":"2022-03-10T08:38:09","date_gmt":"2022-03-10T07:38:09","guid":{"rendered":"https:\/\/fengchashop.com\/it\/product\/brahmi-v-prahu-bio-250-g\/"},"modified":"2026-04-29T11:43:09","modified_gmt":"2026-04-29T09:43:09","slug":"brahmi-in-polvere-bio-250-g","status":"publish","type":"product","link":"https:\/\/fengchashop.com\/it\/product\/brahmi-in-polvere-bio-250-g\/","title":{"rendered":"Brahmi in polvere BIO 250 g"},"content":{"rendered":"<h2><span style=\"color: #000000\">Che cos&#8217;\u00e8 il brahmi e da dove proviene?<\/span><\/h2>\n<p style=\"text-align: justify\"><span style=\"color: #000000\">Il brahmi \u00e8 una delle erbe medicinali ayurvediche pi\u00f9 venerate, in uso da <strong>oltre 3.000 anni<\/strong>. \u00c8 originaria delle paludi dell&#8217;Asia, ma oggi cresce in molte parti del mondo. Il Brahmi \u00e8 riconoscibile per le sue foglie verdi e carnose e i suoi fiori bianco-bluastri. Il Brahmi \u00e8 utilizzato per sostenere il <strong>sistema nervoso, il funzionamento della mente e la memoria<\/strong>. Si tratta di una medicina erboristica preparata a partire dalle <strong>foglie, dallo stelo e dalla radice<\/strong>, e nella medicina tradizionale orientale viene anche definita<strong>&#8220;<\/strong>l&#8217;<strong>erba di tutte le erbe<\/strong>&#8220;.<\/span><\/p>\n<h2><span style=\"color: #000000\">Perch\u00e9 il brahmi \u00e8 cos\u00ec speciale e cos\u00ec diverso?<\/span><\/h2>\n<p style=\"text-align: justify\"><span style=\"color: #000000\">Il brahmi \u00e8 noto per i suoi <strong>effetti benefici<\/strong> sul corpo umano. \u00c8 molto benefico per la <strong>crescita dei capelli<\/strong>, li rafforza e ne previene l&#8217;ingrigimento e la caduta. Ha un effetto benefico sulla <strong>riduzione dell&#8217;ansia<\/strong> e della tensione in situazioni di stress e nella depressione, riducendo i livelli di cortisolo, l&#8217;ormone dello stress. Aiuta a ripristinare l&#8217;equilibrio mentale in varie <strong>malattie del sistema nervoso<\/strong>, nell&#8217;<strong>insonnia<\/strong> e in altri sintomi di invecchiamento precoce, calmando e <strong>rafforzando il tessuto nervoso<\/strong>, migliorando la circolazione sanguigna, eliminando i blocchi e fornendo elementi essenziali. Ha anche un effetto lenitivo sulle <strong>malattie della pelle<\/strong> e sulla pelle irritata, e permette alle ferite di guarire pi\u00f9 velocemente. Per i suoi effetti positivi, il Brahmi \u00e8 stato definito<strong>&#8220;l&#8217;elisir miracoloso della giovinezza&#8221;<\/strong>.<\/span><\/p>\n<h2><span style=\"color: #000000\">Effetti benefici sulla salute e sul corpo<\/span><\/h2>\n<p><span style=\"color: #000000\">\ud83d\udc9a Rafforza il <strong>sistema immunitario<\/strong>,<\/span><br \/>\n<span style=\"color: #000000\"><span style=\"text-align: justify\"> \ud83d\udc9a favorisce la <\/span><strong style=\"text-align: justify\">digestione e disintossica il corpo<\/strong><span style=\"text-align: justify\">,<\/span><\/span><br \/>\n<span style=\"color: #000000\"> \ud83d\udc9a favorisce il <strong>funzionamento<\/strong> ottimale <strong>del cervello<\/strong> come tonico cerebrale,<\/span><br \/>\n<span style=\"color: #000000\"> \ud83d\udc9a funziona efficacemente come <strong>tonico nervoso<\/strong>, in quanto favorisce una sana funzione nervosa,<\/span><br \/>\n<span style=\"color: #000000\"> \ud83d\udc9a stimola le <strong>funzioni mentali<\/strong> e migliora la <strong>memoria e la concentrazione<\/strong>,<\/span><br \/>\n<span style=\"color: #000000\"> \ud83d\udc9a \u00e8 utile per gli anziani affetti <strong>da demenza<\/strong>,<\/span><br \/>\n<span style=\"color: #000000\">\ud83d\udc9a aiuta a migliorare la <strong>memoria a lungo e a breve termine<\/strong>,<\/span><br \/>\n<span style=\"color: #000000\"> \ud83d\udc9a per il trattamento del <strong>morbo di Parkinson e di Alzheimer, dell&#8217;ADHD, dell&#8217;autismo e della depressione<\/strong>,<\/span><br \/>\n<span style=\"color: #000000\"> \ud83d\udc9a a<strong>ntitumorale<\/strong>,<\/span><br \/>\n<span style=\"color: #000000\"> \ud83d\udc9a calmante e <strong>ansiolitico<\/strong>,<\/span><br \/>\n<span style=\"color: #000000\">\ud83d\udc9a allevia i <strong>crampi mestruali<\/strong>,<\/span><br \/>\n<span style=\"color: #000000\">\ud83d\udc9a aiuta in caso di <strong>stitichezza dovuta allo stress<\/strong>,<\/span><br \/>\n<span style=\"color: #000000\">\ud83d\udc9a aiuta a combattere l&#8217;<strong>insonnia<\/strong>,<\/span><br \/>\n<span style=\"color: #000000\"> \ud83d\udc9a ha un effetto <strong>ringiovanente<\/strong> e rallenta l&#8217;invecchiamento,<\/span><br \/>\n<span style=\"color: #000000\"> \ud83d\udc9a cura le <strong>malattie della pelle<\/strong>,<\/span><br \/>\n<span style=\"color: #000000\">\ud83d\udc9a aiuta a superare la <strong>dipendenza da sigarette, zucchero e alcol<\/strong>.<\/span><\/p>\n<p style=\"text-align: justify\"><span style=\"color: #000000\">Il Brahmi pu\u00f2 essere utilizzato da chi ha subito una lesione cerebrale o si sta riprendendo da un ictus. Non \u00e8 adatto ai bambini!<\/span><\/p>\n<h2><span style=\"color: #000000\">Conservazione e avvertenze<\/span><\/h2>\n<p style=\"text-align: justify\"><span style=\"color: #000000\">Conservare in un luogo fresco e asciutto. Tenere l&#8217;integratore alimentare fuori dalla portata dei bambini!<\/span><\/p>\n<p style=\"text-align: justify\"><span style=\"color: #000000\">Ricordare l&#8217;importanza di una dieta varia e di uno stile di vita sano; un integratore alimentare non sostituisce quindi una dieta equilibrata e varia. La quantit\u00e0 o la dose giornaliera raccomandata non deve essere superata. Alle donne in gravidanza, alle madri che allattano e alle persone che assumono farmaci si consiglia sempre di consultare un medico prima dell&#8217;uso. Non adatto ai bambini.<\/span><\/p>\n<h2><span style=\"color: #000000\">Confezione<\/span><\/h2>\n<p style=\"text-align: justify\"><span style=\"color: #000000\">Sacchetto o scatola con chiusura a zip non permeabile, dove il prodotto conserva tutta la sua freschezza e il suo aroma. La confezione protegge dalla luce e dall&#8217;aria. \u00c8 composta da diversi strati di protezione per preservare le propriet\u00e0 del prodotto.<\/span><\/p>\n<p><span style=\"color: #000000\">La confezione \u00e8 molto pratica e riciclabile.<\/span><\/p>\n<h2><span style=\"color: #000000\">Origine<\/span><\/h2>\n<p><span style=\"color: #000000\">India<\/span><\/p>\n","protected":false},"excerpt":{"rendered":"<p>Il Brahmi \u00e8 una delle erbe medicinali ayurvediche pi\u00f9 venerate, in uso da oltre 3.000 anni. \u00c8 originaria delle paludi dell&#8217;Asia, ma oggi cresce in molte parti del mondo. Il Brahmi \u00e8 riconoscibile per le sue foglie verdi e carnose e i suoi fiori bianco-bluastri. La medicina erboristica preparata con le foglie, il fusto e la radice della pianta di Brahmi ha i seguenti effetti sorprendenti:<\/p>\n<p>\ud83d\udc9a accelera la digestione e disintossica l&#8217;organismo,<br \/>\n\ud83d\udc9a favorisce il funzionamento ottimale del cervello come tonico cerebrale,<br \/>\n\ud83d\udc9a \u00e8 efficace come tonico nervoso, favorendo una sana funzione nervosa,<br \/>\n\ud83d\udc9a stimola le funzioni mentali e migliora la memoria e la concentrazione,<br \/>\n\ud83d\udc9a ha un effetto benefico sulla crescita dei capelli.<\/p>\n","protected":false},"featured_media":6189,"comment_status":"open","ping_status":"closed","template":"","meta":{"_acf_changed":false},"product_brand":[],"product_cat":[194,195,15],"product_tag":[],"class_list":{"0":"post-6188","1":"product","2":"type-product","3":"status-publish","4":"has-post-thumbnail","6":"product_cat-ayurveda","7":"product_cat-superfood","8":"product_cat-uncategorized","10":"first","11":"instock","12":"sale","13":"taxable","14":"shipping-taxable","15":"purchasable","16":"product-type-simple"},"acf":[],"_links":{"self":[{"href":"https:\/\/fengchashop.com\/it\/wp-json\/wp\/v2\/product\/6188","targetHints":{"allow":["GET"]}}],"collection":[{"href":"https:\/\/fengchashop.com\/it\/wp-json\/wp\/v2\/product"}],"about":[{"href":"https:\/\/fengchashop.com\/it\/wp-json\/wp\/v2\/types\/product"}],"replies":[{"embeddable":true,"href":"https:\/\/fengchashop.com\/it\/wp-json\/wp\/v2\/comments?post=6188"}],"wp:featuredmedia":[{"embeddable":true,"href":"https:\/\/fengchashop.com\/it\/wp-json\/wp\/v2\/media\/6189"}],"wp:attachment":[{"href":"https:\/\/fengchashop.com\/it\/wp-json\/wp\/v2\/media?parent=6188"}],"wp:term":[{"taxonomy":"product_brand","embeddable":true,"href":"https:\/\/fengchashop.com\/it\/wp-json\/wp\/v2\/product_brand?post=6188"},{"taxonomy":"product_cat","embeddable":true,"href":"https:\/\/fengchashop.com\/it\/wp-json\/wp\/v2\/product_cat?post=6188"},{"taxonomy":"product_tag","embeddable":true,"href":"https:\/\/fengchashop.com\/it\/wp-json\/wp\/v2\/product_tag?post=6188"}],"curies":[{"name":"wp","href":"https:\/\/api.w.org\/{rel}","templated":true}]}}