{"id":6177,"date":"2022-03-04T09:49:00","date_gmt":"2022-03-04T08:49:00","guid":{"rendered":"https:\/\/fengchashop.com\/it\/product\/shisandra-in-polvere-bio-250-g\/"},"modified":"2026-04-28T10:09:46","modified_gmt":"2026-04-28T08:09:46","slug":"shisandra-in-polvere-bio","status":"publish","type":"product","link":"https:\/\/fengchashop.com\/it\/product\/shisandra-in-polvere-bio\/","title":{"rendered":"Shisandra in polvere BIO 250 g"},"content":{"rendered":"<h2><span style=\"color: #000000\">Polvere di fragole Shisandra da produzione biologica<\/span><\/h2>\n<p><span style=\"color: #000000\">La shisandra \u00e8 un piccolo albero o vite che produce piccole bacche rosse molto apprezzate dalla medicina tradizionale cinese per le loro propriet\u00e0 attive. La shisandra \u00e8 nota come <strong>wu wei zi, che in cinese significa &#8220;frutto dei cinque gusti&#8221;, perch\u00e9 le piccole bacche rosse hanno un sapore dolce, acido, salato, amaro e piccante.<\/strong> I sapori corrispondono alle cinque energie di base: terra, legno, acqua, metallo e fuoco, e influenzano i cinque organi pi\u00f9 importanti del corpo umano: cuore, fegato, polmoni, milza e reni.<\/span><\/p>\n<p><span style=\"color: #000000\">Shishandra \u00e8 una delle 50 erbe tradizionali cinesi che vengono utilizzate<strong> da oltre 2000 anni:<\/strong><\/span><\/p>\n<p><span style=\"color: #000000\"> \ud83d\udc9a \u00c8 considerata un toccasana per<strong> la vitalit\u00e0,<\/strong><\/span><br \/>\n<span style=\"color: #000000\"> \ud83d\udc9a migliora e rafforza il<strong> sistema immunitario,<\/strong><\/span><br \/>\n<span style=\"color: #000000\"> \ud83d\udc9a mantiene la<strong> pelle giovane,<\/strong><\/span><br \/>\n<span style=\"color: #000000\">\ud83d\udc9a aiuta in caso di <strong>insonnia, mal di testa e vertigini,<\/strong><\/span><br \/>\n<span style=\"color: #000000\">\ud83d\udc9a stimola le funzioni cerebrali,<\/span><br \/>\n<span style=\"color: #000000\">\ud83d\udc9a supera la<strong> stanchezza e l&#8217;esaurimento da stress.<\/strong><\/span><\/p>\n<p><span style=\"color: #000000\">Come integratore alimentare, \u00e8 preferibile consumarlo in polvere.<\/span><\/p>\n<h2><span style=\"color: #000000\">Perch\u00e9 la shishandra \u00e8 una spezia sempre pi\u00f9 conosciuta e popolare?<\/span><\/h2>\n<p><span style=\"color: #000000\">La shishandra contiene molte<strong> sostanze attive come le shishandrine, gli oli essenziali e le vitamine A, C ed E<\/strong>, che sono coinvolte in molti processi dell&#8217;organismo umano. Grazie a questi ingredienti, \u00e8 stato dimostrato che ha anche propriet\u00e0 <strong>antinfiammatorie, antiossidanti e disintossicanti.<\/strong> Grazie ai suoi effetti positivi su diversi sistemi dell&#8217;organismo umano, \u00e8 stata esaminata da molti ricercatori e ritenuta benefica per un&#8217;ampia variet\u00e0 di problemi di salute. La Shisandra agisce come un<strong> adattogeno<\/strong>, cio\u00e8 individua il punto del corpo pi\u00f9 debole e agisce su di esso per ripristinare l&#8217;equilibrio. <strong>Ha un effetto calmante<\/strong> e antidolorifico, ma favorisce anche la concentrazione e la vigilanza. 100 giorni di Shishandra migliorano il sangue, acuiscono la mente e la memoria, migliorano l&#8217;energia sessuale, rafforzano i polmoni e i reni e abbelliscono la pelle. Poich\u00e9 regola le ghiandole surrenali,<strong> riduce gli effetti negativi del cortisolo.<\/strong> Tuttavia, l&#8217;aumento dei livelli di cortisolo, che il pi\u00f9 delle volte \u00e8 il risultato dello stress, ha un effetto negativo su molti processi del nostro organismo, dalla digestione al sistema immunitario.<\/span><\/p>\n<h2><span style=\"color: #000000\">Conservazione e avvertenze<\/span><\/h2>\n<p><span style=\"color: #000000\">Conservare in luogo fresco e asciutto. Tenere l&#8217;integratore alimentare fuori dalla portata dei bambini!<\/span><\/p>\n<p><span style=\"color: #000000\">Ricordare l&#8217;importanza di una dieta varia e di uno stile di vita sano; un integratore alimentare non sostituisce quindi una dieta equilibrata e varia. La quantit\u00e0 o la dose giornaliera raccomandata non deve essere superata. Se ne sconsiglia l&#8217;uso ai bambini, alle donne in gravidanza e alle madri che allattano. Tuttavia, alle persone che assumono farmaci si consiglia di consultare il medico prima dell&#8217;uso.<\/span><\/p>\n<h2><span style=\"color: #000000\">Confezione<\/span><\/h2>\n<p><span style=\"color: #000000\">Sacchetto non permeabile con chiusura a zip, in cui il prodotto conserva tutta la sua freschezza e il suo aroma. La confezione protegge il prodotto dalla luce e dall&#8217;aria, essendo costituita da diversi strati di protezione per preservare le propriet\u00e0 del contenuto.<\/span><\/p>\n<p><span style=\"color: #000000\">La confezione \u00e8 molto pratica e riciclabile.<\/span><\/p>\n<h2><span style=\"color: #000000\">Origine<\/span><\/h2>\n<p><span style=\"color: #000000\">Cina. Abbiamo fornitori molto affidabili che ci inviano un&#8217;analisi chimica dettagliata degli alimenti per ogni lotto. In pi\u00f9 di dieci anni, non abbiamo avuto alcun richiamo o altri problemi con questo prodotto, n\u00e9 con altri prodotti dello stesso fornitore. L&#8217;articolo \u00e8 certificato biologico al 100%.<\/span><\/p>\n","protected":false},"excerpt":{"rendered":"<p>La shisandra \u00e8 un piccolo albero o vite che produce piccole bacche rosse, molto apprezzate dalla medicina tradizionale cinese per le loro propriet\u00e0 attive. La shishandra \u00e8 nota come wu wei zi, che in cinese significa &#8220;frutto dei cinque sapori&#8221;, perch\u00e9 le piccole bacche rosse hanno un sapore dolce, aspro, salato, amaro e piccante. La shisandra \u00e8 una delle 50 erbe tradizionali cinesi che vengono utilizzate da oltre 2000 anni, perch\u00e9:<\/p>\n<p align=\"JUSTIFY\">\ud83d\udc9a migliora e rafforza il sistema immunitario,<br \/>\n\ud83d\udc9a mantiene la pelle giovane,<br \/>\n\ud83d\udc9a aumenta la vitalit\u00e0,<br \/>\n\ud83d\udc9a supera la stanchezza e l&#8217;esaurimento da stress.<\/p>\n","protected":false},"featured_media":6178,"comment_status":"open","ping_status":"closed","template":"","meta":{"_acf_changed":false},"product_brand":[],"product_cat":[217,195,224,15],"product_tag":[],"class_list":{"0":"post-6177","1":"product","2":"type-product","3":"status-publish","4":"has-post-thumbnail","6":"product_cat-offerta","7":"product_cat-superfood","8":"product_cat-tutti-gli-articoli","9":"product_cat-uncategorized","11":"first","12":"instock","13":"taxable","14":"shipping-taxable","15":"purchasable","16":"product-type-simple"},"acf":[],"_links":{"self":[{"href":"https:\/\/fengchashop.com\/it\/wp-json\/wp\/v2\/product\/6177","targetHints":{"allow":["GET"]}}],"collection":[{"href":"https:\/\/fengchashop.com\/it\/wp-json\/wp\/v2\/product"}],"about":[{"href":"https:\/\/fengchashop.com\/it\/wp-json\/wp\/v2\/types\/product"}],"replies":[{"embeddable":true,"href":"https:\/\/fengchashop.com\/it\/wp-json\/wp\/v2\/comments?post=6177"}],"wp:featuredmedia":[{"embeddable":true,"href":"https:\/\/fengchashop.com\/it\/wp-json\/wp\/v2\/media\/6178"}],"wp:attachment":[{"href":"https:\/\/fengchashop.com\/it\/wp-json\/wp\/v2\/media?parent=6177"}],"wp:term":[{"taxonomy":"product_brand","embeddable":true,"href":"https:\/\/fengchashop.com\/it\/wp-json\/wp\/v2\/product_brand?post=6177"},{"taxonomy":"product_cat","embeddable":true,"href":"https:\/\/fengchashop.com\/it\/wp-json\/wp\/v2\/product_cat?post=6177"},{"taxonomy":"product_tag","embeddable":true,"href":"https:\/\/fengchashop.com\/it\/wp-json\/wp\/v2\/product_tag?post=6177"}],"curies":[{"name":"wp","href":"https:\/\/api.w.org\/{rel}","templated":true}]}}